{"id":505027,"date":"2025-06-26T05:51:05","date_gmt":"2025-06-26T05:51:10","guid":{"rendered":"https:\/\/www.erresse-shop.it\/?post_type=product&#038;p=505027"},"modified":"2025-06-26T06:15:00","modified_gmt":"2025-06-26T06:15:00","slug":"bamix-lame-polyvalente","status":"publish","type":"product","link":"https:\/\/www.erresse-shop.it\/fr\/shop\/petits-electromenagers\/mixeurs\/bamix-lame-polyvalente\/","title":{"rendered":"BAMIX Lame polyvalente"},"content":{"rendered":"<div class=\"metafield-rich_text_field\">\n<h3>La lame universelle pour toutes les pr\u00e9parations<\/h3>\n<p><strong><span style=\"color: #333333; font-size: 16px;\">La lame universelle Bamix est l&#8217;outil id\u00e9al pour hacher, couper et m\u00e9langer tous les ingr\u00e9dients avec pr\u00e9cision.<\/span><\/strong><\/p>\n<\/div>\n<div class=\"product__description-formated \">\n<div class=\"metafield-rich_text_field\">\n<p>Capable de traiter m\u00eame les aliments surgel\u00e9s et les gla\u00e7ons, elle est parfaite pour les recettes froides et chaudes.<\/p>\n<p>Sa polyvalence vous permet de l&#8217;utiliser directement dans les casseroles sur la cuisini\u00e8re, \u00e9liminant ainsi le besoin de transf\u00e9rer les aliments dans d&#8217;autres r\u00e9cipients.<\/p>\n<p><span style=\"font-size: 18pt;\"><strong>Pr\u00e9parations chaudes\u00a0: soupes et cr\u00e8mes sans effort<\/strong><\/span><\/p>\n<p>Avec la lame universelle, pr\u00e9parer des soupes, des cr\u00e8mes et des velout\u00e9s devient un jeu d&#8217;enfant.<\/p>\n<p>Vous pouvez travailler les ingr\u00e9dients directement dans les bols, garantissant une consistance lisse et homog\u00e8ne sans salir les autres ustensiles. Gr\u00e2ce \u00e0 sa puissance, il hache tous les aliments en quelques secondes, rendant votre travail plus facile et plus efficace.<\/p>\n<p><span style=\"font-size: 18pt;\"><strong>Parfait pour les sauces et vinaigrettes fra\u00eeches<\/strong><\/span><\/p>\n<p>La lame universelle est id\u00e9ale pour pr\u00e9parer pesto, confitures et cr\u00e8mes froides avec pr\u00e9cision et rapidit\u00e9. Qu&#8217;il s&#8217;agisse de sauces aromatiques pour vos plats ou de confitures maison, vous obtiendrez toujours des r\u00e9sultats impeccables.<\/p>\n<p>Le Bamix pr\u00e9serve les saveurs et les consistances, faisant de chaque recette un succ\u00e8s.<\/p>\n<p><span style=\"font-size: 18pt;\"><strong>De la glace aux smoothies\u00a0: fra\u00eecheur et qualit\u00e9<\/strong><\/span><\/p>\n<p>Envie de pr\u00e9parer des boissons et des desserts frais\u00a0? La lame universelle peut piler des gla\u00e7ons pour des glaces, des milkshakes et des smoothies onctueux et rafra\u00eechissants.<\/p>\n<p>Exp\u00e9rimentez avec des ingr\u00e9dients frais pour cr\u00e9er des desserts parfaits en quelques minutes seulement, en toute simplicit\u00e9.<\/p>\n<p><span style=\"font-size: 18pt;\"><strong>P\u00e2tes sucr\u00e9es et sal\u00e9es pr\u00e9cises<\/strong><\/span><\/p>\n<p>La lame universelle est \u00e9galement id\u00e9ale pour les p\u00e2tes molles comme la p\u00e2te \u00e0 pizza ou les g\u00e2teaux. Elle permet un m\u00e9lange homog\u00e8ne, garantissant des pr\u00e9parations moelleuses et parfaitement homog\u00e8nes.<\/p>\n<p>Des viennoiseries aux pizzas maison, avec Bamix, la pr\u00e9paration sera rapide et onctueuse.<\/p>\n<\/div>\n<p><strong>Mat\u00e9riau\u00a0:<\/strong> Acier inoxydable<\/p>\n<\/div>\n","protected":false},"excerpt":{"rendered":"<p>La lame universelle pour toutes les pr\u00e9parations La lame universelle Bamix est l&#8217;outil id\u00e9al pour hacher, couper et m\u00e9langer tous<\/p>\n","protected":false},"featured_media":505032,"template":"","meta":{"_acf_changed":false,"inline_featured_image":false},"product_cat":[12766,12449],"product_tag":[12820,12948,20848,13260],"acf":[],"yoast_head":"<!-- This site is optimized with the Yoast SEO Premium plugin v18.6 (Yoast SEO v19.13) - https:\/\/yoast.com\/wordpress\/plugins\/seo\/ -->\n<title>BAMIX MAXX Blender \u00e0 immersion Noir<\/title>\n<meta name=\"description\" content=\"D\u00e9couvrez BAMIX MAXX Blender \u00e0 immersion Noir sur ErresseShop. Qualit\u00e9, prix r\u00e9duits et achat s\u00e9curis\u00e9 \u2013 commandez d\u00e8s maintenant en ligne !\" \/>\n<meta name=\"robots\" content=\"index, follow, max-snippet:-1, max-image-preview:large, max-video-preview:-1\" \/>\n<link rel=\"canonical\" href=\"https:\/\/www.erresse-shop.it\/fr\/shop\/petits-electromenagers\/mixeurs\/bamix-lame-polyvalente\/\" \/>\n<meta property=\"og:locale\" content=\"fr_FR\" \/>\n<meta property=\"og:type\" content=\"article\" \/>\n<meta property=\"og:title\" content=\"BAMIX Lame polyvalente\" \/>\n<meta property=\"og:description\" content=\"D\u00e9couvrez BAMIX MAXX Blender \u00e0 immersion Noir sur ErresseShop. Qualit\u00e9, prix r\u00e9duits et achat s\u00e9curis\u00e9 \u2013 commandez d\u00e8s maintenant en ligne !\" \/>\n<meta property=\"og:url\" content=\"https:\/\/www.erresse-shop.it\/fr\/shop\/petits-electromenagers\/mixeurs\/bamix-lame-polyvalente\/\" \/>\n<meta property=\"og:site_name\" content=\"Erresse Shop\" \/>\n<meta property=\"article:modified_time\" content=\"2025-06-26T06:15:00+00:00\" \/>\n<meta property=\"og:image\" content=\"https:\/\/www.erresse-shop.it\/wp-content\/uploads\/2025\/06\/BAMIX-MAXX-Lama-Multiuso.jpg\" \/>\n\t<meta property=\"og:image:width\" content=\"1200\" \/>\n\t<meta property=\"og:image:height\" content=\"1200\" \/>\n\t<meta property=\"og:image:type\" content=\"image\/jpeg\" \/>\n<meta name=\"twitter:card\" content=\"summary_large_image\" \/>\n<script type=\"application\/ld+json\" class=\"yoast-schema-graph\">{\"@context\":\"https:\/\/schema.org\",\"@graph\":[{\"@type\":\"WebPage\",\"@id\":\"https:\/\/www.erresse-shop.it\/fr\/shop\/petits-electromenagers\/mixeurs\/bamix-lame-polyvalente\/\",\"url\":\"https:\/\/www.erresse-shop.it\/fr\/shop\/petits-electromenagers\/mixeurs\/bamix-lame-polyvalente\/\",\"name\":\"BAMIX MAXX Blender \u00e0 immersion Noir\",\"isPartOf\":{\"@id\":\"https:\/\/www.erresse-shop.it\/fr\/#website\"},\"datePublished\":\"2025-06-26T05:51:10+00:00\",\"dateModified\":\"2025-06-26T06:15:00+00:00\",\"description\":\"D\u00e9couvrez BAMIX MAXX Blender \u00e0 immersion Noir sur ErresseShop. Qualit\u00e9, prix r\u00e9duits et achat s\u00e9curis\u00e9 \u2013 commandez d\u00e8s maintenant en ligne !\",\"breadcrumb\":{\"@id\":\"https:\/\/www.erresse-shop.it\/fr\/shop\/petits-electromenagers\/mixeurs\/bamix-lame-polyvalente\/#breadcrumb\"},\"inLanguage\":\"fr-FR\",\"potentialAction\":[{\"@type\":\"ReadAction\",\"target\":[\"https:\/\/www.erresse-shop.it\/fr\/shop\/petits-electromenagers\/mixeurs\/bamix-lame-polyvalente\/\"]}]},{\"@type\":\"BreadcrumbList\",\"@id\":\"https:\/\/www.erresse-shop.it\/fr\/shop\/petits-electromenagers\/mixeurs\/bamix-lame-polyvalente\/#breadcrumb\",\"itemListElement\":[{\"@type\":\"ListItem\",\"position\":1,\"name\":\"Home\",\"item\":\"https:\/\/www.erresse-shop.it\/fr\/\"},{\"@type\":\"ListItem\",\"position\":2,\"name\":\"Shop\",\"item\":\"https:\/\/www.erresse-shop.it\/fr\/shop\/\"},{\"@type\":\"ListItem\",\"position\":3,\"name\":\"BAMIX Lame polyvalente\"}]},{\"@type\":\"WebSite\",\"@id\":\"https:\/\/www.erresse-shop.it\/fr\/#website\",\"url\":\"https:\/\/www.erresse-shop.it\/fr\/\",\"name\":\"Erresse Shop\",\"description\":\"Articoli di qualit\u00e0 per la casa\",\"potentialAction\":[{\"@type\":\"SearchAction\",\"target\":{\"@type\":\"EntryPoint\",\"urlTemplate\":\"https:\/\/www.erresse-shop.it\/fr\/?s={search_term_string}\"},\"query-input\":\"required name=search_term_string\"}],\"inLanguage\":\"fr-FR\"}]}<\/script>\n<!-- \/ Yoast SEO Premium plugin. -->","yoast_head_json":{"title":"BAMIX MAXX Blender \u00e0 immersion Noir","description":"D\u00e9couvrez BAMIX MAXX Blender \u00e0 immersion Noir sur ErresseShop. Qualit\u00e9, prix r\u00e9duits et achat s\u00e9curis\u00e9 \u2013 commandez d\u00e8s maintenant en ligne !","robots":{"index":"index","follow":"follow","max-snippet":"max-snippet:-1","max-image-preview":"max-image-preview:large","max-video-preview":"max-video-preview:-1"},"canonical":"https:\/\/www.erresse-shop.it\/fr\/shop\/petits-electromenagers\/mixeurs\/bamix-lame-polyvalente\/","og_locale":"fr_FR","og_type":"article","og_title":"BAMIX Lame polyvalente","og_description":"D\u00e9couvrez BAMIX MAXX Blender \u00e0 immersion Noir sur ErresseShop. Qualit\u00e9, prix r\u00e9duits et achat s\u00e9curis\u00e9 \u2013 commandez d\u00e8s maintenant en ligne !","og_url":"https:\/\/www.erresse-shop.it\/fr\/shop\/petits-electromenagers\/mixeurs\/bamix-lame-polyvalente\/","og_site_name":"Erresse Shop","article_modified_time":"2025-06-26T06:15:00+00:00","og_image":[{"width":1200,"height":1200,"url":"https:\/\/www.erresse-shop.it\/wp-content\/uploads\/2025\/06\/BAMIX-MAXX-Lama-Multiuso.jpg","type":"image\/jpeg"}],"twitter_card":"summary_large_image","schema":{"@context":"https:\/\/schema.org","@graph":[{"@type":"WebPage","@id":"https:\/\/www.erresse-shop.it\/fr\/shop\/petits-electromenagers\/mixeurs\/bamix-lame-polyvalente\/","url":"https:\/\/www.erresse-shop.it\/fr\/shop\/petits-electromenagers\/mixeurs\/bamix-lame-polyvalente\/","name":"BAMIX MAXX Blender \u00e0 immersion Noir","isPartOf":{"@id":"https:\/\/www.erresse-shop.it\/fr\/#website"},"datePublished":"2025-06-26T05:51:10+00:00","dateModified":"2025-06-26T06:15:00+00:00","description":"D\u00e9couvrez BAMIX MAXX Blender \u00e0 immersion Noir sur ErresseShop. Qualit\u00e9, prix r\u00e9duits et achat s\u00e9curis\u00e9 \u2013 commandez d\u00e8s maintenant en ligne !","breadcrumb":{"@id":"https:\/\/www.erresse-shop.it\/fr\/shop\/petits-electromenagers\/mixeurs\/bamix-lame-polyvalente\/#breadcrumb"},"inLanguage":"fr-FR","potentialAction":[{"@type":"ReadAction","target":["https:\/\/www.erresse-shop.it\/fr\/shop\/petits-electromenagers\/mixeurs\/bamix-lame-polyvalente\/"]}]},{"@type":"BreadcrumbList","@id":"https:\/\/www.erresse-shop.it\/fr\/shop\/petits-electromenagers\/mixeurs\/bamix-lame-polyvalente\/#breadcrumb","itemListElement":[{"@type":"ListItem","position":1,"name":"Home","item":"https:\/\/www.erresse-shop.it\/fr\/"},{"@type":"ListItem","position":2,"name":"Shop","item":"https:\/\/www.erresse-shop.it\/fr\/shop\/"},{"@type":"ListItem","position":3,"name":"BAMIX Lame polyvalente"}]},{"@type":"WebSite","@id":"https:\/\/www.erresse-shop.it\/fr\/#website","url":"https:\/\/www.erresse-shop.it\/fr\/","name":"Erresse Shop","description":"Articoli di qualit\u00e0 per la casa","potentialAction":[{"@type":"SearchAction","target":{"@type":"EntryPoint","urlTemplate":"https:\/\/www.erresse-shop.it\/fr\/?s={search_term_string}"},"query-input":"required name=search_term_string"}],"inLanguage":"fr-FR"}]}},"df_price":19,"df_sale_price":19,"df_regular_price":19,"df_image_link":"https:\/\/www.erresse-shop.it\/wp-content\/uploads\/2025\/06\/BAMIX-MAXX-Lama-Multiuso-300x300.jpg","_links":{"self":[{"href":"https:\/\/www.erresse-shop.it\/fr\/wp-json\/wp\/v2\/product\/505027"}],"collection":[{"href":"https:\/\/www.erresse-shop.it\/fr\/wp-json\/wp\/v2\/product"}],"about":[{"href":"https:\/\/www.erresse-shop.it\/fr\/wp-json\/wp\/v2\/types\/product"}],"wp:featuredmedia":[{"embeddable":true,"href":"https:\/\/www.erresse-shop.it\/fr\/wp-json\/wp\/v2\/media\/505032"}],"wp:attachment":[{"href":"https:\/\/www.erresse-shop.it\/fr\/wp-json\/wp\/v2\/media?parent=505027"}],"wp:term":[{"taxonomy":"product_cat","embeddable":true,"href":"https:\/\/www.erresse-shop.it\/fr\/wp-json\/wp\/v2\/product_cat?post=505027"},{"taxonomy":"product_tag","embeddable":true,"href":"https:\/\/www.erresse-shop.it\/fr\/wp-json\/wp\/v2\/product_tag?post=505027"}],"curies":[{"name":"wp","href":"https:\/\/api.w.org\/{rel}","templated":true}]}}