{"id":504895,"date":"2025-06-25T12:41:29","date_gmt":"2025-06-25T12:41:32","guid":{"rendered":"https:\/\/www.erresse-shop.it\/?post_type=product&#038;p=504895"},"modified":"2026-02-09T06:55:59","modified_gmt":"2026-02-09T06:55:59","slug":"zafferano-poldina-couverture-en-ceramique-poisson-avio-bleu","status":"publish","type":"product","link":"https:\/\/www.erresse-shop.it\/fr\/shop\/ameublement-maison\/lampes\/zafferano-poldina-couverture-en-ceramique-poisson-avio-bleu\/","title":{"rendered":"ZAFFERANO Poldina Couverture en c\u00e9ramique Poisson Avio bleu"},"content":{"rendered":"<p>Renouvelez et personnalisez votre lampe Poldina avec les nouveaux couvercles m\u00e9talliques \u00e9l\u00e9gants et r\u00e9sistants, disponibles en dix d\u00e9corations vives s\u00e9lectionn\u00e9es par Federico de Majo.<\/p>\n<p>Ces housses transforment compl\u00e8tement l&#8217;apparence de votre Poldina, ajoutant une touche de caract\u00e8re et de couleur \u00e0 n&#8217;importe quelle pi\u00e8ce.<\/p>\n<p>Gr\u00e2ce \u00e0 une technologie d&#8217;impression innovante qui couvre toute la surface, une qualit\u00e9 exceptionnelle et une nettet\u00e9 des d\u00e9tails sont garanties, faisant de chaque couverture une pi\u00e8ce v\u00e9ritablement unique.<\/p>\n<p>Les housses m\u00e9talliques sont parfaites pour personnaliser les versions de table Poldina Pro (\u00e0 l&#8217;exception du mod\u00e8le Poldina x Peanuts), Mini table, murale, suspension et avec piquet.<\/p>\n<p>D\u00e9couvrez comment un simple d\u00e9tail peut rendre votre Poldina sp\u00e9ciale et avoir un grand impact esth\u00e9tique : gr\u00e2ce \u00e0 leur design captivant, ces housses ajoutent de la couleur et de la joie \u00e0 vos espaces, exprimant au mieux votre style personnel.<\/p>\n<p><strong>Les housses ne conviennent pas \u00e0 une utilisation en ext\u00e9rieur.<\/strong><\/p>\n<p><strong>Caract\u00e9ristiques\u00a0:<\/strong><\/p>\n<ul>\n<li class=\"accordion-content add-formatting\" data-variant-sku=\"BAC0104\">Diam\u00e8tre\u00a0: 11,4 cm<\/li>\n<li class=\"accordion-content add-formatting\" data-variant-sku=\"BAC0104\">Hauteur totale\u00a0: 8,9\u00a0cm<\/li>\n<\/ul>\n","protected":false},"excerpt":{"rendered":"<p>Renouvelez et personnalisez votre lampe Poldina avec les nouveaux couvercles m\u00e9talliques \u00e9l\u00e9gants et r\u00e9sistants, disponibles en dix d\u00e9corations vives s\u00e9lectionn\u00e9es<\/p>\n","protected":false},"featured_media":504901,"template":"","meta":{"_acf_changed":false,"inline_featured_image":false},"product_cat":[12738,12741],"product_tag":[25026,25021,12796,13271,21821],"acf":[],"yoast_head":"<!-- This site is optimized with the Yoast SEO Premium plugin v18.6 (Yoast SEO v19.13) - https:\/\/yoast.com\/wordpress\/plugins\/seo\/ -->\n<title>ZAFFERANO Poldina Couverture en c\u00e9ramique Poisson Avio bleu - Erresse Shop<\/title>\n<meta name=\"description\" content=\"Renouvelez et personnalisez votre lampe Poldina avec les nouveaux couvercles m\u00e9talliques \u00e9l\u00e9gants et r\u00e9sistants, disponibles en dix d\u00e9corations vives\" \/>\n<meta name=\"robots\" content=\"index, follow, max-snippet:-1, max-image-preview:large, max-video-preview:-1\" \/>\n<link rel=\"canonical\" href=\"https:\/\/www.erresse-shop.it\/fr\/shop\/ameublement-maison\/lampes\/zafferano-poldina-couverture-en-ceramique-poisson-avio-bleu\/\" \/>\n<meta property=\"og:locale\" content=\"fr_FR\" \/>\n<meta property=\"og:type\" content=\"article\" \/>\n<meta property=\"og:title\" content=\"ZAFFERANO Poldina Couverture en c\u00e9ramique Poisson Avio bleu\" \/>\n<meta property=\"og:description\" content=\"Renouvelez et personnalisez votre lampe Poldina avec les nouveaux couvercles m\u00e9talliques \u00e9l\u00e9gants et r\u00e9sistants, disponibles en dix d\u00e9corations vives\" \/>\n<meta property=\"og:url\" content=\"https:\/\/www.erresse-shop.it\/fr\/shop\/ameublement-maison\/lampes\/zafferano-poldina-couverture-en-ceramique-poisson-avio-bleu\/\" \/>\n<meta property=\"og:site_name\" content=\"Erresse Shop\" \/>\n<meta property=\"article:modified_time\" content=\"2026-02-09T06:55:59+00:00\" \/>\n<meta property=\"og:image\" content=\"https:\/\/www.erresse-shop.it\/wp-content\/uploads\/2025\/06\/ZAFFERANO-Poldina-Cover-in-Metallo-Pesci-Blu-Avio.jpg\" \/>\n\t<meta property=\"og:image:width\" content=\"1200\" \/>\n\t<meta property=\"og:image:height\" content=\"1200\" \/>\n\t<meta property=\"og:image:type\" content=\"image\/jpeg\" \/>\n<meta name=\"twitter:card\" content=\"summary_large_image\" \/>\n<script type=\"application\/ld+json\" class=\"yoast-schema-graph\">{\"@context\":\"https:\/\/schema.org\",\"@graph\":[{\"@type\":\"WebPage\",\"@id\":\"https:\/\/www.erresse-shop.it\/fr\/shop\/ameublement-maison\/lampes\/zafferano-poldina-couverture-en-ceramique-poisson-avio-bleu\/\",\"url\":\"https:\/\/www.erresse-shop.it\/fr\/shop\/ameublement-maison\/lampes\/zafferano-poldina-couverture-en-ceramique-poisson-avio-bleu\/\",\"name\":\"ZAFFERANO Poldina Couverture en c\u00e9ramique Poisson Avio bleu - Erresse Shop\",\"isPartOf\":{\"@id\":\"https:\/\/www.erresse-shop.it\/fr\/#website\"},\"datePublished\":\"2025-06-25T12:41:32+00:00\",\"dateModified\":\"2026-02-09T06:55:59+00:00\",\"description\":\"Renouvelez et personnalisez votre lampe Poldina avec les nouveaux couvercles m\u00e9talliques \u00e9l\u00e9gants et r\u00e9sistants, disponibles en dix d\u00e9corations vives\",\"breadcrumb\":{\"@id\":\"https:\/\/www.erresse-shop.it\/fr\/shop\/ameublement-maison\/lampes\/zafferano-poldina-couverture-en-ceramique-poisson-avio-bleu\/#breadcrumb\"},\"inLanguage\":\"fr-FR\",\"potentialAction\":[{\"@type\":\"ReadAction\",\"target\":[\"https:\/\/www.erresse-shop.it\/fr\/shop\/ameublement-maison\/lampes\/zafferano-poldina-couverture-en-ceramique-poisson-avio-bleu\/\"]}]},{\"@type\":\"BreadcrumbList\",\"@id\":\"https:\/\/www.erresse-shop.it\/fr\/shop\/ameublement-maison\/lampes\/zafferano-poldina-couverture-en-ceramique-poisson-avio-bleu\/#breadcrumb\",\"itemListElement\":[{\"@type\":\"ListItem\",\"position\":1,\"name\":\"Home\",\"item\":\"https:\/\/www.erresse-shop.it\/fr\/\"},{\"@type\":\"ListItem\",\"position\":2,\"name\":\"Shop\",\"item\":\"https:\/\/www.erresse-shop.it\/fr\/shop\/\"},{\"@type\":\"ListItem\",\"position\":3,\"name\":\"ZAFFERANO Poldina Couverture en c\u00e9ramique Poisson Avio bleu\"}]},{\"@type\":\"WebSite\",\"@id\":\"https:\/\/www.erresse-shop.it\/fr\/#website\",\"url\":\"https:\/\/www.erresse-shop.it\/fr\/\",\"name\":\"Erresse Shop\",\"description\":\"Articoli di qualit\u00e0 per la casa\",\"potentialAction\":[{\"@type\":\"SearchAction\",\"target\":{\"@type\":\"EntryPoint\",\"urlTemplate\":\"https:\/\/www.erresse-shop.it\/fr\/?s={search_term_string}\"},\"query-input\":\"required name=search_term_string\"}],\"inLanguage\":\"fr-FR\"}]}<\/script>\n<!-- \/ Yoast SEO Premium plugin. -->","yoast_head_json":{"title":"ZAFFERANO Poldina Couverture en c\u00e9ramique Poisson Avio bleu - Erresse Shop","description":"Renouvelez et personnalisez votre lampe Poldina avec les nouveaux couvercles m\u00e9talliques \u00e9l\u00e9gants et r\u00e9sistants, disponibles en dix d\u00e9corations vives","robots":{"index":"index","follow":"follow","max-snippet":"max-snippet:-1","max-image-preview":"max-image-preview:large","max-video-preview":"max-video-preview:-1"},"canonical":"https:\/\/www.erresse-shop.it\/fr\/shop\/ameublement-maison\/lampes\/zafferano-poldina-couverture-en-ceramique-poisson-avio-bleu\/","og_locale":"fr_FR","og_type":"article","og_title":"ZAFFERANO Poldina Couverture en c\u00e9ramique Poisson Avio bleu","og_description":"Renouvelez et personnalisez votre lampe Poldina avec les nouveaux couvercles m\u00e9talliques \u00e9l\u00e9gants et r\u00e9sistants, disponibles en dix d\u00e9corations vives","og_url":"https:\/\/www.erresse-shop.it\/fr\/shop\/ameublement-maison\/lampes\/zafferano-poldina-couverture-en-ceramique-poisson-avio-bleu\/","og_site_name":"Erresse Shop","article_modified_time":"2026-02-09T06:55:59+00:00","og_image":[{"width":1200,"height":1200,"url":"https:\/\/www.erresse-shop.it\/wp-content\/uploads\/2025\/06\/ZAFFERANO-Poldina-Cover-in-Metallo-Pesci-Blu-Avio.jpg","type":"image\/jpeg"}],"twitter_card":"summary_large_image","schema":{"@context":"https:\/\/schema.org","@graph":[{"@type":"WebPage","@id":"https:\/\/www.erresse-shop.it\/fr\/shop\/ameublement-maison\/lampes\/zafferano-poldina-couverture-en-ceramique-poisson-avio-bleu\/","url":"https:\/\/www.erresse-shop.it\/fr\/shop\/ameublement-maison\/lampes\/zafferano-poldina-couverture-en-ceramique-poisson-avio-bleu\/","name":"ZAFFERANO Poldina Couverture en c\u00e9ramique Poisson Avio bleu - Erresse Shop","isPartOf":{"@id":"https:\/\/www.erresse-shop.it\/fr\/#website"},"datePublished":"2025-06-25T12:41:32+00:00","dateModified":"2026-02-09T06:55:59+00:00","description":"Renouvelez et personnalisez votre lampe Poldina avec les nouveaux couvercles m\u00e9talliques \u00e9l\u00e9gants et r\u00e9sistants, disponibles en dix d\u00e9corations vives","breadcrumb":{"@id":"https:\/\/www.erresse-shop.it\/fr\/shop\/ameublement-maison\/lampes\/zafferano-poldina-couverture-en-ceramique-poisson-avio-bleu\/#breadcrumb"},"inLanguage":"fr-FR","potentialAction":[{"@type":"ReadAction","target":["https:\/\/www.erresse-shop.it\/fr\/shop\/ameublement-maison\/lampes\/zafferano-poldina-couverture-en-ceramique-poisson-avio-bleu\/"]}]},{"@type":"BreadcrumbList","@id":"https:\/\/www.erresse-shop.it\/fr\/shop\/ameublement-maison\/lampes\/zafferano-poldina-couverture-en-ceramique-poisson-avio-bleu\/#breadcrumb","itemListElement":[{"@type":"ListItem","position":1,"name":"Home","item":"https:\/\/www.erresse-shop.it\/fr\/"},{"@type":"ListItem","position":2,"name":"Shop","item":"https:\/\/www.erresse-shop.it\/fr\/shop\/"},{"@type":"ListItem","position":3,"name":"ZAFFERANO Poldina Couverture en c\u00e9ramique Poisson Avio bleu"}]},{"@type":"WebSite","@id":"https:\/\/www.erresse-shop.it\/fr\/#website","url":"https:\/\/www.erresse-shop.it\/fr\/","name":"Erresse Shop","description":"Articoli di qualit\u00e0 per la casa","potentialAction":[{"@type":"SearchAction","target":{"@type":"EntryPoint","urlTemplate":"https:\/\/www.erresse-shop.it\/fr\/?s={search_term_string}"},"query-input":"required name=search_term_string"}],"inLanguage":"fr-FR"}]}},"df_price":20,"df_sale_price":20,"df_regular_price":36,"df_image_link":"https:\/\/www.erresse-shop.it\/wp-content\/uploads\/2025\/06\/ZAFFERANO-Poldina-Cover-in-Metallo-Pesci-Blu-Avio-300x300.jpg","_links":{"self":[{"href":"https:\/\/www.erresse-shop.it\/fr\/wp-json\/wp\/v2\/product\/504895"}],"collection":[{"href":"https:\/\/www.erresse-shop.it\/fr\/wp-json\/wp\/v2\/product"}],"about":[{"href":"https:\/\/www.erresse-shop.it\/fr\/wp-json\/wp\/v2\/types\/product"}],"wp:featuredmedia":[{"embeddable":true,"href":"https:\/\/www.erresse-shop.it\/fr\/wp-json\/wp\/v2\/media\/504901"}],"wp:attachment":[{"href":"https:\/\/www.erresse-shop.it\/fr\/wp-json\/wp\/v2\/media?parent=504895"}],"wp:term":[{"taxonomy":"product_cat","embeddable":true,"href":"https:\/\/www.erresse-shop.it\/fr\/wp-json\/wp\/v2\/product_cat?post=504895"},{"taxonomy":"product_tag","embeddable":true,"href":"https:\/\/www.erresse-shop.it\/fr\/wp-json\/wp\/v2\/product_tag?post=504895"}],"curies":[{"name":"wp","href":"https:\/\/api.w.org\/{rel}","templated":true}]}}