{"id":504822,"date":"2025-06-25T12:03:09","date_gmt":"2025-06-25T12:03:12","guid":{"rendered":"https:\/\/www.erresse-shop.it\/?post_type=product&#038;p=504822"},"modified":"2026-02-09T09:57:59","modified_gmt":"2026-02-09T09:57:59","slug":"zafferano-poldina-couverture-en-ceramique-lignes-jaunes","status":"publish","type":"product","link":"https:\/\/www.erresse-shop.it\/fr\/shop\/ameublement-maison\/lampes\/zafferano-poldina-couverture-en-ceramique-lignes-jaunes\/","title":{"rendered":"ZAFFERANO Poldina Couverture en c\u00e9ramique Lignes jaunes"},"content":{"rendered":"<p>D\u00e9couvrez comment renouveler votre lampe sans fil Poldina avec un couvercle en c\u00e9ramique et rendre votre maison encore plus accueillante, unique et sp\u00e9ciale.<\/p>\n<p>Il suffit de placer le couvercle sur la t\u00eate de la lampe pour obtenir un effet \u00e9l\u00e9gant et original en quelques secondes seulement.<\/p>\n<p>Ces couvercles sont fabriqu\u00e9s en c\u00e9ramique Made in Italy, soigneusement peints \u00e0 la main, ajoutant une touche de couleur qui distingue votre lampe des autres.<\/p>\n<p>Id\u00e9al pour personnaliser diff\u00e9rentes versions de Poldina : table (sans fil et sur secteur &#8211; \u00e0 l&#8217;exception du mod\u00e8le Poldina x Peanuts), Mini table, suspension, murale, avec piquet et Poldina Reverso.<\/p>\n<p>Apportez une touche de cr\u00e9ativit\u00e9 et de style \u00e0 n&#8217;importe quel espace avec ces caches en c\u00e9ramique, parfaits pour donner une nouvelle vie \u00e0 votre lampe.<\/p>\n<p><strong>Caract\u00e9ristiques\u00a0:<\/strong><\/p>\n<ul>\n<li class=\"accordion-content add-formatting\" data-variant-sku=\"BAC0104\">Diam\u00e8tre\u00a0: 13\u00a0cm<\/li>\n<li class=\"accordion-content add-formatting\" data-variant-sku=\"BAC0104\">Hauteur totale\u00a0: 10\u00a0cm<\/li>\n<\/ul>\n","protected":false},"excerpt":{"rendered":"<p>D\u00e9couvrez comment renouveler votre lampe sans fil Poldina avec un couvercle en c\u00e9ramique et rendre votre maison encore plus accueillante,<\/p>\n","protected":false},"featured_media":504834,"template":"","meta":{"_acf_changed":false,"inline_featured_image":false},"product_cat":[12738,12741],"product_tag":[25026,25021,12796,13271,21821],"acf":[],"yoast_head":"<!-- This site is optimized with the Yoast SEO Premium plugin v18.6 (Yoast SEO v19.13) - https:\/\/yoast.com\/wordpress\/plugins\/seo\/ -->\n<title>ZAFFERANO Poldina Couverture en c\u00e9ramique Lignes jaunes - Erresse Shop<\/title>\n<meta name=\"description\" content=\"D\u00e9couvrez comment renouveler votre lampe sans fil Poldina avec un couvercle en c\u00e9ramique et rendre votre maison encore plus accueillante, unique et\" \/>\n<meta name=\"robots\" content=\"index, follow, max-snippet:-1, max-image-preview:large, max-video-preview:-1\" \/>\n<link rel=\"canonical\" href=\"https:\/\/www.erresse-shop.it\/fr\/shop\/ameublement-maison\/lampes\/zafferano-poldina-couverture-en-ceramique-lignes-jaunes\/\" \/>\n<meta property=\"og:locale\" content=\"fr_FR\" \/>\n<meta property=\"og:type\" content=\"article\" \/>\n<meta property=\"og:title\" content=\"ZAFFERANO Poldina Couverture en c\u00e9ramique Lignes jaunes\" \/>\n<meta property=\"og:description\" content=\"D\u00e9couvrez comment renouveler votre lampe sans fil Poldina avec un couvercle en c\u00e9ramique et rendre votre maison encore plus accueillante, unique et\" \/>\n<meta property=\"og:url\" content=\"https:\/\/www.erresse-shop.it\/fr\/shop\/ameublement-maison\/lampes\/zafferano-poldina-couverture-en-ceramique-lignes-jaunes\/\" \/>\n<meta property=\"og:site_name\" content=\"Erresse Shop\" \/>\n<meta property=\"article:modified_time\" content=\"2026-02-09T09:57:59+00:00\" \/>\n<meta property=\"og:image\" content=\"https:\/\/www.erresse-shop.it\/wp-content\/uploads\/2025\/06\/ZAFFERANO-Poldina-Cover-in-Ceramica-Righe-Gialle.jpg\" \/>\n\t<meta property=\"og:image:width\" content=\"1200\" \/>\n\t<meta property=\"og:image:height\" content=\"1200\" \/>\n\t<meta property=\"og:image:type\" content=\"image\/jpeg\" \/>\n<meta name=\"twitter:card\" content=\"summary_large_image\" \/>\n<script type=\"application\/ld+json\" class=\"yoast-schema-graph\">{\"@context\":\"https:\/\/schema.org\",\"@graph\":[{\"@type\":\"WebPage\",\"@id\":\"https:\/\/www.erresse-shop.it\/fr\/shop\/ameublement-maison\/lampes\/zafferano-poldina-couverture-en-ceramique-lignes-jaunes\/\",\"url\":\"https:\/\/www.erresse-shop.it\/fr\/shop\/ameublement-maison\/lampes\/zafferano-poldina-couverture-en-ceramique-lignes-jaunes\/\",\"name\":\"ZAFFERANO Poldina Couverture en c\u00e9ramique Lignes jaunes - Erresse Shop\",\"isPartOf\":{\"@id\":\"https:\/\/www.erresse-shop.it\/fr\/#website\"},\"datePublished\":\"2025-06-25T12:03:12+00:00\",\"dateModified\":\"2026-02-09T09:57:59+00:00\",\"description\":\"D\u00e9couvrez comment renouveler votre lampe sans fil Poldina avec un couvercle en c\u00e9ramique et rendre votre maison encore plus accueillante, unique et\",\"breadcrumb\":{\"@id\":\"https:\/\/www.erresse-shop.it\/fr\/shop\/ameublement-maison\/lampes\/zafferano-poldina-couverture-en-ceramique-lignes-jaunes\/#breadcrumb\"},\"inLanguage\":\"fr-FR\",\"potentialAction\":[{\"@type\":\"ReadAction\",\"target\":[\"https:\/\/www.erresse-shop.it\/fr\/shop\/ameublement-maison\/lampes\/zafferano-poldina-couverture-en-ceramique-lignes-jaunes\/\"]}]},{\"@type\":\"BreadcrumbList\",\"@id\":\"https:\/\/www.erresse-shop.it\/fr\/shop\/ameublement-maison\/lampes\/zafferano-poldina-couverture-en-ceramique-lignes-jaunes\/#breadcrumb\",\"itemListElement\":[{\"@type\":\"ListItem\",\"position\":1,\"name\":\"Home\",\"item\":\"https:\/\/www.erresse-shop.it\/fr\/\"},{\"@type\":\"ListItem\",\"position\":2,\"name\":\"Shop\",\"item\":\"https:\/\/www.erresse-shop.it\/fr\/shop\/\"},{\"@type\":\"ListItem\",\"position\":3,\"name\":\"ZAFFERANO Poldina Couverture en c\u00e9ramique Lignes jaunes\"}]},{\"@type\":\"WebSite\",\"@id\":\"https:\/\/www.erresse-shop.it\/fr\/#website\",\"url\":\"https:\/\/www.erresse-shop.it\/fr\/\",\"name\":\"Erresse Shop\",\"description\":\"Articoli di qualit\u00e0 per la casa\",\"potentialAction\":[{\"@type\":\"SearchAction\",\"target\":{\"@type\":\"EntryPoint\",\"urlTemplate\":\"https:\/\/www.erresse-shop.it\/fr\/?s={search_term_string}\"},\"query-input\":\"required name=search_term_string\"}],\"inLanguage\":\"fr-FR\"}]}<\/script>\n<!-- \/ Yoast SEO Premium plugin. -->","yoast_head_json":{"title":"ZAFFERANO Poldina Couverture en c\u00e9ramique Lignes jaunes - Erresse Shop","description":"D\u00e9couvrez comment renouveler votre lampe sans fil Poldina avec un couvercle en c\u00e9ramique et rendre votre maison encore plus accueillante, unique et","robots":{"index":"index","follow":"follow","max-snippet":"max-snippet:-1","max-image-preview":"max-image-preview:large","max-video-preview":"max-video-preview:-1"},"canonical":"https:\/\/www.erresse-shop.it\/fr\/shop\/ameublement-maison\/lampes\/zafferano-poldina-couverture-en-ceramique-lignes-jaunes\/","og_locale":"fr_FR","og_type":"article","og_title":"ZAFFERANO Poldina Couverture en c\u00e9ramique Lignes jaunes","og_description":"D\u00e9couvrez comment renouveler votre lampe sans fil Poldina avec un couvercle en c\u00e9ramique et rendre votre maison encore plus accueillante, unique et","og_url":"https:\/\/www.erresse-shop.it\/fr\/shop\/ameublement-maison\/lampes\/zafferano-poldina-couverture-en-ceramique-lignes-jaunes\/","og_site_name":"Erresse Shop","article_modified_time":"2026-02-09T09:57:59+00:00","og_image":[{"width":1200,"height":1200,"url":"https:\/\/www.erresse-shop.it\/wp-content\/uploads\/2025\/06\/ZAFFERANO-Poldina-Cover-in-Ceramica-Righe-Gialle.jpg","type":"image\/jpeg"}],"twitter_card":"summary_large_image","schema":{"@context":"https:\/\/schema.org","@graph":[{"@type":"WebPage","@id":"https:\/\/www.erresse-shop.it\/fr\/shop\/ameublement-maison\/lampes\/zafferano-poldina-couverture-en-ceramique-lignes-jaunes\/","url":"https:\/\/www.erresse-shop.it\/fr\/shop\/ameublement-maison\/lampes\/zafferano-poldina-couverture-en-ceramique-lignes-jaunes\/","name":"ZAFFERANO Poldina Couverture en c\u00e9ramique Lignes jaunes - Erresse Shop","isPartOf":{"@id":"https:\/\/www.erresse-shop.it\/fr\/#website"},"datePublished":"2025-06-25T12:03:12+00:00","dateModified":"2026-02-09T09:57:59+00:00","description":"D\u00e9couvrez comment renouveler votre lampe sans fil Poldina avec un couvercle en c\u00e9ramique et rendre votre maison encore plus accueillante, unique et","breadcrumb":{"@id":"https:\/\/www.erresse-shop.it\/fr\/shop\/ameublement-maison\/lampes\/zafferano-poldina-couverture-en-ceramique-lignes-jaunes\/#breadcrumb"},"inLanguage":"fr-FR","potentialAction":[{"@type":"ReadAction","target":["https:\/\/www.erresse-shop.it\/fr\/shop\/ameublement-maison\/lampes\/zafferano-poldina-couverture-en-ceramique-lignes-jaunes\/"]}]},{"@type":"BreadcrumbList","@id":"https:\/\/www.erresse-shop.it\/fr\/shop\/ameublement-maison\/lampes\/zafferano-poldina-couverture-en-ceramique-lignes-jaunes\/#breadcrumb","itemListElement":[{"@type":"ListItem","position":1,"name":"Home","item":"https:\/\/www.erresse-shop.it\/fr\/"},{"@type":"ListItem","position":2,"name":"Shop","item":"https:\/\/www.erresse-shop.it\/fr\/shop\/"},{"@type":"ListItem","position":3,"name":"ZAFFERANO Poldina Couverture en c\u00e9ramique Lignes jaunes"}]},{"@type":"WebSite","@id":"https:\/\/www.erresse-shop.it\/fr\/#website","url":"https:\/\/www.erresse-shop.it\/fr\/","name":"Erresse Shop","description":"Articoli di qualit\u00e0 per la casa","potentialAction":[{"@type":"SearchAction","target":{"@type":"EntryPoint","urlTemplate":"https:\/\/www.erresse-shop.it\/fr\/?s={search_term_string}"},"query-input":"required name=search_term_string"}],"inLanguage":"fr-FR"}]}},"df_price":34.95,"df_sale_price":34.95,"df_regular_price":36.6,"df_image_link":"https:\/\/www.erresse-shop.it\/wp-content\/uploads\/2025\/06\/ZAFFERANO-Poldina-Cover-in-Ceramica-Righe-Gialle-300x300.jpg","_links":{"self":[{"href":"https:\/\/www.erresse-shop.it\/fr\/wp-json\/wp\/v2\/product\/504822"}],"collection":[{"href":"https:\/\/www.erresse-shop.it\/fr\/wp-json\/wp\/v2\/product"}],"about":[{"href":"https:\/\/www.erresse-shop.it\/fr\/wp-json\/wp\/v2\/types\/product"}],"wp:featuredmedia":[{"embeddable":true,"href":"https:\/\/www.erresse-shop.it\/fr\/wp-json\/wp\/v2\/media\/504834"}],"wp:attachment":[{"href":"https:\/\/www.erresse-shop.it\/fr\/wp-json\/wp\/v2\/media?parent=504822"}],"wp:term":[{"taxonomy":"product_cat","embeddable":true,"href":"https:\/\/www.erresse-shop.it\/fr\/wp-json\/wp\/v2\/product_cat?post=504822"},{"taxonomy":"product_tag","embeddable":true,"href":"https:\/\/www.erresse-shop.it\/fr\/wp-json\/wp\/v2\/product_tag?post=504822"}],"curies":[{"name":"wp","href":"https:\/\/api.w.org\/{rel}","templated":true}]}}