{"id":504630,"date":"2025-06-25T07:48:18","date_gmt":"2025-06-25T07:48:21","guid":{"rendered":"https:\/\/www.erresse-shop.it\/?post_type=product&#038;p=504630"},"modified":"2025-07-03T11:08:15","modified_gmt":"2025-07-03T11:08:15","slug":"smeg-machine-a-cafe-expresso-manuelle-avec-buse-vapeur-noir-copia-2","status":"publish","type":"product","link":"https:\/\/www.erresse-shop.it\/fr\/shop\/petits-electromenagers\/mixeurs\/smeg-machine-a-cafe-expresso-manuelle-avec-buse-vapeur-noir-copia-2\/","title":{"rendered":"SMEG Style ann\u00e9es 50 Mixeur plongeant bleu avec accessoires"},"content":{"rendered":"<h4 class=\"main__description\">Mixeur plongeant puissant et polyvalent gr\u00e2ce \u00e0 l&#8217;ensemble d&#8217;accessoires inclus<\/h4>\n<div class=\"main__description\">\n<ul>\n<li>Vitesse variable et fonction Turbo pour un contr\u00f4le total du r\u00e9sultat final<\/li>\n<li>Poign\u00e9e ergonomique antid\u00e9rapante pour une utilisation facile<\/li>\n<li>Lames en acier inoxydable avec syst\u00e8me FlowBlend pour les meilleurs r\u00e9sultats de traitement<\/li>\n<li>Pichet doseur, hachoir, fouet sont les accessoires inclus, id\u00e9aux pour une polyvalence maximale en cuisine<\/li>\n<\/ul>\n<h4>Le mixeur plongeant est enrichi <strong>d&#8217;un ensemble complet d&#8217;accessoires<\/strong>\u00a0:<\/h4>\n<ul>\n<li>la carafe gradu\u00e9e Tritan Renew de <strong>1,4lt<\/strong>, \u00e9quip\u00e9e d&#8217;un couvercle pratique pour conserver au mieux les pr\u00e9parations.<\/li>\n<li>Le\u00a0<strong>fouet en acier inoxydable<\/strong>\u00a0pour fouetter la cr\u00e8me et les blancs d&#8217;\u0153ufs.<\/li>\n<li>Le\u00a0<strong>hachoir<\/strong>\u00a0avec lames en acier inoxydable en forme de S pour maximiser les performances de coupe \u00e0 l&#8217;int\u00e9rieur du r\u00e9cipient Tritan Renew. Sa base antid\u00e9rapante peut \u00eatre utilis\u00e9e comme couvercle pour conserver les aliments.<\/li>\n<\/ul>\n<h4 class=\"title\">Excellentes performances<\/h4>\n<div class=\"text\">Le syst\u00e8me de coupe <strong>FLOWBLENDTM<\/strong> et les <strong>lames en acier inoxydable<\/strong> cr\u00e9ent un flux optimal qui garantit l&#8217;homog\u00e9n\u00e9it\u00e9 parfaite des ingr\u00e9dients m\u00e9lang\u00e9s pour les meilleurs r\u00e9sultats de traitement.<\/div>\n<\/div>\n<div>\n<h4 class=\"title\">Confortable et polyvalent<\/h4>\n<div class=\"text\">Con\u00e7u pour \u00eatre r\u00e9sistant, fonctionnel et facile \u00e0 manipuler gr\u00e2ce \u00e0 sa poign\u00e9e pratique <strong>ergonomique<\/strong> <strong>et antid\u00e9rapante<\/strong> et au pratique <strong>bouton de r\u00e9glage de la vitesse<\/strong> qui permet de l&#8217;utiliser d&#8217;une seule main, sans interrompre la pr\u00e9paration.<\/div>\n<div class=\"text\">Alors que la <strong>fonction Turbo<\/strong> exploite au maximum la puissance du <strong>moteur de 700 W<\/strong>, vous permettant de m\u00e9langer vos ingr\u00e9dients en moins de temps.<\/div>\n<\/div>\n<h4>Caract\u00e9ristiques techniques<\/h4>\n<div class=\"col-sm\">\n<div id=\"sectionDetail-13\" class=\"detail\"><span class=\"detail__label\"><strong>Syst\u00e8me de coupe<\/strong>\u00a0: <\/span><span class=\"detail__txt\">Flowblend<\/span><\/div>\n<div id=\"sectionDetail-13\" class=\"detail\"><span class=\"detail__label\"><strong>Vitesse de rotation maximale<\/strong>\u00a0: <\/span><span class=\"detail__txt\">14\u00a0850 tr\/min<\/span><\/div>\n<div id=\"sectionDetail-13\" class=\"detail\"><span class=\"detail__label\"><strong>RPM MIN<\/strong>\u00a0: <\/span><span class=\"detail__txt\">8\u00a0150 tr\/min<\/span><\/div>\n<div id=\"sectionDetail-13\" class=\"detail\"><span class=\"detail__label\"><strong>Syst\u00e8me de fixation des accessoires<\/strong>\u00a0: <\/span><span class=\"detail__txt\">Type \u00e0 ba\u00efonnette<\/span><\/div>\n<\/div>\n<div class=\"col-sm\">\n<div id=\"sectionDetail-13\" class=\"detail\"><span class=\"detail__label\"><strong>Poign\u00e9e antid\u00e9rapante<\/strong>\u00a0: <\/span><span class=\"detail__txt\">Oui<\/span><\/div>\n<div id=\"sectionDetail-13\" class=\"detail\"><span class=\"detail__label\"><strong>Enrouleur de cordon int\u00e9gr\u00e9<\/strong>\u00a0: <\/span><span class=\"detail__txt\">Oui<\/span><\/div>\n<div>\n<div id=\"sectionDetail-15\" class=\"product-detail isAccordion open\">\n<div class=\"product-detail__content\">\n<div class=\"details layout__twoCol row\">\n<div class=\"col-sm\">\n<div id=\"sectionDetail-15\" class=\"detail\"><span class=\"detail__label\"><strong>Plug<\/strong>\u00a0: <\/span><span class=\"detail__txt\">(C) Eurospina<\/span><\/div>\n<div id=\"sectionDetail-15\" class=\"detail\"><span class=\"detail__label\"><strong>Tension<\/strong>\u00a0: <\/span><span class=\"detail__txt\">220-240 V<\/span><\/div>\n<div id=\"sectionDetail-15\" class=\"detail\"><span class=\"detail__label\"><strong>Fr\u00e9quence<\/strong>\u00a0: <\/span><span class=\"detail__txt\">50\/60 Hz<\/span><\/div>\n<\/div>\n<div class=\"col-sm\">\n<div id=\"sectionDetail-15\" class=\"detail\"><span class=\"detail__label\"><strong>Puissance<\/strong>\u00a0: <\/span><span class=\"detail__txt\">700 W<\/span><\/div>\n<div id=\"sectionDetail-15\" class=\"detail\"><span class=\"detail__label\"><strong>Longueur du c\u00e2ble d&#8217;alimentation<\/strong>\u00a0: <\/span><span class=\"detail__txt\">1,5 m<\/span><\/div>\n<div><\/div>\n<\/div>\n<\/div>\n<div><strong>Dimensions\u00a0: <\/strong>6,5 x 6,5 x 41,4 cm<\/div>\n<\/div>\n<\/div>\n<\/div>\n<\/div>\n<div><\/div>\n<div class=\"main__description\"><strong>Not for sale outside Europe<\/strong><\/div>\n","protected":false},"excerpt":{"rendered":"<p>Mixeur plongeant puissant et polyvalent gr\u00e2ce \u00e0 l&#8217;ensemble d&#8217;accessoires inclus Vitesse variable et fonction Turbo pour un contr\u00f4le total du<\/p>\n","protected":false},"featured_media":504678,"template":"","meta":{"_acf_changed":false,"inline_featured_image":false},"product_cat":[12766,12449],"product_tag":[25021,20848,13260,13261],"acf":[],"yoast_head":"<!-- This site is optimized with the Yoast SEO Premium plugin v18.6 (Yoast SEO v19.13) - https:\/\/yoast.com\/wordpress\/plugins\/seo\/ -->\n<title>SMEG Style ann\u00e9es 50 Mixeur plongeant bleu avec accessoires - Erresse Shop<\/title>\n<meta name=\"description\" content=\"Mixeur plongeant puissant et polyvalent gr\u00e2ce \u00e0 l&#039;ensemble d&#039;accessoires inclus Vitesse variable et fonction Turbo pour un contr\u00f4le total du r\u00e9sultat\" \/>\n<meta name=\"robots\" content=\"index, follow, max-snippet:-1, max-image-preview:large, max-video-preview:-1\" \/>\n<link rel=\"canonical\" href=\"https:\/\/www.erresse-shop.it\/fr\/shop\/petits-electromenagers\/mixeurs\/smeg-machine-a-cafe-expresso-manuelle-avec-buse-vapeur-noir-copia-2\/\" \/>\n<meta property=\"og:locale\" content=\"fr_FR\" \/>\n<meta property=\"og:type\" content=\"article\" \/>\n<meta property=\"og:title\" content=\"SMEG Style ann\u00e9es 50 Mixeur plongeant bleu avec accessoires\" \/>\n<meta property=\"og:description\" content=\"Mixeur plongeant puissant et polyvalent gr\u00e2ce \u00e0 l&#039;ensemble d&#039;accessoires inclus Vitesse variable et fonction Turbo pour un contr\u00f4le total du r\u00e9sultat\" \/>\n<meta property=\"og:url\" content=\"https:\/\/www.erresse-shop.it\/fr\/shop\/petits-electromenagers\/mixeurs\/smeg-machine-a-cafe-expresso-manuelle-avec-buse-vapeur-noir-copia-2\/\" \/>\n<meta property=\"og:site_name\" content=\"Erresse Shop\" \/>\n<meta property=\"article:modified_time\" content=\"2025-07-03T11:08:15+00:00\" \/>\n<meta property=\"og:image\" content=\"https:\/\/www.erresse-shop.it\/wp-content\/uploads\/2025\/06\/NuovSMEG-Frullatore-a-Immersione-Azzurro-con-Accessorio-progetto.jpg\" \/>\n\t<meta property=\"og:image:width\" content=\"1200\" \/>\n\t<meta property=\"og:image:height\" content=\"1200\" \/>\n\t<meta property=\"og:image:type\" content=\"image\/jpeg\" \/>\n<meta name=\"twitter:card\" content=\"summary_large_image\" \/>\n<script type=\"application\/ld+json\" class=\"yoast-schema-graph\">{\"@context\":\"https:\/\/schema.org\",\"@graph\":[{\"@type\":\"WebPage\",\"@id\":\"https:\/\/www.erresse-shop.it\/fr\/shop\/petits-electromenagers\/mixeurs\/smeg-machine-a-cafe-expresso-manuelle-avec-buse-vapeur-noir-copia-2\/\",\"url\":\"https:\/\/www.erresse-shop.it\/fr\/shop\/petits-electromenagers\/mixeurs\/smeg-machine-a-cafe-expresso-manuelle-avec-buse-vapeur-noir-copia-2\/\",\"name\":\"SMEG Style ann\u00e9es 50 Mixeur plongeant bleu avec accessoires - Erresse Shop\",\"isPartOf\":{\"@id\":\"https:\/\/www.erresse-shop.it\/fr\/#website\"},\"datePublished\":\"2025-06-25T07:48:21+00:00\",\"dateModified\":\"2025-07-03T11:08:15+00:00\",\"description\":\"Mixeur plongeant puissant et polyvalent gr\u00e2ce \u00e0 l'ensemble d'accessoires inclus Vitesse variable et fonction Turbo pour un contr\u00f4le total du r\u00e9sultat\",\"breadcrumb\":{\"@id\":\"https:\/\/www.erresse-shop.it\/fr\/shop\/petits-electromenagers\/mixeurs\/smeg-machine-a-cafe-expresso-manuelle-avec-buse-vapeur-noir-copia-2\/#breadcrumb\"},\"inLanguage\":\"fr-FR\",\"potentialAction\":[{\"@type\":\"ReadAction\",\"target\":[\"https:\/\/www.erresse-shop.it\/fr\/shop\/petits-electromenagers\/mixeurs\/smeg-machine-a-cafe-expresso-manuelle-avec-buse-vapeur-noir-copia-2\/\"]}]},{\"@type\":\"BreadcrumbList\",\"@id\":\"https:\/\/www.erresse-shop.it\/fr\/shop\/petits-electromenagers\/mixeurs\/smeg-machine-a-cafe-expresso-manuelle-avec-buse-vapeur-noir-copia-2\/#breadcrumb\",\"itemListElement\":[{\"@type\":\"ListItem\",\"position\":1,\"name\":\"Home\",\"item\":\"https:\/\/www.erresse-shop.it\/fr\/\"},{\"@type\":\"ListItem\",\"position\":2,\"name\":\"Shop\",\"item\":\"https:\/\/www.erresse-shop.it\/fr\/shop\/\"},{\"@type\":\"ListItem\",\"position\":3,\"name\":\"SMEG Style ann\u00e9es 50 Mixeur plongeant bleu avec accessoires\"}]},{\"@type\":\"WebSite\",\"@id\":\"https:\/\/www.erresse-shop.it\/fr\/#website\",\"url\":\"https:\/\/www.erresse-shop.it\/fr\/\",\"name\":\"Erresse Shop\",\"description\":\"Articoli di qualit\u00e0 per la casa\",\"potentialAction\":[{\"@type\":\"SearchAction\",\"target\":{\"@type\":\"EntryPoint\",\"urlTemplate\":\"https:\/\/www.erresse-shop.it\/fr\/?s={search_term_string}\"},\"query-input\":\"required name=search_term_string\"}],\"inLanguage\":\"fr-FR\"}]}<\/script>\n<!-- \/ Yoast SEO Premium plugin. -->","yoast_head_json":{"title":"SMEG Style ann\u00e9es 50 Mixeur plongeant bleu avec accessoires - Erresse Shop","description":"Mixeur plongeant puissant et polyvalent gr\u00e2ce \u00e0 l'ensemble d'accessoires inclus Vitesse variable et fonction Turbo pour un contr\u00f4le total du r\u00e9sultat","robots":{"index":"index","follow":"follow","max-snippet":"max-snippet:-1","max-image-preview":"max-image-preview:large","max-video-preview":"max-video-preview:-1"},"canonical":"https:\/\/www.erresse-shop.it\/fr\/shop\/petits-electromenagers\/mixeurs\/smeg-machine-a-cafe-expresso-manuelle-avec-buse-vapeur-noir-copia-2\/","og_locale":"fr_FR","og_type":"article","og_title":"SMEG Style ann\u00e9es 50 Mixeur plongeant bleu avec accessoires","og_description":"Mixeur plongeant puissant et polyvalent gr\u00e2ce \u00e0 l'ensemble d'accessoires inclus Vitesse variable et fonction Turbo pour un contr\u00f4le total du r\u00e9sultat","og_url":"https:\/\/www.erresse-shop.it\/fr\/shop\/petits-electromenagers\/mixeurs\/smeg-machine-a-cafe-expresso-manuelle-avec-buse-vapeur-noir-copia-2\/","og_site_name":"Erresse Shop","article_modified_time":"2025-07-03T11:08:15+00:00","og_image":[{"width":1200,"height":1200,"url":"https:\/\/www.erresse-shop.it\/wp-content\/uploads\/2025\/06\/NuovSMEG-Frullatore-a-Immersione-Azzurro-con-Accessorio-progetto.jpg","type":"image\/jpeg"}],"twitter_card":"summary_large_image","schema":{"@context":"https:\/\/schema.org","@graph":[{"@type":"WebPage","@id":"https:\/\/www.erresse-shop.it\/fr\/shop\/petits-electromenagers\/mixeurs\/smeg-machine-a-cafe-expresso-manuelle-avec-buse-vapeur-noir-copia-2\/","url":"https:\/\/www.erresse-shop.it\/fr\/shop\/petits-electromenagers\/mixeurs\/smeg-machine-a-cafe-expresso-manuelle-avec-buse-vapeur-noir-copia-2\/","name":"SMEG Style ann\u00e9es 50 Mixeur plongeant bleu avec accessoires - Erresse Shop","isPartOf":{"@id":"https:\/\/www.erresse-shop.it\/fr\/#website"},"datePublished":"2025-06-25T07:48:21+00:00","dateModified":"2025-07-03T11:08:15+00:00","description":"Mixeur plongeant puissant et polyvalent gr\u00e2ce \u00e0 l'ensemble d'accessoires inclus Vitesse variable et fonction Turbo pour un contr\u00f4le total du r\u00e9sultat","breadcrumb":{"@id":"https:\/\/www.erresse-shop.it\/fr\/shop\/petits-electromenagers\/mixeurs\/smeg-machine-a-cafe-expresso-manuelle-avec-buse-vapeur-noir-copia-2\/#breadcrumb"},"inLanguage":"fr-FR","potentialAction":[{"@type":"ReadAction","target":["https:\/\/www.erresse-shop.it\/fr\/shop\/petits-electromenagers\/mixeurs\/smeg-machine-a-cafe-expresso-manuelle-avec-buse-vapeur-noir-copia-2\/"]}]},{"@type":"BreadcrumbList","@id":"https:\/\/www.erresse-shop.it\/fr\/shop\/petits-electromenagers\/mixeurs\/smeg-machine-a-cafe-expresso-manuelle-avec-buse-vapeur-noir-copia-2\/#breadcrumb","itemListElement":[{"@type":"ListItem","position":1,"name":"Home","item":"https:\/\/www.erresse-shop.it\/fr\/"},{"@type":"ListItem","position":2,"name":"Shop","item":"https:\/\/www.erresse-shop.it\/fr\/shop\/"},{"@type":"ListItem","position":3,"name":"SMEG Style ann\u00e9es 50 Mixeur plongeant bleu avec accessoires"}]},{"@type":"WebSite","@id":"https:\/\/www.erresse-shop.it\/fr\/#website","url":"https:\/\/www.erresse-shop.it\/fr\/","name":"Erresse Shop","description":"Articoli di qualit\u00e0 per la casa","potentialAction":[{"@type":"SearchAction","target":{"@type":"EntryPoint","urlTemplate":"https:\/\/www.erresse-shop.it\/fr\/?s={search_term_string}"},"query-input":"required name=search_term_string"}],"inLanguage":"fr-FR"}]}},"df_price":90.3,"df_sale_price":90.3,"df_regular_price":129,"df_image_link":"https:\/\/www.erresse-shop.it\/wp-content\/uploads\/2025\/06\/NuovSMEG-Frullatore-a-Immersione-Azzurro-con-Accessorio-progetto-300x300.jpg","_links":{"self":[{"href":"https:\/\/www.erresse-shop.it\/fr\/wp-json\/wp\/v2\/product\/504630"}],"collection":[{"href":"https:\/\/www.erresse-shop.it\/fr\/wp-json\/wp\/v2\/product"}],"about":[{"href":"https:\/\/www.erresse-shop.it\/fr\/wp-json\/wp\/v2\/types\/product"}],"wp:featuredmedia":[{"embeddable":true,"href":"https:\/\/www.erresse-shop.it\/fr\/wp-json\/wp\/v2\/media\/504678"}],"wp:attachment":[{"href":"https:\/\/www.erresse-shop.it\/fr\/wp-json\/wp\/v2\/media?parent=504630"}],"wp:term":[{"taxonomy":"product_cat","embeddable":true,"href":"https:\/\/www.erresse-shop.it\/fr\/wp-json\/wp\/v2\/product_cat?post=504630"},{"taxonomy":"product_tag","embeddable":true,"href":"https:\/\/www.erresse-shop.it\/fr\/wp-json\/wp\/v2\/product_tag?post=504630"}],"curies":[{"name":"wp","href":"https:\/\/api.w.org\/{rel}","templated":true}]}}