{"id":504429,"date":"2025-06-24T08:24:06","date_gmt":"2025-06-24T08:24:11","guid":{"rendered":"https:\/\/www.erresse-shop.it\/?post_type=product&#038;p=504429"},"modified":"2025-06-24T08:39:23","modified_gmt":"2025-06-24T08:39:23","slug":"joseph-joseph-elevate-ensemble-de-6-couteaux-opal-avec-bloc-rotatif","status":"publish","type":"product","link":"https:\/\/www.erresse-shop.it\/fr\/shop\/cuisine\/outils\/joseph-joseph-elevate-ensemble-de-6-couteaux-opal-avec-bloc-rotatif\/","title":{"rendered":"JOSEPH JOSEPH Elevate Ensemble de 6 couteaux Opal avec bloc rotatif"},"content":{"rendered":"<p>Cet ensemble de couteaux pivotants comprend 6 couteaux essentiels en acier inoxydable avec des lames antiadh\u00e9sives recouvertes de silicone, ainsi qu&#8217;un support pivotant pour le rangement.<\/p>\n<ul>\n<li>Ensemble de 6 couteaux avec bloc rotatif<\/li>\n<li>Les couteaux sont dot\u00e9s de la technologie Elevate\u2122, con\u00e7ue pour am\u00e9liorer l&#8217;hygi\u00e8ne et minimiser les d\u00e9g\u00e2ts<\/li>\n<li>Les poign\u00e9es lest\u00e9es et les repose-couteaux int\u00e9gr\u00e9s maintiennent les lames hors du plan de travail lorsqu&#8217;elles sont pos\u00e9es<\/li>\n<li>Lames en acier inoxydable avec rev\u00eatement en silicone antiadh\u00e9sif<\/li>\n<li>Le bloc rotatif est dot\u00e9 d&#8217;une base antid\u00e9rapante et tourne en douceur pour une s\u00e9lection facile des couteaux<\/li>\n<li>L&#8217;ensemble comprend : un couteau d&#8217;office de 10 cm, un couteau dentel\u00e9 de 13 cm, un couteau santoku de 14 cm, un couteau de chef de 16 cm, un couteau \u00e0 pain de 20 cm et un couteau \u00e0 d\u00e9couper de 20 cm.<\/li>\n<\/ul>\n<p><strong>Entretien et utilisation\u00a0:<\/strong><\/p>\n<ul>\n<li>Couteaux &#8211; lavage \u00e0 la main uniquement et s\u00e9cher imm\u00e9diatement<\/li>\n<li>Carrousel &#8211; essuyer avec un chiffon humide<\/li>\n<li>Sans BPA<\/li>\n<\/ul>\n<p><strong>Dimensions\u00a0:<\/strong> H 36 x L 19,7 x P 16,5 cm<\/p>\n<p><strong>Concepteur\u00a0: <\/strong>Derek Roberts<\/p>\n","protected":false},"excerpt":{"rendered":"<p>Cet ensemble de couteaux pivotants comprend 6 couteaux essentiels en acier inoxydable avec des lames antiadh\u00e9sives recouvertes de silicone, ainsi<\/p>\n","protected":false},"featured_media":504464,"template":"","meta":{"_acf_changed":false,"inline_featured_image":false},"product_cat":[12748,25333],"product_tag":[25026,25021,21633,22973],"acf":[],"yoast_head":"<!-- This site is optimized with the Yoast SEO Premium plugin v18.6 (Yoast SEO v19.13) - https:\/\/yoast.com\/wordpress\/plugins\/seo\/ -->\n<title>JOSEPH JOSEPH Elevate Ensemble de 6 couteaux Opal avec bloc rotatif - Erresse Shop<\/title>\n<meta name=\"description\" content=\"Cet ensemble de couteaux pivotants comprend 6 couteaux essentiels en acier inoxydable avec des lames antiadh\u00e9sives recouvertes de silicone, ainsi qu&#039;un\" \/>\n<meta name=\"robots\" content=\"index, follow, max-snippet:-1, max-image-preview:large, max-video-preview:-1\" \/>\n<link rel=\"canonical\" href=\"https:\/\/www.erresse-shop.it\/fr\/shop\/cuisine\/outils\/joseph-joseph-elevate-ensemble-de-6-couteaux-opal-avec-bloc-rotatif\/\" \/>\n<meta property=\"og:locale\" content=\"fr_FR\" \/>\n<meta property=\"og:type\" content=\"article\" \/>\n<meta property=\"og:title\" content=\"JOSEPH JOSEPH Elevate Ensemble de 6 couteaux Opal avec bloc rotatif\" \/>\n<meta property=\"og:description\" content=\"Cet ensemble de couteaux pivotants comprend 6 couteaux essentiels en acier inoxydable avec des lames antiadh\u00e9sives recouvertes de silicone, ainsi qu&#039;un\" \/>\n<meta property=\"og:url\" content=\"https:\/\/www.erresse-shop.it\/fr\/shop\/cuisine\/outils\/joseph-joseph-elevate-ensemble-de-6-couteaux-opal-avec-bloc-rotatif\/\" \/>\n<meta property=\"og:site_name\" content=\"Erresse Shop\" \/>\n<meta property=\"article:modified_time\" content=\"2025-06-24T08:39:23+00:00\" \/>\n<meta property=\"og:image\" content=\"https:\/\/www.erresse-shop.it\/wp-content\/uploads\/2025\/06\/JOSEPH-Elevate-Set-6-Coltelli-Opale-con-Ceppo-Girevole.jpg\" \/>\n\t<meta property=\"og:image:width\" content=\"1200\" \/>\n\t<meta property=\"og:image:height\" content=\"1200\" \/>\n\t<meta property=\"og:image:type\" content=\"image\/jpeg\" \/>\n<meta name=\"twitter:card\" content=\"summary_large_image\" \/>\n<script type=\"application\/ld+json\" class=\"yoast-schema-graph\">{\"@context\":\"https:\/\/schema.org\",\"@graph\":[{\"@type\":\"WebPage\",\"@id\":\"https:\/\/www.erresse-shop.it\/fr\/shop\/cuisine\/outils\/joseph-joseph-elevate-ensemble-de-6-couteaux-opal-avec-bloc-rotatif\/\",\"url\":\"https:\/\/www.erresse-shop.it\/fr\/shop\/cuisine\/outils\/joseph-joseph-elevate-ensemble-de-6-couteaux-opal-avec-bloc-rotatif\/\",\"name\":\"JOSEPH JOSEPH Elevate Ensemble de 6 couteaux Opal avec bloc rotatif - Erresse Shop\",\"isPartOf\":{\"@id\":\"https:\/\/www.erresse-shop.it\/fr\/#website\"},\"datePublished\":\"2025-06-24T08:24:11+00:00\",\"dateModified\":\"2025-06-24T08:39:23+00:00\",\"description\":\"Cet ensemble de couteaux pivotants comprend 6 couteaux essentiels en acier inoxydable avec des lames antiadh\u00e9sives recouvertes de silicone, ainsi qu'un\",\"breadcrumb\":{\"@id\":\"https:\/\/www.erresse-shop.it\/fr\/shop\/cuisine\/outils\/joseph-joseph-elevate-ensemble-de-6-couteaux-opal-avec-bloc-rotatif\/#breadcrumb\"},\"inLanguage\":\"fr-FR\",\"potentialAction\":[{\"@type\":\"ReadAction\",\"target\":[\"https:\/\/www.erresse-shop.it\/fr\/shop\/cuisine\/outils\/joseph-joseph-elevate-ensemble-de-6-couteaux-opal-avec-bloc-rotatif\/\"]}]},{\"@type\":\"BreadcrumbList\",\"@id\":\"https:\/\/www.erresse-shop.it\/fr\/shop\/cuisine\/outils\/joseph-joseph-elevate-ensemble-de-6-couteaux-opal-avec-bloc-rotatif\/#breadcrumb\",\"itemListElement\":[{\"@type\":\"ListItem\",\"position\":1,\"name\":\"Home\",\"item\":\"https:\/\/www.erresse-shop.it\/fr\/\"},{\"@type\":\"ListItem\",\"position\":2,\"name\":\"Shop\",\"item\":\"https:\/\/www.erresse-shop.it\/fr\/shop\/\"},{\"@type\":\"ListItem\",\"position\":3,\"name\":\"JOSEPH JOSEPH Elevate Ensemble de 6 couteaux Opal avec bloc rotatif\"}]},{\"@type\":\"WebSite\",\"@id\":\"https:\/\/www.erresse-shop.it\/fr\/#website\",\"url\":\"https:\/\/www.erresse-shop.it\/fr\/\",\"name\":\"Erresse Shop\",\"description\":\"Articoli di qualit\u00e0 per la casa\",\"potentialAction\":[{\"@type\":\"SearchAction\",\"target\":{\"@type\":\"EntryPoint\",\"urlTemplate\":\"https:\/\/www.erresse-shop.it\/fr\/?s={search_term_string}\"},\"query-input\":\"required name=search_term_string\"}],\"inLanguage\":\"fr-FR\"}]}<\/script>\n<!-- \/ Yoast SEO Premium plugin. -->","yoast_head_json":{"title":"JOSEPH JOSEPH Elevate Ensemble de 6 couteaux Opal avec bloc rotatif - Erresse Shop","description":"Cet ensemble de couteaux pivotants comprend 6 couteaux essentiels en acier inoxydable avec des lames antiadh\u00e9sives recouvertes de silicone, ainsi qu'un","robots":{"index":"index","follow":"follow","max-snippet":"max-snippet:-1","max-image-preview":"max-image-preview:large","max-video-preview":"max-video-preview:-1"},"canonical":"https:\/\/www.erresse-shop.it\/fr\/shop\/cuisine\/outils\/joseph-joseph-elevate-ensemble-de-6-couteaux-opal-avec-bloc-rotatif\/","og_locale":"fr_FR","og_type":"article","og_title":"JOSEPH JOSEPH Elevate Ensemble de 6 couteaux Opal avec bloc rotatif","og_description":"Cet ensemble de couteaux pivotants comprend 6 couteaux essentiels en acier inoxydable avec des lames antiadh\u00e9sives recouvertes de silicone, ainsi qu'un","og_url":"https:\/\/www.erresse-shop.it\/fr\/shop\/cuisine\/outils\/joseph-joseph-elevate-ensemble-de-6-couteaux-opal-avec-bloc-rotatif\/","og_site_name":"Erresse Shop","article_modified_time":"2025-06-24T08:39:23+00:00","og_image":[{"width":1200,"height":1200,"url":"https:\/\/www.erresse-shop.it\/wp-content\/uploads\/2025\/06\/JOSEPH-Elevate-Set-6-Coltelli-Opale-con-Ceppo-Girevole.jpg","type":"image\/jpeg"}],"twitter_card":"summary_large_image","schema":{"@context":"https:\/\/schema.org","@graph":[{"@type":"WebPage","@id":"https:\/\/www.erresse-shop.it\/fr\/shop\/cuisine\/outils\/joseph-joseph-elevate-ensemble-de-6-couteaux-opal-avec-bloc-rotatif\/","url":"https:\/\/www.erresse-shop.it\/fr\/shop\/cuisine\/outils\/joseph-joseph-elevate-ensemble-de-6-couteaux-opal-avec-bloc-rotatif\/","name":"JOSEPH JOSEPH Elevate Ensemble de 6 couteaux Opal avec bloc rotatif - Erresse Shop","isPartOf":{"@id":"https:\/\/www.erresse-shop.it\/fr\/#website"},"datePublished":"2025-06-24T08:24:11+00:00","dateModified":"2025-06-24T08:39:23+00:00","description":"Cet ensemble de couteaux pivotants comprend 6 couteaux essentiels en acier inoxydable avec des lames antiadh\u00e9sives recouvertes de silicone, ainsi qu'un","breadcrumb":{"@id":"https:\/\/www.erresse-shop.it\/fr\/shop\/cuisine\/outils\/joseph-joseph-elevate-ensemble-de-6-couteaux-opal-avec-bloc-rotatif\/#breadcrumb"},"inLanguage":"fr-FR","potentialAction":[{"@type":"ReadAction","target":["https:\/\/www.erresse-shop.it\/fr\/shop\/cuisine\/outils\/joseph-joseph-elevate-ensemble-de-6-couteaux-opal-avec-bloc-rotatif\/"]}]},{"@type":"BreadcrumbList","@id":"https:\/\/www.erresse-shop.it\/fr\/shop\/cuisine\/outils\/joseph-joseph-elevate-ensemble-de-6-couteaux-opal-avec-bloc-rotatif\/#breadcrumb","itemListElement":[{"@type":"ListItem","position":1,"name":"Home","item":"https:\/\/www.erresse-shop.it\/fr\/"},{"@type":"ListItem","position":2,"name":"Shop","item":"https:\/\/www.erresse-shop.it\/fr\/shop\/"},{"@type":"ListItem","position":3,"name":"JOSEPH JOSEPH Elevate Ensemble de 6 couteaux Opal avec bloc rotatif"}]},{"@type":"WebSite","@id":"https:\/\/www.erresse-shop.it\/fr\/#website","url":"https:\/\/www.erresse-shop.it\/fr\/","name":"Erresse Shop","description":"Articoli di qualit\u00e0 per la casa","potentialAction":[{"@type":"SearchAction","target":{"@type":"EntryPoint","urlTemplate":"https:\/\/www.erresse-shop.it\/fr\/?s={search_term_string}"},"query-input":"required name=search_term_string"}],"inLanguage":"fr-FR"}]}},"df_price":49,"df_sale_price":49,"df_regular_price":109.99,"df_image_link":"https:\/\/www.erresse-shop.it\/wp-content\/uploads\/2025\/06\/JOSEPH-Elevate-Set-6-Coltelli-Opale-con-Ceppo-Girevole-300x300.jpg","_links":{"self":[{"href":"https:\/\/www.erresse-shop.it\/fr\/wp-json\/wp\/v2\/product\/504429"}],"collection":[{"href":"https:\/\/www.erresse-shop.it\/fr\/wp-json\/wp\/v2\/product"}],"about":[{"href":"https:\/\/www.erresse-shop.it\/fr\/wp-json\/wp\/v2\/types\/product"}],"wp:featuredmedia":[{"embeddable":true,"href":"https:\/\/www.erresse-shop.it\/fr\/wp-json\/wp\/v2\/media\/504464"}],"wp:attachment":[{"href":"https:\/\/www.erresse-shop.it\/fr\/wp-json\/wp\/v2\/media?parent=504429"}],"wp:term":[{"taxonomy":"product_cat","embeddable":true,"href":"https:\/\/www.erresse-shop.it\/fr\/wp-json\/wp\/v2\/product_cat?post=504429"},{"taxonomy":"product_tag","embeddable":true,"href":"https:\/\/www.erresse-shop.it\/fr\/wp-json\/wp\/v2\/product_tag?post=504429"}],"curies":[{"name":"wp","href":"https:\/\/api.w.org\/{rel}","templated":true}]}}