{"id":504387,"date":"2025-06-24T07:56:00","date_gmt":"2025-06-24T07:56:04","guid":{"rendered":"https:\/\/www.erresse-shop.it\/?post_type=product&#038;p=504387"},"modified":"2026-03-06T21:40:06","modified_gmt":"2026-03-06T21:40:06","slug":"joseph-joseph-ensemble-de-service","status":"publish","type":"product","link":"https:\/\/www.erresse-shop.it\/fr\/shop\/table-fr-2\/recipients-et-bols\/joseph-joseph-ensemble-de-service\/","title":{"rendered":"JOSEPH JOSEPH Ensemble de service"},"content":{"rendered":"<p>D\u00e9montrez vos comp\u00e9tences en mati\u00e8re d&#8217;hospitalit\u00e9 avec cet ensemble de service compos\u00e9 de deux essentiels de cuisine intelligents. Comprend Uno\u2122, un grand saladier en pierre avec deux ustensiles en acier inoxydable \u00e0 poser sur le bord, et Milltop\u2122, un moulin \u00e0 sel et \u00e0 poivre avec une conception \u00e0 l&#8217;envers qui emp\u00eache l&#8217;exc\u00e8s de marc de se r\u00e9pandre sur la table.<\/p>\n<ul>\n<li>Grand bol de service parfait pour les salades, le riz ou les p\u00e2tes et les desserts<\/li>\n<li>Les couverts peu encombrants sont rang\u00e9s de mani\u00e8re pratique sur le bord du bol<\/li>\n<li>Les broyeurs sont \u00e9quip\u00e9s d&#8217;un m\u00e9canisme de broyage en c\u00e9ramique<\/li>\n<li>La conception \u00e0 l&#8217;envers garde les plateaux de table propres<\/li>\n<li>R\u00e9glez la mouture en tournant le couvercle en acier inoxydable<\/li>\n<\/ul>\n<p><strong>Entretien et utilisation\u00a0:<\/strong><\/p>\n<ul>\n<li>Saladier\u00a0: passe au lave-vaisselle<\/li>\n<li>Ne convient pas au micro-ondes<\/li>\n<li>Moulin \u00e0 sel et \u00e0 poivre\u00a0: nettoyer avec un chiffon humide<\/li>\n<\/ul>\n<p><strong>Dimensions\u00a0:<\/strong><\/p>\n<p><strong>Saladier :<\/strong> H14 x L30 x P30 cm<\/p>\n<p><strong>Moulin \u00e0 sel et \u00e0 poivre\u00a0: <\/strong> H 16,9 x L 7 x P 7 cm<\/p>\n<p><strong>Cr\u00e9\u00e9 par Morph pour Joseph Joseph<\/strong><\/p>\n","protected":false},"excerpt":{"rendered":"<p>D\u00e9montrez vos comp\u00e9tences en mati\u00e8re d&#8217;hospitalit\u00e9 avec cet ensemble de service compos\u00e9 de deux essentiels de cuisine intelligents. Comprend Uno\u2122,<\/p>\n","protected":false},"featured_media":504416,"template":"","meta":{"_acf_changed":false,"inline_featured_image":false},"product_cat":[14244,12782],"product_tag":[25026,15901,21601,25021,13040,22610],"acf":[],"yoast_head":"<!-- This site is optimized with the Yoast SEO Premium plugin v18.6 (Yoast SEO v19.13) - https:\/\/yoast.com\/wordpress\/plugins\/seo\/ -->\n<title>JOSEPH JOSEPH Ensemble de service - Erresse Shop<\/title>\n<meta name=\"description\" content=\"D\u00e9montrez vos comp\u00e9tences en mati\u00e8re d&#039;hospitalit\u00e9 avec cet ensemble de service compos\u00e9 de deux essentiels de cuisine intelligents. Comprend Uno\u2122, un\" \/>\n<meta name=\"robots\" content=\"index, follow, max-snippet:-1, max-image-preview:large, max-video-preview:-1\" \/>\n<link rel=\"canonical\" href=\"https:\/\/www.erresse-shop.it\/fr\/shop\/table-fr-2\/recipients-et-bols\/joseph-joseph-ensemble-de-service\/\" \/>\n<meta property=\"og:locale\" content=\"fr_FR\" \/>\n<meta property=\"og:type\" content=\"article\" \/>\n<meta property=\"og:title\" content=\"JOSEPH JOSEPH Ensemble de service\" \/>\n<meta property=\"og:description\" content=\"D\u00e9montrez vos comp\u00e9tences en mati\u00e8re d&#039;hospitalit\u00e9 avec cet ensemble de service compos\u00e9 de deux essentiels de cuisine intelligents. Comprend Uno\u2122, un\" \/>\n<meta property=\"og:url\" content=\"https:\/\/www.erresse-shop.it\/fr\/shop\/table-fr-2\/recipients-et-bols\/joseph-joseph-ensemble-de-service\/\" \/>\n<meta property=\"og:site_name\" content=\"Erresse Shop\" \/>\n<meta property=\"article:modified_time\" content=\"2026-03-06T21:40:06+00:00\" \/>\n<meta property=\"og:image\" content=\"https:\/\/www.erresse-shop.it\/wp-content\/uploads\/2025\/06\/JOSEPH-JOSEPH-Set-da-Portata.jpg\" \/>\n\t<meta property=\"og:image:width\" content=\"1200\" \/>\n\t<meta property=\"og:image:height\" content=\"1200\" \/>\n\t<meta property=\"og:image:type\" content=\"image\/jpeg\" \/>\n<meta name=\"twitter:card\" content=\"summary_large_image\" \/>\n<script type=\"application\/ld+json\" class=\"yoast-schema-graph\">{\"@context\":\"https:\/\/schema.org\",\"@graph\":[{\"@type\":\"WebPage\",\"@id\":\"https:\/\/www.erresse-shop.it\/fr\/shop\/table-fr-2\/recipients-et-bols\/joseph-joseph-ensemble-de-service\/\",\"url\":\"https:\/\/www.erresse-shop.it\/fr\/shop\/table-fr-2\/recipients-et-bols\/joseph-joseph-ensemble-de-service\/\",\"name\":\"JOSEPH JOSEPH Ensemble de service - Erresse Shop\",\"isPartOf\":{\"@id\":\"https:\/\/www.erresse-shop.it\/fr\/#website\"},\"datePublished\":\"2025-06-24T07:56:04+00:00\",\"dateModified\":\"2026-03-06T21:40:06+00:00\",\"description\":\"D\u00e9montrez vos comp\u00e9tences en mati\u00e8re d'hospitalit\u00e9 avec cet ensemble de service compos\u00e9 de deux essentiels de cuisine intelligents. Comprend Uno\u2122, un\",\"breadcrumb\":{\"@id\":\"https:\/\/www.erresse-shop.it\/fr\/shop\/table-fr-2\/recipients-et-bols\/joseph-joseph-ensemble-de-service\/#breadcrumb\"},\"inLanguage\":\"fr-FR\",\"potentialAction\":[{\"@type\":\"ReadAction\",\"target\":[\"https:\/\/www.erresse-shop.it\/fr\/shop\/table-fr-2\/recipients-et-bols\/joseph-joseph-ensemble-de-service\/\"]}]},{\"@type\":\"BreadcrumbList\",\"@id\":\"https:\/\/www.erresse-shop.it\/fr\/shop\/table-fr-2\/recipients-et-bols\/joseph-joseph-ensemble-de-service\/#breadcrumb\",\"itemListElement\":[{\"@type\":\"ListItem\",\"position\":1,\"name\":\"Home\",\"item\":\"https:\/\/www.erresse-shop.it\/fr\/\"},{\"@type\":\"ListItem\",\"position\":2,\"name\":\"Shop\",\"item\":\"https:\/\/www.erresse-shop.it\/fr\/shop\/\"},{\"@type\":\"ListItem\",\"position\":3,\"name\":\"JOSEPH JOSEPH Ensemble de service\"}]},{\"@type\":\"WebSite\",\"@id\":\"https:\/\/www.erresse-shop.it\/fr\/#website\",\"url\":\"https:\/\/www.erresse-shop.it\/fr\/\",\"name\":\"Erresse Shop\",\"description\":\"Articoli di qualit\u00e0 per la casa\",\"potentialAction\":[{\"@type\":\"SearchAction\",\"target\":{\"@type\":\"EntryPoint\",\"urlTemplate\":\"https:\/\/www.erresse-shop.it\/fr\/?s={search_term_string}\"},\"query-input\":\"required name=search_term_string\"}],\"inLanguage\":\"fr-FR\"}]}<\/script>\n<!-- \/ Yoast SEO Premium plugin. -->","yoast_head_json":{"title":"JOSEPH JOSEPH Ensemble de service - Erresse Shop","description":"D\u00e9montrez vos comp\u00e9tences en mati\u00e8re d'hospitalit\u00e9 avec cet ensemble de service compos\u00e9 de deux essentiels de cuisine intelligents. Comprend Uno\u2122, un","robots":{"index":"index","follow":"follow","max-snippet":"max-snippet:-1","max-image-preview":"max-image-preview:large","max-video-preview":"max-video-preview:-1"},"canonical":"https:\/\/www.erresse-shop.it\/fr\/shop\/table-fr-2\/recipients-et-bols\/joseph-joseph-ensemble-de-service\/","og_locale":"fr_FR","og_type":"article","og_title":"JOSEPH JOSEPH Ensemble de service","og_description":"D\u00e9montrez vos comp\u00e9tences en mati\u00e8re d'hospitalit\u00e9 avec cet ensemble de service compos\u00e9 de deux essentiels de cuisine intelligents. Comprend Uno\u2122, un","og_url":"https:\/\/www.erresse-shop.it\/fr\/shop\/table-fr-2\/recipients-et-bols\/joseph-joseph-ensemble-de-service\/","og_site_name":"Erresse Shop","article_modified_time":"2026-03-06T21:40:06+00:00","og_image":[{"width":1200,"height":1200,"url":"https:\/\/www.erresse-shop.it\/wp-content\/uploads\/2025\/06\/JOSEPH-JOSEPH-Set-da-Portata.jpg","type":"image\/jpeg"}],"twitter_card":"summary_large_image","schema":{"@context":"https:\/\/schema.org","@graph":[{"@type":"WebPage","@id":"https:\/\/www.erresse-shop.it\/fr\/shop\/table-fr-2\/recipients-et-bols\/joseph-joseph-ensemble-de-service\/","url":"https:\/\/www.erresse-shop.it\/fr\/shop\/table-fr-2\/recipients-et-bols\/joseph-joseph-ensemble-de-service\/","name":"JOSEPH JOSEPH Ensemble de service - Erresse Shop","isPartOf":{"@id":"https:\/\/www.erresse-shop.it\/fr\/#website"},"datePublished":"2025-06-24T07:56:04+00:00","dateModified":"2026-03-06T21:40:06+00:00","description":"D\u00e9montrez vos comp\u00e9tences en mati\u00e8re d'hospitalit\u00e9 avec cet ensemble de service compos\u00e9 de deux essentiels de cuisine intelligents. Comprend Uno\u2122, un","breadcrumb":{"@id":"https:\/\/www.erresse-shop.it\/fr\/shop\/table-fr-2\/recipients-et-bols\/joseph-joseph-ensemble-de-service\/#breadcrumb"},"inLanguage":"fr-FR","potentialAction":[{"@type":"ReadAction","target":["https:\/\/www.erresse-shop.it\/fr\/shop\/table-fr-2\/recipients-et-bols\/joseph-joseph-ensemble-de-service\/"]}]},{"@type":"BreadcrumbList","@id":"https:\/\/www.erresse-shop.it\/fr\/shop\/table-fr-2\/recipients-et-bols\/joseph-joseph-ensemble-de-service\/#breadcrumb","itemListElement":[{"@type":"ListItem","position":1,"name":"Home","item":"https:\/\/www.erresse-shop.it\/fr\/"},{"@type":"ListItem","position":2,"name":"Shop","item":"https:\/\/www.erresse-shop.it\/fr\/shop\/"},{"@type":"ListItem","position":3,"name":"JOSEPH JOSEPH Ensemble de service"}]},{"@type":"WebSite","@id":"https:\/\/www.erresse-shop.it\/fr\/#website","url":"https:\/\/www.erresse-shop.it\/fr\/","name":"Erresse Shop","description":"Articoli di qualit\u00e0 per la casa","potentialAction":[{"@type":"SearchAction","target":{"@type":"EntryPoint","urlTemplate":"https:\/\/www.erresse-shop.it\/fr\/?s={search_term_string}"},"query-input":"required name=search_term_string"}],"inLanguage":"fr-FR"}]}},"df_price":59.95,"df_sale_price":59.95,"df_regular_price":90,"df_image_link":"https:\/\/www.erresse-shop.it\/wp-content\/uploads\/2025\/06\/JOSEPH-JOSEPH-Set-da-Portata-300x300.jpg","_links":{"self":[{"href":"https:\/\/www.erresse-shop.it\/fr\/wp-json\/wp\/v2\/product\/504387"}],"collection":[{"href":"https:\/\/www.erresse-shop.it\/fr\/wp-json\/wp\/v2\/product"}],"about":[{"href":"https:\/\/www.erresse-shop.it\/fr\/wp-json\/wp\/v2\/types\/product"}],"wp:featuredmedia":[{"embeddable":true,"href":"https:\/\/www.erresse-shop.it\/fr\/wp-json\/wp\/v2\/media\/504416"}],"wp:attachment":[{"href":"https:\/\/www.erresse-shop.it\/fr\/wp-json\/wp\/v2\/media?parent=504387"}],"wp:term":[{"taxonomy":"product_cat","embeddable":true,"href":"https:\/\/www.erresse-shop.it\/fr\/wp-json\/wp\/v2\/product_cat?post=504387"},{"taxonomy":"product_tag","embeddable":true,"href":"https:\/\/www.erresse-shop.it\/fr\/wp-json\/wp\/v2\/product_tag?post=504387"}],"curies":[{"name":"wp","href":"https:\/\/api.w.org\/{rel}","templated":true}]}}