{"id":504339,"date":"2025-06-24T07:20:20","date_gmt":"2025-06-24T07:20:25","guid":{"rendered":"https:\/\/www.erresse-shop.it\/?post_type=product&#038;p=504339"},"modified":"2025-06-24T07:49:50","modified_gmt":"2025-06-24T07:49:50","slug":"joseph-joseph-elevate-ensemble-de-5-couteaux-avec-bloc-en-bambou","status":"publish","type":"product","link":"https:\/\/www.erresse-shop.it\/fr\/shop\/cuisine\/planches-a-decouper\/joseph-joseph-elevate-ensemble-de-5-couteaux-avec-bloc-en-bambou\/","title":{"rendered":"JOSEPH JOSEPH Elevate Ensemble de 5 couteaux avec bloc en bambou"},"content":{"rendered":"<p>Cet ensemble contient 5 couteaux de cuisine essentiels avec un bloc de bambou fin pour le rangement, qui prend moins de place sur le comptoir que les blocs de couteaux traditionnels.<\/p>\n<ul>\n<li>Les couteaux Elevate\u2122 sont dot\u00e9s de poign\u00e9es lest\u00e9es et de repose-couteaux int\u00e9gr\u00e9s pour emp\u00eacher les lames de toucher le plan de travail lorsqu&#8217;elles sont pos\u00e9es.<\/li>\n<li>Lames en acier inoxydable japonais.<\/li>\n<li>Le bloc fin permet de gagner de la place sur le plan de travail.<\/li>\n<li>Les porte-couteaux magn\u00e9tiques maintiennent les couteaux bien en place.<\/li>\n<li>L&#8217;ensemble comprend : un couteau d&#8217;office de 9,5 cm, un couteau santoku de 13 cm, un couteau de chef de 15 cm, un couteau \u00e0 d\u00e9couper de 20 cm et un couteau \u00e0 pain de 20 cm.<\/li>\n<\/ul>\n<p><strong>Entretien et utilisation\u00a0:<\/strong><\/p>\n<ul>\n<li>Couteaux : laver et s\u00e9cher \u00e0 la main<\/li>\n<li>Po\u00eale : nettoyer avec un chiffon humide<\/li>\n<li>Il est recommand\u00e9 de placer l&#8217;appareil contre le mur, \u00e0 l&#8217;arri\u00e8re du plan de travail<\/li>\n<\/ul>\n<p><strong>Dimensions\u00a0:<\/strong> H 6,1 x L 35,5 x P 14,9 cm<\/p>\n<p><strong>Con\u00e7u par Joseph Joseph<\/strong><\/p>\n","protected":false},"excerpt":{"rendered":"<p>Cet ensemble contient 5 couteaux de cuisine essentiels avec un bloc de bambou fin pour le rangement, qui prend moins<\/p>\n","protected":false},"featured_media":504374,"template":"","meta":{"_acf_changed":false,"inline_featured_image":false},"product_cat":[12748,12759],"product_tag":[25026,15838,14045,13621,21529,15416],"acf":[],"yoast_head":"<!-- This site is optimized with the Yoast SEO Premium plugin v18.6 (Yoast SEO v19.13) - https:\/\/yoast.com\/wordpress\/plugins\/seo\/ -->\n<title>JOSEPH JOSEPH Elevate Ensemble de 5 couteaux avec bloc en bambou - Erresse Shop<\/title>\n<meta name=\"description\" content=\"Cet ensemble contient 5 couteaux de cuisine essentiels avec un bloc de bambou fin pour le rangement, qui prend moins de place sur le comptoir que les\" \/>\n<meta name=\"robots\" content=\"index, follow, max-snippet:-1, max-image-preview:large, max-video-preview:-1\" \/>\n<link rel=\"canonical\" href=\"https:\/\/www.erresse-shop.it\/fr\/shop\/cuisine\/planches-a-decouper\/joseph-joseph-elevate-ensemble-de-5-couteaux-avec-bloc-en-bambou\/\" \/>\n<meta property=\"og:locale\" content=\"fr_FR\" \/>\n<meta property=\"og:type\" content=\"article\" \/>\n<meta property=\"og:title\" content=\"JOSEPH JOSEPH Elevate Ensemble de 5 couteaux avec bloc en bambou\" \/>\n<meta property=\"og:description\" content=\"Cet ensemble contient 5 couteaux de cuisine essentiels avec un bloc de bambou fin pour le rangement, qui prend moins de place sur le comptoir que les\" \/>\n<meta property=\"og:url\" content=\"https:\/\/www.erresse-shop.it\/fr\/shop\/cuisine\/planches-a-decouper\/joseph-joseph-elevate-ensemble-de-5-couteaux-avec-bloc-en-bambou\/\" \/>\n<meta property=\"og:site_name\" content=\"Erresse Shop\" \/>\n<meta property=\"article:modified_time\" content=\"2025-06-24T07:49:50+00:00\" \/>\n<meta property=\"og:image\" content=\"https:\/\/www.erresse-shop.it\/wp-content\/uploads\/2025\/06\/JOSEPH-Elevate-Set-5-Coltelli.jpg\" \/>\n\t<meta property=\"og:image:width\" content=\"1200\" \/>\n\t<meta property=\"og:image:height\" content=\"1200\" \/>\n\t<meta property=\"og:image:type\" content=\"image\/jpeg\" \/>\n<meta name=\"twitter:card\" content=\"summary_large_image\" \/>\n<script type=\"application\/ld+json\" class=\"yoast-schema-graph\">{\"@context\":\"https:\/\/schema.org\",\"@graph\":[{\"@type\":\"WebPage\",\"@id\":\"https:\/\/www.erresse-shop.it\/fr\/shop\/cuisine\/planches-a-decouper\/joseph-joseph-elevate-ensemble-de-5-couteaux-avec-bloc-en-bambou\/\",\"url\":\"https:\/\/www.erresse-shop.it\/fr\/shop\/cuisine\/planches-a-decouper\/joseph-joseph-elevate-ensemble-de-5-couteaux-avec-bloc-en-bambou\/\",\"name\":\"JOSEPH JOSEPH Elevate Ensemble de 5 couteaux avec bloc en bambou - Erresse Shop\",\"isPartOf\":{\"@id\":\"https:\/\/www.erresse-shop.it\/fr\/#website\"},\"datePublished\":\"2025-06-24T07:20:25+00:00\",\"dateModified\":\"2025-06-24T07:49:50+00:00\",\"description\":\"Cet ensemble contient 5 couteaux de cuisine essentiels avec un bloc de bambou fin pour le rangement, qui prend moins de place sur le comptoir que les\",\"breadcrumb\":{\"@id\":\"https:\/\/www.erresse-shop.it\/fr\/shop\/cuisine\/planches-a-decouper\/joseph-joseph-elevate-ensemble-de-5-couteaux-avec-bloc-en-bambou\/#breadcrumb\"},\"inLanguage\":\"fr-FR\",\"potentialAction\":[{\"@type\":\"ReadAction\",\"target\":[\"https:\/\/www.erresse-shop.it\/fr\/shop\/cuisine\/planches-a-decouper\/joseph-joseph-elevate-ensemble-de-5-couteaux-avec-bloc-en-bambou\/\"]}]},{\"@type\":\"BreadcrumbList\",\"@id\":\"https:\/\/www.erresse-shop.it\/fr\/shop\/cuisine\/planches-a-decouper\/joseph-joseph-elevate-ensemble-de-5-couteaux-avec-bloc-en-bambou\/#breadcrumb\",\"itemListElement\":[{\"@type\":\"ListItem\",\"position\":1,\"name\":\"Home\",\"item\":\"https:\/\/www.erresse-shop.it\/fr\/\"},{\"@type\":\"ListItem\",\"position\":2,\"name\":\"Shop\",\"item\":\"https:\/\/www.erresse-shop.it\/fr\/shop\/\"},{\"@type\":\"ListItem\",\"position\":3,\"name\":\"JOSEPH JOSEPH Elevate Ensemble de 5 couteaux avec bloc en bambou\"}]},{\"@type\":\"WebSite\",\"@id\":\"https:\/\/www.erresse-shop.it\/fr\/#website\",\"url\":\"https:\/\/www.erresse-shop.it\/fr\/\",\"name\":\"Erresse Shop\",\"description\":\"Articoli di qualit\u00e0 per la casa\",\"potentialAction\":[{\"@type\":\"SearchAction\",\"target\":{\"@type\":\"EntryPoint\",\"urlTemplate\":\"https:\/\/www.erresse-shop.it\/fr\/?s={search_term_string}\"},\"query-input\":\"required name=search_term_string\"}],\"inLanguage\":\"fr-FR\"}]}<\/script>\n<!-- \/ Yoast SEO Premium plugin. -->","yoast_head_json":{"title":"JOSEPH JOSEPH Elevate Ensemble de 5 couteaux avec bloc en bambou - Erresse Shop","description":"Cet ensemble contient 5 couteaux de cuisine essentiels avec un bloc de bambou fin pour le rangement, qui prend moins de place sur le comptoir que les","robots":{"index":"index","follow":"follow","max-snippet":"max-snippet:-1","max-image-preview":"max-image-preview:large","max-video-preview":"max-video-preview:-1"},"canonical":"https:\/\/www.erresse-shop.it\/fr\/shop\/cuisine\/planches-a-decouper\/joseph-joseph-elevate-ensemble-de-5-couteaux-avec-bloc-en-bambou\/","og_locale":"fr_FR","og_type":"article","og_title":"JOSEPH JOSEPH Elevate Ensemble de 5 couteaux avec bloc en bambou","og_description":"Cet ensemble contient 5 couteaux de cuisine essentiels avec un bloc de bambou fin pour le rangement, qui prend moins de place sur le comptoir que les","og_url":"https:\/\/www.erresse-shop.it\/fr\/shop\/cuisine\/planches-a-decouper\/joseph-joseph-elevate-ensemble-de-5-couteaux-avec-bloc-en-bambou\/","og_site_name":"Erresse Shop","article_modified_time":"2025-06-24T07:49:50+00:00","og_image":[{"width":1200,"height":1200,"url":"https:\/\/www.erresse-shop.it\/wp-content\/uploads\/2025\/06\/JOSEPH-Elevate-Set-5-Coltelli.jpg","type":"image\/jpeg"}],"twitter_card":"summary_large_image","schema":{"@context":"https:\/\/schema.org","@graph":[{"@type":"WebPage","@id":"https:\/\/www.erresse-shop.it\/fr\/shop\/cuisine\/planches-a-decouper\/joseph-joseph-elevate-ensemble-de-5-couteaux-avec-bloc-en-bambou\/","url":"https:\/\/www.erresse-shop.it\/fr\/shop\/cuisine\/planches-a-decouper\/joseph-joseph-elevate-ensemble-de-5-couteaux-avec-bloc-en-bambou\/","name":"JOSEPH JOSEPH Elevate Ensemble de 5 couteaux avec bloc en bambou - Erresse Shop","isPartOf":{"@id":"https:\/\/www.erresse-shop.it\/fr\/#website"},"datePublished":"2025-06-24T07:20:25+00:00","dateModified":"2025-06-24T07:49:50+00:00","description":"Cet ensemble contient 5 couteaux de cuisine essentiels avec un bloc de bambou fin pour le rangement, qui prend moins de place sur le comptoir que les","breadcrumb":{"@id":"https:\/\/www.erresse-shop.it\/fr\/shop\/cuisine\/planches-a-decouper\/joseph-joseph-elevate-ensemble-de-5-couteaux-avec-bloc-en-bambou\/#breadcrumb"},"inLanguage":"fr-FR","potentialAction":[{"@type":"ReadAction","target":["https:\/\/www.erresse-shop.it\/fr\/shop\/cuisine\/planches-a-decouper\/joseph-joseph-elevate-ensemble-de-5-couteaux-avec-bloc-en-bambou\/"]}]},{"@type":"BreadcrumbList","@id":"https:\/\/www.erresse-shop.it\/fr\/shop\/cuisine\/planches-a-decouper\/joseph-joseph-elevate-ensemble-de-5-couteaux-avec-bloc-en-bambou\/#breadcrumb","itemListElement":[{"@type":"ListItem","position":1,"name":"Home","item":"https:\/\/www.erresse-shop.it\/fr\/"},{"@type":"ListItem","position":2,"name":"Shop","item":"https:\/\/www.erresse-shop.it\/fr\/shop\/"},{"@type":"ListItem","position":3,"name":"JOSEPH JOSEPH Elevate Ensemble de 5 couteaux avec bloc en bambou"}]},{"@type":"WebSite","@id":"https:\/\/www.erresse-shop.it\/fr\/#website","url":"https:\/\/www.erresse-shop.it\/fr\/","name":"Erresse Shop","description":"Articoli di qualit\u00e0 per la casa","potentialAction":[{"@type":"SearchAction","target":{"@type":"EntryPoint","urlTemplate":"https:\/\/www.erresse-shop.it\/fr\/?s={search_term_string}"},"query-input":"required name=search_term_string"}],"inLanguage":"fr-FR"}]}},"df_price":75,"df_sale_price":75,"df_regular_price":149.99,"df_image_link":"https:\/\/www.erresse-shop.it\/wp-content\/uploads\/2025\/06\/JOSEPH-Elevate-Set-5-Coltelli-300x300.jpg","_links":{"self":[{"href":"https:\/\/www.erresse-shop.it\/fr\/wp-json\/wp\/v2\/product\/504339"}],"collection":[{"href":"https:\/\/www.erresse-shop.it\/fr\/wp-json\/wp\/v2\/product"}],"about":[{"href":"https:\/\/www.erresse-shop.it\/fr\/wp-json\/wp\/v2\/types\/product"}],"wp:featuredmedia":[{"embeddable":true,"href":"https:\/\/www.erresse-shop.it\/fr\/wp-json\/wp\/v2\/media\/504374"}],"wp:attachment":[{"href":"https:\/\/www.erresse-shop.it\/fr\/wp-json\/wp\/v2\/media?parent=504339"}],"wp:term":[{"taxonomy":"product_cat","embeddable":true,"href":"https:\/\/www.erresse-shop.it\/fr\/wp-json\/wp\/v2\/product_cat?post=504339"},{"taxonomy":"product_tag","embeddable":true,"href":"https:\/\/www.erresse-shop.it\/fr\/wp-json\/wp\/v2\/product_tag?post=504339"}],"curies":[{"name":"wp","href":"https:\/\/api.w.org\/{rel}","templated":true}]}}