{"id":503876,"date":"2025-06-19T12:25:51","date_gmt":"2025-06-19T12:25:54","guid":{"rendered":"https:\/\/www.erresse-shop.it\/?post_type=product&#038;p=503876"},"modified":"2026-02-09T10:23:33","modified_gmt":"2026-02-09T10:23:33","slug":"cookut-plat-a-four-40-x-30-cm-vert","status":"publish","type":"product","link":"https:\/\/www.erresse-shop.it\/fr\/shop\/poeles-pots\/plats-et-casseroles-a-four\/cookut-plat-a-four-40-x-30-cm-vert\/","title":{"rendered":"COOKUT Plat \u00e0 four 40 x 30 cm Vert"},"content":{"rendered":"<div class=\"elementor-element Elementor-element-02c3caf Elementor-widget Elementor-widget-product-name Elementor-widget-heading\" data-id=\"02c3caf\" data-element_type=\"widget\" data-widget_type=\"product-name.default\">\n<div class=\"elementor-widget-container\">\n<h1 class=\"ce-product-name Elementor-heading-title ce-display-large\"><span style=\"font-size: 14pt;\">L&#8217;incroyable plat de cuisson ajustable<\/span><\/h1>\n<\/div>\n<\/div>\n<div class=\"elementor-element Elementor-element-4b0c4c3 Elementor-widget Elementor-widget-product-description-short Elementor-widget-text-editor\" data-id=\"4b0c4c3\" data-element_type=\"widget\" data-widget_type=\"product-description-short.default\">\n<div class=\"elementor-widget-container\">\n<div class=\"ce-product-description-short\">\n<h2><span style=\"font-size: 14pt;\">Un plat \u00e0 gratin pour toutes les tailles avec rev\u00eatement min\u00e9ral sans PFAS<\/span><\/h2>\n<p>Ce plat \u00e0 gratin unique remplace tous les autres\u00a0: gr\u00e2ce \u00e0 son s\u00e9parateur brevet\u00e9, vous pouvez facilement ajuster la taille de votre plat selon vos go\u00fbts et le nombre de convives.<\/p>\n<p>Avec le plat Incroyable, vous pouvez tout pr\u00e9parer\u00a0: des petits gratins aux grandes tourtes, en passant par les quiches et le poulet r\u00f4ti du dimanche, les possibilit\u00e9s sont infinies.<\/p>\n<p>Plus qu&#8217;un simple plat, c&#8217;est une solution compl\u00e8te et intelligente pour tous vos besoins en p\u00e2tisserie.<\/p>\n<ul>\n<li>Ultra l\u00e9ger<\/li>\n<li>Rev\u00eatement min\u00e9ral naturel sans PFAS*<\/li>\n<li>Corps en m\u00e9tal 100 % recycl\u00e9<\/li>\n<li>Cuisson sans mati\u00e8re grasse<\/li>\n<li>Facile \u00e0 nettoyer<\/li>\n<li>S\u00e9parateur brevet\u00e9 en silicone et verre tremp\u00e9<\/li>\n<li>Compatible avec le four et le lave-vaisselle<\/li>\n<li>Ne convient pas aux micro-ondes<\/li>\n<li>Ne convient pas aux micro-ondes<\/li>\n<li>Ne convient pas aux plaques \u00e0 induction, \u00e0 gaz, vitroc\u00e9ramiques, \u00e9lectriques, etc.<\/li>\n<\/ul>\n<p>Dimensions\u00a0: 40 x 30 cm<\/p>\n<p>Rev\u00eatement min\u00e9ral \u00e0 base de sable vitrifi\u00e9. Un rev\u00eatement hautement r\u00e9sistant sans PFAS (substances per- et polyfluoroalkyl\u00e9es, substances controvers\u00e9es souvent utilis\u00e9es dans les produits de cuisine).<\/p>\n<\/div>\n<\/div>\n<\/div>\n","protected":false},"excerpt":{"rendered":"<p>L&#8217;incroyable plat de cuisson ajustable Un plat \u00e0 gratin pour toutes les tailles avec rev\u00eatement min\u00e9ral sans PFAS Ce plat<\/p>\n","protected":false},"featured_media":503893,"template":"","meta":{"_acf_changed":false,"inline_featured_image":false},"product_cat":[12458,14805],"product_tag":[25036,21529,25021,24603,17108],"acf":[],"yoast_head":"<!-- This site is optimized with the Yoast SEO Premium plugin v18.6 (Yoast SEO v19.13) - https:\/\/yoast.com\/wordpress\/plugins\/seo\/ -->\n<title>COOKUT Plat \u00e0 four 40 x 30 cm Vert - Erresse Shop<\/title>\n<meta name=\"description\" content=\"L&#039;incroyable plat de cuisson ajustable Un plat \u00e0 gratin pour toutes les tailles avec rev\u00eatement min\u00e9ral sans PFAS Ce plat \u00e0 gratin unique remplace tous\" \/>\n<meta name=\"robots\" content=\"index, follow, max-snippet:-1, max-image-preview:large, max-video-preview:-1\" \/>\n<link rel=\"canonical\" href=\"https:\/\/www.erresse-shop.it\/fr\/shop\/poeles-pots\/plats-et-casseroles-a-four\/cookut-plat-a-four-40-x-30-cm-vert\/\" \/>\n<meta property=\"og:locale\" content=\"fr_FR\" \/>\n<meta property=\"og:type\" content=\"article\" \/>\n<meta property=\"og:title\" content=\"COOKUT Plat \u00e0 four 40 x 30 cm Vert\" \/>\n<meta property=\"og:description\" content=\"L&#039;incroyable plat de cuisson ajustable Un plat \u00e0 gratin pour toutes les tailles avec rev\u00eatement min\u00e9ral sans PFAS Ce plat \u00e0 gratin unique remplace tous\" \/>\n<meta property=\"og:url\" content=\"https:\/\/www.erresse-shop.it\/fr\/shop\/poeles-pots\/plats-et-casseroles-a-four\/cookut-plat-a-four-40-x-30-cm-vert\/\" \/>\n<meta property=\"og:site_name\" content=\"Erresse Shop\" \/>\n<meta property=\"article:modified_time\" content=\"2026-02-09T10:23:33+00:00\" \/>\n<meta property=\"og:image\" content=\"https:\/\/www.erresse-shop.it\/wp-content\/uploads\/2025\/06\/COOKUT-Pirofila-40-x-30-cm-Verde.jpg\" \/>\n\t<meta property=\"og:image:width\" content=\"1200\" \/>\n\t<meta property=\"og:image:height\" content=\"1200\" \/>\n\t<meta property=\"og:image:type\" content=\"image\/jpeg\" \/>\n<meta name=\"twitter:card\" content=\"summary_large_image\" \/>\n<script type=\"application\/ld+json\" class=\"yoast-schema-graph\">{\"@context\":\"https:\/\/schema.org\",\"@graph\":[{\"@type\":\"WebPage\",\"@id\":\"https:\/\/www.erresse-shop.it\/fr\/shop\/poeles-pots\/plats-et-casseroles-a-four\/cookut-plat-a-four-40-x-30-cm-vert\/\",\"url\":\"https:\/\/www.erresse-shop.it\/fr\/shop\/poeles-pots\/plats-et-casseroles-a-four\/cookut-plat-a-four-40-x-30-cm-vert\/\",\"name\":\"COOKUT Plat \u00e0 four 40 x 30 cm Vert - Erresse Shop\",\"isPartOf\":{\"@id\":\"https:\/\/www.erresse-shop.it\/fr\/#website\"},\"datePublished\":\"2025-06-19T12:25:54+00:00\",\"dateModified\":\"2026-02-09T10:23:33+00:00\",\"description\":\"L'incroyable plat de cuisson ajustable Un plat \u00e0 gratin pour toutes les tailles avec rev\u00eatement min\u00e9ral sans PFAS Ce plat \u00e0 gratin unique remplace tous\",\"breadcrumb\":{\"@id\":\"https:\/\/www.erresse-shop.it\/fr\/shop\/poeles-pots\/plats-et-casseroles-a-four\/cookut-plat-a-four-40-x-30-cm-vert\/#breadcrumb\"},\"inLanguage\":\"fr-FR\",\"potentialAction\":[{\"@type\":\"ReadAction\",\"target\":[\"https:\/\/www.erresse-shop.it\/fr\/shop\/poeles-pots\/plats-et-casseroles-a-four\/cookut-plat-a-four-40-x-30-cm-vert\/\"]}]},{\"@type\":\"BreadcrumbList\",\"@id\":\"https:\/\/www.erresse-shop.it\/fr\/shop\/poeles-pots\/plats-et-casseroles-a-four\/cookut-plat-a-four-40-x-30-cm-vert\/#breadcrumb\",\"itemListElement\":[{\"@type\":\"ListItem\",\"position\":1,\"name\":\"Home\",\"item\":\"https:\/\/www.erresse-shop.it\/fr\/\"},{\"@type\":\"ListItem\",\"position\":2,\"name\":\"Shop\",\"item\":\"https:\/\/www.erresse-shop.it\/fr\/shop\/\"},{\"@type\":\"ListItem\",\"position\":3,\"name\":\"COOKUT Plat \u00e0 four 40 x 30 cm Vert\"}]},{\"@type\":\"WebSite\",\"@id\":\"https:\/\/www.erresse-shop.it\/fr\/#website\",\"url\":\"https:\/\/www.erresse-shop.it\/fr\/\",\"name\":\"Erresse Shop\",\"description\":\"Articoli di qualit\u00e0 per la casa\",\"potentialAction\":[{\"@type\":\"SearchAction\",\"target\":{\"@type\":\"EntryPoint\",\"urlTemplate\":\"https:\/\/www.erresse-shop.it\/fr\/?s={search_term_string}\"},\"query-input\":\"required name=search_term_string\"}],\"inLanguage\":\"fr-FR\"}]}<\/script>\n<!-- \/ Yoast SEO Premium plugin. -->","yoast_head_json":{"title":"COOKUT Plat \u00e0 four 40 x 30 cm Vert - Erresse Shop","description":"L'incroyable plat de cuisson ajustable Un plat \u00e0 gratin pour toutes les tailles avec rev\u00eatement min\u00e9ral sans PFAS Ce plat \u00e0 gratin unique remplace tous","robots":{"index":"index","follow":"follow","max-snippet":"max-snippet:-1","max-image-preview":"max-image-preview:large","max-video-preview":"max-video-preview:-1"},"canonical":"https:\/\/www.erresse-shop.it\/fr\/shop\/poeles-pots\/plats-et-casseroles-a-four\/cookut-plat-a-four-40-x-30-cm-vert\/","og_locale":"fr_FR","og_type":"article","og_title":"COOKUT Plat \u00e0 four 40 x 30 cm Vert","og_description":"L'incroyable plat de cuisson ajustable Un plat \u00e0 gratin pour toutes les tailles avec rev\u00eatement min\u00e9ral sans PFAS Ce plat \u00e0 gratin unique remplace tous","og_url":"https:\/\/www.erresse-shop.it\/fr\/shop\/poeles-pots\/plats-et-casseroles-a-four\/cookut-plat-a-four-40-x-30-cm-vert\/","og_site_name":"Erresse Shop","article_modified_time":"2026-02-09T10:23:33+00:00","og_image":[{"width":1200,"height":1200,"url":"https:\/\/www.erresse-shop.it\/wp-content\/uploads\/2025\/06\/COOKUT-Pirofila-40-x-30-cm-Verde.jpg","type":"image\/jpeg"}],"twitter_card":"summary_large_image","schema":{"@context":"https:\/\/schema.org","@graph":[{"@type":"WebPage","@id":"https:\/\/www.erresse-shop.it\/fr\/shop\/poeles-pots\/plats-et-casseroles-a-four\/cookut-plat-a-four-40-x-30-cm-vert\/","url":"https:\/\/www.erresse-shop.it\/fr\/shop\/poeles-pots\/plats-et-casseroles-a-four\/cookut-plat-a-four-40-x-30-cm-vert\/","name":"COOKUT Plat \u00e0 four 40 x 30 cm Vert - Erresse Shop","isPartOf":{"@id":"https:\/\/www.erresse-shop.it\/fr\/#website"},"datePublished":"2025-06-19T12:25:54+00:00","dateModified":"2026-02-09T10:23:33+00:00","description":"L'incroyable plat de cuisson ajustable Un plat \u00e0 gratin pour toutes les tailles avec rev\u00eatement min\u00e9ral sans PFAS Ce plat \u00e0 gratin unique remplace tous","breadcrumb":{"@id":"https:\/\/www.erresse-shop.it\/fr\/shop\/poeles-pots\/plats-et-casseroles-a-four\/cookut-plat-a-four-40-x-30-cm-vert\/#breadcrumb"},"inLanguage":"fr-FR","potentialAction":[{"@type":"ReadAction","target":["https:\/\/www.erresse-shop.it\/fr\/shop\/poeles-pots\/plats-et-casseroles-a-four\/cookut-plat-a-four-40-x-30-cm-vert\/"]}]},{"@type":"BreadcrumbList","@id":"https:\/\/www.erresse-shop.it\/fr\/shop\/poeles-pots\/plats-et-casseroles-a-four\/cookut-plat-a-four-40-x-30-cm-vert\/#breadcrumb","itemListElement":[{"@type":"ListItem","position":1,"name":"Home","item":"https:\/\/www.erresse-shop.it\/fr\/"},{"@type":"ListItem","position":2,"name":"Shop","item":"https:\/\/www.erresse-shop.it\/fr\/shop\/"},{"@type":"ListItem","position":3,"name":"COOKUT Plat \u00e0 four 40 x 30 cm Vert"}]},{"@type":"WebSite","@id":"https:\/\/www.erresse-shop.it\/fr\/#website","url":"https:\/\/www.erresse-shop.it\/fr\/","name":"Erresse Shop","description":"Articoli di qualit\u00e0 per la casa","potentialAction":[{"@type":"SearchAction","target":{"@type":"EntryPoint","urlTemplate":"https:\/\/www.erresse-shop.it\/fr\/?s={search_term_string}"},"query-input":"required name=search_term_string"}],"inLanguage":"fr-FR"}]}},"df_price":49.44500000000001,"df_sale_price":49.44500000000001,"df_regular_price":89.9,"df_image_link":"https:\/\/www.erresse-shop.it\/wp-content\/uploads\/2025\/06\/COOKUT-Pirofila-40-x-30-cm-Verde-300x300.jpg","_links":{"self":[{"href":"https:\/\/www.erresse-shop.it\/fr\/wp-json\/wp\/v2\/product\/503876"}],"collection":[{"href":"https:\/\/www.erresse-shop.it\/fr\/wp-json\/wp\/v2\/product"}],"about":[{"href":"https:\/\/www.erresse-shop.it\/fr\/wp-json\/wp\/v2\/types\/product"}],"wp:featuredmedia":[{"embeddable":true,"href":"https:\/\/www.erresse-shop.it\/fr\/wp-json\/wp\/v2\/media\/503893"}],"wp:attachment":[{"href":"https:\/\/www.erresse-shop.it\/fr\/wp-json\/wp\/v2\/media?parent=503876"}],"wp:term":[{"taxonomy":"product_cat","embeddable":true,"href":"https:\/\/www.erresse-shop.it\/fr\/wp-json\/wp\/v2\/product_cat?post=503876"},{"taxonomy":"product_tag","embeddable":true,"href":"https:\/\/www.erresse-shop.it\/fr\/wp-json\/wp\/v2\/product_tag?post=503876"}],"curies":[{"name":"wp","href":"https:\/\/api.w.org\/{rel}","templated":true}]}}