{"id":503805,"date":"2025-06-19T09:27:47","date_gmt":"2025-06-19T09:27:51","guid":{"rendered":"https:\/\/www.erresse-shop.it\/?post_type=product&#038;p=503805"},"modified":"2026-02-09T10:38:05","modified_gmt":"2026-02-09T10:38:05","slug":"cookut-wok-28-cm-vert","status":"publish","type":"product","link":"https:\/\/www.erresse-shop.it\/fr\/shop\/poeles-pots\/wok\/cookut-wok-28-cm-vert\/","title":{"rendered":"COOKUT Wok 28 cm Vert"},"content":{"rendered":"<p>Le Wok Cookut, avec son rev\u00eatement min\u00e9ral antiadh\u00e9sif sans PTFE\/PFOA, est id\u00e9al pour pr\u00e9parer des plats authentiques et savoureux.<\/p>\n<p>Antiadh\u00e9sif, l\u00e9ger et facile \u00e0 utiliser, le wok Cookut est parfait pour faire sauter de la viande et des l\u00e9gumes.<\/p>\n<p>Il a \u00e9t\u00e9 con\u00e7u pour permettre \u00e0 chacun de cuisiner de mani\u00e8re optimale. Pr\u00e9parez des milliers de recettes en toute simplicit\u00e9 !<\/p>\n<p>Convient \u00e0 tous types de plaques de cuisson : induction, gaz, \u00e9lectrique, vitro.<br \/>\nManche en imitation bois, fabriqu\u00e9 en polym\u00e8re.<br \/>\nLavable au lave-vaisselle.<\/p>\n","protected":false},"excerpt":{"rendered":"<p>Le Wok Cookut, avec son rev\u00eatement min\u00e9ral antiadh\u00e9sif sans PTFE\/PFOA, est id\u00e9al pour pr\u00e9parer des plats authentiques et savoureux. Antiadh\u00e9sif,<\/p>\n","protected":false},"featured_media":503817,"template":"","meta":{"_acf_changed":false,"inline_featured_image":false},"product_cat":[12458,12472],"product_tag":[25036,25021,12466,24603],"acf":[],"yoast_head":"<!-- This site is optimized with the Yoast SEO Premium plugin v18.6 (Yoast SEO v19.13) - https:\/\/yoast.com\/wordpress\/plugins\/seo\/ -->\n<title>COOKUT Wok 28 cm Vert - Erresse Shop<\/title>\n<meta name=\"description\" content=\"Le Wok Cookut, avec son rev\u00eatement min\u00e9ral antiadh\u00e9sif sans PTFE\/PFOA, est id\u00e9al pour pr\u00e9parer des plats authentiques et savoureux. Antiadh\u00e9sif, l\u00e9ger et\" \/>\n<meta name=\"robots\" content=\"index, follow, max-snippet:-1, max-image-preview:large, max-video-preview:-1\" \/>\n<link rel=\"canonical\" href=\"https:\/\/www.erresse-shop.it\/fr\/shop\/poeles-pots\/wok\/cookut-wok-28-cm-vert\/\" \/>\n<meta property=\"og:locale\" content=\"fr_FR\" \/>\n<meta property=\"og:type\" content=\"article\" \/>\n<meta property=\"og:title\" content=\"COOKUT Wok 28 cm Vert\" \/>\n<meta property=\"og:description\" content=\"Le Wok Cookut, avec son rev\u00eatement min\u00e9ral antiadh\u00e9sif sans PTFE\/PFOA, est id\u00e9al pour pr\u00e9parer des plats authentiques et savoureux. Antiadh\u00e9sif, l\u00e9ger et\" \/>\n<meta property=\"og:url\" content=\"https:\/\/www.erresse-shop.it\/fr\/shop\/poeles-pots\/wok\/cookut-wok-28-cm-vert\/\" \/>\n<meta property=\"og:site_name\" content=\"Erresse Shop\" \/>\n<meta property=\"article:modified_time\" content=\"2026-02-09T10:38:05+00:00\" \/>\n<meta property=\"og:image\" content=\"https:\/\/www.erresse-shop.it\/wp-content\/uploads\/2025\/06\/COOKUT-Wok-28-cm-Verde.jpg\" \/>\n\t<meta property=\"og:image:width\" content=\"1200\" \/>\n\t<meta property=\"og:image:height\" content=\"1200\" \/>\n\t<meta property=\"og:image:type\" content=\"image\/jpeg\" \/>\n<meta name=\"twitter:card\" content=\"summary_large_image\" \/>\n<script type=\"application\/ld+json\" class=\"yoast-schema-graph\">{\"@context\":\"https:\/\/schema.org\",\"@graph\":[{\"@type\":\"WebPage\",\"@id\":\"https:\/\/www.erresse-shop.it\/fr\/shop\/poeles-pots\/wok\/cookut-wok-28-cm-vert\/\",\"url\":\"https:\/\/www.erresse-shop.it\/fr\/shop\/poeles-pots\/wok\/cookut-wok-28-cm-vert\/\",\"name\":\"COOKUT Wok 28 cm Vert - Erresse Shop\",\"isPartOf\":{\"@id\":\"https:\/\/www.erresse-shop.it\/fr\/#website\"},\"datePublished\":\"2025-06-19T09:27:51+00:00\",\"dateModified\":\"2026-02-09T10:38:05+00:00\",\"description\":\"Le Wok Cookut, avec son rev\u00eatement min\u00e9ral antiadh\u00e9sif sans PTFE\/PFOA, est id\u00e9al pour pr\u00e9parer des plats authentiques et savoureux. Antiadh\u00e9sif, l\u00e9ger et\",\"breadcrumb\":{\"@id\":\"https:\/\/www.erresse-shop.it\/fr\/shop\/poeles-pots\/wok\/cookut-wok-28-cm-vert\/#breadcrumb\"},\"inLanguage\":\"fr-FR\",\"potentialAction\":[{\"@type\":\"ReadAction\",\"target\":[\"https:\/\/www.erresse-shop.it\/fr\/shop\/poeles-pots\/wok\/cookut-wok-28-cm-vert\/\"]}]},{\"@type\":\"BreadcrumbList\",\"@id\":\"https:\/\/www.erresse-shop.it\/fr\/shop\/poeles-pots\/wok\/cookut-wok-28-cm-vert\/#breadcrumb\",\"itemListElement\":[{\"@type\":\"ListItem\",\"position\":1,\"name\":\"Home\",\"item\":\"https:\/\/www.erresse-shop.it\/fr\/\"},{\"@type\":\"ListItem\",\"position\":2,\"name\":\"Shop\",\"item\":\"https:\/\/www.erresse-shop.it\/fr\/shop\/\"},{\"@type\":\"ListItem\",\"position\":3,\"name\":\"COOKUT Wok 28 cm Vert\"}]},{\"@type\":\"WebSite\",\"@id\":\"https:\/\/www.erresse-shop.it\/fr\/#website\",\"url\":\"https:\/\/www.erresse-shop.it\/fr\/\",\"name\":\"Erresse Shop\",\"description\":\"Articoli di qualit\u00e0 per la casa\",\"potentialAction\":[{\"@type\":\"SearchAction\",\"target\":{\"@type\":\"EntryPoint\",\"urlTemplate\":\"https:\/\/www.erresse-shop.it\/fr\/?s={search_term_string}\"},\"query-input\":\"required name=search_term_string\"}],\"inLanguage\":\"fr-FR\"}]}<\/script>\n<!-- \/ Yoast SEO Premium plugin. -->","yoast_head_json":{"title":"COOKUT Wok 28 cm Vert - Erresse Shop","description":"Le Wok Cookut, avec son rev\u00eatement min\u00e9ral antiadh\u00e9sif sans PTFE\/PFOA, est id\u00e9al pour pr\u00e9parer des plats authentiques et savoureux. Antiadh\u00e9sif, l\u00e9ger et","robots":{"index":"index","follow":"follow","max-snippet":"max-snippet:-1","max-image-preview":"max-image-preview:large","max-video-preview":"max-video-preview:-1"},"canonical":"https:\/\/www.erresse-shop.it\/fr\/shop\/poeles-pots\/wok\/cookut-wok-28-cm-vert\/","og_locale":"fr_FR","og_type":"article","og_title":"COOKUT Wok 28 cm Vert","og_description":"Le Wok Cookut, avec son rev\u00eatement min\u00e9ral antiadh\u00e9sif sans PTFE\/PFOA, est id\u00e9al pour pr\u00e9parer des plats authentiques et savoureux. Antiadh\u00e9sif, l\u00e9ger et","og_url":"https:\/\/www.erresse-shop.it\/fr\/shop\/poeles-pots\/wok\/cookut-wok-28-cm-vert\/","og_site_name":"Erresse Shop","article_modified_time":"2026-02-09T10:38:05+00:00","og_image":[{"width":1200,"height":1200,"url":"https:\/\/www.erresse-shop.it\/wp-content\/uploads\/2025\/06\/COOKUT-Wok-28-cm-Verde.jpg","type":"image\/jpeg"}],"twitter_card":"summary_large_image","schema":{"@context":"https:\/\/schema.org","@graph":[{"@type":"WebPage","@id":"https:\/\/www.erresse-shop.it\/fr\/shop\/poeles-pots\/wok\/cookut-wok-28-cm-vert\/","url":"https:\/\/www.erresse-shop.it\/fr\/shop\/poeles-pots\/wok\/cookut-wok-28-cm-vert\/","name":"COOKUT Wok 28 cm Vert - Erresse Shop","isPartOf":{"@id":"https:\/\/www.erresse-shop.it\/fr\/#website"},"datePublished":"2025-06-19T09:27:51+00:00","dateModified":"2026-02-09T10:38:05+00:00","description":"Le Wok Cookut, avec son rev\u00eatement min\u00e9ral antiadh\u00e9sif sans PTFE\/PFOA, est id\u00e9al pour pr\u00e9parer des plats authentiques et savoureux. Antiadh\u00e9sif, l\u00e9ger et","breadcrumb":{"@id":"https:\/\/www.erresse-shop.it\/fr\/shop\/poeles-pots\/wok\/cookut-wok-28-cm-vert\/#breadcrumb"},"inLanguage":"fr-FR","potentialAction":[{"@type":"ReadAction","target":["https:\/\/www.erresse-shop.it\/fr\/shop\/poeles-pots\/wok\/cookut-wok-28-cm-vert\/"]}]},{"@type":"BreadcrumbList","@id":"https:\/\/www.erresse-shop.it\/fr\/shop\/poeles-pots\/wok\/cookut-wok-28-cm-vert\/#breadcrumb","itemListElement":[{"@type":"ListItem","position":1,"name":"Home","item":"https:\/\/www.erresse-shop.it\/fr\/"},{"@type":"ListItem","position":2,"name":"Shop","item":"https:\/\/www.erresse-shop.it\/fr\/shop\/"},{"@type":"ListItem","position":3,"name":"COOKUT Wok 28 cm Vert"}]},{"@type":"WebSite","@id":"https:\/\/www.erresse-shop.it\/fr\/#website","url":"https:\/\/www.erresse-shop.it\/fr\/","name":"Erresse Shop","description":"Articoli di qualit\u00e0 per la casa","potentialAction":[{"@type":"SearchAction","target":{"@type":"EntryPoint","urlTemplate":"https:\/\/www.erresse-shop.it\/fr\/?s={search_term_string}"},"query-input":"required name=search_term_string"}],"inLanguage":"fr-FR"}]}},"df_price":37.95,"df_sale_price":37.95,"df_regular_price":69,"df_image_link":"https:\/\/www.erresse-shop.it\/wp-content\/uploads\/2025\/06\/COOKUT-Wok-28-cm-Verde-300x300.jpg","_links":{"self":[{"href":"https:\/\/www.erresse-shop.it\/fr\/wp-json\/wp\/v2\/product\/503805"}],"collection":[{"href":"https:\/\/www.erresse-shop.it\/fr\/wp-json\/wp\/v2\/product"}],"about":[{"href":"https:\/\/www.erresse-shop.it\/fr\/wp-json\/wp\/v2\/types\/product"}],"wp:featuredmedia":[{"embeddable":true,"href":"https:\/\/www.erresse-shop.it\/fr\/wp-json\/wp\/v2\/media\/503817"}],"wp:attachment":[{"href":"https:\/\/www.erresse-shop.it\/fr\/wp-json\/wp\/v2\/media?parent=503805"}],"wp:term":[{"taxonomy":"product_cat","embeddable":true,"href":"https:\/\/www.erresse-shop.it\/fr\/wp-json\/wp\/v2\/product_cat?post=503805"},{"taxonomy":"product_tag","embeddable":true,"href":"https:\/\/www.erresse-shop.it\/fr\/wp-json\/wp\/v2\/product_tag?post=503805"}],"curies":[{"name":"wp","href":"https:\/\/api.w.org\/{rel}","templated":true}]}}