{"id":503469,"date":"2025-06-17T13:47:51","date_gmt":"2025-06-17T13:47:55","guid":{"rendered":"https:\/\/www.erresse-shop.it\/?post_type=product&#038;p=503469"},"modified":"2025-06-17T14:00:39","modified_gmt":"2025-06-17T14:00:39","slug":"barazzoni-sapore-italiano-ensemble-de-9-pieces","status":"publish","type":"product","link":"https:\/\/www.erresse-shop.it\/fr\/shop\/poeles-pots\/batteries-de-cuisine\/barazzoni-sapore-italiano-ensemble-de-9-pieces\/","title":{"rendered":"BARAZZONI Sapore Italiano Ensemble de 9 pi\u00e8ces"},"content":{"rendered":"<p>Une batterie aux formes arrondies, \u00e9l\u00e9gantes et sinueuses. Compatible tous feux, y compris induction. Le poli miroir \u00e0 l&#8217;ext\u00e9rieur et la finition satin\u00e9e r\u00e9sistante aux rayures \u00e0 l&#8217;int\u00e9rieur facilitent le nettoyage. Les poign\u00e9es sont en acier haute \u00e9paisseur.<\/p>\n<p>L&#8217;ensemble comprend\u00a0:<\/p>\n<ul>\n<li>1 casserole \u00f8\u00a022\u00a0cm<\/li>\n<li>1 casserole \u00f8\u00a018\u00a0cm<\/li>\n<li>1 casserole \u00f8\u00a022\u00a0cm<\/li>\n<li>1 casserole \u00e0 long manche \u00f8\u00a014\u00a0cm<\/li>\n<li>1 po\u00eale \u00f8\u00a024\u00a0cm<\/li>\n<li>1 couvercle \u00f8\u00a014\/18\/22\/24\u00a0cm<\/li>\n<\/ul>\n<div class=\"uk-accordion-title\" aria-expanded=\"false\"><strong>Sources de chaleur, temp\u00e9rature et conservation\u00a0:<\/strong><\/div>\n<ul>\n<li aria-expanded=\"false\"><strong>Induction\u00a0:<\/strong> Oui<\/li>\n<li aria-expanded=\"false\"><strong>Gaz\u00a0:<\/strong> Oui<\/li>\n<li aria-expanded=\"false\"><strong>Halog\u00e8ne\u00a0:<\/strong> Oui<\/li>\n<li aria-expanded=\"false\"><strong>C\u00e9ramique\u00a0:<\/strong> Oui<\/li>\n<li aria-expanded=\"false\"><strong>\u00c9lectrique\u00a0:<\/strong> Oui<\/li>\n<li aria-expanded=\"false\"><strong>Four\u00a0:<\/strong> Oui<\/li>\n<li aria-expanded=\"false\"><strong>Micro-ondes\u00a0:<\/strong> Non<\/li>\n<\/ul>\n<p><strong>Lave-vaisselle.<\/strong><\/p>\n","protected":false},"excerpt":{"rendered":"<p>Une batterie aux formes arrondies, \u00e9l\u00e9gantes et sinueuses. Compatible tous feux, y compris induction. Le poli miroir \u00e0 l&#8217;ext\u00e9rieur et<\/p>\n","protected":false},"featured_media":503487,"template":"","meta":{"_acf_changed":false,"inline_featured_image":false},"product_cat":[12458,14780],"product_tag":[13307,21529,25021,12856,12469],"acf":[],"yoast_head":"<!-- This site is optimized with the Yoast SEO Premium plugin v18.6 (Yoast SEO v19.13) - https:\/\/yoast.com\/wordpress\/plugins\/seo\/ -->\n<title>BARAZZONI Sapore Italiano Ensemble de 9 pi\u00e8ces - Erresse Shop<\/title>\n<meta name=\"description\" content=\"Une batterie aux formes arrondies, \u00e9l\u00e9gantes et sinueuses. Compatible tous feux, y compris induction. Le poli miroir \u00e0 l&#039;ext\u00e9rieur et la finition satin\u00e9e\" \/>\n<meta name=\"robots\" content=\"index, follow, max-snippet:-1, max-image-preview:large, max-video-preview:-1\" \/>\n<link rel=\"canonical\" href=\"https:\/\/www.erresse-shop.it\/fr\/shop\/poeles-pots\/batteries-de-cuisine\/barazzoni-sapore-italiano-ensemble-de-9-pieces\/\" \/>\n<meta property=\"og:locale\" content=\"fr_FR\" \/>\n<meta property=\"og:type\" content=\"article\" \/>\n<meta property=\"og:title\" content=\"BARAZZONI Sapore Italiano Ensemble de 9 pi\u00e8ces\" \/>\n<meta property=\"og:description\" content=\"Une batterie aux formes arrondies, \u00e9l\u00e9gantes et sinueuses. Compatible tous feux, y compris induction. Le poli miroir \u00e0 l&#039;ext\u00e9rieur et la finition satin\u00e9e\" \/>\n<meta property=\"og:url\" content=\"https:\/\/www.erresse-shop.it\/fr\/shop\/poeles-pots\/batteries-de-cuisine\/barazzoni-sapore-italiano-ensemble-de-9-pieces\/\" \/>\n<meta property=\"og:site_name\" content=\"Erresse Shop\" \/>\n<meta property=\"article:modified_time\" content=\"2025-06-17T14:00:39+00:00\" \/>\n<meta property=\"og:image\" content=\"https:\/\/www.erresse-shop.it\/wp-content\/uploads\/2025\/06\/BARAZZONI-Sapore-Italiano-Set-9-Pezzi.jpg\" \/>\n\t<meta property=\"og:image:width\" content=\"1200\" \/>\n\t<meta property=\"og:image:height\" content=\"1200\" \/>\n\t<meta property=\"og:image:type\" content=\"image\/jpeg\" \/>\n<meta name=\"twitter:card\" content=\"summary_large_image\" \/>\n<script type=\"application\/ld+json\" class=\"yoast-schema-graph\">{\"@context\":\"https:\/\/schema.org\",\"@graph\":[{\"@type\":\"WebPage\",\"@id\":\"https:\/\/www.erresse-shop.it\/fr\/shop\/poeles-pots\/batteries-de-cuisine\/barazzoni-sapore-italiano-ensemble-de-9-pieces\/\",\"url\":\"https:\/\/www.erresse-shop.it\/fr\/shop\/poeles-pots\/batteries-de-cuisine\/barazzoni-sapore-italiano-ensemble-de-9-pieces\/\",\"name\":\"BARAZZONI Sapore Italiano Ensemble de 9 pi\u00e8ces - Erresse Shop\",\"isPartOf\":{\"@id\":\"https:\/\/www.erresse-shop.it\/fr\/#website\"},\"datePublished\":\"2025-06-17T13:47:55+00:00\",\"dateModified\":\"2025-06-17T14:00:39+00:00\",\"description\":\"Une batterie aux formes arrondies, \u00e9l\u00e9gantes et sinueuses. Compatible tous feux, y compris induction. Le poli miroir \u00e0 l'ext\u00e9rieur et la finition satin\u00e9e\",\"breadcrumb\":{\"@id\":\"https:\/\/www.erresse-shop.it\/fr\/shop\/poeles-pots\/batteries-de-cuisine\/barazzoni-sapore-italiano-ensemble-de-9-pieces\/#breadcrumb\"},\"inLanguage\":\"fr-FR\",\"potentialAction\":[{\"@type\":\"ReadAction\",\"target\":[\"https:\/\/www.erresse-shop.it\/fr\/shop\/poeles-pots\/batteries-de-cuisine\/barazzoni-sapore-italiano-ensemble-de-9-pieces\/\"]}]},{\"@type\":\"BreadcrumbList\",\"@id\":\"https:\/\/www.erresse-shop.it\/fr\/shop\/poeles-pots\/batteries-de-cuisine\/barazzoni-sapore-italiano-ensemble-de-9-pieces\/#breadcrumb\",\"itemListElement\":[{\"@type\":\"ListItem\",\"position\":1,\"name\":\"Home\",\"item\":\"https:\/\/www.erresse-shop.it\/fr\/\"},{\"@type\":\"ListItem\",\"position\":2,\"name\":\"Shop\",\"item\":\"https:\/\/www.erresse-shop.it\/fr\/shop\/\"},{\"@type\":\"ListItem\",\"position\":3,\"name\":\"BARAZZONI Sapore Italiano Ensemble de 9 pi\u00e8ces\"}]},{\"@type\":\"WebSite\",\"@id\":\"https:\/\/www.erresse-shop.it\/fr\/#website\",\"url\":\"https:\/\/www.erresse-shop.it\/fr\/\",\"name\":\"Erresse Shop\",\"description\":\"Articoli di qualit\u00e0 per la casa\",\"potentialAction\":[{\"@type\":\"SearchAction\",\"target\":{\"@type\":\"EntryPoint\",\"urlTemplate\":\"https:\/\/www.erresse-shop.it\/fr\/?s={search_term_string}\"},\"query-input\":\"required name=search_term_string\"}],\"inLanguage\":\"fr-FR\"}]}<\/script>\n<!-- \/ Yoast SEO Premium plugin. -->","yoast_head_json":{"title":"BARAZZONI Sapore Italiano Ensemble de 9 pi\u00e8ces - Erresse Shop","description":"Une batterie aux formes arrondies, \u00e9l\u00e9gantes et sinueuses. Compatible tous feux, y compris induction. Le poli miroir \u00e0 l'ext\u00e9rieur et la finition satin\u00e9e","robots":{"index":"index","follow":"follow","max-snippet":"max-snippet:-1","max-image-preview":"max-image-preview:large","max-video-preview":"max-video-preview:-1"},"canonical":"https:\/\/www.erresse-shop.it\/fr\/shop\/poeles-pots\/batteries-de-cuisine\/barazzoni-sapore-italiano-ensemble-de-9-pieces\/","og_locale":"fr_FR","og_type":"article","og_title":"BARAZZONI Sapore Italiano Ensemble de 9 pi\u00e8ces","og_description":"Une batterie aux formes arrondies, \u00e9l\u00e9gantes et sinueuses. Compatible tous feux, y compris induction. Le poli miroir \u00e0 l'ext\u00e9rieur et la finition satin\u00e9e","og_url":"https:\/\/www.erresse-shop.it\/fr\/shop\/poeles-pots\/batteries-de-cuisine\/barazzoni-sapore-italiano-ensemble-de-9-pieces\/","og_site_name":"Erresse Shop","article_modified_time":"2025-06-17T14:00:39+00:00","og_image":[{"width":1200,"height":1200,"url":"https:\/\/www.erresse-shop.it\/wp-content\/uploads\/2025\/06\/BARAZZONI-Sapore-Italiano-Set-9-Pezzi.jpg","type":"image\/jpeg"}],"twitter_card":"summary_large_image","schema":{"@context":"https:\/\/schema.org","@graph":[{"@type":"WebPage","@id":"https:\/\/www.erresse-shop.it\/fr\/shop\/poeles-pots\/batteries-de-cuisine\/barazzoni-sapore-italiano-ensemble-de-9-pieces\/","url":"https:\/\/www.erresse-shop.it\/fr\/shop\/poeles-pots\/batteries-de-cuisine\/barazzoni-sapore-italiano-ensemble-de-9-pieces\/","name":"BARAZZONI Sapore Italiano Ensemble de 9 pi\u00e8ces - Erresse Shop","isPartOf":{"@id":"https:\/\/www.erresse-shop.it\/fr\/#website"},"datePublished":"2025-06-17T13:47:55+00:00","dateModified":"2025-06-17T14:00:39+00:00","description":"Une batterie aux formes arrondies, \u00e9l\u00e9gantes et sinueuses. Compatible tous feux, y compris induction. Le poli miroir \u00e0 l'ext\u00e9rieur et la finition satin\u00e9e","breadcrumb":{"@id":"https:\/\/www.erresse-shop.it\/fr\/shop\/poeles-pots\/batteries-de-cuisine\/barazzoni-sapore-italiano-ensemble-de-9-pieces\/#breadcrumb"},"inLanguage":"fr-FR","potentialAction":[{"@type":"ReadAction","target":["https:\/\/www.erresse-shop.it\/fr\/shop\/poeles-pots\/batteries-de-cuisine\/barazzoni-sapore-italiano-ensemble-de-9-pieces\/"]}]},{"@type":"BreadcrumbList","@id":"https:\/\/www.erresse-shop.it\/fr\/shop\/poeles-pots\/batteries-de-cuisine\/barazzoni-sapore-italiano-ensemble-de-9-pieces\/#breadcrumb","itemListElement":[{"@type":"ListItem","position":1,"name":"Home","item":"https:\/\/www.erresse-shop.it\/fr\/"},{"@type":"ListItem","position":2,"name":"Shop","item":"https:\/\/www.erresse-shop.it\/fr\/shop\/"},{"@type":"ListItem","position":3,"name":"BARAZZONI Sapore Italiano Ensemble de 9 pi\u00e8ces"}]},{"@type":"WebSite","@id":"https:\/\/www.erresse-shop.it\/fr\/#website","url":"https:\/\/www.erresse-shop.it\/fr\/","name":"Erresse Shop","description":"Articoli di qualit\u00e0 per la casa","potentialAction":[{"@type":"SearchAction","target":{"@type":"EntryPoint","urlTemplate":"https:\/\/www.erresse-shop.it\/fr\/?s={search_term_string}"},"query-input":"required name=search_term_string"}],"inLanguage":"fr-FR"}]}},"df_price":199,"df_sale_price":199,"df_regular_price":663.33,"df_image_link":"https:\/\/www.erresse-shop.it\/wp-content\/uploads\/2025\/06\/BARAZZONI-Sapore-Italiano-Set-9-Pezzi-300x300.jpg","_links":{"self":[{"href":"https:\/\/www.erresse-shop.it\/fr\/wp-json\/wp\/v2\/product\/503469"}],"collection":[{"href":"https:\/\/www.erresse-shop.it\/fr\/wp-json\/wp\/v2\/product"}],"about":[{"href":"https:\/\/www.erresse-shop.it\/fr\/wp-json\/wp\/v2\/types\/product"}],"wp:featuredmedia":[{"embeddable":true,"href":"https:\/\/www.erresse-shop.it\/fr\/wp-json\/wp\/v2\/media\/503487"}],"wp:attachment":[{"href":"https:\/\/www.erresse-shop.it\/fr\/wp-json\/wp\/v2\/media?parent=503469"}],"wp:term":[{"taxonomy":"product_cat","embeddable":true,"href":"https:\/\/www.erresse-shop.it\/fr\/wp-json\/wp\/v2\/product_cat?post=503469"},{"taxonomy":"product_tag","embeddable":true,"href":"https:\/\/www.erresse-shop.it\/fr\/wp-json\/wp\/v2\/product_tag?post=503469"}],"curies":[{"name":"wp","href":"https:\/\/api.w.org\/{rel}","templated":true}]}}