{"id":501571,"date":"2025-05-30T08:43:53","date_gmt":"2025-05-30T08:43:56","guid":{"rendered":"https:\/\/www.erresse-shop.it\/?post_type=product&#038;p=501571"},"modified":"2025-07-27T17:23:44","modified_gmt":"2025-07-27T17:23:44","slug":"olimpia-splendid-dolceclima-compact-10-sb-wifi-climatiseur-portable","status":"publish","type":"product","link":"https:\/\/www.erresse-shop.it\/fr\/shop\/petits-electromenagers\/ventilateurs\/olimpia-splendid-dolceclima-compact-10-sb-wifi-climatiseur-portable\/","title":{"rendered":"OLIMPIA SPLENDID Dolceclima Compact 10 SB WiFi Climatiseur portable"},"content":{"rendered":"<p><strong>Dolceclima Compact 10 SB WIFI<\/strong> est un climatiseur portable offrant une <strong>puissance de 10\u00a0000 BTU\/h*<\/strong> dans un design ultra-compact, id\u00e9al pour ceux qui recherchent des performances \u00e9lev\u00e9es sans compromettre l&#8217;espace.<\/p>\n<p>Gr\u00e2ce au <strong>Wi-Fi int\u00e9gr\u00e9<\/strong>, il est \u00e9galement possible de g\u00e9rer toutes ses fonctions m\u00eame en d\u00e9placement, via son smartphone.<\/p>\n<h3><span style=\"font-size: 14pt;\"><strong>TECHNOLOGIE COMPACTE<\/strong><\/span><\/h3>\n<p>Conception mince avec largeur et profondeur r\u00e9duites, par rapport \u00e0 la gamme pr\u00e9c\u00e9dente Dolceclima Compact M, pour optimiser l&#8217;encombrement.<\/p>\n<h3><span style=\"font-size: 14pt;\"><strong>COMMANDES NUM\u00c9RIQUES<\/strong><\/span><\/h3>\n<p>Panneau de derni\u00e8re g\u00e9n\u00e9ration, pour un contr\u00f4le pr\u00e9cis de toutes les fonctions.<\/p>\n<h3><span style=\"font-size: 14pt;\">SUIVEZ-MOI<\/span><\/h3>\n<p>La t\u00e9l\u00e9commande agit comme un thermostat \u00e0 distance, pour assurer un contr\u00f4le ad\u00e9quat de la temp\u00e9rature l\u00e0 o\u00f9 se trouvent les occupants de la pi\u00e8ce.<\/p>\n<h3><span style=\"font-size: 14pt;\">ROUES TOURNANTES<\/span><\/h3>\n<p>Il peut \u00eatre facilement transport\u00e9 et d\u00e9plac\u00e9 dans n&#8217;importe quelle direction, gr\u00e2ce \u00e0 la rotation \u00e0 360 degr\u00e9s.<\/p>\n<h3><span style=\"font-size: 14pt;\">FONCTIONS<\/span><\/h3>\n<ul>\n<li><strong>Refroidissement, d\u00e9shumidification et ventilation (2 vitesses + mode automatique) Minuterie 24h<\/strong><\/li>\n<li><strong>Fonction Auto\u00a0:<\/strong> optimise la consommation d&#8217;\u00e9nergie en r\u00e9gulant le refroidissement en fonction de la temp\u00e9rature ambiante.<\/li>\n<li><strong>Mode Auto\u00a0:<\/strong> pour r\u00e9gler la vitesse du ventilateur en mode automatique.<\/li>\n<li><strong>Fonction sommeil\u00a0:<\/strong> augmente progressivement la temp\u00e9rature r\u00e9gl\u00e9e pour un meilleur confort thermique.<\/li>\n<li><strong>Fonction Follow Me\u00a0:<\/strong> d\u00e9tection pr\u00e9cise de la temp\u00e9rature \u00e0 l&#8217;endroit o\u00f9 se trouve la t\u00e9l\u00e9commande.<\/li>\n<li><strong>Fonction de red\u00e9marrage automatique\u00a0:<\/strong> apr\u00e8s une panne de courant, il red\u00e9marre avec la derni\u00e8re fonction d\u00e9finie.<\/li>\n<li><strong>Fonction de raccourci\u00a0:<\/strong> pour revenir automatiquement aux param\u00e8tres pr\u00e9c\u00e9dents.<\/li>\n<\/ul>\n<h3><span style=\"font-size: 14pt;\">CARACT\u00c9RISTIQUES<\/span><\/h3>\n<ul>\n<li>Puissance frigorifique : 2,6 kW**<\/li>\n<li>Classe \u00e9nerg\u00e9tique A (dans une fourchette comprise entre A+++ et D)<\/li>\n<li>Puissance sonore : 64 dB(A)<\/li>\n<li>Indice d&#8217;efficacit\u00e9 \u00e9nerg\u00e9tique nominal\u00a0: EER 2,6**<\/li>\n<li>Gaz r\u00e9frig\u00e9rant\u00a0: R290<\/li>\n<li>Pas de r\u00e9servoir : \u00e9vacuation automatique des condensats<\/li>\n<li>4 filtres \u00e9lectrostatiques amovibles avec fonction anti-poussi\u00e8re<\/li>\n<li>T\u00e9l\u00e9commande multifonctionnelle et \u00e9cran LCD<\/li>\n<li>Poign\u00e9es lat\u00e9rales et roues pratiques<\/li>\n<li>Kit de fen\u00eatre et tuyau d&#8217;\u00e9vacuation d&#8217;air flexible inclus<\/li>\n<\/ul>\n<p>&nbsp;<\/p>\n","protected":false},"excerpt":{"rendered":"<p>Dolceclima Compact 10 SB WIFI est un climatiseur portable offrant une puissance de 10\u00a0000 BTU\/h* dans un design ultra-compact, id\u00e9al<\/p>\n","protected":false},"featured_media":501585,"template":"","meta":{"_acf_changed":false,"inline_featured_image":false},"product_cat":[12449,25275],"product_tag":[12948],"acf":[],"yoast_head":"<!-- This site is optimized with the Yoast SEO Premium plugin v18.6 (Yoast SEO v19.13) - https:\/\/yoast.com\/wordpress\/plugins\/seo\/ -->\n<title>ILLY Machine \u00e0 Caf\u00e9 \u00e0 Dosettes E.S.E. Blanc<\/title>\n<meta name=\"description\" content=\"D\u00e9couvrez ILLY Machine \u00e0 Caf\u00e9 \u00e0 Dosettes E.S.E. Blanc sur ErresseShop. Qualit\u00e9, prix r\u00e9duits et achat s\u00e9curis\u00e9 \u2013 commandez d\u00e8s maintenant en ligne !\" \/>\n<meta name=\"robots\" content=\"index, follow, max-snippet:-1, max-image-preview:large, max-video-preview:-1\" \/>\n<link rel=\"canonical\" href=\"https:\/\/www.erresse-shop.it\/fr\/shop\/petits-electromenagers\/ventilateurs\/olimpia-splendid-dolceclima-compact-10-sb-wifi-climatiseur-portable\/\" \/>\n<meta property=\"og:locale\" content=\"fr_FR\" \/>\n<meta property=\"og:type\" content=\"article\" \/>\n<meta property=\"og:title\" content=\"OLIMPIA SPLENDID Dolceclima Compact 10 SB WiFi Climatiseur portable\" \/>\n<meta property=\"og:description\" content=\"D\u00e9couvrez ILLY Machine \u00e0 Caf\u00e9 \u00e0 Dosettes E.S.E. Blanc sur ErresseShop. Qualit\u00e9, prix r\u00e9duits et achat s\u00e9curis\u00e9 \u2013 commandez d\u00e8s maintenant en ligne !\" \/>\n<meta property=\"og:url\" content=\"https:\/\/www.erresse-shop.it\/fr\/shop\/petits-electromenagers\/ventilateurs\/olimpia-splendid-dolceclima-compact-10-sb-wifi-climatiseur-portable\/\" \/>\n<meta property=\"og:site_name\" content=\"Erresse Shop\" \/>\n<meta property=\"article:modified_time\" content=\"2025-07-27T17:23:44+00:00\" \/>\n<meta property=\"og:image\" content=\"https:\/\/www.erresse-shop.it\/wp-content\/uploads\/2025\/05\/OLIMPIA-SPLENDID-Dolceclima-Compact-10-SB-WiFi.jpg\" \/>\n\t<meta property=\"og:image:width\" content=\"1200\" \/>\n\t<meta property=\"og:image:height\" content=\"1200\" \/>\n\t<meta property=\"og:image:type\" content=\"image\/jpeg\" \/>\n<meta name=\"twitter:card\" content=\"summary_large_image\" \/>\n<script type=\"application\/ld+json\" class=\"yoast-schema-graph\">{\"@context\":\"https:\/\/schema.org\",\"@graph\":[{\"@type\":\"WebPage\",\"@id\":\"https:\/\/www.erresse-shop.it\/fr\/shop\/petits-electromenagers\/ventilateurs\/olimpia-splendid-dolceclima-compact-10-sb-wifi-climatiseur-portable\/\",\"url\":\"https:\/\/www.erresse-shop.it\/fr\/shop\/petits-electromenagers\/ventilateurs\/olimpia-splendid-dolceclima-compact-10-sb-wifi-climatiseur-portable\/\",\"name\":\"ILLY Machine \u00e0 Caf\u00e9 \u00e0 Dosettes E.S.E. Blanc\",\"isPartOf\":{\"@id\":\"https:\/\/www.erresse-shop.it\/fr\/#website\"},\"datePublished\":\"2025-05-30T08:43:56+00:00\",\"dateModified\":\"2025-07-27T17:23:44+00:00\",\"description\":\"D\u00e9couvrez ILLY Machine \u00e0 Caf\u00e9 \u00e0 Dosettes E.S.E. Blanc sur ErresseShop. Qualit\u00e9, prix r\u00e9duits et achat s\u00e9curis\u00e9 \u2013 commandez d\u00e8s maintenant en ligne !\",\"breadcrumb\":{\"@id\":\"https:\/\/www.erresse-shop.it\/fr\/shop\/petits-electromenagers\/ventilateurs\/olimpia-splendid-dolceclima-compact-10-sb-wifi-climatiseur-portable\/#breadcrumb\"},\"inLanguage\":\"fr-FR\",\"potentialAction\":[{\"@type\":\"ReadAction\",\"target\":[\"https:\/\/www.erresse-shop.it\/fr\/shop\/petits-electromenagers\/ventilateurs\/olimpia-splendid-dolceclima-compact-10-sb-wifi-climatiseur-portable\/\"]}]},{\"@type\":\"BreadcrumbList\",\"@id\":\"https:\/\/www.erresse-shop.it\/fr\/shop\/petits-electromenagers\/ventilateurs\/olimpia-splendid-dolceclima-compact-10-sb-wifi-climatiseur-portable\/#breadcrumb\",\"itemListElement\":[{\"@type\":\"ListItem\",\"position\":1,\"name\":\"Home\",\"item\":\"https:\/\/www.erresse-shop.it\/fr\/\"},{\"@type\":\"ListItem\",\"position\":2,\"name\":\"Shop\",\"item\":\"https:\/\/www.erresse-shop.it\/fr\/shop\/\"},{\"@type\":\"ListItem\",\"position\":3,\"name\":\"OLIMPIA SPLENDID Dolceclima Compact 10 SB WiFi Climatiseur portable\"}]},{\"@type\":\"WebSite\",\"@id\":\"https:\/\/www.erresse-shop.it\/fr\/#website\",\"url\":\"https:\/\/www.erresse-shop.it\/fr\/\",\"name\":\"Erresse Shop\",\"description\":\"Articoli di qualit\u00e0 per la casa\",\"potentialAction\":[{\"@type\":\"SearchAction\",\"target\":{\"@type\":\"EntryPoint\",\"urlTemplate\":\"https:\/\/www.erresse-shop.it\/fr\/?s={search_term_string}\"},\"query-input\":\"required name=search_term_string\"}],\"inLanguage\":\"fr-FR\"}]}<\/script>\n<!-- \/ Yoast SEO Premium plugin. -->","yoast_head_json":{"title":"ILLY Machine \u00e0 Caf\u00e9 \u00e0 Dosettes E.S.E. Blanc","description":"D\u00e9couvrez ILLY Machine \u00e0 Caf\u00e9 \u00e0 Dosettes E.S.E. Blanc sur ErresseShop. Qualit\u00e9, prix r\u00e9duits et achat s\u00e9curis\u00e9 \u2013 commandez d\u00e8s maintenant en ligne !","robots":{"index":"index","follow":"follow","max-snippet":"max-snippet:-1","max-image-preview":"max-image-preview:large","max-video-preview":"max-video-preview:-1"},"canonical":"https:\/\/www.erresse-shop.it\/fr\/shop\/petits-electromenagers\/ventilateurs\/olimpia-splendid-dolceclima-compact-10-sb-wifi-climatiseur-portable\/","og_locale":"fr_FR","og_type":"article","og_title":"OLIMPIA SPLENDID Dolceclima Compact 10 SB WiFi Climatiseur portable","og_description":"D\u00e9couvrez ILLY Machine \u00e0 Caf\u00e9 \u00e0 Dosettes E.S.E. Blanc sur ErresseShop. Qualit\u00e9, prix r\u00e9duits et achat s\u00e9curis\u00e9 \u2013 commandez d\u00e8s maintenant en ligne !","og_url":"https:\/\/www.erresse-shop.it\/fr\/shop\/petits-electromenagers\/ventilateurs\/olimpia-splendid-dolceclima-compact-10-sb-wifi-climatiseur-portable\/","og_site_name":"Erresse Shop","article_modified_time":"2025-07-27T17:23:44+00:00","og_image":[{"width":1200,"height":1200,"url":"https:\/\/www.erresse-shop.it\/wp-content\/uploads\/2025\/05\/OLIMPIA-SPLENDID-Dolceclima-Compact-10-SB-WiFi.jpg","type":"image\/jpeg"}],"twitter_card":"summary_large_image","schema":{"@context":"https:\/\/schema.org","@graph":[{"@type":"WebPage","@id":"https:\/\/www.erresse-shop.it\/fr\/shop\/petits-electromenagers\/ventilateurs\/olimpia-splendid-dolceclima-compact-10-sb-wifi-climatiseur-portable\/","url":"https:\/\/www.erresse-shop.it\/fr\/shop\/petits-electromenagers\/ventilateurs\/olimpia-splendid-dolceclima-compact-10-sb-wifi-climatiseur-portable\/","name":"ILLY Machine \u00e0 Caf\u00e9 \u00e0 Dosettes E.S.E. Blanc","isPartOf":{"@id":"https:\/\/www.erresse-shop.it\/fr\/#website"},"datePublished":"2025-05-30T08:43:56+00:00","dateModified":"2025-07-27T17:23:44+00:00","description":"D\u00e9couvrez ILLY Machine \u00e0 Caf\u00e9 \u00e0 Dosettes E.S.E. Blanc sur ErresseShop. Qualit\u00e9, prix r\u00e9duits et achat s\u00e9curis\u00e9 \u2013 commandez d\u00e8s maintenant en ligne !","breadcrumb":{"@id":"https:\/\/www.erresse-shop.it\/fr\/shop\/petits-electromenagers\/ventilateurs\/olimpia-splendid-dolceclima-compact-10-sb-wifi-climatiseur-portable\/#breadcrumb"},"inLanguage":"fr-FR","potentialAction":[{"@type":"ReadAction","target":["https:\/\/www.erresse-shop.it\/fr\/shop\/petits-electromenagers\/ventilateurs\/olimpia-splendid-dolceclima-compact-10-sb-wifi-climatiseur-portable\/"]}]},{"@type":"BreadcrumbList","@id":"https:\/\/www.erresse-shop.it\/fr\/shop\/petits-electromenagers\/ventilateurs\/olimpia-splendid-dolceclima-compact-10-sb-wifi-climatiseur-portable\/#breadcrumb","itemListElement":[{"@type":"ListItem","position":1,"name":"Home","item":"https:\/\/www.erresse-shop.it\/fr\/"},{"@type":"ListItem","position":2,"name":"Shop","item":"https:\/\/www.erresse-shop.it\/fr\/shop\/"},{"@type":"ListItem","position":3,"name":"OLIMPIA SPLENDID Dolceclima Compact 10 SB WiFi Climatiseur portable"}]},{"@type":"WebSite","@id":"https:\/\/www.erresse-shop.it\/fr\/#website","url":"https:\/\/www.erresse-shop.it\/fr\/","name":"Erresse Shop","description":"Articoli di qualit\u00e0 per la casa","potentialAction":[{"@type":"SearchAction","target":{"@type":"EntryPoint","urlTemplate":"https:\/\/www.erresse-shop.it\/fr\/?s={search_term_string}"},"query-input":"required name=search_term_string"}],"inLanguage":"fr-FR"}]}},"df_price":369,"df_sale_price":369,"df_regular_price":369,"df_image_link":"https:\/\/www.erresse-shop.it\/wp-content\/uploads\/2025\/05\/OLIMPIA-SPLENDID-Dolceclima-Compact-10-SB-WiFi-300x300.jpg","_links":{"self":[{"href":"https:\/\/www.erresse-shop.it\/fr\/wp-json\/wp\/v2\/product\/501571"}],"collection":[{"href":"https:\/\/www.erresse-shop.it\/fr\/wp-json\/wp\/v2\/product"}],"about":[{"href":"https:\/\/www.erresse-shop.it\/fr\/wp-json\/wp\/v2\/types\/product"}],"wp:featuredmedia":[{"embeddable":true,"href":"https:\/\/www.erresse-shop.it\/fr\/wp-json\/wp\/v2\/media\/501585"}],"wp:attachment":[{"href":"https:\/\/www.erresse-shop.it\/fr\/wp-json\/wp\/v2\/media?parent=501571"}],"wp:term":[{"taxonomy":"product_cat","embeddable":true,"href":"https:\/\/www.erresse-shop.it\/fr\/wp-json\/wp\/v2\/product_cat?post=501571"},{"taxonomy":"product_tag","embeddable":true,"href":"https:\/\/www.erresse-shop.it\/fr\/wp-json\/wp\/v2\/product_tag?post=501571"}],"curies":[{"name":"wp","href":"https:\/\/api.w.org\/{rel}","templated":true}]}}