{"id":501489,"date":"2025-05-30T07:31:09","date_gmt":"2025-05-30T07:31:12","guid":{"rendered":"https:\/\/www.erresse-shop.it\/?post_type=product&#038;p=501489"},"modified":"2025-05-30T07:38:27","modified_gmt":"2025-05-30T07:38:27","slug":"borbone-didiesse-baby-frog-machine-a-cafe-a-dosettes-noir","status":"publish","type":"product","link":"https:\/\/www.erresse-shop.it\/fr\/shop\/petits-electromenagers\/machines-cafe\/a-dosettes-et-a-capsules\/borbone-didiesse-baby-frog-machine-a-cafe-a-dosettes-noir\/","title":{"rendered":"BORBONE Didiesse Baby Frog Machine \u00e0 caf\u00e9 \u00e0 dosettes Noir"},"content":{"rendered":"<p><strong>Petite forme, petite consommation, pour ceux qui veulent le go\u00fbt d&#8217;un grand expresso.<\/strong><\/p>\n<p>Baby Frog est la version la plus petite et la plus compacte de l&#8217;historique Frog Didiesse. C&#8217;est le choix parfait pour ceux qui aiment le design avec un charme \u00ab r\u00e9tro \u00bb, mais qui souhaitent optimiser l&#8217;espace et r\u00e9duire les d\u00e9chets.<\/p>\n<p>Le nouveau Baby Frog est en effet v\u00e9ritablement <strong>\u00e9cologique<\/strong> car il a une <strong>faible consommation d&#8217;\u00e9nergie<\/strong> et vous permet de d\u00e9guster un excellent caf\u00e9 tout en respectant pleinement l&#8217;environnement.<\/p>\n<p>Son syst\u00e8me de dosettes est le plus durable, gr\u00e2ce \u00e0 la biod\u00e9gradabilit\u00e9 du filtre en papier qui enveloppe le caf\u00e9 tout en gardant intact son ar\u00f4me incomparable.<\/p>\n<p><strong>Caract\u00e9ristiques\u00a0:<\/strong><br \/>\n&#8211; Garantie : 2 ans<br \/>\n&#8211; Deux hauteurs pour le porte-gobelet<br \/>\n&#8211; Mise en veille automatique en cas de non-utilisation<\/p>\n<p><strong>Encore plus petit, encore plus \u00e9co-durable.<\/strong><\/p>\n<p>De nombreuses couleurs pour s&#8217;adapter \u00e0 votre maison ou \u00e0 votre bureau, des formes compactes et une consommation r\u00e9duite : le nouveau <strong>Baby Frog<\/strong>\u00a0est compact, <strong>consomme un minimum, mais a \u00e9t\u00e9 cr\u00e9\u00e9 pour vous offrir le maximum.<\/strong><\/p>\n<ul>\n<li><strong>Syst\u00e8me de dosettes ESE<\/strong>\u00a0(Easy Serving Espresso)<\/li>\n<li><strong>\u00c9co-durable<\/strong> : syst\u00e8me de dosettes = durabilit\u00e9, gr\u00e2ce aux dosettes avec filtre en papier biod\u00e9gradable<\/li>\n<li><strong>Consommation r\u00e9duite et veille<\/strong> : Baby Frog ne consomme que 450 W ; la fonction veille int\u00e9gr\u00e9e limite le gaspillage et la consommation inutile.<\/li>\n<li><strong>Porte-dosettes amovible<\/strong>\u00a0: pour un nettoyage encore plus facile<\/li>\n<li><strong>Diffuseur brevet\u00e9<\/strong>\u00a0: pour un expresso chaud et cr\u00e9meux d\u00e8s la premi\u00e8re distribution<\/li>\n<li><strong>R\u00e9servoir\/porte-bouteille<\/strong> : le r\u00e9servoir de 1,5 L peut \u00e9galement \u00eatre utilis\u00e9 comme porte-bouteille de 0,5 L, pour garantir une hygi\u00e8ne et une praticit\u00e9 maximales<\/li>\n<li><strong>Commandes simples et intuitives\u00a0:<\/strong>\u00a0pour ceux qui veulent d\u00e9guster un excellent caf\u00e9, rapidement et facilement<\/li>\n<li><strong>Disponible dans de nombreuses couleurs vives<\/strong><\/li>\n<\/ul>\n<p><strong>Garantie\u00a0: 2 ans<\/strong><\/p>\n<p><strong>Remarque\u00a0: ins\u00e9rez uniquement de l\u2019eau naturelle, potable et plate dans le compartiment du r\u00e9servoir.<\/strong><\/p>\n<p><strong>Sp\u00e9cifications techniques\u00a0:<\/strong><\/p>\n<ul>\n<li><strong>Puissance\u00a0:<\/strong> 450\u00a0W<\/li>\n<li><strong>Pression de la pompe\u00a0:<\/strong> 15\u00a0bar<\/li>\n<li><strong>Alimentation \u00e9lectrique\u00a0:<\/strong> 220 V<\/li>\n<li><strong>Poids\u00a0:<\/strong> 2,9 kg<\/li>\n<li><strong>Dimensions\u00a0:<\/strong> H 29,5 cm, L 17,1 cm, P 28,4 cm<\/li>\n<li><strong>Arr\u00eat automatique\u00a0:<\/strong> Non<\/li>\n<li><strong>D\u00e9chargement des pods\u00a0:<\/strong> Manuel<\/li>\n<li><strong>Cosses\u00a0:<\/strong> 44 mm<\/li>\n<li><strong>Capacit\u00e9 du r\u00e9servoir\u00a0:<\/strong> 1,5 L \/ 0,5 L<\/li>\n<\/ul>\n<p>&nbsp;<\/p>\n","protected":false},"excerpt":{"rendered":"<p>Petite forme, petite consommation, pour ceux qui veulent le go\u00fbt d&#8217;un grand expresso. Baby Frog est la version la plus<\/p>\n","protected":false},"featured_media":501512,"template":"","meta":{"_acf_changed":false,"inline_featured_image":false},"product_cat":[25380,12764,12449],"product_tag":[23563,23228,16870,12950,23586],"acf":[],"yoast_head":"<!-- This site is optimized with the Yoast SEO Premium plugin v18.6 (Yoast SEO v19.13) - https:\/\/yoast.com\/wordpress\/plugins\/seo\/ -->\n<title>ILLY Machine \u00e0 Caf\u00e9 \u00e0 Dosettes E.S.E. Blanc<\/title>\n<meta name=\"description\" content=\"D\u00e9couvrez ILLY Machine \u00e0 Caf\u00e9 \u00e0 Dosettes E.S.E. Blanc sur ErresseShop. Qualit\u00e9, prix r\u00e9duits et achat s\u00e9curis\u00e9 \u2013 commandez d\u00e8s maintenant en ligne !\" \/>\n<meta name=\"robots\" content=\"index, follow, max-snippet:-1, max-image-preview:large, max-video-preview:-1\" \/>\n<link rel=\"canonical\" href=\"https:\/\/www.erresse-shop.it\/fr\/shop\/petits-electromenagers\/machines-cafe\/a-dosettes-et-a-capsules\/borbone-didiesse-baby-frog-machine-a-cafe-a-dosettes-noir\/\" \/>\n<meta property=\"og:locale\" content=\"fr_FR\" \/>\n<meta property=\"og:type\" content=\"article\" \/>\n<meta property=\"og:title\" content=\"BORBONE Didiesse Baby Frog Machine \u00e0 caf\u00e9 \u00e0 dosettes Noir\" \/>\n<meta property=\"og:description\" content=\"D\u00e9couvrez ILLY Machine \u00e0 Caf\u00e9 \u00e0 Dosettes E.S.E. Blanc sur ErresseShop. Qualit\u00e9, prix r\u00e9duits et achat s\u00e9curis\u00e9 \u2013 commandez d\u00e8s maintenant en ligne !\" \/>\n<meta property=\"og:url\" content=\"https:\/\/www.erresse-shop.it\/fr\/shop\/petits-electromenagers\/machines-cafe\/a-dosettes-et-a-capsules\/borbone-didiesse-baby-frog-machine-a-cafe-a-dosettes-noir\/\" \/>\n<meta property=\"og:site_name\" content=\"Erresse Shop\" \/>\n<meta property=\"article:modified_time\" content=\"2025-05-30T07:38:27+00:00\" \/>\n<meta property=\"og:image\" content=\"https:\/\/www.erresse-shop.it\/wp-content\/uploads\/2025\/05\/BORBONE-Baby-Frog-Macchina-Caffe-Nero.jpg\" \/>\n\t<meta property=\"og:image:width\" content=\"1200\" \/>\n\t<meta property=\"og:image:height\" content=\"1200\" \/>\n\t<meta property=\"og:image:type\" content=\"image\/jpeg\" \/>\n<meta name=\"twitter:card\" content=\"summary_large_image\" \/>\n<script type=\"application\/ld+json\" class=\"yoast-schema-graph\">{\"@context\":\"https:\/\/schema.org\",\"@graph\":[{\"@type\":\"WebPage\",\"@id\":\"https:\/\/www.erresse-shop.it\/fr\/shop\/petits-electromenagers\/machines-cafe\/a-dosettes-et-a-capsules\/borbone-didiesse-baby-frog-machine-a-cafe-a-dosettes-noir\/\",\"url\":\"https:\/\/www.erresse-shop.it\/fr\/shop\/petits-electromenagers\/machines-cafe\/a-dosettes-et-a-capsules\/borbone-didiesse-baby-frog-machine-a-cafe-a-dosettes-noir\/\",\"name\":\"ILLY Machine \u00e0 Caf\u00e9 \u00e0 Dosettes E.S.E. Blanc\",\"isPartOf\":{\"@id\":\"https:\/\/www.erresse-shop.it\/fr\/#website\"},\"datePublished\":\"2025-05-30T07:31:12+00:00\",\"dateModified\":\"2025-05-30T07:38:27+00:00\",\"description\":\"D\u00e9couvrez ILLY Machine \u00e0 Caf\u00e9 \u00e0 Dosettes E.S.E. Blanc sur ErresseShop. Qualit\u00e9, prix r\u00e9duits et achat s\u00e9curis\u00e9 \u2013 commandez d\u00e8s maintenant en ligne !\",\"breadcrumb\":{\"@id\":\"https:\/\/www.erresse-shop.it\/fr\/shop\/petits-electromenagers\/machines-cafe\/a-dosettes-et-a-capsules\/borbone-didiesse-baby-frog-machine-a-cafe-a-dosettes-noir\/#breadcrumb\"},\"inLanguage\":\"fr-FR\",\"potentialAction\":[{\"@type\":\"ReadAction\",\"target\":[\"https:\/\/www.erresse-shop.it\/fr\/shop\/petits-electromenagers\/machines-cafe\/a-dosettes-et-a-capsules\/borbone-didiesse-baby-frog-machine-a-cafe-a-dosettes-noir\/\"]}]},{\"@type\":\"BreadcrumbList\",\"@id\":\"https:\/\/www.erresse-shop.it\/fr\/shop\/petits-electromenagers\/machines-cafe\/a-dosettes-et-a-capsules\/borbone-didiesse-baby-frog-machine-a-cafe-a-dosettes-noir\/#breadcrumb\",\"itemListElement\":[{\"@type\":\"ListItem\",\"position\":1,\"name\":\"Home\",\"item\":\"https:\/\/www.erresse-shop.it\/fr\/\"},{\"@type\":\"ListItem\",\"position\":2,\"name\":\"Shop\",\"item\":\"https:\/\/www.erresse-shop.it\/fr\/shop\/\"},{\"@type\":\"ListItem\",\"position\":3,\"name\":\"BORBONE Didiesse Baby Frog Machine \u00e0 caf\u00e9 \u00e0 dosettes Noir\"}]},{\"@type\":\"WebSite\",\"@id\":\"https:\/\/www.erresse-shop.it\/fr\/#website\",\"url\":\"https:\/\/www.erresse-shop.it\/fr\/\",\"name\":\"Erresse Shop\",\"description\":\"Articoli di qualit\u00e0 per la casa\",\"potentialAction\":[{\"@type\":\"SearchAction\",\"target\":{\"@type\":\"EntryPoint\",\"urlTemplate\":\"https:\/\/www.erresse-shop.it\/fr\/?s={search_term_string}\"},\"query-input\":\"required name=search_term_string\"}],\"inLanguage\":\"fr-FR\"}]}<\/script>\n<!-- \/ Yoast SEO Premium plugin. -->","yoast_head_json":{"title":"ILLY Machine \u00e0 Caf\u00e9 \u00e0 Dosettes E.S.E. Blanc","description":"D\u00e9couvrez ILLY Machine \u00e0 Caf\u00e9 \u00e0 Dosettes E.S.E. Blanc sur ErresseShop. Qualit\u00e9, prix r\u00e9duits et achat s\u00e9curis\u00e9 \u2013 commandez d\u00e8s maintenant en ligne !","robots":{"index":"index","follow":"follow","max-snippet":"max-snippet:-1","max-image-preview":"max-image-preview:large","max-video-preview":"max-video-preview:-1"},"canonical":"https:\/\/www.erresse-shop.it\/fr\/shop\/petits-electromenagers\/machines-cafe\/a-dosettes-et-a-capsules\/borbone-didiesse-baby-frog-machine-a-cafe-a-dosettes-noir\/","og_locale":"fr_FR","og_type":"article","og_title":"BORBONE Didiesse Baby Frog Machine \u00e0 caf\u00e9 \u00e0 dosettes Noir","og_description":"D\u00e9couvrez ILLY Machine \u00e0 Caf\u00e9 \u00e0 Dosettes E.S.E. Blanc sur ErresseShop. Qualit\u00e9, prix r\u00e9duits et achat s\u00e9curis\u00e9 \u2013 commandez d\u00e8s maintenant en ligne !","og_url":"https:\/\/www.erresse-shop.it\/fr\/shop\/petits-electromenagers\/machines-cafe\/a-dosettes-et-a-capsules\/borbone-didiesse-baby-frog-machine-a-cafe-a-dosettes-noir\/","og_site_name":"Erresse Shop","article_modified_time":"2025-05-30T07:38:27+00:00","og_image":[{"width":1200,"height":1200,"url":"https:\/\/www.erresse-shop.it\/wp-content\/uploads\/2025\/05\/BORBONE-Baby-Frog-Macchina-Caffe-Nero.jpg","type":"image\/jpeg"}],"twitter_card":"summary_large_image","schema":{"@context":"https:\/\/schema.org","@graph":[{"@type":"WebPage","@id":"https:\/\/www.erresse-shop.it\/fr\/shop\/petits-electromenagers\/machines-cafe\/a-dosettes-et-a-capsules\/borbone-didiesse-baby-frog-machine-a-cafe-a-dosettes-noir\/","url":"https:\/\/www.erresse-shop.it\/fr\/shop\/petits-electromenagers\/machines-cafe\/a-dosettes-et-a-capsules\/borbone-didiesse-baby-frog-machine-a-cafe-a-dosettes-noir\/","name":"ILLY Machine \u00e0 Caf\u00e9 \u00e0 Dosettes E.S.E. Blanc","isPartOf":{"@id":"https:\/\/www.erresse-shop.it\/fr\/#website"},"datePublished":"2025-05-30T07:31:12+00:00","dateModified":"2025-05-30T07:38:27+00:00","description":"D\u00e9couvrez ILLY Machine \u00e0 Caf\u00e9 \u00e0 Dosettes E.S.E. Blanc sur ErresseShop. Qualit\u00e9, prix r\u00e9duits et achat s\u00e9curis\u00e9 \u2013 commandez d\u00e8s maintenant en ligne !","breadcrumb":{"@id":"https:\/\/www.erresse-shop.it\/fr\/shop\/petits-electromenagers\/machines-cafe\/a-dosettes-et-a-capsules\/borbone-didiesse-baby-frog-machine-a-cafe-a-dosettes-noir\/#breadcrumb"},"inLanguage":"fr-FR","potentialAction":[{"@type":"ReadAction","target":["https:\/\/www.erresse-shop.it\/fr\/shop\/petits-electromenagers\/machines-cafe\/a-dosettes-et-a-capsules\/borbone-didiesse-baby-frog-machine-a-cafe-a-dosettes-noir\/"]}]},{"@type":"BreadcrumbList","@id":"https:\/\/www.erresse-shop.it\/fr\/shop\/petits-electromenagers\/machines-cafe\/a-dosettes-et-a-capsules\/borbone-didiesse-baby-frog-machine-a-cafe-a-dosettes-noir\/#breadcrumb","itemListElement":[{"@type":"ListItem","position":1,"name":"Home","item":"https:\/\/www.erresse-shop.it\/fr\/"},{"@type":"ListItem","position":2,"name":"Shop","item":"https:\/\/www.erresse-shop.it\/fr\/shop\/"},{"@type":"ListItem","position":3,"name":"BORBONE Didiesse Baby Frog Machine \u00e0 caf\u00e9 \u00e0 dosettes Noir"}]},{"@type":"WebSite","@id":"https:\/\/www.erresse-shop.it\/fr\/#website","url":"https:\/\/www.erresse-shop.it\/fr\/","name":"Erresse Shop","description":"Articoli di qualit\u00e0 per la casa","potentialAction":[{"@type":"SearchAction","target":{"@type":"EntryPoint","urlTemplate":"https:\/\/www.erresse-shop.it\/fr\/?s={search_term_string}"},"query-input":"required name=search_term_string"}],"inLanguage":"fr-FR"}]}},"df_price":127.95,"df_sale_price":127.95,"df_regular_price":129,"df_image_link":"https:\/\/www.erresse-shop.it\/wp-content\/uploads\/2025\/05\/BORBONE-Baby-Frog-Macchina-Caffe-Nero-300x300.jpg","_links":{"self":[{"href":"https:\/\/www.erresse-shop.it\/fr\/wp-json\/wp\/v2\/product\/501489"}],"collection":[{"href":"https:\/\/www.erresse-shop.it\/fr\/wp-json\/wp\/v2\/product"}],"about":[{"href":"https:\/\/www.erresse-shop.it\/fr\/wp-json\/wp\/v2\/types\/product"}],"wp:featuredmedia":[{"embeddable":true,"href":"https:\/\/www.erresse-shop.it\/fr\/wp-json\/wp\/v2\/media\/501512"}],"wp:attachment":[{"href":"https:\/\/www.erresse-shop.it\/fr\/wp-json\/wp\/v2\/media?parent=501489"}],"wp:term":[{"taxonomy":"product_cat","embeddable":true,"href":"https:\/\/www.erresse-shop.it\/fr\/wp-json\/wp\/v2\/product_cat?post=501489"},{"taxonomy":"product_tag","embeddable":true,"href":"https:\/\/www.erresse-shop.it\/fr\/wp-json\/wp\/v2\/product_tag?post=501489"}],"curies":[{"name":"wp","href":"https:\/\/api.w.org\/{rel}","templated":true}]}}