{"id":501357,"date":"2025-05-29T13:41:20","date_gmt":"2025-05-29T13:41:23","guid":{"rendered":"https:\/\/www.erresse-shop.it\/?post_type=product&#038;p=501357"},"modified":"2025-06-01T08:38:07","modified_gmt":"2025-06-01T08:38:07","slug":"magimix-grille-pain-vision-chrome","status":"publish","type":"product","link":"https:\/\/www.erresse-shop.it\/fr\/shop\/petits-electromenagers\/grille-pains\/magimix-grille-pain-vision-chrome\/","title":{"rendered":"MAGIMIX Grille-pain Vision Chrome"},"content":{"rendered":"<p><strong>MAGIMIX. GARANTIE ITALIENNE<\/strong><\/p>\n<p>C&#8217;est en France, au c\u0153ur de la Bourgogne, r\u00e9gion r\u00e9put\u00e9e pour sa gastronomie, que Magimix a invent\u00e9 le robot culinaire il y a plus de quarante ans.<br \/>\nAujourd&#8217;hui, les appareils Magimix sont la version domestique des appareils destin\u00e9s aux professionnels. Les plus grands restaurants du monde utilisent la version professionnelle de nos produits.<br \/>\nVous trouverez dans la gamme Magimix toute la gamme de petits appareils de cuisine.<br \/>\nToujours \u00e0 la pointe de l&#8217;innovation en cuisine, Magimix est heureux de vous pr\u00e9senter sa derni\u00e8re collection pour le plaisir de cuisiner comme un grand chef.<\/p>\n<p>Magimix remporte le prix de l&#8217;innovation avec le grille-pain Vision\u00a0: le premier grille-pain avec vue panoramique.<\/p>\n<h3><span style=\"font-size: 18pt;\">Caract\u00e9ristiques<\/span><\/h3>\n<ul data-start=\"122\" data-end=\"876\">\n<li data-start=\"122\" data-end=\"187\">\n<p data-start=\"124\" data-end=\"187\"><strong data-start=\"124\" data-end=\"144\">Contr\u00f4le visuel<\/strong>\u00a0: pour griller exactement comme vous le souhaitez<\/p>\n<\/li>\n<li data-start=\"188\" data-end=\"235\">\n<p data-start=\"190\" data-end=\"235\"><strong data-start=\"190\" data-end=\"211\">Facile \u00e0 utiliser<\/strong>\u00a0: 1 bouton = 1 fonction<\/p>\n<\/li>\n<li data-start=\"236\" data-end=\"281\">\n<p data-start=\"238\" data-end=\"281\"><strong data-start=\"238\" data-end=\"259\">Fonction Baguette<\/strong>\u00a0: ne grille qu&#8217;un seul c\u00f4t\u00e9<\/p>\n<\/li>\n<li data-start=\"282\" data-end=\"334\">\n<p data-start=\"284\" data-end=\"334\"><strong data-start=\"284\" data-end=\"310\">Fonction R\u00e9chauffage<\/strong>\u00a0: chauffe sans dess\u00e9cher<\/p>\n<\/li>\n<li data-start=\"335\" data-end=\"402\">\n<p data-start=\"337\" data-end=\"402\"><strong data-start=\"337\" data-end=\"364\">Fonction D\u00e9cong\u00e9lation<\/strong>\u00a0: d\u00e9cong\u00e8le et grille le pain congel\u00e9<\/p>\n<\/li>\n<li data-start=\"403\" data-end=\"445\">\n<p data-start=\"405\" data-end=\"445\"><strong data-start=\"405\" data-end=\"419\">Thermostat<\/strong>\u00a0: 8 niveaux de dorage<\/p>\n<\/li>\n<li data-start=\"446\" data-end=\"504\">\n<p data-start=\"448\" data-end=\"504\"><strong data-start=\"448\" data-end=\"471\">Quartz infrarouge<\/strong>\u00a0: haute performance de torr\u00e9faction<\/p>\n<\/li>\n<li data-start=\"505\" data-end=\"558\">\n<p data-start=\"507\" data-end=\"558\"><strong data-start=\"507\" data-end=\"536\">Porte \u00e0 double paroi<\/strong>\u00a0: isolation thermique<\/p>\n<\/li>\n<li data-start=\"559\" data-end=\"625\">\n<p data-start=\"561\" data-end=\"625\"><strong data-start=\"561\" data-end=\"592\">Fentes extra-larges (38 mm)\u00a0: adapt\u00e9es \u00e0 tous les types de pain<\/p>\n<\/li>\n<li data-start=\"626\" data-end=\"679\">\n<p data-start=\"628\" data-end=\"679\"><strong data-start=\"628\" data-end=\"651\">Relevage extra-haut<\/strong>\u00a0: id\u00e9al pour les petites tranches<\/p>\n<\/li>\n<li data-start=\"680\" data-end=\"729\">\n<p data-start=\"682\" data-end=\"729\"><strong data-start=\"682\" data-end=\"707\">Centrage automatique<\/strong>\u00a0: grillage uniforme<\/p>\n<\/li>\n<li data-start=\"730\" data-end=\"768\">\n<p data-start=\"732\" data-end=\"768\"><strong data-start=\"732\" data-end=\"766\">\u00c9jection automatique du pain<\/strong><\/p>\n<\/li>\n<li data-start=\"769\" data-end=\"820\">\n<p data-start=\"771\" data-end=\"820\"><strong data-start=\"771\" data-end=\"801\">Tiroir ramasse-miettes<\/strong>\u00a0: grande capacit\u00e9<\/p>\n<\/li>\n<li data-start=\"821\" data-end=\"876\">\n<p data-start=\"823\" data-end=\"876\"><strong data-start=\"823\" data-end=\"841\">Nettoyage facile<\/strong>\u00a0: ouverture de porte s\u00e9curis\u00e9e<\/p>\n<\/li>\n<\/ul>\n<h3 data-start=\"878\" data-end=\"905\"><strong data-start=\"882\" data-end=\"905\">Sp\u00e9cifications techniques<\/strong><\/h3>\n<ul data-start=\"907\" data-end=\"1116\">\n<li data-start=\"907\" data-end=\"930\">\n<p data-start=\"909\" data-end=\"930\"><strong data-start=\"909\" data-end=\"920\">Puissance<\/strong>\u00a0: 1\u00a0450 W<\/p>\n<\/li>\n<li data-start=\"931\" data-end=\"981\">\n<p data-start=\"933\" data-end=\"981\"><strong data-start=\"933\" data-end=\"946\">Mat\u00e9riaux<\/strong>\u00a0: verre, acier inoxydable et aluminium<\/p>\n<\/li>\n<li data-start=\"982\" data-end=\"1006\">\n<p data-start=\"984\" data-end=\"1006\"><strong data-start=\"984\" data-end=\"996\">Garantie<\/strong>\u00a0: 3 ans<\/p>\n<\/li>\n<li data-start=\"1007\" data-end=\"1051\">\n<p data-start=\"1009\" data-end=\"1051\"><strong data-start=\"1009\" data-end=\"1023\">Dimensions<\/strong>\u00a0: H 225 \u00d7 L 395 \u00d7 P 180 mm<\/p>\n<\/li>\n<li data-start=\"1052\" data-end=\"1116\">\n<p data-start=\"1054\" data-end=\"1065\"><strong data-start=\"1054\" data-end=\"1062\">Poids<\/strong>\u00a0:<\/p>\n<ul data-start=\"1068\" data-end=\"1116\">\n<li data-start=\"1068\" data-end=\"1084\">\n<p data-start=\"1070\" data-end=\"1084\">Acier inoxydable\u00a0: 4,3 kg<\/p>\n<\/li>\n<li data-start=\"1087\" data-end=\"1116\">\n<p data-start=\"1089\" data-end=\"1116\">Versions couleur\u00a0: 3,9\u00a0kg<\/p>\n<\/li>\n<\/ul>\n<\/li>\n<\/ul>\n<p><span style=\"text-decoration: underline;\"><strong>Vente interdite hors d&#8217;Europe<\/strong><\/span><\/p>\n","protected":false},"excerpt":{"rendered":"<p>MAGIMIX. GARANTIE ITALIENNE C&#8217;est en France, au c\u0153ur de la Bourgogne, r\u00e9gion r\u00e9put\u00e9e pour sa gastronomie, que Magimix a invent\u00e9<\/p>\n","protected":false},"featured_media":501369,"template":"","meta":{"_acf_changed":false,"inline_featured_image":false},"product_cat":[12770,12449],"product_tag":[12948,12994,13251,13004],"acf":[],"yoast_head":"<!-- This site is optimized with the Yoast SEO Premium plugin v18.6 (Yoast SEO v19.13) - https:\/\/yoast.com\/wordpress\/plugins\/seo\/ -->\n<title>MAGIMIX Grille-pain Vision Chrome - Erresse Shop<\/title>\n<meta name=\"description\" content=\"MAGIMIX. GARANTIE ITALIENNE C&#039;est en France, au c\u0153ur de la Bourgogne, r\u00e9gion r\u00e9put\u00e9e pour sa gastronomie, que Magimix a invent\u00e9 le robot culinaire il y a\" \/>\n<meta name=\"robots\" content=\"index, follow, max-snippet:-1, max-image-preview:large, max-video-preview:-1\" \/>\n<link rel=\"canonical\" href=\"https:\/\/www.erresse-shop.it\/fr\/shop\/petits-electromenagers\/grille-pains\/magimix-grille-pain-vision-chrome\/\" \/>\n<meta property=\"og:locale\" content=\"fr_FR\" \/>\n<meta property=\"og:type\" content=\"article\" \/>\n<meta property=\"og:title\" content=\"MAGIMIX Grille-pain Vision Chrome\" \/>\n<meta property=\"og:description\" content=\"MAGIMIX. GARANTIE ITALIENNE C&#039;est en France, au c\u0153ur de la Bourgogne, r\u00e9gion r\u00e9put\u00e9e pour sa gastronomie, que Magimix a invent\u00e9 le robot culinaire il y a\" \/>\n<meta property=\"og:url\" content=\"https:\/\/www.erresse-shop.it\/fr\/shop\/petits-electromenagers\/grille-pains\/magimix-grille-pain-vision-chrome\/\" \/>\n<meta property=\"og:site_name\" content=\"Erresse Shop\" \/>\n<meta property=\"article:modified_time\" content=\"2025-06-01T08:38:07+00:00\" \/>\n<meta property=\"og:image\" content=\"https:\/\/www.erresse-shop.it\/wp-content\/uploads\/2025\/05\/MAGIMIX-Tostapane-Vision-Cromo.jpg\" \/>\n\t<meta property=\"og:image:width\" content=\"1200\" \/>\n\t<meta property=\"og:image:height\" content=\"1200\" \/>\n\t<meta property=\"og:image:type\" content=\"image\/jpeg\" \/>\n<meta name=\"twitter:card\" content=\"summary_large_image\" \/>\n<script type=\"application\/ld+json\" class=\"yoast-schema-graph\">{\"@context\":\"https:\/\/schema.org\",\"@graph\":[{\"@type\":\"WebPage\",\"@id\":\"https:\/\/www.erresse-shop.it\/fr\/shop\/petits-electromenagers\/grille-pains\/magimix-grille-pain-vision-chrome\/\",\"url\":\"https:\/\/www.erresse-shop.it\/fr\/shop\/petits-electromenagers\/grille-pains\/magimix-grille-pain-vision-chrome\/\",\"name\":\"MAGIMIX Grille-pain Vision Chrome - Erresse Shop\",\"isPartOf\":{\"@id\":\"https:\/\/www.erresse-shop.it\/fr\/#website\"},\"datePublished\":\"2025-05-29T13:41:23+00:00\",\"dateModified\":\"2025-06-01T08:38:07+00:00\",\"description\":\"MAGIMIX. GARANTIE ITALIENNE C'est en France, au c\u0153ur de la Bourgogne, r\u00e9gion r\u00e9put\u00e9e pour sa gastronomie, que Magimix a invent\u00e9 le robot culinaire il y a\",\"breadcrumb\":{\"@id\":\"https:\/\/www.erresse-shop.it\/fr\/shop\/petits-electromenagers\/grille-pains\/magimix-grille-pain-vision-chrome\/#breadcrumb\"},\"inLanguage\":\"fr-FR\",\"potentialAction\":[{\"@type\":\"ReadAction\",\"target\":[\"https:\/\/www.erresse-shop.it\/fr\/shop\/petits-electromenagers\/grille-pains\/magimix-grille-pain-vision-chrome\/\"]}]},{\"@type\":\"BreadcrumbList\",\"@id\":\"https:\/\/www.erresse-shop.it\/fr\/shop\/petits-electromenagers\/grille-pains\/magimix-grille-pain-vision-chrome\/#breadcrumb\",\"itemListElement\":[{\"@type\":\"ListItem\",\"position\":1,\"name\":\"Home\",\"item\":\"https:\/\/www.erresse-shop.it\/fr\/\"},{\"@type\":\"ListItem\",\"position\":2,\"name\":\"Shop\",\"item\":\"https:\/\/www.erresse-shop.it\/fr\/shop\/\"},{\"@type\":\"ListItem\",\"position\":3,\"name\":\"MAGIMIX Grille-pain Vision Chrome\"}]},{\"@type\":\"WebSite\",\"@id\":\"https:\/\/www.erresse-shop.it\/fr\/#website\",\"url\":\"https:\/\/www.erresse-shop.it\/fr\/\",\"name\":\"Erresse Shop\",\"description\":\"Articoli di qualit\u00e0 per la casa\",\"potentialAction\":[{\"@type\":\"SearchAction\",\"target\":{\"@type\":\"EntryPoint\",\"urlTemplate\":\"https:\/\/www.erresse-shop.it\/fr\/?s={search_term_string}\"},\"query-input\":\"required name=search_term_string\"}],\"inLanguage\":\"fr-FR\"}]}<\/script>\n<!-- \/ Yoast SEO Premium plugin. -->","yoast_head_json":{"title":"MAGIMIX Grille-pain Vision Chrome - Erresse Shop","description":"MAGIMIX. GARANTIE ITALIENNE C'est en France, au c\u0153ur de la Bourgogne, r\u00e9gion r\u00e9put\u00e9e pour sa gastronomie, que Magimix a invent\u00e9 le robot culinaire il y a","robots":{"index":"index","follow":"follow","max-snippet":"max-snippet:-1","max-image-preview":"max-image-preview:large","max-video-preview":"max-video-preview:-1"},"canonical":"https:\/\/www.erresse-shop.it\/fr\/shop\/petits-electromenagers\/grille-pains\/magimix-grille-pain-vision-chrome\/","og_locale":"fr_FR","og_type":"article","og_title":"MAGIMIX Grille-pain Vision Chrome","og_description":"MAGIMIX. GARANTIE ITALIENNE C'est en France, au c\u0153ur de la Bourgogne, r\u00e9gion r\u00e9put\u00e9e pour sa gastronomie, que Magimix a invent\u00e9 le robot culinaire il y a","og_url":"https:\/\/www.erresse-shop.it\/fr\/shop\/petits-electromenagers\/grille-pains\/magimix-grille-pain-vision-chrome\/","og_site_name":"Erresse Shop","article_modified_time":"2025-06-01T08:38:07+00:00","og_image":[{"width":1200,"height":1200,"url":"https:\/\/www.erresse-shop.it\/wp-content\/uploads\/2025\/05\/MAGIMIX-Tostapane-Vision-Cromo.jpg","type":"image\/jpeg"}],"twitter_card":"summary_large_image","schema":{"@context":"https:\/\/schema.org","@graph":[{"@type":"WebPage","@id":"https:\/\/www.erresse-shop.it\/fr\/shop\/petits-electromenagers\/grille-pains\/magimix-grille-pain-vision-chrome\/","url":"https:\/\/www.erresse-shop.it\/fr\/shop\/petits-electromenagers\/grille-pains\/magimix-grille-pain-vision-chrome\/","name":"MAGIMIX Grille-pain Vision Chrome - Erresse Shop","isPartOf":{"@id":"https:\/\/www.erresse-shop.it\/fr\/#website"},"datePublished":"2025-05-29T13:41:23+00:00","dateModified":"2025-06-01T08:38:07+00:00","description":"MAGIMIX. GARANTIE ITALIENNE C'est en France, au c\u0153ur de la Bourgogne, r\u00e9gion r\u00e9put\u00e9e pour sa gastronomie, que Magimix a invent\u00e9 le robot culinaire il y a","breadcrumb":{"@id":"https:\/\/www.erresse-shop.it\/fr\/shop\/petits-electromenagers\/grille-pains\/magimix-grille-pain-vision-chrome\/#breadcrumb"},"inLanguage":"fr-FR","potentialAction":[{"@type":"ReadAction","target":["https:\/\/www.erresse-shop.it\/fr\/shop\/petits-electromenagers\/grille-pains\/magimix-grille-pain-vision-chrome\/"]}]},{"@type":"BreadcrumbList","@id":"https:\/\/www.erresse-shop.it\/fr\/shop\/petits-electromenagers\/grille-pains\/magimix-grille-pain-vision-chrome\/#breadcrumb","itemListElement":[{"@type":"ListItem","position":1,"name":"Home","item":"https:\/\/www.erresse-shop.it\/fr\/"},{"@type":"ListItem","position":2,"name":"Shop","item":"https:\/\/www.erresse-shop.it\/fr\/shop\/"},{"@type":"ListItem","position":3,"name":"MAGIMIX Grille-pain Vision Chrome"}]},{"@type":"WebSite","@id":"https:\/\/www.erresse-shop.it\/fr\/#website","url":"https:\/\/www.erresse-shop.it\/fr\/","name":"Erresse Shop","description":"Articoli di qualit\u00e0 per la casa","potentialAction":[{"@type":"SearchAction","target":{"@type":"EntryPoint","urlTemplate":"https:\/\/www.erresse-shop.it\/fr\/?s={search_term_string}"},"query-input":"required name=search_term_string"}],"inLanguage":"fr-FR"}]}},"df_price":239.20000000000002,"df_sale_price":239.20000000000002,"df_regular_price":368,"df_image_link":"https:\/\/www.erresse-shop.it\/wp-content\/uploads\/2025\/05\/MAGIMIX-Tostapane-Vision-Cromo-300x300.jpg","_links":{"self":[{"href":"https:\/\/www.erresse-shop.it\/fr\/wp-json\/wp\/v2\/product\/501357"}],"collection":[{"href":"https:\/\/www.erresse-shop.it\/fr\/wp-json\/wp\/v2\/product"}],"about":[{"href":"https:\/\/www.erresse-shop.it\/fr\/wp-json\/wp\/v2\/types\/product"}],"wp:featuredmedia":[{"embeddable":true,"href":"https:\/\/www.erresse-shop.it\/fr\/wp-json\/wp\/v2\/media\/501369"}],"wp:attachment":[{"href":"https:\/\/www.erresse-shop.it\/fr\/wp-json\/wp\/v2\/media?parent=501357"}],"wp:term":[{"taxonomy":"product_cat","embeddable":true,"href":"https:\/\/www.erresse-shop.it\/fr\/wp-json\/wp\/v2\/product_cat?post=501357"},{"taxonomy":"product_tag","embeddable":true,"href":"https:\/\/www.erresse-shop.it\/fr\/wp-json\/wp\/v2\/product_tag?post=501357"}],"curies":[{"name":"wp","href":"https:\/\/api.w.org\/{rel}","templated":true}]}}