{"id":501330,"date":"2025-05-29T13:20:32","date_gmt":"2025-05-29T13:20:35","guid":{"rendered":"https:\/\/www.erresse-shop.it\/?post_type=product&#038;p=501330"},"modified":"2025-05-29T13:37:59","modified_gmt":"2025-05-29T13:37:59","slug":"magimix-power-blender-3-chrome","status":"publish","type":"product","link":"https:\/\/www.erresse-shop.it\/fr\/shop\/petits-electromenagers\/mixeurs\/magimix-power-blender-3-chrome\/","title":{"rendered":"MAGIMIX Power Blender 3 Chrome"},"content":{"rendered":"<p><strong>MAGIMIX. GARANTIE ITALIENNE<\/p>\n<p>C&#8217;est en France, au c\u0153ur de la Bourgogne, r\u00e9gion r\u00e9put\u00e9e pour sa gastronomie, que Magimix a invent\u00e9 le robot culinaire il y a plus de quarante ans.<br \/>\nAujourd&#8217;hui, les appareils Magimix sont la version domestique des appareils destin\u00e9s aux professionnels. Les plus grands restaurants du monde utilisent la version professionnelle de nos produits.<br \/>\nAu sein de la gamme Magimix, vous retrouverez toute la gamme de petit \u00e9lectrom\u00e9nager de cuisine.<br \/>\nToujours \u00e0 la pointe de l&#8217;innovation en cuisine, Magimix est heureux de vous pr\u00e9senter sa derni\u00e8re collection pour le plaisir de cuisiner comme un grand chef.<\/p>\n<p><strong>M\u00c9LANGEUR \u00c9LECTRIQUE<\/strong><br \/>\nLe Blendermix vous permet d&#8217;obtenir une texture v\u00e9ritablement velout\u00e9e pour vos smoothies, soupes et p\u00e2tes \u00e0 cr\u00eapes.<br \/>\nVous pouvez \u00e9galement r\u00e9aliser de la glace pil\u00e9e et des parfaits en un clin d&#8217;\u0153il !<br \/>\nSyst\u00e8me exclusif BlenderMix : turbulence optimis\u00e9e pour une \u00e9mulsion parfaite.<br \/>\n600 \u00e0 22 000 tr\/min : large plage de vitesse, d\u00e9marrage progressif, mode turbo pulse pour des soupes plus cr\u00e9meuses.<br \/>\nBol en verre r\u00e9sistant \u00e0 la chaleur pour supporter les pr\u00e9parations chaudes et froides.<\/p>\n<p><strong>DESCRIPTION TECHNIQUE<\/strong><\/p>\n<ul data-start=\"95\" data-end=\"636\">\n<li data-start=\"95\" data-end=\"194\">\n<p data-start=\"97\" data-end=\"194\"><strong data-start=\"97\" data-end=\"123\">5 programmes automatiques<\/strong>\u00a0: glace pil\u00e9e, boissons, soupes, desserts glac\u00e9s, rin\u00e7age<\/p>\n<\/li>\n<li data-start=\"195\" data-end=\"266\">\n<p data-start=\"197\" data-end=\"266\"><strong data-start=\"197\" data-end=\"217\">Mode manuel<\/strong>\u00a0: vitesse r\u00e9glable, d\u00e9marrage progressif, Turbo<\/p>\n<\/li>\n<li data-start=\"267\" data-end=\"348\">\n<p data-start=\"269\" data-end=\"348\"><strong data-start=\"269\" data-end=\"281\">Capacit\u00e9<\/strong>\u00a0: 1,2 L \u2013 <strong data-start=\"291\" data-end=\"302\">Puissance<\/strong>\u00a0: 1\u00a0000 W \u2013 <strong data-start=\"313\" data-end=\"325\">Vitesse<\/strong>\u00a0: 600\u201322\u00a0000 tr\/min<\/p>\n<\/li>\n<li data-start=\"349\" data-end=\"407\">\n<p data-start=\"351\" data-end=\"407\"><strong data-start=\"351\" data-end=\"374\">R\u00e9cipient en verre r\u00e9sistant \u00e0 la chaleur (chaud\/froid)<\/p>\n<\/li>\n<li data-start=\"408\" data-end=\"509\">\n<p data-start=\"410\" data-end=\"427\"><strong data-start=\"410\" data-end=\"424\">Technologies<\/strong>\u00a0:<\/p>\n<ol data-start=\"430\" data-end=\"509\">\n<li data-start=\"430\" data-end=\"469\">\n<p data-start=\"432\" data-end=\"469\"><strong data-start=\"432\" data-end=\"447\">Blendermix\u00ae<\/strong>\u00a0: des \u00e9mulsions parfaites<\/p>\n<\/li>\n<li data-start=\"472\" data-end=\"509\">\n<p data-start=\"474\" data-end=\"509\"><strong data-start=\"474\" data-end=\"487\">Cold Mix\u00ae<\/strong>\u00a0: ingr\u00e9dients froids<\/p>\n<\/li>\n<\/ol>\n<\/li>\n<li data-start=\"510\" data-end=\"549\">\n<p data-start=\"512\" data-end=\"549\"><strong data-start=\"512\" data-end=\"525\">Accessoires<\/strong>\u00a0: spatule de m\u00e9lange<\/p>\n<\/li>\n<li data-start=\"550\" data-end=\"591\">\n<p data-start=\"552\" data-end=\"591\"><strong data-start=\"552\" data-end=\"563\">Nettoyage<\/strong>\u00a0: enti\u00e8rement amovible<\/p>\n<\/li>\n<li data-start=\"592\" data-end=\"636\">\n<p data-start=\"594\" data-end=\"636\"><strong data-start=\"594\" data-end=\"607\">Mat\u00e9riau<\/strong>\u00a0: 0\u00a0% BPA \u2013 <strong data-start=\"618\" data-end=\"630\">Veille<\/strong>\u00a0: 0\u00a0W<\/p>\n<\/li>\n<\/ul>\n<h3 data-start=\"638\" data-end=\"651\"><strong data-start=\"642\" data-end=\"651\">Suppl\u00e9ments<\/strong><\/h3>\n<ul data-start=\"652\" data-end=\"810\">\n<li data-start=\"682\" data-end=\"719\">\n<p data-start=\"684\" data-end=\"719\"><strong>Garantie\u00a0:<\/strong> 3 ans<\/p>\n<\/li>\n<li data-start=\"754\" data-end=\"810\">\n<p data-start=\"756\" data-end=\"810\"><strong data-start=\"756\" data-end=\"770\">Dimensions<\/strong>\u00a0: 38,5 \u00d7 16,5 \u00d7 16,5 cm<\/p>\n<\/li>\n<li data-start=\"754\" data-end=\"810\">\n<p data-start=\"756\" data-end=\"810\"><strong data-start=\"792\" data-end=\"800\">Poids<\/strong>\u00a0: 4,9 kg<\/p>\n<\/li>\n<\/ul>\n<p><span style=\"text-decoration: underline;\"><strong>Ne pas vendre en dehors de l&#8217;Europe<\/strong><\/span><\/p>\n","protected":false},"excerpt":{"rendered":"<p>MAGIMIX. GARANTIE ITALIENNE C&#8217;est en France, au c\u0153ur de la Bourgogne, r\u00e9gion r\u00e9put\u00e9e pour sa gastronomie, que Magimix a invent\u00e9<\/p>\n","protected":false},"featured_media":501348,"template":"","meta":{"_acf_changed":false,"inline_featured_image":false},"product_cat":[12766,12449],"product_tag":[13262,12948,12994,13746,13260,13747,13004],"acf":[],"yoast_head":"<!-- This site is optimized with the Yoast SEO Premium plugin v18.6 (Yoast SEO v19.13) - https:\/\/yoast.com\/wordpress\/plugins\/seo\/ -->\n<title>MAGIMIX Power Blender 3 Chrome - Erresse Shop<\/title>\n<meta name=\"description\" content=\"MAGIMIX. GARANTIE ITALIENNE C&#039;est en France, au c\u0153ur de la Bourgogne, r\u00e9gion r\u00e9put\u00e9e pour sa gastronomie, que Magimix a invent\u00e9 le robot culinaire il y a\" \/>\n<meta name=\"robots\" content=\"index, follow, max-snippet:-1, max-image-preview:large, max-video-preview:-1\" \/>\n<link rel=\"canonical\" href=\"https:\/\/www.erresse-shop.it\/fr\/shop\/petits-electromenagers\/mixeurs\/magimix-power-blender-3-chrome\/\" \/>\n<meta property=\"og:locale\" content=\"fr_FR\" \/>\n<meta property=\"og:type\" content=\"article\" \/>\n<meta property=\"og:title\" content=\"MAGIMIX Power Blender 3 Chrome\" \/>\n<meta property=\"og:description\" content=\"MAGIMIX. GARANTIE ITALIENNE C&#039;est en France, au c\u0153ur de la Bourgogne, r\u00e9gion r\u00e9put\u00e9e pour sa gastronomie, que Magimix a invent\u00e9 le robot culinaire il y a\" \/>\n<meta property=\"og:url\" content=\"https:\/\/www.erresse-shop.it\/fr\/shop\/petits-electromenagers\/mixeurs\/magimix-power-blender-3-chrome\/\" \/>\n<meta property=\"og:site_name\" content=\"Erresse Shop\" \/>\n<meta property=\"article:modified_time\" content=\"2025-05-29T13:37:59+00:00\" \/>\n<meta property=\"og:image\" content=\"https:\/\/www.erresse-shop.it\/wp-content\/uploads\/2025\/05\/MAGIMIX-Frullatore-Power-Blender-3-Cromo.jpg\" \/>\n\t<meta property=\"og:image:width\" content=\"1200\" \/>\n\t<meta property=\"og:image:height\" content=\"1200\" \/>\n\t<meta property=\"og:image:type\" content=\"image\/jpeg\" \/>\n<meta name=\"twitter:card\" content=\"summary_large_image\" \/>\n<script type=\"application\/ld+json\" class=\"yoast-schema-graph\">{\"@context\":\"https:\/\/schema.org\",\"@graph\":[{\"@type\":\"WebPage\",\"@id\":\"https:\/\/www.erresse-shop.it\/fr\/shop\/petits-electromenagers\/mixeurs\/magimix-power-blender-3-chrome\/\",\"url\":\"https:\/\/www.erresse-shop.it\/fr\/shop\/petits-electromenagers\/mixeurs\/magimix-power-blender-3-chrome\/\",\"name\":\"MAGIMIX Power Blender 3 Chrome - Erresse Shop\",\"isPartOf\":{\"@id\":\"https:\/\/www.erresse-shop.it\/fr\/#website\"},\"datePublished\":\"2025-05-29T13:20:35+00:00\",\"dateModified\":\"2025-05-29T13:37:59+00:00\",\"description\":\"MAGIMIX. GARANTIE ITALIENNE C'est en France, au c\u0153ur de la Bourgogne, r\u00e9gion r\u00e9put\u00e9e pour sa gastronomie, que Magimix a invent\u00e9 le robot culinaire il y a\",\"breadcrumb\":{\"@id\":\"https:\/\/www.erresse-shop.it\/fr\/shop\/petits-electromenagers\/mixeurs\/magimix-power-blender-3-chrome\/#breadcrumb\"},\"inLanguage\":\"fr-FR\",\"potentialAction\":[{\"@type\":\"ReadAction\",\"target\":[\"https:\/\/www.erresse-shop.it\/fr\/shop\/petits-electromenagers\/mixeurs\/magimix-power-blender-3-chrome\/\"]}]},{\"@type\":\"BreadcrumbList\",\"@id\":\"https:\/\/www.erresse-shop.it\/fr\/shop\/petits-electromenagers\/mixeurs\/magimix-power-blender-3-chrome\/#breadcrumb\",\"itemListElement\":[{\"@type\":\"ListItem\",\"position\":1,\"name\":\"Home\",\"item\":\"https:\/\/www.erresse-shop.it\/fr\/\"},{\"@type\":\"ListItem\",\"position\":2,\"name\":\"Shop\",\"item\":\"https:\/\/www.erresse-shop.it\/fr\/shop\/\"},{\"@type\":\"ListItem\",\"position\":3,\"name\":\"MAGIMIX Power Blender 3 Chrome\"}]},{\"@type\":\"WebSite\",\"@id\":\"https:\/\/www.erresse-shop.it\/fr\/#website\",\"url\":\"https:\/\/www.erresse-shop.it\/fr\/\",\"name\":\"Erresse Shop\",\"description\":\"Articoli di qualit\u00e0 per la casa\",\"potentialAction\":[{\"@type\":\"SearchAction\",\"target\":{\"@type\":\"EntryPoint\",\"urlTemplate\":\"https:\/\/www.erresse-shop.it\/fr\/?s={search_term_string}\"},\"query-input\":\"required name=search_term_string\"}],\"inLanguage\":\"fr-FR\"}]}<\/script>\n<!-- \/ Yoast SEO Premium plugin. -->","yoast_head_json":{"title":"MAGIMIX Power Blender 3 Chrome - Erresse Shop","description":"MAGIMIX. GARANTIE ITALIENNE C'est en France, au c\u0153ur de la Bourgogne, r\u00e9gion r\u00e9put\u00e9e pour sa gastronomie, que Magimix a invent\u00e9 le robot culinaire il y a","robots":{"index":"index","follow":"follow","max-snippet":"max-snippet:-1","max-image-preview":"max-image-preview:large","max-video-preview":"max-video-preview:-1"},"canonical":"https:\/\/www.erresse-shop.it\/fr\/shop\/petits-electromenagers\/mixeurs\/magimix-power-blender-3-chrome\/","og_locale":"fr_FR","og_type":"article","og_title":"MAGIMIX Power Blender 3 Chrome","og_description":"MAGIMIX. GARANTIE ITALIENNE C'est en France, au c\u0153ur de la Bourgogne, r\u00e9gion r\u00e9put\u00e9e pour sa gastronomie, que Magimix a invent\u00e9 le robot culinaire il y a","og_url":"https:\/\/www.erresse-shop.it\/fr\/shop\/petits-electromenagers\/mixeurs\/magimix-power-blender-3-chrome\/","og_site_name":"Erresse Shop","article_modified_time":"2025-05-29T13:37:59+00:00","og_image":[{"width":1200,"height":1200,"url":"https:\/\/www.erresse-shop.it\/wp-content\/uploads\/2025\/05\/MAGIMIX-Frullatore-Power-Blender-3-Cromo.jpg","type":"image\/jpeg"}],"twitter_card":"summary_large_image","schema":{"@context":"https:\/\/schema.org","@graph":[{"@type":"WebPage","@id":"https:\/\/www.erresse-shop.it\/fr\/shop\/petits-electromenagers\/mixeurs\/magimix-power-blender-3-chrome\/","url":"https:\/\/www.erresse-shop.it\/fr\/shop\/petits-electromenagers\/mixeurs\/magimix-power-blender-3-chrome\/","name":"MAGIMIX Power Blender 3 Chrome - Erresse Shop","isPartOf":{"@id":"https:\/\/www.erresse-shop.it\/fr\/#website"},"datePublished":"2025-05-29T13:20:35+00:00","dateModified":"2025-05-29T13:37:59+00:00","description":"MAGIMIX. GARANTIE ITALIENNE C'est en France, au c\u0153ur de la Bourgogne, r\u00e9gion r\u00e9put\u00e9e pour sa gastronomie, que Magimix a invent\u00e9 le robot culinaire il y a","breadcrumb":{"@id":"https:\/\/www.erresse-shop.it\/fr\/shop\/petits-electromenagers\/mixeurs\/magimix-power-blender-3-chrome\/#breadcrumb"},"inLanguage":"fr-FR","potentialAction":[{"@type":"ReadAction","target":["https:\/\/www.erresse-shop.it\/fr\/shop\/petits-electromenagers\/mixeurs\/magimix-power-blender-3-chrome\/"]}]},{"@type":"BreadcrumbList","@id":"https:\/\/www.erresse-shop.it\/fr\/shop\/petits-electromenagers\/mixeurs\/magimix-power-blender-3-chrome\/#breadcrumb","itemListElement":[{"@type":"ListItem","position":1,"name":"Home","item":"https:\/\/www.erresse-shop.it\/fr\/"},{"@type":"ListItem","position":2,"name":"Shop","item":"https:\/\/www.erresse-shop.it\/fr\/shop\/"},{"@type":"ListItem","position":3,"name":"MAGIMIX Power Blender 3 Chrome"}]},{"@type":"WebSite","@id":"https:\/\/www.erresse-shop.it\/fr\/#website","url":"https:\/\/www.erresse-shop.it\/fr\/","name":"Erresse Shop","description":"Articoli di qualit\u00e0 per la casa","potentialAction":[{"@type":"SearchAction","target":{"@type":"EntryPoint","urlTemplate":"https:\/\/www.erresse-shop.it\/fr\/?s={search_term_string}"},"query-input":"required name=search_term_string"}],"inLanguage":"fr-FR"}]}},"df_price":162.5,"df_sale_price":162.5,"df_regular_price":250,"df_image_link":"https:\/\/www.erresse-shop.it\/wp-content\/uploads\/2025\/05\/MAGIMIX-Frullatore-Power-Blender-3-Cromo-300x300.jpg","_links":{"self":[{"href":"https:\/\/www.erresse-shop.it\/fr\/wp-json\/wp\/v2\/product\/501330"}],"collection":[{"href":"https:\/\/www.erresse-shop.it\/fr\/wp-json\/wp\/v2\/product"}],"about":[{"href":"https:\/\/www.erresse-shop.it\/fr\/wp-json\/wp\/v2\/types\/product"}],"wp:featuredmedia":[{"embeddable":true,"href":"https:\/\/www.erresse-shop.it\/fr\/wp-json\/wp\/v2\/media\/501348"}],"wp:attachment":[{"href":"https:\/\/www.erresse-shop.it\/fr\/wp-json\/wp\/v2\/media?parent=501330"}],"wp:term":[{"taxonomy":"product_cat","embeddable":true,"href":"https:\/\/www.erresse-shop.it\/fr\/wp-json\/wp\/v2\/product_cat?post=501330"},{"taxonomy":"product_tag","embeddable":true,"href":"https:\/\/www.erresse-shop.it\/fr\/wp-json\/wp\/v2\/product_tag?post=501330"}],"curies":[{"name":"wp","href":"https:\/\/api.w.org\/{rel}","templated":true}]}}