{"id":501302,"date":"2025-05-29T12:47:44","date_gmt":"2025-05-29T12:47:47","guid":{"rendered":"https:\/\/www.erresse-shop.it\/?post_type=product&#038;p=501302"},"modified":"2025-05-29T13:15:38","modified_gmt":"2025-05-29T13:15:38","slug":"quick-mill-pegaso-machine-a-cafe-expresso-manuelle-inox-copia","status":"publish","type":"product","link":"https:\/\/www.erresse-shop.it\/fr\/shop\/petits-electromenagers\/machines-cafe\/quick-mill-pegaso-machine-a-cafe-expresso-manuelle-inox-copia\/","title":{"rendered":"QUICK MILL Aquila Machine \u00e0 caf\u00e9 manuelle Inox"},"content":{"rendered":"<p>C&#8217;est la machine \u00e0 caf\u00e9 qui allie performances avanc\u00e9es et technologie de pointe. Equip\u00e9 d&#8217;une chaudi\u00e8re en acier \u00e0 double circuit, d&#8217;un contr\u00f4le \u00e9lectronique de temp\u00e9rature avec PID, d&#8217;une pompe rotative. Il peut \u00eatre connect\u00e9 directement \u00e0 l&#8217;alimentation en eau pour un fonctionnement ininterrompu.<\/p>\n<p>L&#8217;\u00e9cran OLED vous permet de r\u00e9gler facilement la temp\u00e9rature, de programmer la pr\u00e9-infusion et d&#8217;activer le mode veille et le mode \u00e9co. Aquila comprend un manom\u00e8tre \u00e0 double \u00e9chelle et des robinets \u00e0 levier.<\/p>\n<div id=\"container-product-cars-1\" class=\"editore-element Elementor-element-4e1078d e-con-full e-flex e-con e-child fondu d'entr\u00e9e anim\u00e9\" data-id=\"4e1078d\" data-element_type=\"container\" data-settings=\"{&quot;animation&quot;:&quot;fadeIn&quot;,&quot;animation_delay&quot;:300}\">\n<div id=\"cs-product-car1\" class=\"elementor-element Elementor-element-3cd0213 e-con-full e-flex e-con e-child\" data-id=\"3cd0213\" data-element_type=\"container\">\n<div id=\"cs-product-cars__title1\" class=\"editorer-element Elementor-element-c8c960a \u200b\u200b\u200b\u200b\u200b\u200bcs-product-cars__title Elementor-widget elementor-widget-heading\" data-id=\"c8c960a\" data-element_type=\"widget\" data-widget_type=\"heading.default\">\n<div class=\"elementor-widget-container\">\n<div id=\"container-product-cars-1\" class=\"editore-element Elementor-element-4e1078d e-con-full e-flex e-con e-child fondu d'entr\u00e9e anim\u00e9\" data-id=\"4e1078d\" data-element_type=\"container\" data-settings=\"{&quot;animation&quot;:&quot;fadeIn&quot;,&quot;animation_delay&quot;:300}\">\n<div id=\"cs-product-car1\" class=\"elementor-element Elementor-element-3cd0213 e-con-full e-flex e-con e-child\" data-id=\"3cd0213\" data-element_type=\"container\">\n<div id=\"cs-product-cars__title1\" class=\"aiutor-element Elementor-element-c8c960a \u200b\u200b\u200b\u200b\u200b\u200bcs-product-cars__title Elementor-widget Elementor-widget-heading\" data-id=\"c8c960a\" data-element_type=\"widget\" data-widget_type=\"heading.default\">\n<div class=\"elementor-widget-container\">\n<h4 class=\"elementor-heading-title elementor-size-default\">Contr\u00f4le PID<\/h4>\n<\/div>\n<\/div>\n<div class=\"elementor-element Elementor-element-f7549b2 Elementor-widget__width-initial cs-product-cars__text Elementor-Widget Elementor-widget-text-editor\" data-id=\"f7549b2\" data-element_type=\"widget\" data-widget_type=\"text-editor.default\">\n<div class=\"elementor-widget-container\">Permet de contr\u00f4ler et de r\u00e9guler \u00e9lectroniquement les temp\u00e9ratures<\/div>\n<\/div>\n<\/div>\n<\/div>\n<div id=\"container-product-cars-2\" class=\"editore-element Elementor-element-8dfafc1 e-con-full e-flex e-con e-child fondu d'entr\u00e9e anim\u00e9\" data-id=\"8dfafc1\" data-element_type=\"container\" data-settings=\"{&quot;animation&quot;:&quot;fadeIn&quot;,&quot;animation_delay&quot;:600}\">\n<div class=\"Elementor-element Elementor-element-648628a e-con-full e-flex e-con e-child\" data-id=\"648628a\" data-element_type=\"container\">\n<div id=\"cs-product-cars__title2\" class=\"editorer-element Elementor-element-79b0b34 cs-product-cars__title Elementor-widget Elementor-widget-heading\" data-id=\"79b0b34\" data-element_type=\"widget\" data-widget_type=\"heading.default\">\n<div class=\"elementor-widget-container\">\n<h4 class=\"elementor-heading-title Elementor-size-default\">Pompe rotative<\/h4>\n<\/div>\n<\/div>\n<div class=\"elementor-element Elementor-element-c54ce3b Elementor-widget__width-initial cs-product-cars__text Elementor-Widget Elementor-widget-text-editor\" data-id=\"c54ce3b\" data-element_type=\"widget\" data-widget_type=\"text-editor.default\">\n<div class=\"elementor-widget-container\">Il vous offre une qualit\u00e9 d&#8217;extraction \u00e9lev\u00e9e et un plus grand silence<\/div>\n<\/div>\n<\/div>\n<\/div>\n<div id=\"container-product-cars-3\" class=\"editore-element Elementor-element-20d9d12 e-con-full e-flex e-con e-child fondu d'entr\u00e9e anim\u00e9\" data-id=\"20d9d12\" data-element_type=\"container\" data-settings=\"{&quot;animation&quot;:&quot;fadeIn&quot;,&quot;animation_delay&quot;:900}\">\n<div class=\"Elementor-element Elementor-element-8374da8 e-con-full e-flex e-con e-child\" data-id=\"8374da8\" data-element_type=\"container\">\n<div id=\"cs-product-cars__title3\" class=\"elementor-element Elementor-element-963196d cs-product-cars__title Elementor-widget Elementor-widget-heading\" data-id=\"963196d\" data-element_type=\"widget\" data-widget_type=\"heading.default\">\n<div class=\"elementor-widget-container\">\n<h4 class=\"Elementor-heading-title Elementor-size-default\">Pr\u00e9paration de la connexion maill\u00e9e<\/h4>\n<\/div>\n<\/div>\n<div class=\"elementor-element Elementor-element-3872445 Elementor-widget__width-initial cs-product-cars__text Elementor-Widget Elementor-widget-text-editor\" data-id=\"3872445\" data-element_type=\"widget\" data-widget_type=\"text-editor.default\">\n<div class=\"elementor-widget-container\">Vous pouvez facilement le connecter \u00e0 l&#8217;alimentation en eau pour un fonctionnement ininterrompu<\/div>\n<\/div>\n<\/div>\n<\/div>\n<\/div>\n<\/div>\n<\/div>\n<\/div>\n<p><strong><span style=\"font-size: 14pt;\">Caract\u00e9ristiques techniques\u00a0:<\/span><\/strong><\/p>\n<ul>\n<li>Conception en acier inoxydable<\/li>\n<li>Chaudi\u00e8re HX isol\u00e9e en acier inoxydable de 1,8\u00a0L<\/li>\n<li>Pompe rotative<\/li>\n<li>Contr\u00f4le et r\u00e9gulation \u00e9lectroniques de la temp\u00e9rature (contr\u00f4le PID)<\/li>\n<li>\u00c9cran OLED pour visualiser les param\u00e8tres tels que\u00a0: temp\u00e9ratures, temps d&#8217;extraction, manque d&#8217;eau<\/li>\n<li>Temps de pr\u00e9-infusion programmable<\/li>\n<li>Mode veille programmable<\/li>\n<li>Mode \u00c9co programmable<\/li>\n<li>Manom\u00e8tre \u00e0 double \u00e9chelle<\/li>\n<li>Remplissage automatique de la chaudi\u00e8re avec sonde de niveau \u00e9lectronique<\/li>\n<li>Capteur magn\u00e9tique de manque d&#8217;eau dans la cuve<\/li>\n<li>Buse vapeur pivotante anti-br\u00fblure en acier inoxydable<\/li>\n<li>Buse vapeur pivotante anti-br\u00fblure en acier inoxydable Acier<\/li>\n<li>Robinets \u00e0 levier<\/li>\n<li>R\u00e9servoir d&#8217;eau 3 L<\/li>\n<li>Dimensions L 308 x P 482 x H 363 mm<\/li>\n<li>Poids 20 kg<\/li>\n<\/ul>\n","protected":false},"excerpt":{"rendered":"<p>C&#8217;est la machine \u00e0 caf\u00e9 qui allie performances avanc\u00e9es et technologie de pointe. Equip\u00e9 d&#8217;une chaudi\u00e8re en acier \u00e0 double<\/p>\n","protected":false},"featured_media":501321,"template":"","meta":{"_acf_changed":false,"inline_featured_image":false},"product_cat":[12764,12449],"product_tag":[23563,25021,12950],"acf":[],"yoast_head":"<!-- This site is optimized with the Yoast SEO Premium plugin v18.6 (Yoast SEO v19.13) - https:\/\/yoast.com\/wordpress\/plugins\/seo\/ -->\n<title>QUICK MILL Aquila Machine \u00e0 caf\u00e9 manuelle Inox - Erresse Shop<\/title>\n<meta name=\"description\" content=\"C&#039;est la machine \u00e0 caf\u00e9 qui allie performances avanc\u00e9es et technologie de pointe. Equip\u00e9 d&#039;une chaudi\u00e8re en acier \u00e0 double circuit, d&#039;un contr\u00f4le\" \/>\n<meta name=\"robots\" content=\"index, follow, max-snippet:-1, max-image-preview:large, max-video-preview:-1\" \/>\n<link rel=\"canonical\" href=\"https:\/\/www.erresse-shop.it\/fr\/shop\/petits-electromenagers\/machines-cafe\/quick-mill-pegaso-machine-a-cafe-expresso-manuelle-inox-copia\/\" \/>\n<meta property=\"og:locale\" content=\"fr_FR\" \/>\n<meta property=\"og:type\" content=\"article\" \/>\n<meta property=\"og:title\" content=\"QUICK MILL Aquila Machine \u00e0 caf\u00e9 manuelle Inox\" \/>\n<meta property=\"og:description\" content=\"C&#039;est la machine \u00e0 caf\u00e9 qui allie performances avanc\u00e9es et technologie de pointe. Equip\u00e9 d&#039;une chaudi\u00e8re en acier \u00e0 double circuit, d&#039;un contr\u00f4le\" \/>\n<meta property=\"og:url\" content=\"https:\/\/www.erresse-shop.it\/fr\/shop\/petits-electromenagers\/machines-cafe\/quick-mill-pegaso-machine-a-cafe-expresso-manuelle-inox-copia\/\" \/>\n<meta property=\"og:site_name\" content=\"Erresse Shop\" \/>\n<meta property=\"article:modified_time\" content=\"2025-05-29T13:15:38+00:00\" \/>\n<meta property=\"og:image\" content=\"https:\/\/www.erresse-shop.it\/wp-content\/uploads\/2025\/05\/QUICK-MILL-Aquila-Macchina-da-Caffe-Inox.jpg\" \/>\n\t<meta property=\"og:image:width\" content=\"1200\" \/>\n\t<meta property=\"og:image:height\" content=\"1200\" \/>\n\t<meta property=\"og:image:type\" content=\"image\/jpeg\" \/>\n<meta name=\"twitter:card\" content=\"summary_large_image\" \/>\n<script type=\"application\/ld+json\" class=\"yoast-schema-graph\">{\"@context\":\"https:\/\/schema.org\",\"@graph\":[{\"@type\":\"WebPage\",\"@id\":\"https:\/\/www.erresse-shop.it\/fr\/shop\/petits-electromenagers\/machines-cafe\/quick-mill-pegaso-machine-a-cafe-expresso-manuelle-inox-copia\/\",\"url\":\"https:\/\/www.erresse-shop.it\/fr\/shop\/petits-electromenagers\/machines-cafe\/quick-mill-pegaso-machine-a-cafe-expresso-manuelle-inox-copia\/\",\"name\":\"QUICK MILL Aquila Machine \u00e0 caf\u00e9 manuelle Inox - Erresse Shop\",\"isPartOf\":{\"@id\":\"https:\/\/www.erresse-shop.it\/fr\/#website\"},\"datePublished\":\"2025-05-29T12:47:47+00:00\",\"dateModified\":\"2025-05-29T13:15:38+00:00\",\"description\":\"C'est la machine \u00e0 caf\u00e9 qui allie performances avanc\u00e9es et technologie de pointe. Equip\u00e9 d'une chaudi\u00e8re en acier \u00e0 double circuit, d'un contr\u00f4le\",\"breadcrumb\":{\"@id\":\"https:\/\/www.erresse-shop.it\/fr\/shop\/petits-electromenagers\/machines-cafe\/quick-mill-pegaso-machine-a-cafe-expresso-manuelle-inox-copia\/#breadcrumb\"},\"inLanguage\":\"fr-FR\",\"potentialAction\":[{\"@type\":\"ReadAction\",\"target\":[\"https:\/\/www.erresse-shop.it\/fr\/shop\/petits-electromenagers\/machines-cafe\/quick-mill-pegaso-machine-a-cafe-expresso-manuelle-inox-copia\/\"]}]},{\"@type\":\"BreadcrumbList\",\"@id\":\"https:\/\/www.erresse-shop.it\/fr\/shop\/petits-electromenagers\/machines-cafe\/quick-mill-pegaso-machine-a-cafe-expresso-manuelle-inox-copia\/#breadcrumb\",\"itemListElement\":[{\"@type\":\"ListItem\",\"position\":1,\"name\":\"Home\",\"item\":\"https:\/\/www.erresse-shop.it\/fr\/\"},{\"@type\":\"ListItem\",\"position\":2,\"name\":\"Shop\",\"item\":\"https:\/\/www.erresse-shop.it\/fr\/shop\/\"},{\"@type\":\"ListItem\",\"position\":3,\"name\":\"QUICK MILL Aquila Machine \u00e0 caf\u00e9 manuelle Inox\"}]},{\"@type\":\"WebSite\",\"@id\":\"https:\/\/www.erresse-shop.it\/fr\/#website\",\"url\":\"https:\/\/www.erresse-shop.it\/fr\/\",\"name\":\"Erresse Shop\",\"description\":\"Articoli di qualit\u00e0 per la casa\",\"potentialAction\":[{\"@type\":\"SearchAction\",\"target\":{\"@type\":\"EntryPoint\",\"urlTemplate\":\"https:\/\/www.erresse-shop.it\/fr\/?s={search_term_string}\"},\"query-input\":\"required name=search_term_string\"}],\"inLanguage\":\"fr-FR\"}]}<\/script>\n<!-- \/ Yoast SEO Premium plugin. -->","yoast_head_json":{"title":"QUICK MILL Aquila Machine \u00e0 caf\u00e9 manuelle Inox - Erresse Shop","description":"C'est la machine \u00e0 caf\u00e9 qui allie performances avanc\u00e9es et technologie de pointe. Equip\u00e9 d'une chaudi\u00e8re en acier \u00e0 double circuit, d'un contr\u00f4le","robots":{"index":"index","follow":"follow","max-snippet":"max-snippet:-1","max-image-preview":"max-image-preview:large","max-video-preview":"max-video-preview:-1"},"canonical":"https:\/\/www.erresse-shop.it\/fr\/shop\/petits-electromenagers\/machines-cafe\/quick-mill-pegaso-machine-a-cafe-expresso-manuelle-inox-copia\/","og_locale":"fr_FR","og_type":"article","og_title":"QUICK MILL Aquila Machine \u00e0 caf\u00e9 manuelle Inox","og_description":"C'est la machine \u00e0 caf\u00e9 qui allie performances avanc\u00e9es et technologie de pointe. Equip\u00e9 d'une chaudi\u00e8re en acier \u00e0 double circuit, d'un contr\u00f4le","og_url":"https:\/\/www.erresse-shop.it\/fr\/shop\/petits-electromenagers\/machines-cafe\/quick-mill-pegaso-machine-a-cafe-expresso-manuelle-inox-copia\/","og_site_name":"Erresse Shop","article_modified_time":"2025-05-29T13:15:38+00:00","og_image":[{"width":1200,"height":1200,"url":"https:\/\/www.erresse-shop.it\/wp-content\/uploads\/2025\/05\/QUICK-MILL-Aquila-Macchina-da-Caffe-Inox.jpg","type":"image\/jpeg"}],"twitter_card":"summary_large_image","schema":{"@context":"https:\/\/schema.org","@graph":[{"@type":"WebPage","@id":"https:\/\/www.erresse-shop.it\/fr\/shop\/petits-electromenagers\/machines-cafe\/quick-mill-pegaso-machine-a-cafe-expresso-manuelle-inox-copia\/","url":"https:\/\/www.erresse-shop.it\/fr\/shop\/petits-electromenagers\/machines-cafe\/quick-mill-pegaso-machine-a-cafe-expresso-manuelle-inox-copia\/","name":"QUICK MILL Aquila Machine \u00e0 caf\u00e9 manuelle Inox - Erresse Shop","isPartOf":{"@id":"https:\/\/www.erresse-shop.it\/fr\/#website"},"datePublished":"2025-05-29T12:47:47+00:00","dateModified":"2025-05-29T13:15:38+00:00","description":"C'est la machine \u00e0 caf\u00e9 qui allie performances avanc\u00e9es et technologie de pointe. Equip\u00e9 d'une chaudi\u00e8re en acier \u00e0 double circuit, d'un contr\u00f4le","breadcrumb":{"@id":"https:\/\/www.erresse-shop.it\/fr\/shop\/petits-electromenagers\/machines-cafe\/quick-mill-pegaso-machine-a-cafe-expresso-manuelle-inox-copia\/#breadcrumb"},"inLanguage":"fr-FR","potentialAction":[{"@type":"ReadAction","target":["https:\/\/www.erresse-shop.it\/fr\/shop\/petits-electromenagers\/machines-cafe\/quick-mill-pegaso-machine-a-cafe-expresso-manuelle-inox-copia\/"]}]},{"@type":"BreadcrumbList","@id":"https:\/\/www.erresse-shop.it\/fr\/shop\/petits-electromenagers\/machines-cafe\/quick-mill-pegaso-machine-a-cafe-expresso-manuelle-inox-copia\/#breadcrumb","itemListElement":[{"@type":"ListItem","position":1,"name":"Home","item":"https:\/\/www.erresse-shop.it\/fr\/"},{"@type":"ListItem","position":2,"name":"Shop","item":"https:\/\/www.erresse-shop.it\/fr\/shop\/"},{"@type":"ListItem","position":3,"name":"QUICK MILL Aquila Machine \u00e0 caf\u00e9 manuelle Inox"}]},{"@type":"WebSite","@id":"https:\/\/www.erresse-shop.it\/fr\/#website","url":"https:\/\/www.erresse-shop.it\/fr\/","name":"Erresse Shop","description":"Articoli di qualit\u00e0 per la casa","potentialAction":[{"@type":"SearchAction","target":{"@type":"EntryPoint","urlTemplate":"https:\/\/www.erresse-shop.it\/fr\/?s={search_term_string}"},"query-input":"required name=search_term_string"}],"inLanguage":"fr-FR"}]}},"df_price":1995.95,"df_sale_price":1995.95,"df_regular_price":2049,"df_image_link":"https:\/\/www.erresse-shop.it\/wp-content\/uploads\/2025\/05\/QUICK-MILL-Aquila-Macchina-da-Caffe-Inox-300x300.jpg","_links":{"self":[{"href":"https:\/\/www.erresse-shop.it\/fr\/wp-json\/wp\/v2\/product\/501302"}],"collection":[{"href":"https:\/\/www.erresse-shop.it\/fr\/wp-json\/wp\/v2\/product"}],"about":[{"href":"https:\/\/www.erresse-shop.it\/fr\/wp-json\/wp\/v2\/types\/product"}],"wp:featuredmedia":[{"embeddable":true,"href":"https:\/\/www.erresse-shop.it\/fr\/wp-json\/wp\/v2\/media\/501321"}],"wp:attachment":[{"href":"https:\/\/www.erresse-shop.it\/fr\/wp-json\/wp\/v2\/media?parent=501302"}],"wp:term":[{"taxonomy":"product_cat","embeddable":true,"href":"https:\/\/www.erresse-shop.it\/fr\/wp-json\/wp\/v2\/product_cat?post=501302"},{"taxonomy":"product_tag","embeddable":true,"href":"https:\/\/www.erresse-shop.it\/fr\/wp-json\/wp\/v2\/product_tag?post=501302"}],"curies":[{"name":"wp","href":"https:\/\/api.w.org\/{rel}","templated":true}]}}