{"id":501189,"date":"2025-05-29T06:01:05","date_gmt":"2025-05-29T06:01:10","guid":{"rendered":"https:\/\/www.erresse-shop.it\/?post_type=product&#038;p=501189"},"modified":"2026-01-30T10:39:50","modified_gmt":"2026-01-30T10:39:50","slug":"jura-machine-a-cafe-j8-piano-white","status":"publish","type":"product","link":"https:\/\/www.erresse-shop.it\/fr\/shop\/petits-electromenagers\/machines-cafe\/automatique\/jura-machine-a-cafe-j8-piano-white\/","title":{"rendered":"JURA Machine \u00e0 caf\u00e9 J8 Piano White"},"content":{"rendered":"<h3><span style=\"font-size: 14pt;\">J8 pour les sp\u00e9cialit\u00e9s de caf\u00e9 \u2013 \u00e9galement avec mousse de lait sucr\u00e9e<\/span><\/h3>\n<p>La nouvelle g\u00e9n\u00e9ration de la c\u00e9l\u00e8bre gamme J int\u00e8gre une s\u00e9rie d&#8217;innovations technologiques pour un plaisir du caf\u00e9 encore plus parfait. Outre toute la gamme de caf\u00e9s classiques, la J8 propose d\u00e9sormais encore plus de sp\u00e9cialit\u00e9s.<\/p>\n<h3><span style=\"font-size: 14pt;\">Fonction Mousse Sucr\u00e9e \u2013 la nouvelle fronti\u00e8re du plaisir<\/span><\/h3>\n<p>Le secret de la haute cuisine r\u00e9side dans l&#8217;utilisation d&#8217;ingr\u00e9dients frais et purs, pr\u00e9par\u00e9s avec brio. Il en va de m\u00eame pour les sp\u00e9cialit\u00e9s de caf\u00e9 exceptionnelles. La nouvelle fonction Mousse Sucr\u00e9e aromatise la mousse de lait pendant la pr\u00e9paration gr\u00e2ce \u00e0 l&#8217;accessoire sirop correspondant, offrant ainsi une toute nouvelle dimension de plaisir. En s\u00e9lectionnant et en dosant le sirop utilis\u00e9, l&#8217;ar\u00f4me et l&#8217;intensit\u00e9 peuvent \u00eatre ajust\u00e9s avec pr\u00e9cision aux pr\u00e9f\u00e9rences de chacun. Ainsi, la J8 pr\u00e9pare \u00e9galement de d\u00e9licieuses sp\u00e9cialit\u00e9s tendance comme le Sweet Latte, d&#8217;une simple pression sur un bouton.<\/p>\n<h3><span style=\"font-size: 14pt;\">Coffee Eye \u2013 un capteur de tasse intelligent<\/span><\/h3>\n<p>Que vous pr\u00e9pariez un classique avec l&#8217;\u00e9coulement central du caf\u00e9 ou une sp\u00e9cialit\u00e9 enrichie de lait et de mousse de lait avec l&#8217;\u00e9coulement du cappuccino, la Coffee Eye vous simplifie la vie. Le capteur intelligent d\u00e9tecte la position de la tasse et ajuste automatiquement la s\u00e9lection de sp\u00e9cialit\u00e9s sur l&#8217;\u00e9cran. Pour une utilisation encore plus simple et intuitive.<\/p>\n<h3><span style=\"font-size: 14pt;\">P.A.G.2+ \u2013 Haute technologie pour un ar\u00f4me exceptionnel<\/span><\/h3>\n<p>Le moulin \u00e0 caf\u00e9 P.A.G.2+ est unique en son genre. Son design sonore inspir\u00e9 de la Formule 1 en t\u00e9moigne. Le contr\u00f4le des ar\u00f4mes permet de contr\u00f4ler activement le degr\u00e9 de mouture et garantit un r\u00e9sultat toujours excellent. Selon le produit s\u00e9lectionn\u00e9, la machine automatique recommande un degr\u00e9 de mouture \u00ab\u00a0moyen\u00a0\u00bb ou \u00ab\u00a0fort\u00a0\u00bb. Cela permet de contr\u00f4ler l&#8217;ar\u00f4me dans la tasse. Les niveaux de mouture peuvent \u00eatre modifi\u00e9s \u00e0 tout moment, mais avant et apr\u00e8s la pr\u00e9paration, la P.A.G.2+ reste en veille, ce qui la prot\u00e8ge pendant toute sa dur\u00e9e de vie. Ainsi, cette machine \u00e0 caf\u00e9 enti\u00e8rement automatique pour caf\u00e9s de sp\u00e9cialit\u00e9 garantit un plaisir parfait et haut de gamme encore plus longtemps.<\/p>\n<h3><span style=\"font-size: 14pt;\">Design complet \u2013 L&#8217;expression d&#8217;un savoir-faire exceptionnel<\/span><\/h3>\n<p>L&#8217;esth\u00e9tique de la J8 se caract\u00e9rise par des lignes \u00e9pur\u00e9es et sym\u00e9triques. Les normes de construction les plus strictes et la pr\u00e9cision extr\u00eame de la fabrication sont l&#8217;expression de la qualit\u00e9 et du savoir-faire. La nouvelle interpr\u00e9tation de ce design polyvalent, prim\u00e9 \u00e0 l&#8217;\u00e9chelle internationale, impressionne par son souci du d\u00e9tail. L&#8217;accent mis sur les grains de caf\u00e9 frais, l&#8217;interface utilisateur attrayante, l&#8217;\u00e9clairage intelligent de la sp\u00e9cialit\u00e9 parfum\u00e9e\u00a0: tout s&#8217;harmonise et t\u00e9moigne de la sup\u00e9riorit\u00e9 de cette machine enti\u00e8rement automatique de haute qualit\u00e9.<\/p>\n<h3><span style=\"font-size: 14pt;\"> Sp\u00e9cialit\u00e9s disponibles (31 au total)<\/span><\/h3>\n<ul>\n<li>Espresso, 2 expressos, Caff\u00e8, 2 caf\u00e9s, Americano, Lungo<\/li>\n<li>Cortado, Cortado doux, Espresso macchiato, Espresso macchiato doux<\/li>\n<li>Cappuccino, Cappuccino doux, Cappuccino Extra Shot<\/li>\n<li>Flat White (\u00e9galement disponible en version sucr\u00e9e et Extra Shot)<\/li>\n<li>Caffelatte, Latte macchiato, versions sucr\u00e9es, Extra Shot<\/li>\n<li>Portion de lait ou mousse (\u00e9galement disponible en version sucr\u00e9e)<\/li>\n<li>Eau chaude et pour th\u00e9 vert<\/li>\n<\/ul>\n<h3><span style=\"font-size: 14pt;\">Technologie et fonctions avanc\u00e9es<\/span><\/h3>\n<ul>\n<li>Moulin \u00e0 caf\u00e9 P.A.G.2+\u00a0: mouture pr\u00e9cise et silencieuse<\/li>\n<li>Proc\u00e9d\u00e9 d&#8217;extraction par impulsions (P.E.P.\u00ae)\u00a0: rehausse les ar\u00f4mes<\/li>\n<li>Fonction Mousse Douce\u00a0: cr\u00e9e une mousse au go\u00fbt sucr\u00e9<\/li>\n<li>Contr\u00f4le actif des grains + Coffee Eye\u00a0: reconnaissance de la tasse<\/li>\n<li>Wi-Fi int\u00e9gr\u00e9 + Compatible avec l&#8217;application J.O.E.\u00ae<\/li>\n<li>\u00c9cran tactile couleur 4,3&#8243;<\/li>\n<li>Programmation personnalis\u00e9e\u00a0: intensit\u00e9 (10 niveaux), temp\u00e9rature (3 niveaux), quantit\u00e9 de lait et de caf\u00e9<\/li>\n<\/ul>\n<h3><span style=\"font-size: 14pt;\">Caract\u00e9ristiques techniques<\/span><\/h3>\n<ul>\n<li>Capacit\u00e9 en eau\u00a0: 1,9\u00a0L<\/li>\n<li>Capacit\u00e9 en grains\u00a0: 280\u00a0g<\/li>\n<li>R\u00e9cipient \u00e0 marc\u00a0: 16\u00a0portions<\/li>\n<li>Dimensions\u00a0: 31,8\u00a0\u00d7\u00a034,8\u00a0\u00d7\u00a044,6\u00a0cm<\/li>\n<li>Poids\u00a0: 10,2\u00a0kg<\/li>\n<li>Puissance\u00a0: 1450\u00a0W (230\u00a0V)<\/li>\n<\/ul>\n<p><strong>Fabriqu\u00e9 en Suisse<\/strong><br \/>\n<strong>Ann\u00e9e mod\u00e8le\u00a0:<\/strong> 2022<\/p>\n","protected":false},"excerpt":{"rendered":"<p>J8 pour les sp\u00e9cialit\u00e9s de caf\u00e9 \u2013 \u00e9galement avec mousse de lait sucr\u00e9e La nouvelle g\u00e9n\u00e9ration de la c\u00e9l\u00e8bre gamme<\/p>\n","protected":false},"featured_media":501253,"template":"","meta":{"_acf_changed":false,"inline_featured_image":false},"product_cat":[25360,12764,12449],"product_tag":[23563,20780,13254,23568],"acf":[],"yoast_head":"<!-- This site is optimized with the Yoast SEO Premium plugin v18.6 (Yoast SEO v19.13) - https:\/\/yoast.com\/wordpress\/plugins\/seo\/ -->\n<title>JURA Machine \u00e0 caf\u00e9 J8 Piano White - Erresse Shop<\/title>\n<meta name=\"description\" content=\"J8 pour les sp\u00e9cialit\u00e9s de caf\u00e9 \u2013 \u00e9galement avec mousse de lait sucr\u00e9e La nouvelle g\u00e9n\u00e9ration de la c\u00e9l\u00e8bre gamme J int\u00e8gre une s\u00e9rie d&#039;innovations\" \/>\n<meta name=\"robots\" content=\"index, follow, max-snippet:-1, max-image-preview:large, max-video-preview:-1\" \/>\n<link rel=\"canonical\" href=\"https:\/\/www.erresse-shop.it\/fr\/shop\/petits-electromenagers\/machines-cafe\/automatique\/jura-machine-a-cafe-j8-piano-white\/\" \/>\n<meta property=\"og:locale\" content=\"fr_FR\" \/>\n<meta property=\"og:type\" content=\"article\" \/>\n<meta property=\"og:title\" content=\"JURA Machine \u00e0 caf\u00e9 J8 Piano White\" \/>\n<meta property=\"og:description\" content=\"J8 pour les sp\u00e9cialit\u00e9s de caf\u00e9 \u2013 \u00e9galement avec mousse de lait sucr\u00e9e La nouvelle g\u00e9n\u00e9ration de la c\u00e9l\u00e8bre gamme J int\u00e8gre une s\u00e9rie d&#039;innovations\" \/>\n<meta property=\"og:url\" content=\"https:\/\/www.erresse-shop.it\/fr\/shop\/petits-electromenagers\/machines-cafe\/automatique\/jura-machine-a-cafe-j8-piano-white\/\" \/>\n<meta property=\"og:site_name\" content=\"Erresse Shop\" \/>\n<meta property=\"article:modified_time\" content=\"2026-01-30T10:39:50+00:00\" \/>\n<meta property=\"og:image\" content=\"https:\/\/www.erresse-shop.it\/wp-content\/uploads\/2025\/05\/JURA-Macchina-Da-Caffe-J8-Piano-White.jpg\" \/>\n\t<meta property=\"og:image:width\" content=\"1200\" \/>\n\t<meta property=\"og:image:height\" content=\"1200\" \/>\n\t<meta property=\"og:image:type\" content=\"image\/jpeg\" \/>\n<meta name=\"twitter:card\" content=\"summary_large_image\" \/>\n<script type=\"application\/ld+json\" class=\"yoast-schema-graph\">{\"@context\":\"https:\/\/schema.org\",\"@graph\":[{\"@type\":\"WebPage\",\"@id\":\"https:\/\/www.erresse-shop.it\/fr\/shop\/petits-electromenagers\/machines-cafe\/automatique\/jura-machine-a-cafe-j8-piano-white\/\",\"url\":\"https:\/\/www.erresse-shop.it\/fr\/shop\/petits-electromenagers\/machines-cafe\/automatique\/jura-machine-a-cafe-j8-piano-white\/\",\"name\":\"JURA Machine \u00e0 caf\u00e9 J8 Piano White - Erresse Shop\",\"isPartOf\":{\"@id\":\"https:\/\/www.erresse-shop.it\/fr\/#website\"},\"datePublished\":\"2025-05-29T06:01:10+00:00\",\"dateModified\":\"2026-01-30T10:39:50+00:00\",\"description\":\"J8 pour les sp\u00e9cialit\u00e9s de caf\u00e9 \u2013 \u00e9galement avec mousse de lait sucr\u00e9e La nouvelle g\u00e9n\u00e9ration de la c\u00e9l\u00e8bre gamme J int\u00e8gre une s\u00e9rie d'innovations\",\"breadcrumb\":{\"@id\":\"https:\/\/www.erresse-shop.it\/fr\/shop\/petits-electromenagers\/machines-cafe\/automatique\/jura-machine-a-cafe-j8-piano-white\/#breadcrumb\"},\"inLanguage\":\"fr-FR\",\"potentialAction\":[{\"@type\":\"ReadAction\",\"target\":[\"https:\/\/www.erresse-shop.it\/fr\/shop\/petits-electromenagers\/machines-cafe\/automatique\/jura-machine-a-cafe-j8-piano-white\/\"]}]},{\"@type\":\"BreadcrumbList\",\"@id\":\"https:\/\/www.erresse-shop.it\/fr\/shop\/petits-electromenagers\/machines-cafe\/automatique\/jura-machine-a-cafe-j8-piano-white\/#breadcrumb\",\"itemListElement\":[{\"@type\":\"ListItem\",\"position\":1,\"name\":\"Home\",\"item\":\"https:\/\/www.erresse-shop.it\/fr\/\"},{\"@type\":\"ListItem\",\"position\":2,\"name\":\"Shop\",\"item\":\"https:\/\/www.erresse-shop.it\/fr\/shop\/\"},{\"@type\":\"ListItem\",\"position\":3,\"name\":\"JURA Machine \u00e0 caf\u00e9 J8 Piano White\"}]},{\"@type\":\"WebSite\",\"@id\":\"https:\/\/www.erresse-shop.it\/fr\/#website\",\"url\":\"https:\/\/www.erresse-shop.it\/fr\/\",\"name\":\"Erresse Shop\",\"description\":\"Articoli di qualit\u00e0 per la casa\",\"potentialAction\":[{\"@type\":\"SearchAction\",\"target\":{\"@type\":\"EntryPoint\",\"urlTemplate\":\"https:\/\/www.erresse-shop.it\/fr\/?s={search_term_string}\"},\"query-input\":\"required name=search_term_string\"}],\"inLanguage\":\"fr-FR\"}]}<\/script>\n<!-- \/ Yoast SEO Premium plugin. -->","yoast_head_json":{"title":"JURA Machine \u00e0 caf\u00e9 J8 Piano White - Erresse Shop","description":"J8 pour les sp\u00e9cialit\u00e9s de caf\u00e9 \u2013 \u00e9galement avec mousse de lait sucr\u00e9e La nouvelle g\u00e9n\u00e9ration de la c\u00e9l\u00e8bre gamme J int\u00e8gre une s\u00e9rie d'innovations","robots":{"index":"index","follow":"follow","max-snippet":"max-snippet:-1","max-image-preview":"max-image-preview:large","max-video-preview":"max-video-preview:-1"},"canonical":"https:\/\/www.erresse-shop.it\/fr\/shop\/petits-electromenagers\/machines-cafe\/automatique\/jura-machine-a-cafe-j8-piano-white\/","og_locale":"fr_FR","og_type":"article","og_title":"JURA Machine \u00e0 caf\u00e9 J8 Piano White","og_description":"J8 pour les sp\u00e9cialit\u00e9s de caf\u00e9 \u2013 \u00e9galement avec mousse de lait sucr\u00e9e La nouvelle g\u00e9n\u00e9ration de la c\u00e9l\u00e8bre gamme J int\u00e8gre une s\u00e9rie d'innovations","og_url":"https:\/\/www.erresse-shop.it\/fr\/shop\/petits-electromenagers\/machines-cafe\/automatique\/jura-machine-a-cafe-j8-piano-white\/","og_site_name":"Erresse Shop","article_modified_time":"2026-01-30T10:39:50+00:00","og_image":[{"width":1200,"height":1200,"url":"https:\/\/www.erresse-shop.it\/wp-content\/uploads\/2025\/05\/JURA-Macchina-Da-Caffe-J8-Piano-White.jpg","type":"image\/jpeg"}],"twitter_card":"summary_large_image","schema":{"@context":"https:\/\/schema.org","@graph":[{"@type":"WebPage","@id":"https:\/\/www.erresse-shop.it\/fr\/shop\/petits-electromenagers\/machines-cafe\/automatique\/jura-machine-a-cafe-j8-piano-white\/","url":"https:\/\/www.erresse-shop.it\/fr\/shop\/petits-electromenagers\/machines-cafe\/automatique\/jura-machine-a-cafe-j8-piano-white\/","name":"JURA Machine \u00e0 caf\u00e9 J8 Piano White - Erresse Shop","isPartOf":{"@id":"https:\/\/www.erresse-shop.it\/fr\/#website"},"datePublished":"2025-05-29T06:01:10+00:00","dateModified":"2026-01-30T10:39:50+00:00","description":"J8 pour les sp\u00e9cialit\u00e9s de caf\u00e9 \u2013 \u00e9galement avec mousse de lait sucr\u00e9e La nouvelle g\u00e9n\u00e9ration de la c\u00e9l\u00e8bre gamme J int\u00e8gre une s\u00e9rie d'innovations","breadcrumb":{"@id":"https:\/\/www.erresse-shop.it\/fr\/shop\/petits-electromenagers\/machines-cafe\/automatique\/jura-machine-a-cafe-j8-piano-white\/#breadcrumb"},"inLanguage":"fr-FR","potentialAction":[{"@type":"ReadAction","target":["https:\/\/www.erresse-shop.it\/fr\/shop\/petits-electromenagers\/machines-cafe\/automatique\/jura-machine-a-cafe-j8-piano-white\/"]}]},{"@type":"BreadcrumbList","@id":"https:\/\/www.erresse-shop.it\/fr\/shop\/petits-electromenagers\/machines-cafe\/automatique\/jura-machine-a-cafe-j8-piano-white\/#breadcrumb","itemListElement":[{"@type":"ListItem","position":1,"name":"Home","item":"https:\/\/www.erresse-shop.it\/fr\/"},{"@type":"ListItem","position":2,"name":"Shop","item":"https:\/\/www.erresse-shop.it\/fr\/shop\/"},{"@type":"ListItem","position":3,"name":"JURA Machine \u00e0 caf\u00e9 J8 Piano White"}]},{"@type":"WebSite","@id":"https:\/\/www.erresse-shop.it\/fr\/#website","url":"https:\/\/www.erresse-shop.it\/fr\/","name":"Erresse Shop","description":"Articoli di qualit\u00e0 per la casa","potentialAction":[{"@type":"SearchAction","target":{"@type":"EntryPoint","urlTemplate":"https:\/\/www.erresse-shop.it\/fr\/?s={search_term_string}"},"query-input":"required name=search_term_string"}],"inLanguage":"fr-FR"}]}},"df_price":1844.1000000000001,"df_sale_price":1844.1000000000001,"df_regular_price":2049,"df_image_link":"https:\/\/www.erresse-shop.it\/wp-content\/uploads\/2025\/05\/JURA-Macchina-Da-Caffe-J8-Piano-White-300x300.jpg","_links":{"self":[{"href":"https:\/\/www.erresse-shop.it\/fr\/wp-json\/wp\/v2\/product\/501189"}],"collection":[{"href":"https:\/\/www.erresse-shop.it\/fr\/wp-json\/wp\/v2\/product"}],"about":[{"href":"https:\/\/www.erresse-shop.it\/fr\/wp-json\/wp\/v2\/types\/product"}],"wp:featuredmedia":[{"embeddable":true,"href":"https:\/\/www.erresse-shop.it\/fr\/wp-json\/wp\/v2\/media\/501253"}],"wp:attachment":[{"href":"https:\/\/www.erresse-shop.it\/fr\/wp-json\/wp\/v2\/media?parent=501189"}],"wp:term":[{"taxonomy":"product_cat","embeddable":true,"href":"https:\/\/www.erresse-shop.it\/fr\/wp-json\/wp\/v2\/product_cat?post=501189"},{"taxonomy":"product_tag","embeddable":true,"href":"https:\/\/www.erresse-shop.it\/fr\/wp-json\/wp\/v2\/product_tag?post=501189"}],"curies":[{"name":"wp","href":"https:\/\/api.w.org\/{rel}","templated":true}]}}