{"id":501160,"date":"2025-05-28T12:30:37","date_gmt":"2025-05-28T12:30:40","guid":{"rendered":"https:\/\/www.erresse-shop.it\/?post_type=product&#038;p=501160"},"modified":"2026-02-09T10:53:06","modified_gmt":"2026-02-09T10:53:06","slug":"mr-wattson-lampe-led-norbitt-3-0-cloudy-blue","status":"publish","type":"product","link":"https:\/\/www.erresse-shop.it\/fr\/shop\/ameublement-maison\/lampes\/mr-wattson-lampe-led-norbitt-3-0-cloudy-blue\/","title":{"rendered":"MR. WATTSON Lampe LED Norbitt 3.0 Cloudy Blue"},"content":{"rendered":"<p>Cloudy Blue Norbitt est un r\u00eave \u00e9veill\u00e9. C&#8217;est comme le ciel d&#8217;un dimanche tranquille, o\u00f9 m\u00eame les nuages \u200b\u200bne sont pas press\u00e9s. \u00ab\u00a0Ce n&#8217;est pas une explosion de couleurs habituelle\u00a0; c&#8217;est le doux soupir \u00e0 la fin d&#8217;une journ\u00e9e charg\u00e9e\u00a0\u00bb, dit-elle.<\/p>\n<p>Non seulement elle illumine votre espace, mais \u00ab\u00a0elle le transforme aussi en une oasis de s\u00e9r\u00e9nit\u00e9, o\u00f9 vos soucis se fondent dans un doux nuage moelleux.\u00bb Parfait pour nous. De plus, gr\u00e2ce \u00e0 la t\u00e9l\u00e9commande, cr\u00e9ez l&#8217;ambiance id\u00e9ale en un clic\u00a0!<\/p>\n<p><strong>Caract\u00e9ristiques\u00a0:<\/strong><\/p>\n<ul>\n<li>Le c\u00e2ble mesure 1\u00a0m de long.<\/li>\n<li>Livr\u00e9 avec un interrupteur et une prise europ\u00e9enne.<\/li>\n<li>Dimensions (L x l x H)\u00a0: 8,3 x 10 x 12,5\u00a0cm<\/li>\n<li>LED 1,2\u00a0W<\/li>\n<\/ul>\n","protected":false},"excerpt":{"rendered":"<p>Cloudy Blue Norbitt est un r\u00eave \u00e9veill\u00e9. C&#8217;est comme le ciel d&#8217;un dimanche tranquille, o\u00f9 m\u00eame les nuages \u200b\u200bne sont<\/p>\n","protected":false},"featured_media":501166,"template":"","meta":{"_acf_changed":false,"inline_featured_image":false},"product_cat":[12738,12741],"product_tag":[25026,23910,25021,12793,22879,13222],"acf":[],"yoast_head":"<!-- This site is optimized with the Yoast SEO Premium plugin v18.6 (Yoast SEO v19.13) - https:\/\/yoast.com\/wordpress\/plugins\/seo\/ -->\n<title>MR. WATTSON Lampe LED Norbitt 3.0 Cloudy Blue - Erresse Shop<\/title>\n<meta name=\"description\" content=\"Cloudy Blue Norbitt est un r\u00eave \u00e9veill\u00e9. C&#039;est comme le ciel d&#039;un dimanche tranquille, o\u00f9 m\u00eame les nuages \u200b\u200bne sont pas press\u00e9s. \u00ab\u00a0Ce n&#039;est pas une\" \/>\n<meta name=\"robots\" content=\"index, follow, max-snippet:-1, max-image-preview:large, max-video-preview:-1\" \/>\n<link rel=\"canonical\" href=\"https:\/\/www.erresse-shop.it\/fr\/shop\/ameublement-maison\/lampes\/mr-wattson-lampe-led-norbitt-3-0-cloudy-blue\/\" \/>\n<meta property=\"og:locale\" content=\"fr_FR\" \/>\n<meta property=\"og:type\" content=\"article\" \/>\n<meta property=\"og:title\" content=\"MR. WATTSON Lampe LED Norbitt 3.0 Cloudy Blue\" \/>\n<meta property=\"og:description\" content=\"Cloudy Blue Norbitt est un r\u00eave \u00e9veill\u00e9. C&#039;est comme le ciel d&#039;un dimanche tranquille, o\u00f9 m\u00eame les nuages \u200b\u200bne sont pas press\u00e9s. \u00ab\u00a0Ce n&#039;est pas une\" \/>\n<meta property=\"og:url\" content=\"https:\/\/www.erresse-shop.it\/fr\/shop\/ameublement-maison\/lampes\/mr-wattson-lampe-led-norbitt-3-0-cloudy-blue\/\" \/>\n<meta property=\"og:site_name\" content=\"Erresse Shop\" \/>\n<meta property=\"article:modified_time\" content=\"2026-02-09T10:53:06+00:00\" \/>\n<meta property=\"og:image\" content=\"https:\/\/www.erresse-shop.it\/wp-content\/uploads\/2025\/05\/MR.-WATTSON-Lampada-LED-Cloudy-Blue-3.0.jpg\" \/>\n\t<meta property=\"og:image:width\" content=\"1200\" \/>\n\t<meta property=\"og:image:height\" content=\"1200\" \/>\n\t<meta property=\"og:image:type\" content=\"image\/jpeg\" \/>\n<meta name=\"twitter:card\" content=\"summary_large_image\" \/>\n<script type=\"application\/ld+json\" class=\"yoast-schema-graph\">{\"@context\":\"https:\/\/schema.org\",\"@graph\":[{\"@type\":\"WebPage\",\"@id\":\"https:\/\/www.erresse-shop.it\/fr\/shop\/ameublement-maison\/lampes\/mr-wattson-lampe-led-norbitt-3-0-cloudy-blue\/\",\"url\":\"https:\/\/www.erresse-shop.it\/fr\/shop\/ameublement-maison\/lampes\/mr-wattson-lampe-led-norbitt-3-0-cloudy-blue\/\",\"name\":\"MR. WATTSON Lampe LED Norbitt 3.0 Cloudy Blue - Erresse Shop\",\"isPartOf\":{\"@id\":\"https:\/\/www.erresse-shop.it\/fr\/#website\"},\"datePublished\":\"2025-05-28T12:30:40+00:00\",\"dateModified\":\"2026-02-09T10:53:06+00:00\",\"description\":\"Cloudy Blue Norbitt est un r\u00eave \u00e9veill\u00e9. C'est comme le ciel d'un dimanche tranquille, o\u00f9 m\u00eame les nuages \u200b\u200bne sont pas press\u00e9s. \u00ab\u00a0Ce n'est pas une\",\"breadcrumb\":{\"@id\":\"https:\/\/www.erresse-shop.it\/fr\/shop\/ameublement-maison\/lampes\/mr-wattson-lampe-led-norbitt-3-0-cloudy-blue\/#breadcrumb\"},\"inLanguage\":\"fr-FR\",\"potentialAction\":[{\"@type\":\"ReadAction\",\"target\":[\"https:\/\/www.erresse-shop.it\/fr\/shop\/ameublement-maison\/lampes\/mr-wattson-lampe-led-norbitt-3-0-cloudy-blue\/\"]}]},{\"@type\":\"BreadcrumbList\",\"@id\":\"https:\/\/www.erresse-shop.it\/fr\/shop\/ameublement-maison\/lampes\/mr-wattson-lampe-led-norbitt-3-0-cloudy-blue\/#breadcrumb\",\"itemListElement\":[{\"@type\":\"ListItem\",\"position\":1,\"name\":\"Home\",\"item\":\"https:\/\/www.erresse-shop.it\/fr\/\"},{\"@type\":\"ListItem\",\"position\":2,\"name\":\"Shop\",\"item\":\"https:\/\/www.erresse-shop.it\/fr\/shop\/\"},{\"@type\":\"ListItem\",\"position\":3,\"name\":\"MR. WATTSON Lampe LED Norbitt 3.0 Cloudy Blue\"}]},{\"@type\":\"WebSite\",\"@id\":\"https:\/\/www.erresse-shop.it\/fr\/#website\",\"url\":\"https:\/\/www.erresse-shop.it\/fr\/\",\"name\":\"Erresse Shop\",\"description\":\"Articoli di qualit\u00e0 per la casa\",\"potentialAction\":[{\"@type\":\"SearchAction\",\"target\":{\"@type\":\"EntryPoint\",\"urlTemplate\":\"https:\/\/www.erresse-shop.it\/fr\/?s={search_term_string}\"},\"query-input\":\"required name=search_term_string\"}],\"inLanguage\":\"fr-FR\"}]}<\/script>\n<!-- \/ Yoast SEO Premium plugin. -->","yoast_head_json":{"title":"MR. WATTSON Lampe LED Norbitt 3.0 Cloudy Blue - Erresse Shop","description":"Cloudy Blue Norbitt est un r\u00eave \u00e9veill\u00e9. C'est comme le ciel d'un dimanche tranquille, o\u00f9 m\u00eame les nuages \u200b\u200bne sont pas press\u00e9s. \u00ab\u00a0Ce n'est pas une","robots":{"index":"index","follow":"follow","max-snippet":"max-snippet:-1","max-image-preview":"max-image-preview:large","max-video-preview":"max-video-preview:-1"},"canonical":"https:\/\/www.erresse-shop.it\/fr\/shop\/ameublement-maison\/lampes\/mr-wattson-lampe-led-norbitt-3-0-cloudy-blue\/","og_locale":"fr_FR","og_type":"article","og_title":"MR. WATTSON Lampe LED Norbitt 3.0 Cloudy Blue","og_description":"Cloudy Blue Norbitt est un r\u00eave \u00e9veill\u00e9. C'est comme le ciel d'un dimanche tranquille, o\u00f9 m\u00eame les nuages \u200b\u200bne sont pas press\u00e9s. \u00ab\u00a0Ce n'est pas une","og_url":"https:\/\/www.erresse-shop.it\/fr\/shop\/ameublement-maison\/lampes\/mr-wattson-lampe-led-norbitt-3-0-cloudy-blue\/","og_site_name":"Erresse Shop","article_modified_time":"2026-02-09T10:53:06+00:00","og_image":[{"width":1200,"height":1200,"url":"https:\/\/www.erresse-shop.it\/wp-content\/uploads\/2025\/05\/MR.-WATTSON-Lampada-LED-Cloudy-Blue-3.0.jpg","type":"image\/jpeg"}],"twitter_card":"summary_large_image","schema":{"@context":"https:\/\/schema.org","@graph":[{"@type":"WebPage","@id":"https:\/\/www.erresse-shop.it\/fr\/shop\/ameublement-maison\/lampes\/mr-wattson-lampe-led-norbitt-3-0-cloudy-blue\/","url":"https:\/\/www.erresse-shop.it\/fr\/shop\/ameublement-maison\/lampes\/mr-wattson-lampe-led-norbitt-3-0-cloudy-blue\/","name":"MR. WATTSON Lampe LED Norbitt 3.0 Cloudy Blue - Erresse Shop","isPartOf":{"@id":"https:\/\/www.erresse-shop.it\/fr\/#website"},"datePublished":"2025-05-28T12:30:40+00:00","dateModified":"2026-02-09T10:53:06+00:00","description":"Cloudy Blue Norbitt est un r\u00eave \u00e9veill\u00e9. C'est comme le ciel d'un dimanche tranquille, o\u00f9 m\u00eame les nuages \u200b\u200bne sont pas press\u00e9s. \u00ab\u00a0Ce n'est pas une","breadcrumb":{"@id":"https:\/\/www.erresse-shop.it\/fr\/shop\/ameublement-maison\/lampes\/mr-wattson-lampe-led-norbitt-3-0-cloudy-blue\/#breadcrumb"},"inLanguage":"fr-FR","potentialAction":[{"@type":"ReadAction","target":["https:\/\/www.erresse-shop.it\/fr\/shop\/ameublement-maison\/lampes\/mr-wattson-lampe-led-norbitt-3-0-cloudy-blue\/"]}]},{"@type":"BreadcrumbList","@id":"https:\/\/www.erresse-shop.it\/fr\/shop\/ameublement-maison\/lampes\/mr-wattson-lampe-led-norbitt-3-0-cloudy-blue\/#breadcrumb","itemListElement":[{"@type":"ListItem","position":1,"name":"Home","item":"https:\/\/www.erresse-shop.it\/fr\/"},{"@type":"ListItem","position":2,"name":"Shop","item":"https:\/\/www.erresse-shop.it\/fr\/shop\/"},{"@type":"ListItem","position":3,"name":"MR. WATTSON Lampe LED Norbitt 3.0 Cloudy Blue"}]},{"@type":"WebSite","@id":"https:\/\/www.erresse-shop.it\/fr\/#website","url":"https:\/\/www.erresse-shop.it\/fr\/","name":"Erresse Shop","description":"Articoli di qualit\u00e0 per la casa","potentialAction":[{"@type":"SearchAction","target":{"@type":"EntryPoint","urlTemplate":"https:\/\/www.erresse-shop.it\/fr\/?s={search_term_string}"},"query-input":"required name=search_term_string"}],"inLanguage":"fr-FR"}]}},"df_price":69.95,"df_sale_price":69.95,"df_regular_price":99,"df_image_link":"https:\/\/www.erresse-shop.it\/wp-content\/uploads\/2025\/05\/MR.-WATTSON-Lampada-LED-Cloudy-Blue-3.0-300x300.jpg","_links":{"self":[{"href":"https:\/\/www.erresse-shop.it\/fr\/wp-json\/wp\/v2\/product\/501160"}],"collection":[{"href":"https:\/\/www.erresse-shop.it\/fr\/wp-json\/wp\/v2\/product"}],"about":[{"href":"https:\/\/www.erresse-shop.it\/fr\/wp-json\/wp\/v2\/types\/product"}],"wp:featuredmedia":[{"embeddable":true,"href":"https:\/\/www.erresse-shop.it\/fr\/wp-json\/wp\/v2\/media\/501166"}],"wp:attachment":[{"href":"https:\/\/www.erresse-shop.it\/fr\/wp-json\/wp\/v2\/media?parent=501160"}],"wp:term":[{"taxonomy":"product_cat","embeddable":true,"href":"https:\/\/www.erresse-shop.it\/fr\/wp-json\/wp\/v2\/product_cat?post=501160"},{"taxonomy":"product_tag","embeddable":true,"href":"https:\/\/www.erresse-shop.it\/fr\/wp-json\/wp\/v2\/product_tag?post=501160"}],"curies":[{"name":"wp","href":"https:\/\/api.w.org\/{rel}","templated":true}]}}