{"id":501092,"date":"2025-05-28T09:12:03","date_gmt":"2025-05-28T09:12:06","guid":{"rendered":"https:\/\/www.erresse-shop.it\/?post_type=product&#038;p=501092"},"modified":"2025-05-28T09:25:14","modified_gmt":"2025-05-28T09:25:14","slug":"villeroy-boch-fleur-vase-22-cm-transparent","status":"publish","type":"product","link":"https:\/\/www.erresse-shop.it\/fr\/shop\/ameublement-maison\/vases-fr\/villeroy-boch-fleur-vase-22-cm-transparent\/","title":{"rendered":"VILLEROY &#038; BOCH Fleur Vase 22 cm Transparent"},"content":{"rendered":"<h3 class=\"chakra-heading css-1gab7be\">Vase \u00e0 fleurs<\/h3>\n<div class=\"editor-text css-14bs28v\">\n<ul>\n<li>Beaut\u00e9 et d\u00e9coration\u00a0: ce vase d\u00e9coratif permet aux fleurs, herbes et brindilles de d\u00e9ployer toute leur beaut\u00e9.<\/li>\n<\/ul>\n<\/div>\n<div class=\"css-48lupg\">\n<div class=\"css-1rymss\"><strong>Avertissements<\/strong><\/div>\n<div class=\"editor-text css-1art13b\">\n<ul>\n<li>Ne jamais laisser une bougie allum\u00e9e sans surveillance.<\/li>\n<li>Tenir les bougies hors de port\u00e9e des enfants et des animaux.<\/li>\n<li>Ecarter les bougies d&#8217;au moins 10\u00a0cm.<\/li>\n<li>Placer la bougie \u00e0 la verticale.<\/li>\n<li>Ne pas d\u00e9placer une bougie allum\u00e9e. Bougie.<\/li>\n<li>\u00c9viter l&#8217;inhalation directe de fum\u00e9e.<\/li>\n<li>Ne pas br\u00fbler dans un courant d&#8217;air.<\/li>\n<li>\u00c9loigner les bougies des objets inflammables.<\/li>\n<li>Utiliser un bougeoir r\u00e9sistant \u00e0 la chaleur.<\/li>\n<li>Couper le bord s&#8217;il d\u00e9passe 1 cm.<\/li>\n<li>Ne pas placer les bougies pr\u00e8s d&#8217;une source de chaleur.<\/li>\n<li>Couper la m\u00e8che \u00e0 1 cm.<\/li>\n<\/ul>\n<p><strong>Mat\u00e9riau\u00a0:<\/strong> verre<br \/>\n<strong>Lave-vaisselle\u00a0:<\/strong> Oui<br \/>\n<strong>Micro-ondes\u00a0:<\/strong> Non<\/p>\n<div>\n<ul>\n<li><strong>Diam\u00e8tre\u00a0:<\/strong> 160 mm<\/li>\n<li><strong>Hauteur\u00a0:<\/strong> 225 mm<\/li>\n<li><strong>Volume\u00a0:<\/strong> 3\u00a0500 ml<\/li>\n<li>Poids\u00a0: 1\u00a0690\u00a0g<\/li>\n<\/ul>\n<\/div>\n<\/div>\n<\/div>\n","protected":false},"excerpt":{"rendered":"<p>Vase \u00e0 fleurs Beaut\u00e9 et d\u00e9coration\u00a0: ce vase d\u00e9coratif permet aux fleurs, herbes et brindilles de d\u00e9ployer toute leur beaut\u00e9.<\/p>\n","protected":false},"featured_media":501104,"template":"","meta":{"_acf_changed":false,"inline_featured_image":false},"product_cat":[12738,14422],"product_tag":[25026,24397,13849,22235],"acf":[],"yoast_head":"<!-- This site is optimized with the Yoast SEO Premium plugin v18.6 (Yoast SEO v19.13) - https:\/\/yoast.com\/wordpress\/plugins\/seo\/ -->\n<title>VILLEROY &amp; BOCH Fleur Vase 22 cm Transparent - Erresse Shop<\/title>\n<meta name=\"description\" content=\"Vase \u00e0 fleurs Beaut\u00e9 et d\u00e9coration\u00a0: ce vase d\u00e9coratif permet aux fleurs, herbes et brindilles de d\u00e9ployer toute leur beaut\u00e9. Avertissements Ne jamais\" \/>\n<meta name=\"robots\" content=\"index, follow, max-snippet:-1, max-image-preview:large, max-video-preview:-1\" \/>\n<link rel=\"canonical\" href=\"https:\/\/www.erresse-shop.it\/fr\/shop\/ameublement-maison\/vases-fr\/villeroy-boch-fleur-vase-22-cm-transparent\/\" \/>\n<meta property=\"og:locale\" content=\"fr_FR\" \/>\n<meta property=\"og:type\" content=\"article\" \/>\n<meta property=\"og:title\" content=\"VILLEROY &amp; BOCH Fleur Vase 22 cm Transparent\" \/>\n<meta property=\"og:description\" content=\"Vase \u00e0 fleurs Beaut\u00e9 et d\u00e9coration\u00a0: ce vase d\u00e9coratif permet aux fleurs, herbes et brindilles de d\u00e9ployer toute leur beaut\u00e9. Avertissements Ne jamais\" \/>\n<meta property=\"og:url\" content=\"https:\/\/www.erresse-shop.it\/fr\/shop\/ameublement-maison\/vases-fr\/villeroy-boch-fleur-vase-22-cm-transparent\/\" \/>\n<meta property=\"og:site_name\" content=\"Erresse Shop\" \/>\n<meta property=\"article:modified_time\" content=\"2025-05-28T09:25:14+00:00\" \/>\n<meta property=\"og:image\" content=\"https:\/\/www.erresse-shop.it\/wp-content\/uploads\/2025\/05\/VILLEROY-BOCH-Fleur-Vaso-22-cm-Trasparente.jpg\" \/>\n\t<meta property=\"og:image:width\" content=\"1200\" \/>\n\t<meta property=\"og:image:height\" content=\"1200\" \/>\n\t<meta property=\"og:image:type\" content=\"image\/jpeg\" \/>\n<meta name=\"twitter:card\" content=\"summary_large_image\" \/>\n<script type=\"application\/ld+json\" class=\"yoast-schema-graph\">{\"@context\":\"https:\/\/schema.org\",\"@graph\":[{\"@type\":\"WebPage\",\"@id\":\"https:\/\/www.erresse-shop.it\/fr\/shop\/ameublement-maison\/vases-fr\/villeroy-boch-fleur-vase-22-cm-transparent\/\",\"url\":\"https:\/\/www.erresse-shop.it\/fr\/shop\/ameublement-maison\/vases-fr\/villeroy-boch-fleur-vase-22-cm-transparent\/\",\"name\":\"VILLEROY & BOCH Fleur Vase 22 cm Transparent - Erresse Shop\",\"isPartOf\":{\"@id\":\"https:\/\/www.erresse-shop.it\/fr\/#website\"},\"datePublished\":\"2025-05-28T09:12:06+00:00\",\"dateModified\":\"2025-05-28T09:25:14+00:00\",\"description\":\"Vase \u00e0 fleurs Beaut\u00e9 et d\u00e9coration\u00a0: ce vase d\u00e9coratif permet aux fleurs, herbes et brindilles de d\u00e9ployer toute leur beaut\u00e9. Avertissements Ne jamais\",\"breadcrumb\":{\"@id\":\"https:\/\/www.erresse-shop.it\/fr\/shop\/ameublement-maison\/vases-fr\/villeroy-boch-fleur-vase-22-cm-transparent\/#breadcrumb\"},\"inLanguage\":\"fr-FR\",\"potentialAction\":[{\"@type\":\"ReadAction\",\"target\":[\"https:\/\/www.erresse-shop.it\/fr\/shop\/ameublement-maison\/vases-fr\/villeroy-boch-fleur-vase-22-cm-transparent\/\"]}]},{\"@type\":\"BreadcrumbList\",\"@id\":\"https:\/\/www.erresse-shop.it\/fr\/shop\/ameublement-maison\/vases-fr\/villeroy-boch-fleur-vase-22-cm-transparent\/#breadcrumb\",\"itemListElement\":[{\"@type\":\"ListItem\",\"position\":1,\"name\":\"Home\",\"item\":\"https:\/\/www.erresse-shop.it\/fr\/\"},{\"@type\":\"ListItem\",\"position\":2,\"name\":\"Shop\",\"item\":\"https:\/\/www.erresse-shop.it\/fr\/shop\/\"},{\"@type\":\"ListItem\",\"position\":3,\"name\":\"VILLEROY &#038; BOCH Fleur Vase 22 cm Transparent\"}]},{\"@type\":\"WebSite\",\"@id\":\"https:\/\/www.erresse-shop.it\/fr\/#website\",\"url\":\"https:\/\/www.erresse-shop.it\/fr\/\",\"name\":\"Erresse Shop\",\"description\":\"Articoli di qualit\u00e0 per la casa\",\"potentialAction\":[{\"@type\":\"SearchAction\",\"target\":{\"@type\":\"EntryPoint\",\"urlTemplate\":\"https:\/\/www.erresse-shop.it\/fr\/?s={search_term_string}\"},\"query-input\":\"required name=search_term_string\"}],\"inLanguage\":\"fr-FR\"}]}<\/script>\n<!-- \/ Yoast SEO Premium plugin. -->","yoast_head_json":{"title":"VILLEROY & BOCH Fleur Vase 22 cm Transparent - Erresse Shop","description":"Vase \u00e0 fleurs Beaut\u00e9 et d\u00e9coration\u00a0: ce vase d\u00e9coratif permet aux fleurs, herbes et brindilles de d\u00e9ployer toute leur beaut\u00e9. Avertissements Ne jamais","robots":{"index":"index","follow":"follow","max-snippet":"max-snippet:-1","max-image-preview":"max-image-preview:large","max-video-preview":"max-video-preview:-1"},"canonical":"https:\/\/www.erresse-shop.it\/fr\/shop\/ameublement-maison\/vases-fr\/villeroy-boch-fleur-vase-22-cm-transparent\/","og_locale":"fr_FR","og_type":"article","og_title":"VILLEROY & BOCH Fleur Vase 22 cm Transparent","og_description":"Vase \u00e0 fleurs Beaut\u00e9 et d\u00e9coration\u00a0: ce vase d\u00e9coratif permet aux fleurs, herbes et brindilles de d\u00e9ployer toute leur beaut\u00e9. Avertissements Ne jamais","og_url":"https:\/\/www.erresse-shop.it\/fr\/shop\/ameublement-maison\/vases-fr\/villeroy-boch-fleur-vase-22-cm-transparent\/","og_site_name":"Erresse Shop","article_modified_time":"2025-05-28T09:25:14+00:00","og_image":[{"width":1200,"height":1200,"url":"https:\/\/www.erresse-shop.it\/wp-content\/uploads\/2025\/05\/VILLEROY-BOCH-Fleur-Vaso-22-cm-Trasparente.jpg","type":"image\/jpeg"}],"twitter_card":"summary_large_image","schema":{"@context":"https:\/\/schema.org","@graph":[{"@type":"WebPage","@id":"https:\/\/www.erresse-shop.it\/fr\/shop\/ameublement-maison\/vases-fr\/villeroy-boch-fleur-vase-22-cm-transparent\/","url":"https:\/\/www.erresse-shop.it\/fr\/shop\/ameublement-maison\/vases-fr\/villeroy-boch-fleur-vase-22-cm-transparent\/","name":"VILLEROY & BOCH Fleur Vase 22 cm Transparent - Erresse Shop","isPartOf":{"@id":"https:\/\/www.erresse-shop.it\/fr\/#website"},"datePublished":"2025-05-28T09:12:06+00:00","dateModified":"2025-05-28T09:25:14+00:00","description":"Vase \u00e0 fleurs Beaut\u00e9 et d\u00e9coration\u00a0: ce vase d\u00e9coratif permet aux fleurs, herbes et brindilles de d\u00e9ployer toute leur beaut\u00e9. Avertissements Ne jamais","breadcrumb":{"@id":"https:\/\/www.erresse-shop.it\/fr\/shop\/ameublement-maison\/vases-fr\/villeroy-boch-fleur-vase-22-cm-transparent\/#breadcrumb"},"inLanguage":"fr-FR","potentialAction":[{"@type":"ReadAction","target":["https:\/\/www.erresse-shop.it\/fr\/shop\/ameublement-maison\/vases-fr\/villeroy-boch-fleur-vase-22-cm-transparent\/"]}]},{"@type":"BreadcrumbList","@id":"https:\/\/www.erresse-shop.it\/fr\/shop\/ameublement-maison\/vases-fr\/villeroy-boch-fleur-vase-22-cm-transparent\/#breadcrumb","itemListElement":[{"@type":"ListItem","position":1,"name":"Home","item":"https:\/\/www.erresse-shop.it\/fr\/"},{"@type":"ListItem","position":2,"name":"Shop","item":"https:\/\/www.erresse-shop.it\/fr\/shop\/"},{"@type":"ListItem","position":3,"name":"VILLEROY &#038; BOCH Fleur Vase 22 cm Transparent"}]},{"@type":"WebSite","@id":"https:\/\/www.erresse-shop.it\/fr\/#website","url":"https:\/\/www.erresse-shop.it\/fr\/","name":"Erresse Shop","description":"Articoli di qualit\u00e0 per la casa","potentialAction":[{"@type":"SearchAction","target":{"@type":"EntryPoint","urlTemplate":"https:\/\/www.erresse-shop.it\/fr\/?s={search_term_string}"},"query-input":"required name=search_term_string"}],"inLanguage":"fr-FR"}]}},"df_price":19.95,"df_sale_price":19.95,"df_regular_price":39.9,"df_image_link":"https:\/\/www.erresse-shop.it\/wp-content\/uploads\/2025\/05\/VILLEROY-BOCH-Fleur-Vaso-22-cm-Trasparente-300x300.jpg","_links":{"self":[{"href":"https:\/\/www.erresse-shop.it\/fr\/wp-json\/wp\/v2\/product\/501092"}],"collection":[{"href":"https:\/\/www.erresse-shop.it\/fr\/wp-json\/wp\/v2\/product"}],"about":[{"href":"https:\/\/www.erresse-shop.it\/fr\/wp-json\/wp\/v2\/types\/product"}],"wp:featuredmedia":[{"embeddable":true,"href":"https:\/\/www.erresse-shop.it\/fr\/wp-json\/wp\/v2\/media\/501104"}],"wp:attachment":[{"href":"https:\/\/www.erresse-shop.it\/fr\/wp-json\/wp\/v2\/media?parent=501092"}],"wp:term":[{"taxonomy":"product_cat","embeddable":true,"href":"https:\/\/www.erresse-shop.it\/fr\/wp-json\/wp\/v2\/product_cat?post=501092"},{"taxonomy":"product_tag","embeddable":true,"href":"https:\/\/www.erresse-shop.it\/fr\/wp-json\/wp\/v2\/product_tag?post=501092"}],"curies":[{"name":"wp","href":"https:\/\/api.w.org\/{rel}","templated":true}]}}