{"id":501008,"date":"2025-05-28T08:10:39","date_gmt":"2025-05-28T08:10:43","guid":{"rendered":"https:\/\/www.erresse-shop.it\/?post_type=product&#038;p=501008"},"modified":"2025-05-28T08:27:28","modified_gmt":"2025-05-28T08:27:28","slug":"villeroy-boch-boston-ensemble-de-4-verres-a-vin-blanc-125-ml-multicolore","status":"publish","type":"product","link":"https:\/\/www.erresse-shop.it\/fr\/shop\/table-fr-2\/vin\/villeroy-boch-boston-ensemble-de-4-verres-a-vin-blanc-125-ml-multicolore\/","title":{"rendered":"VILLEROY &#038; BOCH Boston Ensemble de 4 verres \u00e0 vin blanc 125 ml Multicolore"},"content":{"rendered":"<p class=\"chakra-heading css-1djizvy\"><strong><span style=\"font-size: 14pt;\">Verre \u00e0 vin blanc Boston<br \/>\n<\/span><\/strong><\/p>\n<ul>\n<li>Avec ses 125 ml, ce verre offre suffisamment d&#8217;espace pour que le vin blanc d\u00e9veloppe sa fra\u00eecheur et ses ar\u00f4mes d\u00e9licats.<\/li>\n<li>\u00c9l\u00e9ment d\u00e9coratif et fonctionnel\u00a0: ce verre \u00e0 vin blanc cr\u00e9e une atmosph\u00e8re romantique \u00e0 table pour un d\u00eener ou un d\u00e9jeuner en t\u00eate-\u00e0-t\u00eate.<\/li>\n<li>Qualit\u00e9 sup\u00e9rieure\u00a0: ce verre \u00e0 vin blanc en cristal est neutre au go\u00fbt et d&#8217;une qualit\u00e9 particuli\u00e8rement \u00e9lev\u00e9e.<\/li>\n<li>Effet lumineux magique\u00a0: le motif \u00e0 facettes r\u00e9fracte la lumi\u00e8re et cr\u00e9e un jeu de couleurs unique en quatre nuances.<\/li>\n<li>Pratique\u00a0: ce verre \u00e0 vin blanc passe au lave-vaisselle.<\/li>\n<\/ul>\n<p><strong>Mat\u00e9riau\u00a0:<\/strong> cristal<br \/>\n<strong>Lave-vaisselle\u00a0:<\/strong> oui<br \/>\n<strong>Convient au micro-ondes\u00a0:<\/strong> non<\/p>\n<p><strong>Diam\u00e8tre\u00a0:<\/strong> 83\u00a0mm<br \/>\n<strong>Hauteur\u00a0:<\/strong> 120\u00a0mm<br \/>\n<strong>Volume\u00a0:<\/strong> 125\u00a0ml<\/p>\n","protected":false},"excerpt":{"rendered":"<p>Verre \u00e0 vin blanc Boston Avec ses 125 ml, ce verre offre suffisamment d&#8217;espace pour que le vin blanc d\u00e9veloppe<\/p>\n","protected":false},"featured_media":501031,"template":"","meta":{"_acf_changed":false,"inline_featured_image":false},"product_cat":[12782,14460,12754],"product_tag":[25026,23910,25021,23341,19392],"acf":[],"yoast_head":"<!-- This site is optimized with the Yoast SEO Premium plugin v18.6 (Yoast SEO v19.13) - https:\/\/yoast.com\/wordpress\/plugins\/seo\/ -->\n<title>VILLEROY &amp; BOCH Boston Ensemble de 4 verres \u00e0 vin blanc 125 ml Multicolore - Erresse Shop<\/title>\n<meta name=\"description\" content=\"Verre \u00e0 vin blanc Boston Avec ses 125 ml, ce verre offre suffisamment d&#039;espace pour que le vin blanc d\u00e9veloppe sa fra\u00eecheur et ses ar\u00f4mes d\u00e9licats.\" \/>\n<meta name=\"robots\" content=\"index, follow, max-snippet:-1, max-image-preview:large, max-video-preview:-1\" \/>\n<link rel=\"canonical\" href=\"https:\/\/www.erresse-shop.it\/fr\/shop\/table-fr-2\/vin\/villeroy-boch-boston-ensemble-de-4-verres-a-vin-blanc-125-ml-multicolore\/\" \/>\n<meta property=\"og:locale\" content=\"fr_FR\" \/>\n<meta property=\"og:type\" content=\"article\" \/>\n<meta property=\"og:title\" content=\"VILLEROY &amp; BOCH Boston Ensemble de 4 verres \u00e0 vin blanc 125 ml Multicolore\" \/>\n<meta property=\"og:description\" content=\"Verre \u00e0 vin blanc Boston Avec ses 125 ml, ce verre offre suffisamment d&#039;espace pour que le vin blanc d\u00e9veloppe sa fra\u00eecheur et ses ar\u00f4mes d\u00e9licats.\" \/>\n<meta property=\"og:url\" content=\"https:\/\/www.erresse-shop.it\/fr\/shop\/table-fr-2\/vin\/villeroy-boch-boston-ensemble-de-4-verres-a-vin-blanc-125-ml-multicolore\/\" \/>\n<meta property=\"og:site_name\" content=\"Erresse Shop\" \/>\n<meta property=\"article:modified_time\" content=\"2025-05-28T08:27:28+00:00\" \/>\n<meta property=\"og:image\" content=\"https:\/\/www.erresse-shop.it\/wp-content\/uploads\/2025\/05\/VILLEROY-BOCH-Boston-Calici-Vino-Bianco-125-ml-Multicolore.jpg\" \/>\n\t<meta property=\"og:image:width\" content=\"1200\" \/>\n\t<meta property=\"og:image:height\" content=\"1200\" \/>\n\t<meta property=\"og:image:type\" content=\"image\/jpeg\" \/>\n<meta name=\"twitter:card\" content=\"summary_large_image\" \/>\n<script type=\"application\/ld+json\" class=\"yoast-schema-graph\">{\"@context\":\"https:\/\/schema.org\",\"@graph\":[{\"@type\":\"WebPage\",\"@id\":\"https:\/\/www.erresse-shop.it\/fr\/shop\/table-fr-2\/vin\/villeroy-boch-boston-ensemble-de-4-verres-a-vin-blanc-125-ml-multicolore\/\",\"url\":\"https:\/\/www.erresse-shop.it\/fr\/shop\/table-fr-2\/vin\/villeroy-boch-boston-ensemble-de-4-verres-a-vin-blanc-125-ml-multicolore\/\",\"name\":\"VILLEROY & BOCH Boston Ensemble de 4 verres \u00e0 vin blanc 125 ml Multicolore - Erresse Shop\",\"isPartOf\":{\"@id\":\"https:\/\/www.erresse-shop.it\/fr\/#website\"},\"datePublished\":\"2025-05-28T08:10:43+00:00\",\"dateModified\":\"2025-05-28T08:27:28+00:00\",\"description\":\"Verre \u00e0 vin blanc Boston Avec ses 125 ml, ce verre offre suffisamment d'espace pour que le vin blanc d\u00e9veloppe sa fra\u00eecheur et ses ar\u00f4mes d\u00e9licats.\",\"breadcrumb\":{\"@id\":\"https:\/\/www.erresse-shop.it\/fr\/shop\/table-fr-2\/vin\/villeroy-boch-boston-ensemble-de-4-verres-a-vin-blanc-125-ml-multicolore\/#breadcrumb\"},\"inLanguage\":\"fr-FR\",\"potentialAction\":[{\"@type\":\"ReadAction\",\"target\":[\"https:\/\/www.erresse-shop.it\/fr\/shop\/table-fr-2\/vin\/villeroy-boch-boston-ensemble-de-4-verres-a-vin-blanc-125-ml-multicolore\/\"]}]},{\"@type\":\"BreadcrumbList\",\"@id\":\"https:\/\/www.erresse-shop.it\/fr\/shop\/table-fr-2\/vin\/villeroy-boch-boston-ensemble-de-4-verres-a-vin-blanc-125-ml-multicolore\/#breadcrumb\",\"itemListElement\":[{\"@type\":\"ListItem\",\"position\":1,\"name\":\"Home\",\"item\":\"https:\/\/www.erresse-shop.it\/fr\/\"},{\"@type\":\"ListItem\",\"position\":2,\"name\":\"Shop\",\"item\":\"https:\/\/www.erresse-shop.it\/fr\/shop\/\"},{\"@type\":\"ListItem\",\"position\":3,\"name\":\"VILLEROY &#038; BOCH Boston Ensemble de 4 verres \u00e0 vin blanc 125 ml Multicolore\"}]},{\"@type\":\"WebSite\",\"@id\":\"https:\/\/www.erresse-shop.it\/fr\/#website\",\"url\":\"https:\/\/www.erresse-shop.it\/fr\/\",\"name\":\"Erresse Shop\",\"description\":\"Articoli di qualit\u00e0 per la casa\",\"potentialAction\":[{\"@type\":\"SearchAction\",\"target\":{\"@type\":\"EntryPoint\",\"urlTemplate\":\"https:\/\/www.erresse-shop.it\/fr\/?s={search_term_string}\"},\"query-input\":\"required name=search_term_string\"}],\"inLanguage\":\"fr-FR\"}]}<\/script>\n<!-- \/ Yoast SEO Premium plugin. -->","yoast_head_json":{"title":"VILLEROY & BOCH Boston Ensemble de 4 verres \u00e0 vin blanc 125 ml Multicolore - Erresse Shop","description":"Verre \u00e0 vin blanc Boston Avec ses 125 ml, ce verre offre suffisamment d'espace pour que le vin blanc d\u00e9veloppe sa fra\u00eecheur et ses ar\u00f4mes d\u00e9licats.","robots":{"index":"index","follow":"follow","max-snippet":"max-snippet:-1","max-image-preview":"max-image-preview:large","max-video-preview":"max-video-preview:-1"},"canonical":"https:\/\/www.erresse-shop.it\/fr\/shop\/table-fr-2\/vin\/villeroy-boch-boston-ensemble-de-4-verres-a-vin-blanc-125-ml-multicolore\/","og_locale":"fr_FR","og_type":"article","og_title":"VILLEROY & BOCH Boston Ensemble de 4 verres \u00e0 vin blanc 125 ml Multicolore","og_description":"Verre \u00e0 vin blanc Boston Avec ses 125 ml, ce verre offre suffisamment d'espace pour que le vin blanc d\u00e9veloppe sa fra\u00eecheur et ses ar\u00f4mes d\u00e9licats.","og_url":"https:\/\/www.erresse-shop.it\/fr\/shop\/table-fr-2\/vin\/villeroy-boch-boston-ensemble-de-4-verres-a-vin-blanc-125-ml-multicolore\/","og_site_name":"Erresse Shop","article_modified_time":"2025-05-28T08:27:28+00:00","og_image":[{"width":1200,"height":1200,"url":"https:\/\/www.erresse-shop.it\/wp-content\/uploads\/2025\/05\/VILLEROY-BOCH-Boston-Calici-Vino-Bianco-125-ml-Multicolore.jpg","type":"image\/jpeg"}],"twitter_card":"summary_large_image","schema":{"@context":"https:\/\/schema.org","@graph":[{"@type":"WebPage","@id":"https:\/\/www.erresse-shop.it\/fr\/shop\/table-fr-2\/vin\/villeroy-boch-boston-ensemble-de-4-verres-a-vin-blanc-125-ml-multicolore\/","url":"https:\/\/www.erresse-shop.it\/fr\/shop\/table-fr-2\/vin\/villeroy-boch-boston-ensemble-de-4-verres-a-vin-blanc-125-ml-multicolore\/","name":"VILLEROY & BOCH Boston Ensemble de 4 verres \u00e0 vin blanc 125 ml Multicolore - Erresse Shop","isPartOf":{"@id":"https:\/\/www.erresse-shop.it\/fr\/#website"},"datePublished":"2025-05-28T08:10:43+00:00","dateModified":"2025-05-28T08:27:28+00:00","description":"Verre \u00e0 vin blanc Boston Avec ses 125 ml, ce verre offre suffisamment d'espace pour que le vin blanc d\u00e9veloppe sa fra\u00eecheur et ses ar\u00f4mes d\u00e9licats.","breadcrumb":{"@id":"https:\/\/www.erresse-shop.it\/fr\/shop\/table-fr-2\/vin\/villeroy-boch-boston-ensemble-de-4-verres-a-vin-blanc-125-ml-multicolore\/#breadcrumb"},"inLanguage":"fr-FR","potentialAction":[{"@type":"ReadAction","target":["https:\/\/www.erresse-shop.it\/fr\/shop\/table-fr-2\/vin\/villeroy-boch-boston-ensemble-de-4-verres-a-vin-blanc-125-ml-multicolore\/"]}]},{"@type":"BreadcrumbList","@id":"https:\/\/www.erresse-shop.it\/fr\/shop\/table-fr-2\/vin\/villeroy-boch-boston-ensemble-de-4-verres-a-vin-blanc-125-ml-multicolore\/#breadcrumb","itemListElement":[{"@type":"ListItem","position":1,"name":"Home","item":"https:\/\/www.erresse-shop.it\/fr\/"},{"@type":"ListItem","position":2,"name":"Shop","item":"https:\/\/www.erresse-shop.it\/fr\/shop\/"},{"@type":"ListItem","position":3,"name":"VILLEROY &#038; BOCH Boston Ensemble de 4 verres \u00e0 vin blanc 125 ml Multicolore"}]},{"@type":"WebSite","@id":"https:\/\/www.erresse-shop.it\/fr\/#website","url":"https:\/\/www.erresse-shop.it\/fr\/","name":"Erresse Shop","description":"Articoli di qualit\u00e0 per la casa","potentialAction":[{"@type":"SearchAction","target":{"@type":"EntryPoint","urlTemplate":"https:\/\/www.erresse-shop.it\/fr\/?s={search_term_string}"},"query-input":"required name=search_term_string"}],"inLanguage":"fr-FR"}]}},"df_price":54.95,"df_sale_price":54.95,"df_regular_price":71.6,"df_image_link":"https:\/\/www.erresse-shop.it\/wp-content\/uploads\/2025\/05\/VILLEROY-BOCH-Boston-Calici-Vino-Bianco-125-ml-Multicolore-300x300.jpg","_links":{"self":[{"href":"https:\/\/www.erresse-shop.it\/fr\/wp-json\/wp\/v2\/product\/501008"}],"collection":[{"href":"https:\/\/www.erresse-shop.it\/fr\/wp-json\/wp\/v2\/product"}],"about":[{"href":"https:\/\/www.erresse-shop.it\/fr\/wp-json\/wp\/v2\/types\/product"}],"wp:featuredmedia":[{"embeddable":true,"href":"https:\/\/www.erresse-shop.it\/fr\/wp-json\/wp\/v2\/media\/501031"}],"wp:attachment":[{"href":"https:\/\/www.erresse-shop.it\/fr\/wp-json\/wp\/v2\/media?parent=501008"}],"wp:term":[{"taxonomy":"product_cat","embeddable":true,"href":"https:\/\/www.erresse-shop.it\/fr\/wp-json\/wp\/v2\/product_cat?post=501008"},{"taxonomy":"product_tag","embeddable":true,"href":"https:\/\/www.erresse-shop.it\/fr\/wp-json\/wp\/v2\/product_tag?post=501008"}],"curies":[{"name":"wp","href":"https:\/\/api.w.org\/{rel}","templated":true}]}}