{"id":500974,"date":"2025-05-28T06:50:22","date_gmt":"2025-05-28T06:50:27","guid":{"rendered":"https:\/\/www.erresse-shop.it\/?post_type=product&#038;p=500974"},"modified":"2026-03-02T20:49:47","modified_gmt":"2026-03-02T20:49:47","slug":"joseph-joseph-tota-trio-luxe-panier-a-linge-90-litres-ecru","status":"publish","type":"product","link":"https:\/\/www.erresse-shop.it\/fr\/shop\/ameublement-maison\/salle-de-bain\/joseph-joseph-tota-trio-luxe-panier-a-linge-90-litres-ecru\/","title":{"rendered":"JOSEPH JOSEPH Tota Trio Luxe Panier \u00e0 linge 90 litres Ecru"},"content":{"rendered":"<p>Cet \u00e9l\u00e9gant panier \u00e0 linge en bambou \u00e9cru comprend trois sacs de 30 litres pour s\u00e9parer et transporter facilement les v\u00eatements clairs, fonc\u00e9s et color\u00e9s. Con\u00e7u pour s&#8217;adapter \u00e0 tous les environnements, il ajoute style et praticit\u00e9 \u00e0 votre linge. <\/p>\n<ul>\n<li>Ext\u00e9rieur en bambou luxueux et couvercle recouvert de tissu avec poign\u00e9e en cuir.<\/li>\n<li>Trois compartiments de 30 litres pour une s\u00e9paration facile des v\u00eatements.<\/li>\n<li>Sacs amovibles avec poign\u00e9es de transport pratiques.<\/li>\n<li>Poign\u00e9e de soutien \u00e0 la base de chaque sac pour un vidage facile.<\/li>\n<li>Les sacs \u00e0 retour rapide se remettent automatiquement dans le panier.<\/li>\n<\/ul>\n<p><strong>Entretien et utilisation\u00a0:<\/strong><\/p>\n<ul>\n<li>Notice d&#8217;installation incluse.<\/li>\n<li>Sacs\u00a0: Lavable en machine\u00a0&#8211; voir l&#8217;\u00e9tiquette du produit pour les instructions.<\/li>\n<li>Retirer la garniture en plastique avant le lavage.<\/li>\n<li>Toutes les autres pi\u00e8ces\u00a0: Essuyer avec un chiffon humide.<\/li>\n<li>Avertissement\u00a0: Ne pas s&#8217;asseoir ni poser d&#8217;objets lourds sur le panier.<\/li>\n<li>Ne pas laisser les enfants jouer avec Panier.<\/li>\n<\/ul>\n<p><strong>Dimensions\u00a0:<\/strong><\/p>\n<p>H 73,5 x L 60,8 x P 40,6 cm<\/p>\n","protected":false},"excerpt":{"rendered":"<p>Cet \u00e9l\u00e9gant panier \u00e0 linge en bambou \u00e9cru comprend trois sacs de 30 litres pour s\u00e9parer et transporter facilement les<\/p>\n","protected":false},"featured_media":500997,"template":"","meta":{"_acf_changed":false,"inline_featured_image":false},"product_cat":[12738,19011],"product_tag":[25026,21223,25021,18472,21366,13485,21368,21365,21367],"acf":[],"yoast_head":"<!-- This site is optimized with the Yoast SEO Premium plugin v18.6 (Yoast SEO v19.13) - https:\/\/yoast.com\/wordpress\/plugins\/seo\/ -->\n<title>JOSEPH JOSEPH Tota Trio Luxe Panier \u00e0 linge 90 litres Ecru - Erresse Shop<\/title>\n<meta name=\"description\" content=\"Cet \u00e9l\u00e9gant panier \u00e0 linge en bambou \u00e9cru comprend trois sacs de 30 litres pour s\u00e9parer et transporter facilement les v\u00eatements clairs, fonc\u00e9s et color\u00e9s.\" \/>\n<meta name=\"robots\" content=\"index, follow, max-snippet:-1, max-image-preview:large, max-video-preview:-1\" \/>\n<link rel=\"canonical\" href=\"https:\/\/www.erresse-shop.it\/fr\/shop\/ameublement-maison\/salle-de-bain\/joseph-joseph-tota-trio-luxe-panier-a-linge-90-litres-ecru\/\" \/>\n<meta property=\"og:locale\" content=\"fr_FR\" \/>\n<meta property=\"og:type\" content=\"article\" \/>\n<meta property=\"og:title\" content=\"JOSEPH JOSEPH Tota Trio Luxe Panier \u00e0 linge 90 litres Ecru\" \/>\n<meta property=\"og:description\" content=\"Cet \u00e9l\u00e9gant panier \u00e0 linge en bambou \u00e9cru comprend trois sacs de 30 litres pour s\u00e9parer et transporter facilement les v\u00eatements clairs, fonc\u00e9s et color\u00e9s.\" \/>\n<meta property=\"og:url\" content=\"https:\/\/www.erresse-shop.it\/fr\/shop\/ameublement-maison\/salle-de-bain\/joseph-joseph-tota-trio-luxe-panier-a-linge-90-litres-ecru\/\" \/>\n<meta property=\"og:site_name\" content=\"Erresse Shop\" \/>\n<meta property=\"article:modified_time\" content=\"2026-03-02T20:49:47+00:00\" \/>\n<meta property=\"og:image\" content=\"https:\/\/www.erresse-shop.it\/wp-content\/uploads\/2025\/05\/JOSEPH-JOSEPH-Trio-Luxe-Cesto-Biancheria-90-litri-Ecru.jpg\" \/>\n\t<meta property=\"og:image:width\" content=\"1200\" \/>\n\t<meta property=\"og:image:height\" content=\"1200\" \/>\n\t<meta property=\"og:image:type\" content=\"image\/jpeg\" \/>\n<meta name=\"twitter:card\" content=\"summary_large_image\" \/>\n<script type=\"application\/ld+json\" class=\"yoast-schema-graph\">{\"@context\":\"https:\/\/schema.org\",\"@graph\":[{\"@type\":\"WebPage\",\"@id\":\"https:\/\/www.erresse-shop.it\/fr\/shop\/ameublement-maison\/salle-de-bain\/joseph-joseph-tota-trio-luxe-panier-a-linge-90-litres-ecru\/\",\"url\":\"https:\/\/www.erresse-shop.it\/fr\/shop\/ameublement-maison\/salle-de-bain\/joseph-joseph-tota-trio-luxe-panier-a-linge-90-litres-ecru\/\",\"name\":\"JOSEPH JOSEPH Tota Trio Luxe Panier \u00e0 linge 90 litres Ecru - Erresse Shop\",\"isPartOf\":{\"@id\":\"https:\/\/www.erresse-shop.it\/fr\/#website\"},\"datePublished\":\"2025-05-28T06:50:27+00:00\",\"dateModified\":\"2026-03-02T20:49:47+00:00\",\"description\":\"Cet \u00e9l\u00e9gant panier \u00e0 linge en bambou \u00e9cru comprend trois sacs de 30 litres pour s\u00e9parer et transporter facilement les v\u00eatements clairs, fonc\u00e9s et color\u00e9s.\",\"breadcrumb\":{\"@id\":\"https:\/\/www.erresse-shop.it\/fr\/shop\/ameublement-maison\/salle-de-bain\/joseph-joseph-tota-trio-luxe-panier-a-linge-90-litres-ecru\/#breadcrumb\"},\"inLanguage\":\"fr-FR\",\"potentialAction\":[{\"@type\":\"ReadAction\",\"target\":[\"https:\/\/www.erresse-shop.it\/fr\/shop\/ameublement-maison\/salle-de-bain\/joseph-joseph-tota-trio-luxe-panier-a-linge-90-litres-ecru\/\"]}]},{\"@type\":\"BreadcrumbList\",\"@id\":\"https:\/\/www.erresse-shop.it\/fr\/shop\/ameublement-maison\/salle-de-bain\/joseph-joseph-tota-trio-luxe-panier-a-linge-90-litres-ecru\/#breadcrumb\",\"itemListElement\":[{\"@type\":\"ListItem\",\"position\":1,\"name\":\"Home\",\"item\":\"https:\/\/www.erresse-shop.it\/fr\/\"},{\"@type\":\"ListItem\",\"position\":2,\"name\":\"Shop\",\"item\":\"https:\/\/www.erresse-shop.it\/fr\/shop\/\"},{\"@type\":\"ListItem\",\"position\":3,\"name\":\"JOSEPH JOSEPH Tota Trio Luxe Panier \u00e0 linge 90 litres Ecru\"}]},{\"@type\":\"WebSite\",\"@id\":\"https:\/\/www.erresse-shop.it\/fr\/#website\",\"url\":\"https:\/\/www.erresse-shop.it\/fr\/\",\"name\":\"Erresse Shop\",\"description\":\"Articoli di qualit\u00e0 per la casa\",\"potentialAction\":[{\"@type\":\"SearchAction\",\"target\":{\"@type\":\"EntryPoint\",\"urlTemplate\":\"https:\/\/www.erresse-shop.it\/fr\/?s={search_term_string}\"},\"query-input\":\"required name=search_term_string\"}],\"inLanguage\":\"fr-FR\"}]}<\/script>\n<!-- \/ Yoast SEO Premium plugin. -->","yoast_head_json":{"title":"JOSEPH JOSEPH Tota Trio Luxe Panier \u00e0 linge 90 litres Ecru - Erresse Shop","description":"Cet \u00e9l\u00e9gant panier \u00e0 linge en bambou \u00e9cru comprend trois sacs de 30 litres pour s\u00e9parer et transporter facilement les v\u00eatements clairs, fonc\u00e9s et color\u00e9s.","robots":{"index":"index","follow":"follow","max-snippet":"max-snippet:-1","max-image-preview":"max-image-preview:large","max-video-preview":"max-video-preview:-1"},"canonical":"https:\/\/www.erresse-shop.it\/fr\/shop\/ameublement-maison\/salle-de-bain\/joseph-joseph-tota-trio-luxe-panier-a-linge-90-litres-ecru\/","og_locale":"fr_FR","og_type":"article","og_title":"JOSEPH JOSEPH Tota Trio Luxe Panier \u00e0 linge 90 litres Ecru","og_description":"Cet \u00e9l\u00e9gant panier \u00e0 linge en bambou \u00e9cru comprend trois sacs de 30 litres pour s\u00e9parer et transporter facilement les v\u00eatements clairs, fonc\u00e9s et color\u00e9s.","og_url":"https:\/\/www.erresse-shop.it\/fr\/shop\/ameublement-maison\/salle-de-bain\/joseph-joseph-tota-trio-luxe-panier-a-linge-90-litres-ecru\/","og_site_name":"Erresse Shop","article_modified_time":"2026-03-02T20:49:47+00:00","og_image":[{"width":1200,"height":1200,"url":"https:\/\/www.erresse-shop.it\/wp-content\/uploads\/2025\/05\/JOSEPH-JOSEPH-Trio-Luxe-Cesto-Biancheria-90-litri-Ecru.jpg","type":"image\/jpeg"}],"twitter_card":"summary_large_image","schema":{"@context":"https:\/\/schema.org","@graph":[{"@type":"WebPage","@id":"https:\/\/www.erresse-shop.it\/fr\/shop\/ameublement-maison\/salle-de-bain\/joseph-joseph-tota-trio-luxe-panier-a-linge-90-litres-ecru\/","url":"https:\/\/www.erresse-shop.it\/fr\/shop\/ameublement-maison\/salle-de-bain\/joseph-joseph-tota-trio-luxe-panier-a-linge-90-litres-ecru\/","name":"JOSEPH JOSEPH Tota Trio Luxe Panier \u00e0 linge 90 litres Ecru - Erresse Shop","isPartOf":{"@id":"https:\/\/www.erresse-shop.it\/fr\/#website"},"datePublished":"2025-05-28T06:50:27+00:00","dateModified":"2026-03-02T20:49:47+00:00","description":"Cet \u00e9l\u00e9gant panier \u00e0 linge en bambou \u00e9cru comprend trois sacs de 30 litres pour s\u00e9parer et transporter facilement les v\u00eatements clairs, fonc\u00e9s et color\u00e9s.","breadcrumb":{"@id":"https:\/\/www.erresse-shop.it\/fr\/shop\/ameublement-maison\/salle-de-bain\/joseph-joseph-tota-trio-luxe-panier-a-linge-90-litres-ecru\/#breadcrumb"},"inLanguage":"fr-FR","potentialAction":[{"@type":"ReadAction","target":["https:\/\/www.erresse-shop.it\/fr\/shop\/ameublement-maison\/salle-de-bain\/joseph-joseph-tota-trio-luxe-panier-a-linge-90-litres-ecru\/"]}]},{"@type":"BreadcrumbList","@id":"https:\/\/www.erresse-shop.it\/fr\/shop\/ameublement-maison\/salle-de-bain\/joseph-joseph-tota-trio-luxe-panier-a-linge-90-litres-ecru\/#breadcrumb","itemListElement":[{"@type":"ListItem","position":1,"name":"Home","item":"https:\/\/www.erresse-shop.it\/fr\/"},{"@type":"ListItem","position":2,"name":"Shop","item":"https:\/\/www.erresse-shop.it\/fr\/shop\/"},{"@type":"ListItem","position":3,"name":"JOSEPH JOSEPH Tota Trio Luxe Panier \u00e0 linge 90 litres Ecru"}]},{"@type":"WebSite","@id":"https:\/\/www.erresse-shop.it\/fr\/#website","url":"https:\/\/www.erresse-shop.it\/fr\/","name":"Erresse Shop","description":"Articoli di qualit\u00e0 per la casa","potentialAction":[{"@type":"SearchAction","target":{"@type":"EntryPoint","urlTemplate":"https:\/\/www.erresse-shop.it\/fr\/?s={search_term_string}"},"query-input":"required name=search_term_string"}],"inLanguage":"fr-FR"}]}},"df_price":99,"df_sale_price":99,"df_regular_price":219.99,"df_image_link":"https:\/\/www.erresse-shop.it\/wp-content\/uploads\/2025\/05\/JOSEPH-JOSEPH-Trio-Luxe-Cesto-Biancheria-90-litri-Ecru-300x300.jpg","_links":{"self":[{"href":"https:\/\/www.erresse-shop.it\/fr\/wp-json\/wp\/v2\/product\/500974"}],"collection":[{"href":"https:\/\/www.erresse-shop.it\/fr\/wp-json\/wp\/v2\/product"}],"about":[{"href":"https:\/\/www.erresse-shop.it\/fr\/wp-json\/wp\/v2\/types\/product"}],"wp:featuredmedia":[{"embeddable":true,"href":"https:\/\/www.erresse-shop.it\/fr\/wp-json\/wp\/v2\/media\/500997"}],"wp:attachment":[{"href":"https:\/\/www.erresse-shop.it\/fr\/wp-json\/wp\/v2\/media?parent=500974"}],"wp:term":[{"taxonomy":"product_cat","embeddable":true,"href":"https:\/\/www.erresse-shop.it\/fr\/wp-json\/wp\/v2\/product_cat?post=500974"},{"taxonomy":"product_tag","embeddable":true,"href":"https:\/\/www.erresse-shop.it\/fr\/wp-json\/wp\/v2\/product_tag?post=500974"}],"curies":[{"name":"wp","href":"https:\/\/api.w.org\/{rel}","templated":true}]}}