{"id":500878,"date":"2025-05-27T07:54:28","date_gmt":"2025-05-27T07:54:32","guid":{"rendered":"https:\/\/www.erresse-shop.it\/?post_type=product&#038;p=500878"},"modified":"2026-02-09T11:11:32","modified_gmt":"2026-02-09T11:11:32","slug":"les-jardins-de-la-comtesse-panier-de-pique-nique-rond-2-personnes-tuileries","status":"publish","type":"product","link":"https:\/\/www.erresse-shop.it\/fr\/shop\/table-fr-2\/paniers-pique-nique\/les-jardins-de-la-comtesse-panier-de-pique-nique-rond-2-personnes-tuileries\/","title":{"rendered":"LES JARDINS DE LA COMTESSE Panier de pique-nique rond 2 Personnes Tuileries"},"content":{"rendered":"<div style=\"text-align: justify;\">\n<div>Le panier pique-nique rond Tuileries est un panier pour 2 personnes.<\/div>\n<div>\n<p class=\"Pa2dE\">Il est con\u00e7u pour les amoureux. Sa forme ronde lui donne l&#8217;allure d&#8217;un v\u00e9ritable nid d&#8217;amour. Il est donc parfait pour un pique-nique romantique \u00e0 la lueur des bougies ou au cr\u00e9puscule.<\/p>\n<p class=\"Pa2dE\">Ce panier rond est fabriqu\u00e9 \u00e0 la main en osier naturel marron fonc\u00e9. Une fois ouvert, vous pourrez admirer le tissu en coton bleu (type jean).<\/p>\n<p class=\"Pa2dE\">Ce panier pique-nique rond pour 2 personnes est dot\u00e9 d&#8217;une grande poche isotherme ferm\u00e9e par une fermeture \u00e9clair int\u00e9gr\u00e9e. Cette poche est suffisamment grande pour contenir une bouteille de vin ou toute autre boisson.<\/p>\n<\/div>\n<p><strong>CONTENU<\/strong><\/p>\n<ul>\n<li>2 assiettes (diam\u00e8tre 20 cm) en c\u00e9ramique blanche. Les assiettes sont maintenues par des sangles.<\/li>\n<li>2 grands verres \u00e0 vin (12,5 cl)<\/li>\n<li>1 sac contenant 2 couteaux, 2 fourchettes et 2 cuill\u00e8res \u00e0 caf\u00e9 en acier inoxydable poli.<\/li>\n<li>1 sali\u00e8re et poivri\u00e8re en m\u00e9tal dans son support.<\/li>\n<li>1 tire-bouchon dans son support.<\/li>\n<li>2 lacets pour maintenir le sac avec les couverts.<\/li>\n<li>1 petit sac pour ranger la vaisselle sale.<\/li>\n<\/ul>\n<p>Dimensions\u00a0: 40 x 30 x 23 cm<br \/>\nPoids\u00a0: 3000 g<\/p>\n<\/div>\n","protected":false},"excerpt":{"rendered":"<p>Le panier pique-nique rond Tuileries est un panier pour 2 personnes. Il est con\u00e7u pour les amoureux. Sa forme ronde<\/p>\n","protected":false},"featured_media":500914,"template":"","meta":{"_acf_changed":false,"inline_featured_image":false},"product_cat":[15510,12782],"product_tag":[13485,15502,24603],"acf":[],"yoast_head":"<!-- This site is optimized with the Yoast SEO Premium plugin v18.6 (Yoast SEO v19.13) - https:\/\/yoast.com\/wordpress\/plugins\/seo\/ -->\n<title>LES JARDINS DE LA COMTESSE Panier de pique-nique rond 2 Personnes Tuileries - Erresse Shop<\/title>\n<meta name=\"description\" content=\"Le panier pique-nique rond Tuileries est un panier pour 2 personnes. Il est con\u00e7u pour les amoureux. Sa forme ronde lui donne l&#039;allure d&#039;un v\u00e9ritable nid\" \/>\n<meta name=\"robots\" content=\"index, follow, max-snippet:-1, max-image-preview:large, max-video-preview:-1\" \/>\n<link rel=\"canonical\" href=\"https:\/\/www.erresse-shop.it\/fr\/shop\/table-fr-2\/paniers-pique-nique\/les-jardins-de-la-comtesse-panier-de-pique-nique-rond-2-personnes-tuileries\/\" \/>\n<meta property=\"og:locale\" content=\"fr_FR\" \/>\n<meta property=\"og:type\" content=\"article\" \/>\n<meta property=\"og:title\" content=\"LES JARDINS DE LA COMTESSE Panier de pique-nique rond 2 Personnes Tuileries\" \/>\n<meta property=\"og:description\" content=\"Le panier pique-nique rond Tuileries est un panier pour 2 personnes. Il est con\u00e7u pour les amoureux. Sa forme ronde lui donne l&#039;allure d&#039;un v\u00e9ritable nid\" \/>\n<meta property=\"og:url\" content=\"https:\/\/www.erresse-shop.it\/fr\/shop\/table-fr-2\/paniers-pique-nique\/les-jardins-de-la-comtesse-panier-de-pique-nique-rond-2-personnes-tuileries\/\" \/>\n<meta property=\"og:site_name\" content=\"Erresse Shop\" \/>\n<meta property=\"article:modified_time\" content=\"2026-02-09T11:11:32+00:00\" \/>\n<meta property=\"og:image\" content=\"https:\/\/www.erresse-shop.it\/wp-content\/uploads\/2025\/05\/LES-JARDINS-DE-LA-COMTESSE-Cestino-Picnic-Tuileries.jpg\" \/>\n\t<meta property=\"og:image:width\" content=\"1200\" \/>\n\t<meta property=\"og:image:height\" content=\"1200\" \/>\n\t<meta property=\"og:image:type\" content=\"image\/jpeg\" \/>\n<meta name=\"twitter:card\" content=\"summary_large_image\" \/>\n<script type=\"application\/ld+json\" class=\"yoast-schema-graph\">{\"@context\":\"https:\/\/schema.org\",\"@graph\":[{\"@type\":\"WebPage\",\"@id\":\"https:\/\/www.erresse-shop.it\/fr\/shop\/table-fr-2\/paniers-pique-nique\/les-jardins-de-la-comtesse-panier-de-pique-nique-rond-2-personnes-tuileries\/\",\"url\":\"https:\/\/www.erresse-shop.it\/fr\/shop\/table-fr-2\/paniers-pique-nique\/les-jardins-de-la-comtesse-panier-de-pique-nique-rond-2-personnes-tuileries\/\",\"name\":\"LES JARDINS DE LA COMTESSE Panier de pique-nique rond 2 Personnes Tuileries - Erresse Shop\",\"isPartOf\":{\"@id\":\"https:\/\/www.erresse-shop.it\/fr\/#website\"},\"datePublished\":\"2025-05-27T07:54:32+00:00\",\"dateModified\":\"2026-02-09T11:11:32+00:00\",\"description\":\"Le panier pique-nique rond Tuileries est un panier pour 2 personnes. Il est con\u00e7u pour les amoureux. Sa forme ronde lui donne l'allure d'un v\u00e9ritable nid\",\"breadcrumb\":{\"@id\":\"https:\/\/www.erresse-shop.it\/fr\/shop\/table-fr-2\/paniers-pique-nique\/les-jardins-de-la-comtesse-panier-de-pique-nique-rond-2-personnes-tuileries\/#breadcrumb\"},\"inLanguage\":\"fr-FR\",\"potentialAction\":[{\"@type\":\"ReadAction\",\"target\":[\"https:\/\/www.erresse-shop.it\/fr\/shop\/table-fr-2\/paniers-pique-nique\/les-jardins-de-la-comtesse-panier-de-pique-nique-rond-2-personnes-tuileries\/\"]}]},{\"@type\":\"BreadcrumbList\",\"@id\":\"https:\/\/www.erresse-shop.it\/fr\/shop\/table-fr-2\/paniers-pique-nique\/les-jardins-de-la-comtesse-panier-de-pique-nique-rond-2-personnes-tuileries\/#breadcrumb\",\"itemListElement\":[{\"@type\":\"ListItem\",\"position\":1,\"name\":\"Home\",\"item\":\"https:\/\/www.erresse-shop.it\/fr\/\"},{\"@type\":\"ListItem\",\"position\":2,\"name\":\"Shop\",\"item\":\"https:\/\/www.erresse-shop.it\/fr\/shop\/\"},{\"@type\":\"ListItem\",\"position\":3,\"name\":\"LES JARDINS DE LA COMTESSE Panier de pique-nique rond 2 Personnes Tuileries\"}]},{\"@type\":\"WebSite\",\"@id\":\"https:\/\/www.erresse-shop.it\/fr\/#website\",\"url\":\"https:\/\/www.erresse-shop.it\/fr\/\",\"name\":\"Erresse Shop\",\"description\":\"Articoli di qualit\u00e0 per la casa\",\"potentialAction\":[{\"@type\":\"SearchAction\",\"target\":{\"@type\":\"EntryPoint\",\"urlTemplate\":\"https:\/\/www.erresse-shop.it\/fr\/?s={search_term_string}\"},\"query-input\":\"required name=search_term_string\"}],\"inLanguage\":\"fr-FR\"}]}<\/script>\n<!-- \/ Yoast SEO Premium plugin. -->","yoast_head_json":{"title":"LES JARDINS DE LA COMTESSE Panier de pique-nique rond 2 Personnes Tuileries - Erresse Shop","description":"Le panier pique-nique rond Tuileries est un panier pour 2 personnes. Il est con\u00e7u pour les amoureux. Sa forme ronde lui donne l'allure d'un v\u00e9ritable nid","robots":{"index":"index","follow":"follow","max-snippet":"max-snippet:-1","max-image-preview":"max-image-preview:large","max-video-preview":"max-video-preview:-1"},"canonical":"https:\/\/www.erresse-shop.it\/fr\/shop\/table-fr-2\/paniers-pique-nique\/les-jardins-de-la-comtesse-panier-de-pique-nique-rond-2-personnes-tuileries\/","og_locale":"fr_FR","og_type":"article","og_title":"LES JARDINS DE LA COMTESSE Panier de pique-nique rond 2 Personnes Tuileries","og_description":"Le panier pique-nique rond Tuileries est un panier pour 2 personnes. Il est con\u00e7u pour les amoureux. Sa forme ronde lui donne l'allure d'un v\u00e9ritable nid","og_url":"https:\/\/www.erresse-shop.it\/fr\/shop\/table-fr-2\/paniers-pique-nique\/les-jardins-de-la-comtesse-panier-de-pique-nique-rond-2-personnes-tuileries\/","og_site_name":"Erresse Shop","article_modified_time":"2026-02-09T11:11:32+00:00","og_image":[{"width":1200,"height":1200,"url":"https:\/\/www.erresse-shop.it\/wp-content\/uploads\/2025\/05\/LES-JARDINS-DE-LA-COMTESSE-Cestino-Picnic-Tuileries.jpg","type":"image\/jpeg"}],"twitter_card":"summary_large_image","schema":{"@context":"https:\/\/schema.org","@graph":[{"@type":"WebPage","@id":"https:\/\/www.erresse-shop.it\/fr\/shop\/table-fr-2\/paniers-pique-nique\/les-jardins-de-la-comtesse-panier-de-pique-nique-rond-2-personnes-tuileries\/","url":"https:\/\/www.erresse-shop.it\/fr\/shop\/table-fr-2\/paniers-pique-nique\/les-jardins-de-la-comtesse-panier-de-pique-nique-rond-2-personnes-tuileries\/","name":"LES JARDINS DE LA COMTESSE Panier de pique-nique rond 2 Personnes Tuileries - Erresse Shop","isPartOf":{"@id":"https:\/\/www.erresse-shop.it\/fr\/#website"},"datePublished":"2025-05-27T07:54:32+00:00","dateModified":"2026-02-09T11:11:32+00:00","description":"Le panier pique-nique rond Tuileries est un panier pour 2 personnes. Il est con\u00e7u pour les amoureux. Sa forme ronde lui donne l'allure d'un v\u00e9ritable nid","breadcrumb":{"@id":"https:\/\/www.erresse-shop.it\/fr\/shop\/table-fr-2\/paniers-pique-nique\/les-jardins-de-la-comtesse-panier-de-pique-nique-rond-2-personnes-tuileries\/#breadcrumb"},"inLanguage":"fr-FR","potentialAction":[{"@type":"ReadAction","target":["https:\/\/www.erresse-shop.it\/fr\/shop\/table-fr-2\/paniers-pique-nique\/les-jardins-de-la-comtesse-panier-de-pique-nique-rond-2-personnes-tuileries\/"]}]},{"@type":"BreadcrumbList","@id":"https:\/\/www.erresse-shop.it\/fr\/shop\/table-fr-2\/paniers-pique-nique\/les-jardins-de-la-comtesse-panier-de-pique-nique-rond-2-personnes-tuileries\/#breadcrumb","itemListElement":[{"@type":"ListItem","position":1,"name":"Home","item":"https:\/\/www.erresse-shop.it\/fr\/"},{"@type":"ListItem","position":2,"name":"Shop","item":"https:\/\/www.erresse-shop.it\/fr\/shop\/"},{"@type":"ListItem","position":3,"name":"LES JARDINS DE LA COMTESSE Panier de pique-nique rond 2 Personnes Tuileries"}]},{"@type":"WebSite","@id":"https:\/\/www.erresse-shop.it\/fr\/#website","url":"https:\/\/www.erresse-shop.it\/fr\/","name":"Erresse Shop","description":"Articoli di qualit\u00e0 per la casa","potentialAction":[{"@type":"SearchAction","target":{"@type":"EntryPoint","urlTemplate":"https:\/\/www.erresse-shop.it\/fr\/?s={search_term_string}"},"query-input":"required name=search_term_string"}],"inLanguage":"fr-FR"}]}},"df_price":79,"df_sale_price":79,"df_regular_price":126.98,"df_image_link":"https:\/\/www.erresse-shop.it\/wp-content\/uploads\/2025\/05\/LES-JARDINS-DE-LA-COMTESSE-Cestino-Picnic-Tuileries-300x300.jpg","_links":{"self":[{"href":"https:\/\/www.erresse-shop.it\/fr\/wp-json\/wp\/v2\/product\/500878"}],"collection":[{"href":"https:\/\/www.erresse-shop.it\/fr\/wp-json\/wp\/v2\/product"}],"about":[{"href":"https:\/\/www.erresse-shop.it\/fr\/wp-json\/wp\/v2\/types\/product"}],"wp:featuredmedia":[{"embeddable":true,"href":"https:\/\/www.erresse-shop.it\/fr\/wp-json\/wp\/v2\/media\/500914"}],"wp:attachment":[{"href":"https:\/\/www.erresse-shop.it\/fr\/wp-json\/wp\/v2\/media?parent=500878"}],"wp:term":[{"taxonomy":"product_cat","embeddable":true,"href":"https:\/\/www.erresse-shop.it\/fr\/wp-json\/wp\/v2\/product_cat?post=500878"},{"taxonomy":"product_tag","embeddable":true,"href":"https:\/\/www.erresse-shop.it\/fr\/wp-json\/wp\/v2\/product_tag?post=500878"}],"curies":[{"name":"wp","href":"https:\/\/api.w.org\/{rel}","templated":true}]}}