{"id":499854,"date":"2025-05-21T08:13:24","date_gmt":"2025-05-21T08:13:27","guid":{"rendered":"https:\/\/www.erresse-shop.it\/?post_type=product&#038;p=499854"},"modified":"2026-02-09T11:17:55","modified_gmt":"2026-02-09T11:17:55","slug":"emile-henry-tajine-32-cm-fusain-2","status":"publish","type":"product","link":"https:\/\/www.erresse-shop.it\/fr\/shop\/poeles-pots\/tajine\/emile-henry-tajine-32-cm-fusain-2\/","title":{"rendered":"EMILE HENRY Tajine 32 cm Fusain"},"content":{"rendered":"<p>Le tajine est synonyme de rencontres et de g\u00e9n\u00e9rosit\u00e9. Des contrastes vari\u00e9s, des envies et des souvenirs partag\u00e9s. C&#8217;est aussi l&#8217;une des seules recettes qui d\u00e9signe \u00e0 la fois un plat\u2026 et le plat dans lequel il est cuisin\u00e9. Preuve, s&#8217;il en \u00e9tait besoin, de l&#8217;importance, lors de la pr\u00e9paration, d&#8217;\u00eatre bien entour\u00e9.<\/p>\n<p>Notre \u00ab\u00a0tajine\u00a0\u00bb a \u00e9t\u00e9 con\u00e7u pour sublimer ce plat itin\u00e9rant, par sa chaleur, sa rondeur et sa saveur. Parce que le meilleur tajine n&#8217;est pas le plus compliqu\u00e9\u00a0! C&#8217;est celui que vous imaginez, en choisissant les ingr\u00e9dients qui vous inspirent et \u00e9voquent des \u00e9motions retrouv\u00e9es\u00a0: citrons du jardin, dattes fra\u00eeches et fondantes, agrumes juteux\u2026 le tout d\u00e9licieusement envelopp\u00e9 d&#8217;\u00e9pices parfum\u00e9es.<\/p>\n<p>Laissez ensuite cuire, confire, mijoter sans souci\u00a0: notre c\u00e9ramique Flame\u00ae diffuse une chaleur d\u00e9licate et homog\u00e8ne qui s&#8217;adapte parfaitement.<\/p>\n<p>Gr\u00e2ce au couvercle conique et ferm\u00e9, la vapeur circule, les ar\u00f4mes se d\u00e9veloppent et les saveurs se lib\u00e8rent tout au long de la cuisson. Enfin, sa taille lui permet de rester fid\u00e8le \u00e0 l&#8217;esprit de ce plat g\u00e9n\u00e9reux, pour 8 \u00e0 10 convives. Et n&#8217;oubliez pas\u00a0: il est si beau qu&#8217;il est vivement recommand\u00e9 de le servir \u00e0 table\u00a0!<\/p>\n<p><strong>Quelques conseils pour utiliser votre tajine Emile Henry\u00a0:<\/strong><\/p>\n<p>Commencez toujours \u00e0 feu doux pendant les 5 premi\u00e8res minutes pour augmenter progressivement la temp\u00e9rature. Ne chauffez pas le fond de votre tajine vide\u00a0: ajoutez toujours un peu d&#8217;eau ou d&#8217;huile. Assurez-vous qu&#8217;il y ait toujours du jus dans votre tajine pendant la cuisson. Si n\u00e9cessaire, vous pouvez ajouter un petit verre d&#8217;eau. Gardez le tajine ferm\u00e9 pendant la cuisson\u00a0; vous pouvez bien s\u00fbr l&#8217;ouvrir rapidement pour ajouter d&#8217;autres ingr\u00e9dients et \u00e9pices.<\/p>\n<p><strong>Longueur \/ Diam\u00e8tre\u00a0:<\/strong> 32,5\u00a0cm<br \/>\n<strong>Largeur\u00a0:<\/strong> 27\u00a0cm<br \/>\n<strong>Hauteur\u00a0:<\/strong> 23\u00a0cm<br \/>\n<strong>Poids (kg)\u00a0:<\/strong> 3,55\u00a0kg<br \/>\n<strong>Temp\u00e9rature maximale\u00a0:<\/strong> 290\u00a0\u00b0C<br \/>\n<strong>Temp\u00e9rature minimale\u00a0:<\/strong> -20\u00a0\u00b0C<\/p>\n","protected":false},"excerpt":{"rendered":"<p>Le tajine est synonyme de rencontres et de g\u00e9n\u00e9rosit\u00e9. Des contrastes vari\u00e9s, des envies et des souvenirs partag\u00e9s. C&#8217;est aussi<\/p>\n","protected":false},"featured_media":499879,"template":"","meta":{"_acf_changed":false,"inline_featured_image":false},"product_cat":[12458,14784],"product_tag":[21529,14248,18434,13271,13272],"acf":[],"yoast_head":"<!-- This site is optimized with the Yoast SEO Premium plugin v18.6 (Yoast SEO v19.13) - https:\/\/yoast.com\/wordpress\/plugins\/seo\/ -->\n<title>EMILE HENRY Tajine 32 cm Fusain - Erresse Shop<\/title>\n<meta name=\"description\" content=\"Le tajine est synonyme de rencontres et de g\u00e9n\u00e9rosit\u00e9. Des contrastes vari\u00e9s, des envies et des souvenirs partag\u00e9s. C&#039;est aussi l&#039;une des seules recettes\" \/>\n<meta name=\"robots\" content=\"index, follow, max-snippet:-1, max-image-preview:large, max-video-preview:-1\" \/>\n<link rel=\"canonical\" href=\"https:\/\/www.erresse-shop.it\/fr\/shop\/poeles-pots\/tajine\/emile-henry-tajine-32-cm-fusain-2\/\" \/>\n<meta property=\"og:locale\" content=\"fr_FR\" \/>\n<meta property=\"og:type\" content=\"article\" \/>\n<meta property=\"og:title\" content=\"EMILE HENRY Tajine 32 cm Fusain\" \/>\n<meta property=\"og:description\" content=\"Le tajine est synonyme de rencontres et de g\u00e9n\u00e9rosit\u00e9. Des contrastes vari\u00e9s, des envies et des souvenirs partag\u00e9s. C&#039;est aussi l&#039;une des seules recettes\" \/>\n<meta property=\"og:url\" content=\"https:\/\/www.erresse-shop.it\/fr\/shop\/poeles-pots\/tajine\/emile-henry-tajine-32-cm-fusain-2\/\" \/>\n<meta property=\"og:site_name\" content=\"Erresse Shop\" \/>\n<meta property=\"article:modified_time\" content=\"2026-02-09T11:17:55+00:00\" \/>\n<meta property=\"og:image\" content=\"https:\/\/www.erresse-shop.it\/wp-content\/uploads\/2025\/05\/EMILE-HENRY-Tajine-32-cm-Fusain-1.jpg\" \/>\n\t<meta property=\"og:image:width\" content=\"1200\" \/>\n\t<meta property=\"og:image:height\" content=\"1200\" \/>\n\t<meta property=\"og:image:type\" content=\"image\/jpeg\" \/>\n<meta name=\"twitter:card\" content=\"summary_large_image\" \/>\n<script type=\"application\/ld+json\" class=\"yoast-schema-graph\">{\"@context\":\"https:\/\/schema.org\",\"@graph\":[{\"@type\":\"WebPage\",\"@id\":\"https:\/\/www.erresse-shop.it\/fr\/shop\/poeles-pots\/tajine\/emile-henry-tajine-32-cm-fusain-2\/\",\"url\":\"https:\/\/www.erresse-shop.it\/fr\/shop\/poeles-pots\/tajine\/emile-henry-tajine-32-cm-fusain-2\/\",\"name\":\"EMILE HENRY Tajine 32 cm Fusain - Erresse Shop\",\"isPartOf\":{\"@id\":\"https:\/\/www.erresse-shop.it\/fr\/#website\"},\"datePublished\":\"2025-05-21T08:13:27+00:00\",\"dateModified\":\"2026-02-09T11:17:55+00:00\",\"description\":\"Le tajine est synonyme de rencontres et de g\u00e9n\u00e9rosit\u00e9. Des contrastes vari\u00e9s, des envies et des souvenirs partag\u00e9s. C'est aussi l'une des seules recettes\",\"breadcrumb\":{\"@id\":\"https:\/\/www.erresse-shop.it\/fr\/shop\/poeles-pots\/tajine\/emile-henry-tajine-32-cm-fusain-2\/#breadcrumb\"},\"inLanguage\":\"fr-FR\",\"potentialAction\":[{\"@type\":\"ReadAction\",\"target\":[\"https:\/\/www.erresse-shop.it\/fr\/shop\/poeles-pots\/tajine\/emile-henry-tajine-32-cm-fusain-2\/\"]}]},{\"@type\":\"BreadcrumbList\",\"@id\":\"https:\/\/www.erresse-shop.it\/fr\/shop\/poeles-pots\/tajine\/emile-henry-tajine-32-cm-fusain-2\/#breadcrumb\",\"itemListElement\":[{\"@type\":\"ListItem\",\"position\":1,\"name\":\"Home\",\"item\":\"https:\/\/www.erresse-shop.it\/fr\/\"},{\"@type\":\"ListItem\",\"position\":2,\"name\":\"Shop\",\"item\":\"https:\/\/www.erresse-shop.it\/fr\/shop\/\"},{\"@type\":\"ListItem\",\"position\":3,\"name\":\"EMILE HENRY Tajine 32 cm Fusain\"}]},{\"@type\":\"WebSite\",\"@id\":\"https:\/\/www.erresse-shop.it\/fr\/#website\",\"url\":\"https:\/\/www.erresse-shop.it\/fr\/\",\"name\":\"Erresse Shop\",\"description\":\"Articoli di qualit\u00e0 per la casa\",\"potentialAction\":[{\"@type\":\"SearchAction\",\"target\":{\"@type\":\"EntryPoint\",\"urlTemplate\":\"https:\/\/www.erresse-shop.it\/fr\/?s={search_term_string}\"},\"query-input\":\"required name=search_term_string\"}],\"inLanguage\":\"fr-FR\"}]}<\/script>\n<!-- \/ Yoast SEO Premium plugin. -->","yoast_head_json":{"title":"EMILE HENRY Tajine 32 cm Fusain - Erresse Shop","description":"Le tajine est synonyme de rencontres et de g\u00e9n\u00e9rosit\u00e9. Des contrastes vari\u00e9s, des envies et des souvenirs partag\u00e9s. C'est aussi l'une des seules recettes","robots":{"index":"index","follow":"follow","max-snippet":"max-snippet:-1","max-image-preview":"max-image-preview:large","max-video-preview":"max-video-preview:-1"},"canonical":"https:\/\/www.erresse-shop.it\/fr\/shop\/poeles-pots\/tajine\/emile-henry-tajine-32-cm-fusain-2\/","og_locale":"fr_FR","og_type":"article","og_title":"EMILE HENRY Tajine 32 cm Fusain","og_description":"Le tajine est synonyme de rencontres et de g\u00e9n\u00e9rosit\u00e9. Des contrastes vari\u00e9s, des envies et des souvenirs partag\u00e9s. C'est aussi l'une des seules recettes","og_url":"https:\/\/www.erresse-shop.it\/fr\/shop\/poeles-pots\/tajine\/emile-henry-tajine-32-cm-fusain-2\/","og_site_name":"Erresse Shop","article_modified_time":"2026-02-09T11:17:55+00:00","og_image":[{"width":1200,"height":1200,"url":"https:\/\/www.erresse-shop.it\/wp-content\/uploads\/2025\/05\/EMILE-HENRY-Tajine-32-cm-Fusain-1.jpg","type":"image\/jpeg"}],"twitter_card":"summary_large_image","schema":{"@context":"https:\/\/schema.org","@graph":[{"@type":"WebPage","@id":"https:\/\/www.erresse-shop.it\/fr\/shop\/poeles-pots\/tajine\/emile-henry-tajine-32-cm-fusain-2\/","url":"https:\/\/www.erresse-shop.it\/fr\/shop\/poeles-pots\/tajine\/emile-henry-tajine-32-cm-fusain-2\/","name":"EMILE HENRY Tajine 32 cm Fusain - Erresse Shop","isPartOf":{"@id":"https:\/\/www.erresse-shop.it\/fr\/#website"},"datePublished":"2025-05-21T08:13:27+00:00","dateModified":"2026-02-09T11:17:55+00:00","description":"Le tajine est synonyme de rencontres et de g\u00e9n\u00e9rosit\u00e9. Des contrastes vari\u00e9s, des envies et des souvenirs partag\u00e9s. C'est aussi l'une des seules recettes","breadcrumb":{"@id":"https:\/\/www.erresse-shop.it\/fr\/shop\/poeles-pots\/tajine\/emile-henry-tajine-32-cm-fusain-2\/#breadcrumb"},"inLanguage":"fr-FR","potentialAction":[{"@type":"ReadAction","target":["https:\/\/www.erresse-shop.it\/fr\/shop\/poeles-pots\/tajine\/emile-henry-tajine-32-cm-fusain-2\/"]}]},{"@type":"BreadcrumbList","@id":"https:\/\/www.erresse-shop.it\/fr\/shop\/poeles-pots\/tajine\/emile-henry-tajine-32-cm-fusain-2\/#breadcrumb","itemListElement":[{"@type":"ListItem","position":1,"name":"Home","item":"https:\/\/www.erresse-shop.it\/fr\/"},{"@type":"ListItem","position":2,"name":"Shop","item":"https:\/\/www.erresse-shop.it\/fr\/shop\/"},{"@type":"ListItem","position":3,"name":"EMILE HENRY Tajine 32 cm Fusain"}]},{"@type":"WebSite","@id":"https:\/\/www.erresse-shop.it\/fr\/#website","url":"https:\/\/www.erresse-shop.it\/fr\/","name":"Erresse Shop","description":"Articoli di qualit\u00e0 per la casa","potentialAction":[{"@type":"SearchAction","target":{"@type":"EntryPoint","urlTemplate":"https:\/\/www.erresse-shop.it\/fr\/?s={search_term_string}"},"query-input":"required name=search_term_string"}],"inLanguage":"fr-FR"}]}},"df_price":99.95,"df_sale_price":99.95,"df_regular_price":144.9,"df_image_link":"https:\/\/www.erresse-shop.it\/wp-content\/uploads\/2025\/05\/EMILE-HENRY-Tajine-32-cm-Fusain-1-300x300.jpg","_links":{"self":[{"href":"https:\/\/www.erresse-shop.it\/fr\/wp-json\/wp\/v2\/product\/499854"}],"collection":[{"href":"https:\/\/www.erresse-shop.it\/fr\/wp-json\/wp\/v2\/product"}],"about":[{"href":"https:\/\/www.erresse-shop.it\/fr\/wp-json\/wp\/v2\/types\/product"}],"wp:featuredmedia":[{"embeddable":true,"href":"https:\/\/www.erresse-shop.it\/fr\/wp-json\/wp\/v2\/media\/499879"}],"wp:attachment":[{"href":"https:\/\/www.erresse-shop.it\/fr\/wp-json\/wp\/v2\/media?parent=499854"}],"wp:term":[{"taxonomy":"product_cat","embeddable":true,"href":"https:\/\/www.erresse-shop.it\/fr\/wp-json\/wp\/v2\/product_cat?post=499854"},{"taxonomy":"product_tag","embeddable":true,"href":"https:\/\/www.erresse-shop.it\/fr\/wp-json\/wp\/v2\/product_tag?post=499854"}],"curies":[{"name":"wp","href":"https:\/\/api.w.org\/{rel}","templated":true}]}}