{"id":499425,"date":"2025-05-19T08:28:43","date_gmt":"2025-05-19T08:28:46","guid":{"rendered":"https:\/\/www.erresse-shop.it\/?post_type=product&#038;p=499425"},"modified":"2025-05-19T08:34:00","modified_gmt":"2025-05-19T08:34:00","slug":"quick-mill-stretta-0820-machine-a-cafe-expresso-manuelle-noir","status":"publish","type":"product","link":"https:\/\/www.erresse-shop.it\/fr\/shop\/petits-electromenagers\/machines-cafe\/quick-mill-stretta-0820-machine-a-cafe-expresso-manuelle-noir\/","title":{"rendered":"QUICK MILL Stretta 0820 Machine \u00e0 caf\u00e9 expresso manuelle Noir"},"content":{"rendered":"<p>La perfection enferm\u00e9e dans un petit espace avec notre machine la plus compacte, au catalogue depuis 1971, adapt\u00e9e en design et en technologie.<\/p>\n<p>Son design intemporel est une ic\u00f4ne d&#8217;\u00e9l\u00e9gance et de fonctionnalit\u00e9.<\/p>\n<p>Gr\u00e2ce \u00e0 sa petite taille, il s&#8217;int\u00e8gre facilement m\u00eame dans les espaces les plus restreints, offrant avec lui la promesse d&#8217;un caf\u00e9 de haute qualit\u00e9, exceptionnellement savoureux, pr\u00eat en quelques secondes gr\u00e2ce \u00e0 la technologie thermo-bloc.<\/p>\n<p><strong><span style=\"font-size: 14pt;\">Caract\u00e9ristiques techniques\u00a0:<\/span><\/strong><\/p>\n<ul>\n<li>Thermobloc m\u00e9tallique avec double contr\u00f4le thermostatique et fusible thermique de s\u00e9curit\u00e9 &#8211; exclusivit\u00e9 Quick Mill &#8211;<\/li>\n<li>Pompe vibrante<\/li>\n<li>Impulsion stabilisatrice de pression et r\u00e9duction du bruit de 30 % &#8211; exclusivit\u00e9 Quick Mill &#8211;<\/li>\n<li>Porte-filtre exclusif \u00ab Quick Mill \u00bb en acier inoxydable avec course fixe et joint torique<\/li>\n<li>Pr\u00e9l\u00e8vement illimit\u00e9 de vapeur et d&#8217;eau chaude<\/li>\n<li>Lance pratique avec m\u00e9langeur d&#8217;air et d\u00e9viateur<\/li>\n<li>Boutons d&#8217;ic\u00f4nes intuitifs<\/li>\n<li>R\u00e9servoir lat\u00e9ral de 1,8 L<\/li>\n<li>Dimensions : L 190 x P 220 x H 335 mm<\/li>\n<li>Poids net 5,9 kg<\/li>\n<li>Puissance\u00a0: 1\u00a0080\u00a0Watts<\/li>\n<\/ul>\n","protected":false},"excerpt":{"rendered":"<p>La perfection enferm\u00e9e dans un petit espace avec notre machine la plus compacte, au catalogue depuis 1971, adapt\u00e9e en design<\/p>\n","protected":false},"featured_media":499431,"template":"","meta":{"_acf_changed":false,"inline_featured_image":false},"product_cat":[12764,12449],"product_tag":[23563,25021,12950],"acf":[],"yoast_head":"<!-- This site is optimized with the Yoast SEO Premium plugin v18.6 (Yoast SEO v19.13) - https:\/\/yoast.com\/wordpress\/plugins\/seo\/ -->\n<title>QUICK MILL Stretta 0820 Machine \u00e0 caf\u00e9 expresso manuelle Noir - Erresse Shop<\/title>\n<meta name=\"description\" content=\"La perfection enferm\u00e9e dans un petit espace avec notre machine la plus compacte, au catalogue depuis 1971, adapt\u00e9e en design et en technologie. Son design\" \/>\n<meta name=\"robots\" content=\"index, follow, max-snippet:-1, max-image-preview:large, max-video-preview:-1\" \/>\n<link rel=\"canonical\" href=\"https:\/\/www.erresse-shop.it\/fr\/shop\/petits-electromenagers\/machines-cafe\/quick-mill-stretta-0820-machine-a-cafe-expresso-manuelle-noir\/\" \/>\n<meta property=\"og:locale\" content=\"fr_FR\" \/>\n<meta property=\"og:type\" content=\"article\" \/>\n<meta property=\"og:title\" content=\"QUICK MILL Stretta 0820 Machine \u00e0 caf\u00e9 expresso manuelle Noir\" \/>\n<meta property=\"og:description\" content=\"La perfection enferm\u00e9e dans un petit espace avec notre machine la plus compacte, au catalogue depuis 1971, adapt\u00e9e en design et en technologie. Son design\" \/>\n<meta property=\"og:url\" content=\"https:\/\/www.erresse-shop.it\/fr\/shop\/petits-electromenagers\/machines-cafe\/quick-mill-stretta-0820-machine-a-cafe-expresso-manuelle-noir\/\" \/>\n<meta property=\"og:site_name\" content=\"Erresse Shop\" \/>\n<meta property=\"article:modified_time\" content=\"2025-05-19T08:34:00+00:00\" \/>\n<meta property=\"og:image\" content=\"https:\/\/www.erresse-shop.it\/wp-content\/uploads\/2025\/05\/QUICK-MILL-Stretta-0820-Macchina-da-Caffe-Espresso-Manuale-Nero.jpg\" \/>\n\t<meta property=\"og:image:width\" content=\"1200\" \/>\n\t<meta property=\"og:image:height\" content=\"1200\" \/>\n\t<meta property=\"og:image:type\" content=\"image\/jpeg\" \/>\n<meta name=\"twitter:card\" content=\"summary_large_image\" \/>\n<script type=\"application\/ld+json\" class=\"yoast-schema-graph\">{\"@context\":\"https:\/\/schema.org\",\"@graph\":[{\"@type\":\"WebPage\",\"@id\":\"https:\/\/www.erresse-shop.it\/fr\/shop\/petits-electromenagers\/machines-cafe\/quick-mill-stretta-0820-machine-a-cafe-expresso-manuelle-noir\/\",\"url\":\"https:\/\/www.erresse-shop.it\/fr\/shop\/petits-electromenagers\/machines-cafe\/quick-mill-stretta-0820-machine-a-cafe-expresso-manuelle-noir\/\",\"name\":\"QUICK MILL Stretta 0820 Machine \u00e0 caf\u00e9 expresso manuelle Noir - Erresse Shop\",\"isPartOf\":{\"@id\":\"https:\/\/www.erresse-shop.it\/fr\/#website\"},\"datePublished\":\"2025-05-19T08:28:46+00:00\",\"dateModified\":\"2025-05-19T08:34:00+00:00\",\"description\":\"La perfection enferm\u00e9e dans un petit espace avec notre machine la plus compacte, au catalogue depuis 1971, adapt\u00e9e en design et en technologie. Son design\",\"breadcrumb\":{\"@id\":\"https:\/\/www.erresse-shop.it\/fr\/shop\/petits-electromenagers\/machines-cafe\/quick-mill-stretta-0820-machine-a-cafe-expresso-manuelle-noir\/#breadcrumb\"},\"inLanguage\":\"fr-FR\",\"potentialAction\":[{\"@type\":\"ReadAction\",\"target\":[\"https:\/\/www.erresse-shop.it\/fr\/shop\/petits-electromenagers\/machines-cafe\/quick-mill-stretta-0820-machine-a-cafe-expresso-manuelle-noir\/\"]}]},{\"@type\":\"BreadcrumbList\",\"@id\":\"https:\/\/www.erresse-shop.it\/fr\/shop\/petits-electromenagers\/machines-cafe\/quick-mill-stretta-0820-machine-a-cafe-expresso-manuelle-noir\/#breadcrumb\",\"itemListElement\":[{\"@type\":\"ListItem\",\"position\":1,\"name\":\"Home\",\"item\":\"https:\/\/www.erresse-shop.it\/fr\/\"},{\"@type\":\"ListItem\",\"position\":2,\"name\":\"Shop\",\"item\":\"https:\/\/www.erresse-shop.it\/fr\/shop\/\"},{\"@type\":\"ListItem\",\"position\":3,\"name\":\"QUICK MILL Stretta 0820 Machine \u00e0 caf\u00e9 expresso manuelle Noir\"}]},{\"@type\":\"WebSite\",\"@id\":\"https:\/\/www.erresse-shop.it\/fr\/#website\",\"url\":\"https:\/\/www.erresse-shop.it\/fr\/\",\"name\":\"Erresse Shop\",\"description\":\"Articoli di qualit\u00e0 per la casa\",\"potentialAction\":[{\"@type\":\"SearchAction\",\"target\":{\"@type\":\"EntryPoint\",\"urlTemplate\":\"https:\/\/www.erresse-shop.it\/fr\/?s={search_term_string}\"},\"query-input\":\"required name=search_term_string\"}],\"inLanguage\":\"fr-FR\"}]}<\/script>\n<!-- \/ Yoast SEO Premium plugin. -->","yoast_head_json":{"title":"QUICK MILL Stretta 0820 Machine \u00e0 caf\u00e9 expresso manuelle Noir - Erresse Shop","description":"La perfection enferm\u00e9e dans un petit espace avec notre machine la plus compacte, au catalogue depuis 1971, adapt\u00e9e en design et en technologie. Son design","robots":{"index":"index","follow":"follow","max-snippet":"max-snippet:-1","max-image-preview":"max-image-preview:large","max-video-preview":"max-video-preview:-1"},"canonical":"https:\/\/www.erresse-shop.it\/fr\/shop\/petits-electromenagers\/machines-cafe\/quick-mill-stretta-0820-machine-a-cafe-expresso-manuelle-noir\/","og_locale":"fr_FR","og_type":"article","og_title":"QUICK MILL Stretta 0820 Machine \u00e0 caf\u00e9 expresso manuelle Noir","og_description":"La perfection enferm\u00e9e dans un petit espace avec notre machine la plus compacte, au catalogue depuis 1971, adapt\u00e9e en design et en technologie. Son design","og_url":"https:\/\/www.erresse-shop.it\/fr\/shop\/petits-electromenagers\/machines-cafe\/quick-mill-stretta-0820-machine-a-cafe-expresso-manuelle-noir\/","og_site_name":"Erresse Shop","article_modified_time":"2025-05-19T08:34:00+00:00","og_image":[{"width":1200,"height":1200,"url":"https:\/\/www.erresse-shop.it\/wp-content\/uploads\/2025\/05\/QUICK-MILL-Stretta-0820-Macchina-da-Caffe-Espresso-Manuale-Nero.jpg","type":"image\/jpeg"}],"twitter_card":"summary_large_image","schema":{"@context":"https:\/\/schema.org","@graph":[{"@type":"WebPage","@id":"https:\/\/www.erresse-shop.it\/fr\/shop\/petits-electromenagers\/machines-cafe\/quick-mill-stretta-0820-machine-a-cafe-expresso-manuelle-noir\/","url":"https:\/\/www.erresse-shop.it\/fr\/shop\/petits-electromenagers\/machines-cafe\/quick-mill-stretta-0820-machine-a-cafe-expresso-manuelle-noir\/","name":"QUICK MILL Stretta 0820 Machine \u00e0 caf\u00e9 expresso manuelle Noir - Erresse Shop","isPartOf":{"@id":"https:\/\/www.erresse-shop.it\/fr\/#website"},"datePublished":"2025-05-19T08:28:46+00:00","dateModified":"2025-05-19T08:34:00+00:00","description":"La perfection enferm\u00e9e dans un petit espace avec notre machine la plus compacte, au catalogue depuis 1971, adapt\u00e9e en design et en technologie. Son design","breadcrumb":{"@id":"https:\/\/www.erresse-shop.it\/fr\/shop\/petits-electromenagers\/machines-cafe\/quick-mill-stretta-0820-machine-a-cafe-expresso-manuelle-noir\/#breadcrumb"},"inLanguage":"fr-FR","potentialAction":[{"@type":"ReadAction","target":["https:\/\/www.erresse-shop.it\/fr\/shop\/petits-electromenagers\/machines-cafe\/quick-mill-stretta-0820-machine-a-cafe-expresso-manuelle-noir\/"]}]},{"@type":"BreadcrumbList","@id":"https:\/\/www.erresse-shop.it\/fr\/shop\/petits-electromenagers\/machines-cafe\/quick-mill-stretta-0820-machine-a-cafe-expresso-manuelle-noir\/#breadcrumb","itemListElement":[{"@type":"ListItem","position":1,"name":"Home","item":"https:\/\/www.erresse-shop.it\/fr\/"},{"@type":"ListItem","position":2,"name":"Shop","item":"https:\/\/www.erresse-shop.it\/fr\/shop\/"},{"@type":"ListItem","position":3,"name":"QUICK MILL Stretta 0820 Machine \u00e0 caf\u00e9 expresso manuelle Noir"}]},{"@type":"WebSite","@id":"https:\/\/www.erresse-shop.it\/fr\/#website","url":"https:\/\/www.erresse-shop.it\/fr\/","name":"Erresse Shop","description":"Articoli di qualit\u00e0 per la casa","potentialAction":[{"@type":"SearchAction","target":{"@type":"EntryPoint","urlTemplate":"https:\/\/www.erresse-shop.it\/fr\/?s={search_term_string}"},"query-input":"required name=search_term_string"}],"inLanguage":"fr-FR"}]}},"df_price":389.95,"df_sale_price":389.95,"df_regular_price":499,"df_image_link":"https:\/\/www.erresse-shop.it\/wp-content\/uploads\/2025\/05\/QUICK-MILL-Stretta-0820-Macchina-da-Caffe-Espresso-Manuale-Nero-300x300.jpg","_links":{"self":[{"href":"https:\/\/www.erresse-shop.it\/fr\/wp-json\/wp\/v2\/product\/499425"}],"collection":[{"href":"https:\/\/www.erresse-shop.it\/fr\/wp-json\/wp\/v2\/product"}],"about":[{"href":"https:\/\/www.erresse-shop.it\/fr\/wp-json\/wp\/v2\/types\/product"}],"wp:featuredmedia":[{"embeddable":true,"href":"https:\/\/www.erresse-shop.it\/fr\/wp-json\/wp\/v2\/media\/499431"}],"wp:attachment":[{"href":"https:\/\/www.erresse-shop.it\/fr\/wp-json\/wp\/v2\/media?parent=499425"}],"wp:term":[{"taxonomy":"product_cat","embeddable":true,"href":"https:\/\/www.erresse-shop.it\/fr\/wp-json\/wp\/v2\/product_cat?post=499425"},{"taxonomy":"product_tag","embeddable":true,"href":"https:\/\/www.erresse-shop.it\/fr\/wp-json\/wp\/v2\/product_tag?post=499425"}],"curies":[{"name":"wp","href":"https:\/\/api.w.org\/{rel}","templated":true}]}}