{"id":499284,"date":"2025-05-16T08:27:38","date_gmt":"2025-05-16T08:27:43","guid":{"rendered":"https:\/\/www.erresse-shop.it\/?post_type=product&#038;p=499284"},"modified":"2025-05-16T08:48:28","modified_gmt":"2025-05-16T08:48:28","slug":"instant-pot-multicooker-plus-wifi-57-l-noir","status":"publish","type":"product","link":"https:\/\/www.erresse-shop.it\/fr\/shop\/petits-electromenagers\/robots-de-cuisine\/instant-pot-multicooker-plus-wifi-57-l-noir\/","title":{"rendered":"INSTANT POT Multicooker Plus Wifi 5,7 L Noir"},"content":{"rendered":"<div class=\"metafield-rich_text_field\">\n<p><span style=\"font-size: 14pt;\"><strong>L&#8217;alliance parfaite de la technologie et de la polyvalence<\/strong><\/span><\/p>\n<\/div>\n<div class=\"product__description-formated \">\n<div class=\"metafield-rich_text_field\">\n<p>L&#8217;Instant Pot Plus est la solution id\u00e9ale pour ceux qui recherchent un appareil polyvalent. Avec 9 fonctions r\u00e9unies dans un seul appareil, cette version est con\u00e7ue pour vous simplifier la vie en cuisine. Gr\u00e2ce \u00e0 sa connexion Wi-Fi, vous pouvez le contr\u00f4ler \u00e0 distance via l&#8217;application Instant Brands Connect, pour une gestion simple et pratique de vos plats.<\/p>\n<p><span style=\"font-size: 14pt;\"><strong>Design \u00e9l\u00e9gant et pratique<\/strong><\/span><br \/>\nAvec son corps en acier inoxydable bross\u00e9 et sa finition noir mat, l&#8217;Instant Pot Plus est non seulement puissant, mais aussi \u00e9l\u00e9gant. La cuve int\u00e9rieure en acier inoxydable \u00e0 fond renforc\u00e9 est parfaite pour une cuisson uniforme et rapide, et ses poign\u00e9es en silicone facilitent le transfert de l&#8217;appareil du plan de travail \u00e0 la cuisini\u00e8re, y compris \u00e0 induction.<\/p>\n<p><span style=\"font-size: 14pt;\"><strong>Technologie avanc\u00e9e pour une cuisson silencieuse<\/strong><\/span><br \/>\nL&#8217;Instant Pot Plus se distingue par sa technologie Whisper Quiet, qui permet une diffusion de vapeur silencieuse gr\u00e2ce \u00e0 un pressostat s\u00e9par\u00e9. C&#8217;est \u00e9galement l&#8217;appareil id\u00e9al pour ceux qui recherchent une cuisine silencieuse, sans le bruit typique des appareils traditionnels.<\/p>\n<p><span style=\"font-size: 14pt;\"><strong>9 programmes pour chaque type de pr\u00e9paration<\/strong><\/span><br \/>\nL&#8217;Instant Pot Plus est un v\u00e9ritable appareil multifonction. Avec ses 9 programmes pr\u00e9r\u00e9gl\u00e9s, vous pouvez passer de la cuisson sous pression \u00e0 la pr\u00e9paration de riz ou de c\u00e9r\u00e9ales, en passant par la cuisson vapeur et sous vide. Sa capacit\u00e9 \u00e0 maintenir les aliments au chaud, \u00e0 cuire lentement et \u00e0 pr\u00e9parer des yaourts le rend id\u00e9al pour tous les types de plats.<\/p>\n<\/div>\n<div class=\"metafield-rich_text_field\">\n<p><span style=\"font-size: 14pt;\"><strong>Connect\u00e9 et intelligent pour une exp\u00e9rience culinaire moderne<\/strong><\/span><br \/>\nL&#8217;Instant Pot Plus est enti\u00e8rement connect\u00e9 et permet d&#8217;utiliser l&#8217;application Instant Brands Connect sur iOS et Android. Avec plus de 800 recettes disponibles, cuisinez chaque jour sans jamais perdre l&#8217;inspiration. Gr\u00e2ce au mode sans fil, acc\u00e9dez en permanence \u00e0 de nouvelles astuces et instructions pour r\u00e9ussir chaque plat.<\/p>\n<p><strong>Sp\u00e9cifications techniques\u00a0:<\/strong><\/p>\n<ul class=\"product__spec-list\">\n<li class=\"product__tag\"><strong>Capacit\u00e9\u00a0:<\/strong> 5,7 l<\/li>\n<li class=\"product__tag\"><strong>Garantie\u00a0:<\/strong> 2 ans<\/li>\n<li class=\"product__tag\"><strong>Dimensions\u00a0:<\/strong> 33 x 35 x 32,5 cm<\/li>\n<li class=\"product__tag\"><strong>Poids\u00a0:<\/strong> 5900 g<\/li>\n<li class=\"product__tag\"><strong>Nombre de fonctions\u00a0:<\/strong> 9 &#8211; fonctions \u00e0 une touche<\/li>\n<\/ul>\n<\/div>\n<\/div>\n<p><span style=\"text-decoration: underline;\"><strong>Not for sale outside Europe<\/strong><\/span><\/p>\n","protected":false},"excerpt":{"rendered":"<p>L&#8217;alliance parfaite de la technologie et de la polyvalence L&#8217;Instant Pot Plus est la solution id\u00e9ale pour ceux qui recherchent<\/p>\n","protected":false},"featured_media":499301,"template":"","meta":{"_acf_changed":false,"inline_featured_image":false},"product_cat":[12449,12768],"product_tag":[23660,24415,24454,17939,13426,12468,23260,21821],"acf":[],"yoast_head":"<!-- This site is optimized with the Yoast SEO Premium plugin v18.6 (Yoast SEO v19.13) - https:\/\/yoast.com\/wordpress\/plugins\/seo\/ -->\n<title>INSTANT POT Multicooker Plus Wifi 5,7 L Noir - Erresse Shop<\/title>\n<meta name=\"description\" content=\"L&#039;alliance parfaite de la technologie et de la polyvalence L&#039;Instant Pot Plus est la solution id\u00e9ale pour ceux qui recherchent un appareil polyvalent.\" \/>\n<meta name=\"robots\" content=\"index, follow, max-snippet:-1, max-image-preview:large, max-video-preview:-1\" \/>\n<link rel=\"canonical\" href=\"https:\/\/www.erresse-shop.it\/fr\/shop\/petits-electromenagers\/robots-de-cuisine\/instant-pot-multicooker-plus-wifi-57-l-noir\/\" \/>\n<meta property=\"og:locale\" content=\"fr_FR\" \/>\n<meta property=\"og:type\" content=\"article\" \/>\n<meta property=\"og:title\" content=\"INSTANT POT Multicooker Plus Wifi 5,7 L Noir\" \/>\n<meta property=\"og:description\" content=\"L&#039;alliance parfaite de la technologie et de la polyvalence L&#039;Instant Pot Plus est la solution id\u00e9ale pour ceux qui recherchent un appareil polyvalent.\" \/>\n<meta property=\"og:url\" content=\"https:\/\/www.erresse-shop.it\/fr\/shop\/petits-electromenagers\/robots-de-cuisine\/instant-pot-multicooker-plus-wifi-57-l-noir\/\" \/>\n<meta property=\"og:site_name\" content=\"Erresse Shop\" \/>\n<meta property=\"article:modified_time\" content=\"2025-05-16T08:48:28+00:00\" \/>\n<meta property=\"og:image\" content=\"https:\/\/www.erresse-shop.it\/wp-content\/uploads\/2025\/05\/INSTANT-POT-Multicooker-Plus-Wifi-57-L-Nero.jpg\" \/>\n\t<meta property=\"og:image:width\" content=\"1200\" \/>\n\t<meta property=\"og:image:height\" content=\"1200\" \/>\n\t<meta property=\"og:image:type\" content=\"image\/jpeg\" \/>\n<meta name=\"twitter:card\" content=\"summary_large_image\" \/>\n<script type=\"application\/ld+json\" class=\"yoast-schema-graph\">{\"@context\":\"https:\/\/schema.org\",\"@graph\":[{\"@type\":\"WebPage\",\"@id\":\"https:\/\/www.erresse-shop.it\/fr\/shop\/petits-electromenagers\/robots-de-cuisine\/instant-pot-multicooker-plus-wifi-57-l-noir\/\",\"url\":\"https:\/\/www.erresse-shop.it\/fr\/shop\/petits-electromenagers\/robots-de-cuisine\/instant-pot-multicooker-plus-wifi-57-l-noir\/\",\"name\":\"INSTANT POT Multicooker Plus Wifi 5,7 L Noir - Erresse Shop\",\"isPartOf\":{\"@id\":\"https:\/\/www.erresse-shop.it\/fr\/#website\"},\"datePublished\":\"2025-05-16T08:27:43+00:00\",\"dateModified\":\"2025-05-16T08:48:28+00:00\",\"description\":\"L'alliance parfaite de la technologie et de la polyvalence L'Instant Pot Plus est la solution id\u00e9ale pour ceux qui recherchent un appareil polyvalent.\",\"breadcrumb\":{\"@id\":\"https:\/\/www.erresse-shop.it\/fr\/shop\/petits-electromenagers\/robots-de-cuisine\/instant-pot-multicooker-plus-wifi-57-l-noir\/#breadcrumb\"},\"inLanguage\":\"fr-FR\",\"potentialAction\":[{\"@type\":\"ReadAction\",\"target\":[\"https:\/\/www.erresse-shop.it\/fr\/shop\/petits-electromenagers\/robots-de-cuisine\/instant-pot-multicooker-plus-wifi-57-l-noir\/\"]}]},{\"@type\":\"BreadcrumbList\",\"@id\":\"https:\/\/www.erresse-shop.it\/fr\/shop\/petits-electromenagers\/robots-de-cuisine\/instant-pot-multicooker-plus-wifi-57-l-noir\/#breadcrumb\",\"itemListElement\":[{\"@type\":\"ListItem\",\"position\":1,\"name\":\"Home\",\"item\":\"https:\/\/www.erresse-shop.it\/fr\/\"},{\"@type\":\"ListItem\",\"position\":2,\"name\":\"Shop\",\"item\":\"https:\/\/www.erresse-shop.it\/fr\/shop\/\"},{\"@type\":\"ListItem\",\"position\":3,\"name\":\"INSTANT POT Multicooker Plus Wifi 5,7 L Noir\"}]},{\"@type\":\"WebSite\",\"@id\":\"https:\/\/www.erresse-shop.it\/fr\/#website\",\"url\":\"https:\/\/www.erresse-shop.it\/fr\/\",\"name\":\"Erresse Shop\",\"description\":\"Articoli di qualit\u00e0 per la casa\",\"potentialAction\":[{\"@type\":\"SearchAction\",\"target\":{\"@type\":\"EntryPoint\",\"urlTemplate\":\"https:\/\/www.erresse-shop.it\/fr\/?s={search_term_string}\"},\"query-input\":\"required name=search_term_string\"}],\"inLanguage\":\"fr-FR\"}]}<\/script>\n<!-- \/ Yoast SEO Premium plugin. -->","yoast_head_json":{"title":"INSTANT POT Multicooker Plus Wifi 5,7 L Noir - Erresse Shop","description":"L'alliance parfaite de la technologie et de la polyvalence L'Instant Pot Plus est la solution id\u00e9ale pour ceux qui recherchent un appareil polyvalent.","robots":{"index":"index","follow":"follow","max-snippet":"max-snippet:-1","max-image-preview":"max-image-preview:large","max-video-preview":"max-video-preview:-1"},"canonical":"https:\/\/www.erresse-shop.it\/fr\/shop\/petits-electromenagers\/robots-de-cuisine\/instant-pot-multicooker-plus-wifi-57-l-noir\/","og_locale":"fr_FR","og_type":"article","og_title":"INSTANT POT Multicooker Plus Wifi 5,7 L Noir","og_description":"L'alliance parfaite de la technologie et de la polyvalence L'Instant Pot Plus est la solution id\u00e9ale pour ceux qui recherchent un appareil polyvalent.","og_url":"https:\/\/www.erresse-shop.it\/fr\/shop\/petits-electromenagers\/robots-de-cuisine\/instant-pot-multicooker-plus-wifi-57-l-noir\/","og_site_name":"Erresse Shop","article_modified_time":"2025-05-16T08:48:28+00:00","og_image":[{"width":1200,"height":1200,"url":"https:\/\/www.erresse-shop.it\/wp-content\/uploads\/2025\/05\/INSTANT-POT-Multicooker-Plus-Wifi-57-L-Nero.jpg","type":"image\/jpeg"}],"twitter_card":"summary_large_image","schema":{"@context":"https:\/\/schema.org","@graph":[{"@type":"WebPage","@id":"https:\/\/www.erresse-shop.it\/fr\/shop\/petits-electromenagers\/robots-de-cuisine\/instant-pot-multicooker-plus-wifi-57-l-noir\/","url":"https:\/\/www.erresse-shop.it\/fr\/shop\/petits-electromenagers\/robots-de-cuisine\/instant-pot-multicooker-plus-wifi-57-l-noir\/","name":"INSTANT POT Multicooker Plus Wifi 5,7 L Noir - Erresse Shop","isPartOf":{"@id":"https:\/\/www.erresse-shop.it\/fr\/#website"},"datePublished":"2025-05-16T08:27:43+00:00","dateModified":"2025-05-16T08:48:28+00:00","description":"L'alliance parfaite de la technologie et de la polyvalence L'Instant Pot Plus est la solution id\u00e9ale pour ceux qui recherchent un appareil polyvalent.","breadcrumb":{"@id":"https:\/\/www.erresse-shop.it\/fr\/shop\/petits-electromenagers\/robots-de-cuisine\/instant-pot-multicooker-plus-wifi-57-l-noir\/#breadcrumb"},"inLanguage":"fr-FR","potentialAction":[{"@type":"ReadAction","target":["https:\/\/www.erresse-shop.it\/fr\/shop\/petits-electromenagers\/robots-de-cuisine\/instant-pot-multicooker-plus-wifi-57-l-noir\/"]}]},{"@type":"BreadcrumbList","@id":"https:\/\/www.erresse-shop.it\/fr\/shop\/petits-electromenagers\/robots-de-cuisine\/instant-pot-multicooker-plus-wifi-57-l-noir\/#breadcrumb","itemListElement":[{"@type":"ListItem","position":1,"name":"Home","item":"https:\/\/www.erresse-shop.it\/fr\/"},{"@type":"ListItem","position":2,"name":"Shop","item":"https:\/\/www.erresse-shop.it\/fr\/shop\/"},{"@type":"ListItem","position":3,"name":"INSTANT POT Multicooker Plus Wifi 5,7 L Noir"}]},{"@type":"WebSite","@id":"https:\/\/www.erresse-shop.it\/fr\/#website","url":"https:\/\/www.erresse-shop.it\/fr\/","name":"Erresse Shop","description":"Articoli di qualit\u00e0 per la casa","potentialAction":[{"@type":"SearchAction","target":{"@type":"EntryPoint","urlTemplate":"https:\/\/www.erresse-shop.it\/fr\/?s={search_term_string}"},"query-input":"required name=search_term_string"}],"inLanguage":"fr-FR"}]}},"df_price":139,"df_sale_price":139,"df_regular_price":219.99,"df_image_link":"https:\/\/www.erresse-shop.it\/wp-content\/uploads\/2025\/05\/INSTANT-POT-Multicooker-Plus-Wifi-57-L-Nero-300x300.jpg","_links":{"self":[{"href":"https:\/\/www.erresse-shop.it\/fr\/wp-json\/wp\/v2\/product\/499284"}],"collection":[{"href":"https:\/\/www.erresse-shop.it\/fr\/wp-json\/wp\/v2\/product"}],"about":[{"href":"https:\/\/www.erresse-shop.it\/fr\/wp-json\/wp\/v2\/types\/product"}],"wp:featuredmedia":[{"embeddable":true,"href":"https:\/\/www.erresse-shop.it\/fr\/wp-json\/wp\/v2\/media\/499301"}],"wp:attachment":[{"href":"https:\/\/www.erresse-shop.it\/fr\/wp-json\/wp\/v2\/media?parent=499284"}],"wp:term":[{"taxonomy":"product_cat","embeddable":true,"href":"https:\/\/www.erresse-shop.it\/fr\/wp-json\/wp\/v2\/product_cat?post=499284"},{"taxonomy":"product_tag","embeddable":true,"href":"https:\/\/www.erresse-shop.it\/fr\/wp-json\/wp\/v2\/product_tag?post=499284"}],"curies":[{"name":"wp","href":"https:\/\/api.w.org\/{rel}","templated":true}]}}