{"id":499146,"date":"2025-05-14T12:45:30","date_gmt":"2025-05-14T12:45:35","guid":{"rendered":"https:\/\/www.erresse-shop.it\/?post_type=product&#038;p=499146"},"modified":"2025-05-14T13:02:52","modified_gmt":"2025-05-14T13:02:52","slug":"villeroy-boch-lave-plateau-de-service-vert","status":"publish","type":"product","link":"https:\/\/www.erresse-shop.it\/fr\/shop\/table-fr-2\/plats\/plats-de-service\/villeroy-boch-lave-plateau-de-service-vert\/","title":{"rendered":"VILLEROY &#038; BOCH Lave Plateau de service Vert"},"content":{"rendered":"<p class=\"p1\"><strong>Plateau de service<\/strong><\/p>\n<ul>\n<li>Ce plat de service de 31,8 cm x 31,5 cm est id\u00e9al pour pr\u00e9senter des en-cas, des p\u00e2tisseries ou des petits plats en toute occasion.<\/li>\n<li>Inspir\u00e9 par la nature\u00a0: la technique d\u2019\u00e9maillage assure un aspect doux et organique au caract\u00e8re unique.<\/li>\n<li>Une d\u00e9coration de table personnalis\u00e9e\u00a0: les diff\u00e9rentes couleurs de la collection Lave rendent chaque table unique.<\/li>\n<\/ul>\n<p><strong>Mat\u00e9riau\u00a0:<\/strong> Terre cuite<br \/>\n<strong>Lave-vaisselle\u00a0:<\/strong> oui<br \/>\n<strong>Compatible micro-ondes\u00a0:<\/strong> oui<\/p>\n<p><span style=\"font-size: 14pt;\"><strong>Dimensions\u00a0:<\/strong><\/span><\/p>\n<div>\n<div>\n<ul>\n<li><strong>Longueur\u00a0:<\/strong> 318 mm<\/li>\n<li><strong>Largeur\u00a0:<\/strong> 315 mm<\/li>\n<li><strong>Hauteur\u00a0:<\/strong> 27 mm<\/li>\n<li><strong>Poids\u00a0:<\/strong> 1\u00a0265 g<\/li>\n<\/ul>\n<\/div>\n<\/div>\n","protected":false},"excerpt":{"rendered":"<p>Plateau de service Ce plat de service de 31,8 cm x 31,5 cm est id\u00e9al pour pr\u00e9senter des en-cas, des<\/p>\n","protected":false},"featured_media":499169,"template":"","meta":{"_acf_changed":false,"inline_featured_image":false},"product_cat":[12789,12782],"product_tag":[25026,13169,14556,24397,14261,22617],"acf":[],"yoast_head":"<!-- This site is optimized with the Yoast SEO Premium plugin v18.6 (Yoast SEO v19.13) - https:\/\/yoast.com\/wordpress\/plugins\/seo\/ -->\n<title>VILLEROY &amp; BOCH Lave Plateau de service Vert - Erresse Shop<\/title>\n<meta name=\"description\" content=\"Plateau de service Ce plat de service de 31,8 cm x 31,5 cm est id\u00e9al pour pr\u00e9senter des en-cas, des p\u00e2tisseries ou des petits plats en toute occasion.\" \/>\n<meta name=\"robots\" content=\"index, follow, max-snippet:-1, max-image-preview:large, max-video-preview:-1\" \/>\n<link rel=\"canonical\" href=\"https:\/\/www.erresse-shop.it\/fr\/shop\/table-fr-2\/plats\/plats-de-service\/villeroy-boch-lave-plateau-de-service-vert\/\" \/>\n<meta property=\"og:locale\" content=\"fr_FR\" \/>\n<meta property=\"og:type\" content=\"article\" \/>\n<meta property=\"og:title\" content=\"VILLEROY &amp; BOCH Lave Plateau de service Vert\" \/>\n<meta property=\"og:description\" content=\"Plateau de service Ce plat de service de 31,8 cm x 31,5 cm est id\u00e9al pour pr\u00e9senter des en-cas, des p\u00e2tisseries ou des petits plats en toute occasion.\" \/>\n<meta property=\"og:url\" content=\"https:\/\/www.erresse-shop.it\/fr\/shop\/table-fr-2\/plats\/plats-de-service\/villeroy-boch-lave-plateau-de-service-vert\/\" \/>\n<meta property=\"og:site_name\" content=\"Erresse Shop\" \/>\n<meta property=\"article:modified_time\" content=\"2025-05-14T13:02:52+00:00\" \/>\n<meta property=\"og:image\" content=\"https:\/\/www.erresse-shop.it\/wp-content\/uploads\/2025\/05\/VILLEROY-BOCH-Lave-Vassoio-Portata-Verde.jpg\" \/>\n\t<meta property=\"og:image:width\" content=\"1200\" \/>\n\t<meta property=\"og:image:height\" content=\"1200\" \/>\n\t<meta property=\"og:image:type\" content=\"image\/jpeg\" \/>\n<meta name=\"twitter:card\" content=\"summary_large_image\" \/>\n<script type=\"application\/ld+json\" class=\"yoast-schema-graph\">{\"@context\":\"https:\/\/schema.org\",\"@graph\":[{\"@type\":\"WebPage\",\"@id\":\"https:\/\/www.erresse-shop.it\/fr\/shop\/table-fr-2\/plats\/plats-de-service\/villeroy-boch-lave-plateau-de-service-vert\/\",\"url\":\"https:\/\/www.erresse-shop.it\/fr\/shop\/table-fr-2\/plats\/plats-de-service\/villeroy-boch-lave-plateau-de-service-vert\/\",\"name\":\"VILLEROY & BOCH Lave Plateau de service Vert - Erresse Shop\",\"isPartOf\":{\"@id\":\"https:\/\/www.erresse-shop.it\/fr\/#website\"},\"datePublished\":\"2025-05-14T12:45:35+00:00\",\"dateModified\":\"2025-05-14T13:02:52+00:00\",\"description\":\"Plateau de service Ce plat de service de 31,8 cm x 31,5 cm est id\u00e9al pour pr\u00e9senter des en-cas, des p\u00e2tisseries ou des petits plats en toute occasion.\",\"breadcrumb\":{\"@id\":\"https:\/\/www.erresse-shop.it\/fr\/shop\/table-fr-2\/plats\/plats-de-service\/villeroy-boch-lave-plateau-de-service-vert\/#breadcrumb\"},\"inLanguage\":\"fr-FR\",\"potentialAction\":[{\"@type\":\"ReadAction\",\"target\":[\"https:\/\/www.erresse-shop.it\/fr\/shop\/table-fr-2\/plats\/plats-de-service\/villeroy-boch-lave-plateau-de-service-vert\/\"]}]},{\"@type\":\"BreadcrumbList\",\"@id\":\"https:\/\/www.erresse-shop.it\/fr\/shop\/table-fr-2\/plats\/plats-de-service\/villeroy-boch-lave-plateau-de-service-vert\/#breadcrumb\",\"itemListElement\":[{\"@type\":\"ListItem\",\"position\":1,\"name\":\"Home\",\"item\":\"https:\/\/www.erresse-shop.it\/fr\/\"},{\"@type\":\"ListItem\",\"position\":2,\"name\":\"Shop\",\"item\":\"https:\/\/www.erresse-shop.it\/fr\/shop\/\"},{\"@type\":\"ListItem\",\"position\":3,\"name\":\"VILLEROY &#038; BOCH Lave Plateau de service Vert\"}]},{\"@type\":\"WebSite\",\"@id\":\"https:\/\/www.erresse-shop.it\/fr\/#website\",\"url\":\"https:\/\/www.erresse-shop.it\/fr\/\",\"name\":\"Erresse Shop\",\"description\":\"Articoli di qualit\u00e0 per la casa\",\"potentialAction\":[{\"@type\":\"SearchAction\",\"target\":{\"@type\":\"EntryPoint\",\"urlTemplate\":\"https:\/\/www.erresse-shop.it\/fr\/?s={search_term_string}\"},\"query-input\":\"required name=search_term_string\"}],\"inLanguage\":\"fr-FR\"}]}<\/script>\n<!-- \/ Yoast SEO Premium plugin. -->","yoast_head_json":{"title":"VILLEROY & BOCH Lave Plateau de service Vert - Erresse Shop","description":"Plateau de service Ce plat de service de 31,8 cm x 31,5 cm est id\u00e9al pour pr\u00e9senter des en-cas, des p\u00e2tisseries ou des petits plats en toute occasion.","robots":{"index":"index","follow":"follow","max-snippet":"max-snippet:-1","max-image-preview":"max-image-preview:large","max-video-preview":"max-video-preview:-1"},"canonical":"https:\/\/www.erresse-shop.it\/fr\/shop\/table-fr-2\/plats\/plats-de-service\/villeroy-boch-lave-plateau-de-service-vert\/","og_locale":"fr_FR","og_type":"article","og_title":"VILLEROY & BOCH Lave Plateau de service Vert","og_description":"Plateau de service Ce plat de service de 31,8 cm x 31,5 cm est id\u00e9al pour pr\u00e9senter des en-cas, des p\u00e2tisseries ou des petits plats en toute occasion.","og_url":"https:\/\/www.erresse-shop.it\/fr\/shop\/table-fr-2\/plats\/plats-de-service\/villeroy-boch-lave-plateau-de-service-vert\/","og_site_name":"Erresse Shop","article_modified_time":"2025-05-14T13:02:52+00:00","og_image":[{"width":1200,"height":1200,"url":"https:\/\/www.erresse-shop.it\/wp-content\/uploads\/2025\/05\/VILLEROY-BOCH-Lave-Vassoio-Portata-Verde.jpg","type":"image\/jpeg"}],"twitter_card":"summary_large_image","schema":{"@context":"https:\/\/schema.org","@graph":[{"@type":"WebPage","@id":"https:\/\/www.erresse-shop.it\/fr\/shop\/table-fr-2\/plats\/plats-de-service\/villeroy-boch-lave-plateau-de-service-vert\/","url":"https:\/\/www.erresse-shop.it\/fr\/shop\/table-fr-2\/plats\/plats-de-service\/villeroy-boch-lave-plateau-de-service-vert\/","name":"VILLEROY & BOCH Lave Plateau de service Vert - Erresse Shop","isPartOf":{"@id":"https:\/\/www.erresse-shop.it\/fr\/#website"},"datePublished":"2025-05-14T12:45:35+00:00","dateModified":"2025-05-14T13:02:52+00:00","description":"Plateau de service Ce plat de service de 31,8 cm x 31,5 cm est id\u00e9al pour pr\u00e9senter des en-cas, des p\u00e2tisseries ou des petits plats en toute occasion.","breadcrumb":{"@id":"https:\/\/www.erresse-shop.it\/fr\/shop\/table-fr-2\/plats\/plats-de-service\/villeroy-boch-lave-plateau-de-service-vert\/#breadcrumb"},"inLanguage":"fr-FR","potentialAction":[{"@type":"ReadAction","target":["https:\/\/www.erresse-shop.it\/fr\/shop\/table-fr-2\/plats\/plats-de-service\/villeroy-boch-lave-plateau-de-service-vert\/"]}]},{"@type":"BreadcrumbList","@id":"https:\/\/www.erresse-shop.it\/fr\/shop\/table-fr-2\/plats\/plats-de-service\/villeroy-boch-lave-plateau-de-service-vert\/#breadcrumb","itemListElement":[{"@type":"ListItem","position":1,"name":"Home","item":"https:\/\/www.erresse-shop.it\/fr\/"},{"@type":"ListItem","position":2,"name":"Shop","item":"https:\/\/www.erresse-shop.it\/fr\/shop\/"},{"@type":"ListItem","position":3,"name":"VILLEROY &#038; BOCH Lave Plateau de service Vert"}]},{"@type":"WebSite","@id":"https:\/\/www.erresse-shop.it\/fr\/#website","url":"https:\/\/www.erresse-shop.it\/fr\/","name":"Erresse Shop","description":"Articoli di qualit\u00e0 per la casa","potentialAction":[{"@type":"SearchAction","target":{"@type":"EntryPoint","urlTemplate":"https:\/\/www.erresse-shop.it\/fr\/?s={search_term_string}"},"query-input":"required name=search_term_string"}],"inLanguage":"fr-FR"}]}},"df_price":24.95,"df_sale_price":24.95,"df_regular_price":49.9,"df_image_link":"https:\/\/www.erresse-shop.it\/wp-content\/uploads\/2025\/05\/VILLEROY-BOCH-Lave-Vassoio-Portata-Verde-300x300.jpg","_links":{"self":[{"href":"https:\/\/www.erresse-shop.it\/fr\/wp-json\/wp\/v2\/product\/499146"}],"collection":[{"href":"https:\/\/www.erresse-shop.it\/fr\/wp-json\/wp\/v2\/product"}],"about":[{"href":"https:\/\/www.erresse-shop.it\/fr\/wp-json\/wp\/v2\/types\/product"}],"wp:featuredmedia":[{"embeddable":true,"href":"https:\/\/www.erresse-shop.it\/fr\/wp-json\/wp\/v2\/media\/499169"}],"wp:attachment":[{"href":"https:\/\/www.erresse-shop.it\/fr\/wp-json\/wp\/v2\/media?parent=499146"}],"wp:term":[{"taxonomy":"product_cat","embeddable":true,"href":"https:\/\/www.erresse-shop.it\/fr\/wp-json\/wp\/v2\/product_cat?post=499146"},{"taxonomy":"product_tag","embeddable":true,"href":"https:\/\/www.erresse-shop.it\/fr\/wp-json\/wp\/v2\/product_tag?post=499146"}],"curies":[{"name":"wp","href":"https:\/\/api.w.org\/{rel}","templated":true}]}}