{"id":499099,"date":"2025-05-14T08:41:13","date_gmt":"2025-05-14T08:41:17","guid":{"rendered":"https:\/\/www.erresse-shop.it\/?post_type=product&#038;p=499099"},"modified":"2025-05-14T09:12:22","modified_gmt":"2025-05-14T09:12:22","slug":"smeg-machine-a-cafe-expresso-manuelle-avec-buse-vapeur-noir","status":"publish","type":"product","link":"https:\/\/www.erresse-shop.it\/fr\/shop\/petits-electromenagers\/machines-cafe\/manuels\/smeg-machine-a-cafe-expresso-manuelle-avec-buse-vapeur-noir\/","title":{"rendered":"SMEG Machine \u00e0 caf\u00e9 expresso manuelle avec buse vapeur Noir"},"content":{"rendered":"<div class=\"main__description\">Transformez chaque matin en une exp\u00e9rience barista authentique avec la machine \u00e0 caf\u00e9 Smeg, o\u00f9 l&#8217;\u00e9l\u00e9gance rencontre les performances de niveau professionnel. Savourez un v\u00e9ritable expresso italien dans le confort de votre cuisine, en personnalisant chaque tasse \u00e0 votre go\u00fbt.<\/div>\n<div class=\"main__description\">\n<ul>\n<li>D\u00e9marrage rapide\u00a0: Gr\u00e2ce au syst\u00e8me de chauffage \u00e0 triple thermobloc, la machine atteint la temp\u00e9rature id\u00e9ale en quelques minutes seulement, et la fonction vapeur est toujours pr\u00eate \u00e0 l&#8217;emploi.<\/li>\n<li>Kit d&#8217;accessoires fourni pour une exp\u00e9rience \u00ab\u00a0Barista\u00a0\u00bb compl\u00e8te\u00a0: filtres \u00e0 caf\u00e9 simples et doubles, pressuris\u00e9s et non pressuris\u00e9s, carafe en acier inoxydable, tasseur en acier inoxydable, bandelette de test de duret\u00e9 de l&#8217;eau, disque de nettoyage, brosse et aiguille de nettoyage.<\/li>\n<li>L&#8217;\u00e9cran facilite le r\u00e9glage des param\u00e8tres pour un caf\u00e9 parfait \u00e0 chaque fois.<\/li>\n<li>\u00c9quip\u00e9e d&#8217;une pompe de 15\u00a0bars qui garantit une extraction optimale de l&#8217;expresso \u00e0 chaque fois.<\/li>\n<li>Machine \u00e0 caf\u00e9 enti\u00e8rement con\u00e7ue et fabriqu\u00e9e en Italie.<\/li>\n<li>Contr\u00f4le pr\u00e9cis de la pression\u00a0: Le manom\u00e8tre int\u00e9gr\u00e9 permet de contr\u00f4ler facilement la pression d&#8217;extraction, garantissant ainsi une pr\u00e9paration optimale de chaque boisson. Perfection.<\/li>\n<li>Porte-filtre professionnel\u00a0: Avec son porte-filtre de 58\u00a0mm, la machine garantit des r\u00e9sultats d&#8217;une qualit\u00e9 exceptionnelle.<\/li>\n<\/ul>\n<\/div>\n<h3 class=\"title\"><span style=\"font-size: 14pt;\">Extraction professionnelle<\/span><\/h3>\n<div class=\"text\">Cette machine \u00e0 expresso semi-professionnelle dispose de <strong>deux fonctions expresso pr\u00e9r\u00e9gl\u00e9es<\/strong>,<br \/>\nune pour un caf\u00e9 simple et une pour un double. Il est \u00e9galement possible de distribuer le caf\u00e9 manuellement gr\u00e2ce au levier, afin de choisir la longueur de caf\u00e9 souhait\u00e9e. Lors de la distribution, l&#8217;\u00e9cran affiche le compte \u00e0 rebours des secondes n\u00e9cessaires \u00e0 l&#8217;extraction de la boisson, tandis que le <strong>manom\u00e8tre professionnel<\/strong> vous permet de suivre la progression de l&#8217;extraction.<\/div>\n<h3 class=\"title\"><span style=\"font-size: 14pt;\">3 thermoblocs<\/span><\/h3>\n<div class=\"text\">Avec <strong>trois thermoblocs<\/strong>, la machine \u00e0 caf\u00e9 est pr\u00eate en quelques minutes, \u00e9liminant le temps d&#8217;attente entre la pr\u00e9paration du caf\u00e9 et la pr\u00e9paration de la mousse de lait. Un thermobloc est d\u00e9di\u00e9 au caf\u00e9, tandis qu&#8217;un autre sert au circuit vapeur. La t\u00eate du groupe, quant \u00e0 elle, est chauff\u00e9e activement pour assurer un contr\u00f4le pr\u00e9cis de la temp\u00e9rature pendant le processus d&#8217;extraction.<\/div>\n<p><strong>ESTH\u00c9TIQUE<\/strong><\/p>\n<div class=\"col-sm\">\n<div id=\"sectionDetail-9\" class=\"detail\"><strong><span class=\"detail__label\">Couleur\u00a0: <\/span><\/strong><span class=\"detail__txt\">Noir<\/span><\/div>\n<div id=\"sectionDetail-9\" class=\"detail\"><strong><span class=\"detail__label\">Finition\u00a0: <\/span><\/strong><span class=\"detail__txt\">Mat<\/span><\/div>\n<div id=\"sectionDetail-9\" class=\"detail\"><strong><span class=\"detail__label\">Esth\u00e9tique : <\/span><\/strong><span class=\"detail__label\">Collezione<\/span><\/div>\n<div id=\"sectionDetail-9\" class=\"detail\"><strong><span class=\"detail__label\">Mat\u00e9riau du bouton\u00a0: <\/span><\/strong><span class=\"detail__txt\">ZAMA<\/span><\/div>\n<div id=\"sectionDetail-9\" class=\"detail\"><strong><span class=\"detail__label\">Mat\u00e9riau du corps\u00a0: <\/span><\/strong><span class=\"detail__txt\">Acier inoxydable\/plastique<\/span><\/div>\n<div id=\"sectionDetail-9\" class=\"detail\"><strong><span class=\"detail__label\">Mat\u00e9riau du panneau avant\u00a0: <\/span><\/strong><span class=\"detail__txt\">Aluminium<\/span><\/div>\n<div id=\"sectionDetail-9\" class=\"detail\"><strong><span class=\"detail__label\">Finition du panneau avant\u00a0: <\/span><\/strong><span class=\"detail__txt\">Bross\u00e9 avec bord poli<\/span><\/div>\n<div id=\"sectionDetail-9\" class=\"detail\"><strong><span class=\"detail__label\">Mat\u00e9riau du r\u00e9servoir\u00a0: <\/span><\/strong><span class=\"detail__txt\">SAN<\/span><\/div>\n<div id=\"sectionDetail-9\" class=\"detail\"><strong><span class=\"detail__label\">Mat\u00e9riau du chauffe-tasses\u00a0: <\/span><\/strong><span class=\"detail__txt\">Acier inoxydable<\/span><\/div>\n<\/div>\n<div class=\"col-sm\">\n<div id=\"sectionDetail-9\" class=\"detail\"><strong><span class=\"detail__label\">Mat\u00e9riau du distributeur\u00a0: <\/span><\/strong><span class=\"detail__txt\">ZAMA<\/span><\/div>\n<div id=\"sectionDetail-9\" class=\"detail\"><strong><span class=\"detail__label\">Mat\u00e9riau du porte-filtre\u00a0: <\/span><\/strong><span class=\"detail__txt\">Laiton chrom\u00e9<\/span><\/div>\n<div id=\"sectionDetail-9\" class=\"detail\"><strong><span class=\"detail__label\">Couleur du bras du porte-filtre\u00a0: <\/span><\/strong><span class=\"detail__txt\">Gris<\/span><\/div>\n<div id=\"sectionDetail-9\" class=\"detail\"><span class=\"detail__label\"><strong>Mat\u00e9riau du bras porte-filtre\u00a0:<\/strong> <\/span><span class=\"detail__txt\">Acier et plastique<\/span><\/div>\n<div id=\"sectionDetail-9\" class=\"detail\"><strong><span class=\"detail__label\">Mat\u00e9riau de la grille repose-tasse\u00a0:<\/span><\/strong><span class=\"detail__txt\">Aluminium<\/span><\/div>\n<div id=\"sectionDetail-9\" class=\"detail__label\"><strong>Mat\u00e9riau du tamper\u00a0:<\/strong> <span class=\"detail__txt\">Acier inoxydable<\/span><\/div>\n<div id=\"sectionDetail-9\" class=\"detail\"><strong><span class=\"detail__label\">Mat\u00e9riau du pot \u00e0 lait\u00a0:<\/span><\/strong><span class=\"detail__txt\">Acier inoxydable<\/span><\/div>\n<div id=\"sectionDetail-9\" class=\"detail\"><strong><span class=\"detail__label\">Mat\u00e9riau de la buse vapeur\/eau chaude\u00a0:<\/span><\/strong><span class=\"detail__txt\">Acier inoxydable<\/span><\/div>\n<div id=\"sectionDetail-9\" class=\"detail\"><span class=\"detail__label\"><strong>Mat\u00e9riau du bac d&#8217;\u00e9gouttage\u00a0:<\/strong> <\/span><span class=\"detail__txt\">Acier inoxydable<\/span><\/div>\n<\/div>\n<p><strong>FONCTIONS<br \/>\n<\/strong><\/p>\n<div class=\"col-sm\">\n<div id=\"sectionDetail-128\" class=\"detail\"><strong><span class=\"detail__label\">Fonction caf\u00e9\u00a0: <\/span><\/strong><span class=\"detail__txt\">Simple, Double, Manuel<\/span><\/div>\n<div id=\"sectionDetail-128\" class=\"detail\"><strong><span class=\"detail__label\">Longueur du caf\u00e9 r\u00e9glable\u00a0: <\/span><\/strong><span class=\"detail__txt\">Oui<\/span><\/div>\n<div id=\"sectionDetail-128\" class=\"detail\"><strong><span class=\"detail__label\">R\u00e9glage de l&#8217;eau utilis\u00e9e\u00a0: <\/span><\/strong><span class=\"detail__txt\">douce \/ moyenne \/ dure<\/span><\/div>\n<div id=\"sectionDetail-128\" class=\"detail\"><strong><span class=\"detail__label\">Avertissement de d\u00e9tartrage\u00a0: <\/span><\/strong><span class=\"detail__txt\">Oui<\/span><\/div>\n<div id=\"sectionDetail-128\" class=\"detail\"><span class=\"detail__label\"><strong>Avertissement de r\u00e9servoir d&#8217;eau vide\/manquant\u00a0:<\/strong> <\/span><span class=\"detail__txt\">Oui<\/span><\/div>\n<div id=\"sectionDetail-128\" class=\"detail\"><strong><span class=\"detail__label\">Fonction eau chaude pour le th\u00e9 et autres boissons\u00a0:<\/span><\/strong><span class=\"detail__txt\">Oui<\/span><\/div>\n<div id=\"sectionDetail-128\" class=\"detail\"><strong><span class=\"detail__label\">Fonction veille r\u00e9glable\u00a0:<\/span><\/strong><span class=\"detail__txt\">Oui<\/span><\/div>\n<\/div>\n<div class=\"col-sm\">\n<div id=\"sectionDetail-128\" class=\"detail\"><strong><span class=\"detail__label\">R\u00e9glage du MODE \u00c9CO\u00a0: <\/span><\/strong><span class=\"detail__txt\">Oui<\/span><\/div>\n<div id=\"sectionDetail-128\" class=\"detail\"><strong><span class=\"detail__label\">R\u00e9glage du mode veille\u00a0: <\/span><\/strong><span class=\"detail__txt\">5 min\/10 min\/30 min\/60 min<\/span><\/div>\n<div id=\"sectionDetail-128\" class=\"detail\"><span class=\"detail__label\"><strong>R\u00e9glage de l&#8217;unit\u00e9 de mesure\u00a0:<\/strong> <\/span><span class=\"detail__txt\">\u00b0C \/ \u00b0F<\/span><\/div>\n<div id=\"sectionDetail-128\" class=\"detail\"><span class=\"detail__label\"><strong>Configuration des profils de pr\u00e9-infusion\u00a0:<\/strong> <\/span><span class=\"detail__txt\">De 0 \u00e0 4<\/span><\/div>\n<div id=\"sectionDetail-128\" class=\"detail\"><strong><span class=\"detail__label\">Param\u00e8tres de langue d&#8217;affichage\u00a0: <\/span><\/strong><span class=\"detail__txt\">IT &#8211; EN &#8211; FR &#8211; ES- DE<\/span><\/div>\n<div id=\"sectionDetail-128\" class=\"detail\"><strong><span class=\"detail__label\">Intensit\u00e9 de la vapeur\u00a0: <\/span><\/strong><span class=\"detail__txt\">3 niveaux<\/span><\/div>\n<div id=\"sectionDetail-128\" class=\"detail\"><strong><span class=\"detail__label\">R\u00e9glages de temp\u00e9rature d&#8217;extraction du caf\u00e9\u00a0: <\/span><\/strong><span class=\"detail__txt\">De 90 \u00b0C \u00e0 100 \u00b0C<\/span><\/div>\n<\/div>\n<p><strong>COMMANDES<\/strong><\/p>\n<div class=\"col-sm\">\n<div id=\"sectionDetail-24\" class=\"detail\"><span class=\"detail__label\"><strong>Affichage\u00a0:<\/strong> <\/span><span class=\"detail__txt\">Oui<\/span><\/div>\n<div id=\"sectionDetail-24\" class=\"detail\"><span class=\"detail__label\"><strong>Type de commandes\u00a0:<\/strong> <\/span><span class=\"detail__txt\">Boutons, Levier, Bouton<\/span><\/div>\n<div id=\"sectionDetail-24\" class=\"detail\"><strong><span class=\"detail__label\">Mat\u00e9riau des boutons\u00a0: <\/span><\/strong><span class=\"detail__txt\">Plastique<\/span><\/div>\n<div id=\"sectionDetail-24\" class=\"detail\"><strong><span class=\"detail__label\">Couleur des boutons\u00a0: <\/span><\/strong><span class=\"detail__txt\">Argent<\/span><\/div>\n<\/div>\n<div class=\"col-sm\">\n<div id=\"sectionDetail-24\" class=\"detail\"><strong><span class=\"detail__label\">Bouton marche\/arr\u00eat\u00a0:<\/span><\/strong><span class=\"detail__txt\">Oui<\/span><\/div>\n<div id=\"sectionDetail-24\" class=\"detail\"><span class=\"detail__label\"><strong>Non. Nombre de boutons\u00a0:<\/strong> <\/span><span class=\"detail__txt\">3<\/span><\/div>\n<div id=\"sectionDetail-24\" class=\"detail\"><span class=\"detail__label\"><strong>Mode de distribution de vapeur\u00a0:<\/strong> <\/span><span class=\"detail__txt\">Bouton<\/span><\/div>\n<\/div>\n<p><strong>CARACT\u00c9RISTIQUES TECHNIQUES<\/strong><\/p>\n<div class=\"col-sm\">\n<div id=\"sectionDetail-13\" class=\"detail\"><span class=\"detail__label\"><strong>Syst\u00e8me de chauffage\u00a0:<\/strong> <\/span><span class=\"detail__txt\">Triple thermobloc<\/span><\/div>\n<div id=\"sectionDetail-13\" class=\"detail__label\"><strong>Buse \u00e0 caf\u00e9\u00a0:<\/strong> <span class=\"detail__txt\">Double<\/span><\/div>\n<div id=\"sectionDetail-13\" class=\"detail\"><span class=\"detail__label\"><strong>Capacit\u00e9 du r\u00e9servoir d&#8217;eau\u00a0:<\/strong> <\/span><span class=\"detail__txt\">1,7 l<\/span><\/div>\n<div id=\"sectionDetail-13\" class=\"detail\"><strong><span class=\"detail__label\">R\u00e9servoir d&#8217;eau amovible\u00a0:<\/span><\/strong><span class=\"detail__txt\">Oui<\/span><\/div>\n<div id=\"sectionDetail-13\" class=\"detail\"><strong><span class=\"detail__label\">Bac r\u00e9cup\u00e9rateur amovible\u00a0:<\/span><\/strong><span class=\"detail__txt\">Oui<\/span><\/div>\n<div id=\"sectionDetail-13\" class=\"detail\"><strong><span class=\"detail__label\">Manom\u00e8tre de distribution\u00a0:<\/span><\/strong><span class=\"detail__txt\">Oui<\/span><\/div>\n<\/div>\n<div class=\"col-sm\">\n<div id=\"sectionDetail-13\" class=\"detail\"><span class=\"detail__label\"><strong>Chauffe-tasses\u00a0:<\/strong> <\/span><span class=\"detail__txt\">Passif<\/span><\/div>\n<div id=\"sectionDetail-13\" class=\"detail\"><strong><span class=\"detail__label\">Diam\u00e8tre du porte-filtre\u00a0:<\/span><\/strong><span class=\"detail__txt\">58 mm<\/span><\/div>\n<div id=\"sectionDetail-13\" class=\"detail\"><strong><span class=\"detail__label\">Pression de la pompe\u00a0:<\/span><\/strong><span class=\"detail__txt\">15 bars<\/span><\/div>\n<div id=\"sectionDetail-13\" class=\"detail\"><strong><span class=\"detail__label\">Buse vapeur professionnelle\u00a0:<\/span><\/strong><span class=\"detail__txt\">Oui<\/span><\/div>\n<div id=\"sectionDetail-13\" class=\"detail\"><strong><span class=\"detail__label\">Base antid\u00e9rapante\u00a0: <\/span><\/strong><span class=\"detail__txt\">Oui<\/span><\/div>\n<\/div>\n<p><strong>SP\u00c9CIFICATIONS \u00c9LECTRIQUES<\/strong><\/p>\n<div class=\"col-sm\">\n<div id=\"sectionDetail-15\" class=\"detail\"><strong><span class=\"detail__label\">Prise\u00a0: <\/span><\/strong><span class=\"detail__txt\">(F;E) Schuko<\/span><\/div>\n<div id=\"sectionDetail-15\" class=\"detail\"><strong><span class=\"detail__label\">Tension (V)\u00a0:<\/span><\/strong><span class=\"detail__txt\">220 V<\/span><\/div>\n<\/div>\n<div class=\"col-sm\">\n<div id=\"sectionDetail-15\" class=\"detail\"><strong><span class=\"detail__label\">Fr\u00e9quence\u00a0: <\/span><\/strong><span class=\"detail__txt\">50\/60 Hz<\/span><\/div>\n<div id=\"sectionDetail-15\" class=\"detail\"><span class=\"detail__label\"><strong>Longueur du cordon d&#8217;alimentation\u00a0:<\/strong> <\/span><span class=\"detail__txt\">1 m<\/span><\/div>\n<\/div>\n<p><span style=\"text-decoration: underline;\"><strong>Not for sale outside Europe<\/strong><\/span><\/p>\n","protected":false},"excerpt":{"rendered":"<p>Transformez chaque matin en une exp\u00e9rience barista authentique avec la machine \u00e0 caf\u00e9 Smeg, o\u00f9 l&#8217;\u00e9l\u00e9gance rencontre les performances de<\/p>\n","protected":false},"featured_media":499129,"template":"","meta":{"_acf_changed":false,"inline_featured_image":false},"product_cat":[12764,25365,12449],"product_tag":[23563,25021,12950,23581],"acf":[],"yoast_head":"<!-- This site is optimized with the Yoast SEO Premium plugin v18.6 (Yoast SEO v19.13) - https:\/\/yoast.com\/wordpress\/plugins\/seo\/ -->\n<title>SMEG Machine \u00e0 caf\u00e9 expresso manuelle avec buse vapeur Noir - Erresse Shop<\/title>\n<meta name=\"description\" content=\"Transformez chaque matin en une exp\u00e9rience barista authentique avec la machine \u00e0 caf\u00e9 Smeg, o\u00f9 l&#039;\u00e9l\u00e9gance rencontre les performances de niveau\" \/>\n<meta name=\"robots\" content=\"index, follow, max-snippet:-1, max-image-preview:large, max-video-preview:-1\" \/>\n<link rel=\"canonical\" href=\"https:\/\/www.erresse-shop.it\/fr\/shop\/petits-electromenagers\/machines-cafe\/manuels\/smeg-machine-a-cafe-expresso-manuelle-avec-buse-vapeur-noir\/\" \/>\n<meta property=\"og:locale\" content=\"fr_FR\" \/>\n<meta property=\"og:type\" content=\"article\" \/>\n<meta property=\"og:title\" content=\"SMEG Machine \u00e0 caf\u00e9 expresso manuelle avec buse vapeur Noir\" \/>\n<meta property=\"og:description\" content=\"Transformez chaque matin en une exp\u00e9rience barista authentique avec la machine \u00e0 caf\u00e9 Smeg, o\u00f9 l&#039;\u00e9l\u00e9gance rencontre les performances de niveau\" \/>\n<meta property=\"og:url\" content=\"https:\/\/www.erresse-shop.it\/fr\/shop\/petits-electromenagers\/machines-cafe\/manuels\/smeg-machine-a-cafe-expresso-manuelle-avec-buse-vapeur-noir\/\" \/>\n<meta property=\"og:site_name\" content=\"Erresse Shop\" \/>\n<meta property=\"article:modified_time\" content=\"2025-05-14T09:12:22+00:00\" \/>\n<meta property=\"og:image\" content=\"https:\/\/www.erresse-shop.it\/wp-content\/uploads\/2025\/05\/SMEG-Macchina-da-Caffe-Espresso-Manuale-con-Lancia-Vapore-Nero.jpg\" \/>\n\t<meta property=\"og:image:width\" content=\"1200\" \/>\n\t<meta property=\"og:image:height\" content=\"1200\" \/>\n\t<meta property=\"og:image:type\" content=\"image\/jpeg\" \/>\n<meta name=\"twitter:card\" content=\"summary_large_image\" \/>\n<script type=\"application\/ld+json\" class=\"yoast-schema-graph\">{\"@context\":\"https:\/\/schema.org\",\"@graph\":[{\"@type\":\"WebPage\",\"@id\":\"https:\/\/www.erresse-shop.it\/fr\/shop\/petits-electromenagers\/machines-cafe\/manuels\/smeg-machine-a-cafe-expresso-manuelle-avec-buse-vapeur-noir\/\",\"url\":\"https:\/\/www.erresse-shop.it\/fr\/shop\/petits-electromenagers\/machines-cafe\/manuels\/smeg-machine-a-cafe-expresso-manuelle-avec-buse-vapeur-noir\/\",\"name\":\"SMEG Machine \u00e0 caf\u00e9 expresso manuelle avec buse vapeur Noir - Erresse Shop\",\"isPartOf\":{\"@id\":\"https:\/\/www.erresse-shop.it\/fr\/#website\"},\"datePublished\":\"2025-05-14T08:41:17+00:00\",\"dateModified\":\"2025-05-14T09:12:22+00:00\",\"description\":\"Transformez chaque matin en une exp\u00e9rience barista authentique avec la machine \u00e0 caf\u00e9 Smeg, o\u00f9 l'\u00e9l\u00e9gance rencontre les performances de niveau\",\"breadcrumb\":{\"@id\":\"https:\/\/www.erresse-shop.it\/fr\/shop\/petits-electromenagers\/machines-cafe\/manuels\/smeg-machine-a-cafe-expresso-manuelle-avec-buse-vapeur-noir\/#breadcrumb\"},\"inLanguage\":\"fr-FR\",\"potentialAction\":[{\"@type\":\"ReadAction\",\"target\":[\"https:\/\/www.erresse-shop.it\/fr\/shop\/petits-electromenagers\/machines-cafe\/manuels\/smeg-machine-a-cafe-expresso-manuelle-avec-buse-vapeur-noir\/\"]}]},{\"@type\":\"BreadcrumbList\",\"@id\":\"https:\/\/www.erresse-shop.it\/fr\/shop\/petits-electromenagers\/machines-cafe\/manuels\/smeg-machine-a-cafe-expresso-manuelle-avec-buse-vapeur-noir\/#breadcrumb\",\"itemListElement\":[{\"@type\":\"ListItem\",\"position\":1,\"name\":\"Home\",\"item\":\"https:\/\/www.erresse-shop.it\/fr\/\"},{\"@type\":\"ListItem\",\"position\":2,\"name\":\"Shop\",\"item\":\"https:\/\/www.erresse-shop.it\/fr\/shop\/\"},{\"@type\":\"ListItem\",\"position\":3,\"name\":\"SMEG Machine \u00e0 caf\u00e9 expresso manuelle avec buse vapeur Noir\"}]},{\"@type\":\"WebSite\",\"@id\":\"https:\/\/www.erresse-shop.it\/fr\/#website\",\"url\":\"https:\/\/www.erresse-shop.it\/fr\/\",\"name\":\"Erresse Shop\",\"description\":\"Articoli di qualit\u00e0 per la casa\",\"potentialAction\":[{\"@type\":\"SearchAction\",\"target\":{\"@type\":\"EntryPoint\",\"urlTemplate\":\"https:\/\/www.erresse-shop.it\/fr\/?s={search_term_string}\"},\"query-input\":\"required name=search_term_string\"}],\"inLanguage\":\"fr-FR\"}]}<\/script>\n<!-- \/ Yoast SEO Premium plugin. -->","yoast_head_json":{"title":"SMEG Machine \u00e0 caf\u00e9 expresso manuelle avec buse vapeur Noir - Erresse Shop","description":"Transformez chaque matin en une exp\u00e9rience barista authentique avec la machine \u00e0 caf\u00e9 Smeg, o\u00f9 l'\u00e9l\u00e9gance rencontre les performances de niveau","robots":{"index":"index","follow":"follow","max-snippet":"max-snippet:-1","max-image-preview":"max-image-preview:large","max-video-preview":"max-video-preview:-1"},"canonical":"https:\/\/www.erresse-shop.it\/fr\/shop\/petits-electromenagers\/machines-cafe\/manuels\/smeg-machine-a-cafe-expresso-manuelle-avec-buse-vapeur-noir\/","og_locale":"fr_FR","og_type":"article","og_title":"SMEG Machine \u00e0 caf\u00e9 expresso manuelle avec buse vapeur Noir","og_description":"Transformez chaque matin en une exp\u00e9rience barista authentique avec la machine \u00e0 caf\u00e9 Smeg, o\u00f9 l'\u00e9l\u00e9gance rencontre les performances de niveau","og_url":"https:\/\/www.erresse-shop.it\/fr\/shop\/petits-electromenagers\/machines-cafe\/manuels\/smeg-machine-a-cafe-expresso-manuelle-avec-buse-vapeur-noir\/","og_site_name":"Erresse Shop","article_modified_time":"2025-05-14T09:12:22+00:00","og_image":[{"width":1200,"height":1200,"url":"https:\/\/www.erresse-shop.it\/wp-content\/uploads\/2025\/05\/SMEG-Macchina-da-Caffe-Espresso-Manuale-con-Lancia-Vapore-Nero.jpg","type":"image\/jpeg"}],"twitter_card":"summary_large_image","schema":{"@context":"https:\/\/schema.org","@graph":[{"@type":"WebPage","@id":"https:\/\/www.erresse-shop.it\/fr\/shop\/petits-electromenagers\/machines-cafe\/manuels\/smeg-machine-a-cafe-expresso-manuelle-avec-buse-vapeur-noir\/","url":"https:\/\/www.erresse-shop.it\/fr\/shop\/petits-electromenagers\/machines-cafe\/manuels\/smeg-machine-a-cafe-expresso-manuelle-avec-buse-vapeur-noir\/","name":"SMEG Machine \u00e0 caf\u00e9 expresso manuelle avec buse vapeur Noir - Erresse Shop","isPartOf":{"@id":"https:\/\/www.erresse-shop.it\/fr\/#website"},"datePublished":"2025-05-14T08:41:17+00:00","dateModified":"2025-05-14T09:12:22+00:00","description":"Transformez chaque matin en une exp\u00e9rience barista authentique avec la machine \u00e0 caf\u00e9 Smeg, o\u00f9 l'\u00e9l\u00e9gance rencontre les performances de niveau","breadcrumb":{"@id":"https:\/\/www.erresse-shop.it\/fr\/shop\/petits-electromenagers\/machines-cafe\/manuels\/smeg-machine-a-cafe-expresso-manuelle-avec-buse-vapeur-noir\/#breadcrumb"},"inLanguage":"fr-FR","potentialAction":[{"@type":"ReadAction","target":["https:\/\/www.erresse-shop.it\/fr\/shop\/petits-electromenagers\/machines-cafe\/manuels\/smeg-machine-a-cafe-expresso-manuelle-avec-buse-vapeur-noir\/"]}]},{"@type":"BreadcrumbList","@id":"https:\/\/www.erresse-shop.it\/fr\/shop\/petits-electromenagers\/machines-cafe\/manuels\/smeg-machine-a-cafe-expresso-manuelle-avec-buse-vapeur-noir\/#breadcrumb","itemListElement":[{"@type":"ListItem","position":1,"name":"Home","item":"https:\/\/www.erresse-shop.it\/fr\/"},{"@type":"ListItem","position":2,"name":"Shop","item":"https:\/\/www.erresse-shop.it\/fr\/shop\/"},{"@type":"ListItem","position":3,"name":"SMEG Machine \u00e0 caf\u00e9 expresso manuelle avec buse vapeur Noir"}]},{"@type":"WebSite","@id":"https:\/\/www.erresse-shop.it\/fr\/#website","url":"https:\/\/www.erresse-shop.it\/fr\/","name":"Erresse Shop","description":"Articoli di qualit\u00e0 per la casa","potentialAction":[{"@type":"SearchAction","target":{"@type":"EntryPoint","urlTemplate":"https:\/\/www.erresse-shop.it\/fr\/?s={search_term_string}"},"query-input":"required name=search_term_string"}],"inLanguage":"fr-FR"}]}},"df_price":1299.95,"df_sale_price":1299.95,"df_regular_price":1499,"df_image_link":"https:\/\/www.erresse-shop.it\/wp-content\/uploads\/2025\/05\/SMEG-Macchina-da-Caffe-Espresso-Manuale-con-Lancia-Vapore-Nero-300x300.jpg","_links":{"self":[{"href":"https:\/\/www.erresse-shop.it\/fr\/wp-json\/wp\/v2\/product\/499099"}],"collection":[{"href":"https:\/\/www.erresse-shop.it\/fr\/wp-json\/wp\/v2\/product"}],"about":[{"href":"https:\/\/www.erresse-shop.it\/fr\/wp-json\/wp\/v2\/types\/product"}],"wp:featuredmedia":[{"embeddable":true,"href":"https:\/\/www.erresse-shop.it\/fr\/wp-json\/wp\/v2\/media\/499129"}],"wp:attachment":[{"href":"https:\/\/www.erresse-shop.it\/fr\/wp-json\/wp\/v2\/media?parent=499099"}],"wp:term":[{"taxonomy":"product_cat","embeddable":true,"href":"https:\/\/www.erresse-shop.it\/fr\/wp-json\/wp\/v2\/product_cat?post=499099"},{"taxonomy":"product_tag","embeddable":true,"href":"https:\/\/www.erresse-shop.it\/fr\/wp-json\/wp\/v2\/product_tag?post=499099"}],"curies":[{"name":"wp","href":"https:\/\/api.w.org\/{rel}","templated":true}]}}