{"id":499005,"date":"2025-05-13T08:35:29","date_gmt":"2025-05-13T08:35:33","guid":{"rendered":"https:\/\/www.erresse-shop.it\/?post_type=product&#038;p=499005"},"modified":"2025-05-28T16:20:29","modified_gmt":"2025-05-28T16:20:29","slug":"joseph-joseph-eclipse-sechoir-a-linge-a-3-niveaux-avec-ecran","status":"publish","type":"product","link":"https:\/\/www.erresse-shop.it\/fr\/shop\/ameublement-maison\/sechoirs\/joseph-joseph-eclipse-sechoir-a-linge-a-3-niveaux-avec-ecran\/","title":{"rendered":"JOSEPH JOSEPH Eclipse S\u00e9choir \u00e0 linge \u00e0 3 niveaux avec \u00e9cran"},"content":{"rendered":"<p>Ce spacieux \u00e9tendoir d&#8217;int\u00e9rieur \u00e0 3 niveaux est dot\u00e9 de c\u00f4t\u00e9s en tissu qui dissimulent le linge disgracieux, r\u00e9duisant ainsi l&#8217;encombrement de votre espace de vie et s&#8217;int\u00e9grant \u00e0 une vari\u00e9t\u00e9 de styles d&#8217;int\u00e9rieur. Offrant un grand espace de s\u00e9chage, les \u00e9tag\u00e8res en acier peuvent \u00eatre repli\u00e9es individuellement pour s\u00e9cher des v\u00eatements plus longs, comme des pantalons ou des robes.<\/p>\n<ul>\n<li>L&#8217;ext\u00e9rieur en tissu \u00e9l\u00e9gant prot\u00e8ge votre linge pendant le s\u00e9chage.<\/li>\n<li>Structure en acier \u00e9pais avec 3 \u00e9tag\u00e8res pour un s\u00e9chage spacieux.<\/li>\n<li>Les roulettes verrouillables facilitent le d\u00e9placement de l&#8217;\u00e9tendoir.<\/li>\n<li>Se plie \u00e0 plat pour un gain de place.<\/li>\n<li>Capacit\u00e9 de s\u00e9chage\u00a0: 14\u00a0m\u00e8tres (45,9\u00a0pieds) \/ 14\u00a0kg (30,8\u00a0lb).<\/li>\n<li>La housse en tissu doit \u00eatre repass\u00e9e ou vaporis\u00e9e avant le montage (ne pas repasser les logos).<\/li>\n<\/ul>\n<p><span style=\"font-size: 14pt;\"><strong>Entretien et utilisation\u00a0:<\/strong><\/span><\/p>\n<ul>\n<li>Ext\u00e9rieur en tissu\u00a0: Nettoyer \u00e0 l&#8217;aide d&#8217;un chiffon humide, ne pas laver en machine. Voir l&#8217;\u00e9tiquette d&#8217;entretien.<\/li>\n<li>Structure\u00a0: Nettoyer \u00e0 l&#8217;aide d&#8217;un chiffon humide. Ne pas utiliser de chiffons abrasifs.<\/li>\n<li>Avertissement\u00a0: Pour une utilisation en int\u00e9rieur uniquement. Toujours utiliser sur une surface plane pour garantir la stabilit\u00e9 du produit. Assurez-vous que les roues et les \u00e9tag\u00e8res sont verrouill\u00e9es et fix\u00e9es avant le chargement. Lors du chargement, assurez-vous que le poids est uniform\u00e9ment r\u00e9parti et ne surchargez pas.<\/li>\n<li>Ne placez pas l&#8217;\u00e9tendoir \u00e0 proximit\u00e9 d&#8217;une flamme nue.<\/li>\n<li>Ne laissez pas les enfants jouer avec l&#8217;\u00e9tendoir et rangez-le lorsqu&#8217;il n&#8217;est pas utilis\u00e9. \u00c0 monter soi-m\u00eame. Instructions de montage compl\u00e8tes incluses.<\/li>\n<\/ul>\n<p><strong>Dimensions\u00a0:<\/strong> H 150 x L 74 x P 40 cm<\/p>\n<p><strong>Poids\u00a0:<\/strong> 7 kg<\/p>\n<p><strong>Remarque\u00a0: Ceci n&#8217;est pas un \u00e9tendoir chauffant.<\/strong><\/p>\n","protected":false},"excerpt":{"rendered":"<p>Ce spacieux \u00e9tendoir d&#8217;int\u00e9rieur \u00e0 3 niveaux est dot\u00e9 de c\u00f4t\u00e9s en tissu qui dissimulent le linge disgracieux, r\u00e9duisant ainsi<\/p>\n","protected":false},"featured_media":499516,"template":"","meta":{"_acf_changed":false,"inline_featured_image":false},"product_cat":[12738,18521],"product_tag":[18473,18472,21821],"acf":[],"yoast_head":"<!-- This site is optimized with the Yoast SEO Premium plugin v18.6 (Yoast SEO v19.13) - https:\/\/yoast.com\/wordpress\/plugins\/seo\/ -->\n<title>FOPPAPEDRETTI Cordes \u00e0 linge SuperGulliver 4.0 Bois<\/title>\n<meta name=\"description\" content=\"D\u00e9couvrez FOPPAPEDRETTI Cordes \u00e0 linge SuperGulliver 4.0 Bois sur ErresseShop. Qualit\u00e9, prix r\u00e9duits et achat s\u00e9curis\u00e9 \u2013 commandez d\u00e8s maintenant en ligne !\" \/>\n<meta name=\"robots\" content=\"index, follow, max-snippet:-1, max-image-preview:large, max-video-preview:-1\" \/>\n<link rel=\"canonical\" href=\"https:\/\/www.erresse-shop.it\/fr\/shop\/ameublement-maison\/sechoirs\/joseph-joseph-eclipse-sechoir-a-linge-a-3-niveaux-avec-ecran\/\" \/>\n<meta property=\"og:locale\" content=\"fr_FR\" \/>\n<meta property=\"og:type\" content=\"article\" \/>\n<meta property=\"og:title\" content=\"JOSEPH JOSEPH Eclipse S\u00e9choir \u00e0 linge \u00e0 3 niveaux avec \u00e9cran\" \/>\n<meta property=\"og:description\" content=\"D\u00e9couvrez FOPPAPEDRETTI Cordes \u00e0 linge SuperGulliver 4.0 Bois sur ErresseShop. Qualit\u00e9, prix r\u00e9duits et achat s\u00e9curis\u00e9 \u2013 commandez d\u00e8s maintenant en ligne !\" \/>\n<meta property=\"og:url\" content=\"https:\/\/www.erresse-shop.it\/fr\/shop\/ameublement-maison\/sechoirs\/joseph-joseph-eclipse-sechoir-a-linge-a-3-niveaux-avec-ecran\/\" \/>\n<meta property=\"og:site_name\" content=\"Erresse Shop\" \/>\n<meta property=\"article:modified_time\" content=\"2025-05-28T16:20:29+00:00\" \/>\n<meta property=\"og:image\" content=\"https:\/\/www.erresse-shop.it\/wp-content\/uploads\/2025\/05\/JOSEPH-JOSEPH-Stendibiancheria-3-ripiani-Ecru.jpg\" \/>\n\t<meta property=\"og:image:width\" content=\"1200\" \/>\n\t<meta property=\"og:image:height\" content=\"1200\" \/>\n\t<meta property=\"og:image:type\" content=\"image\/jpeg\" \/>\n<meta name=\"twitter:card\" content=\"summary_large_image\" \/>\n<script type=\"application\/ld+json\" class=\"yoast-schema-graph\">{\"@context\":\"https:\/\/schema.org\",\"@graph\":[{\"@type\":\"WebPage\",\"@id\":\"https:\/\/www.erresse-shop.it\/fr\/shop\/ameublement-maison\/sechoirs\/joseph-joseph-eclipse-sechoir-a-linge-a-3-niveaux-avec-ecran\/\",\"url\":\"https:\/\/www.erresse-shop.it\/fr\/shop\/ameublement-maison\/sechoirs\/joseph-joseph-eclipse-sechoir-a-linge-a-3-niveaux-avec-ecran\/\",\"name\":\"FOPPAPEDRETTI Cordes \u00e0 linge SuperGulliver 4.0 Bois\",\"isPartOf\":{\"@id\":\"https:\/\/www.erresse-shop.it\/fr\/#website\"},\"datePublished\":\"2025-05-13T08:35:33+00:00\",\"dateModified\":\"2025-05-28T16:20:29+00:00\",\"description\":\"D\u00e9couvrez FOPPAPEDRETTI Cordes \u00e0 linge SuperGulliver 4.0 Bois sur ErresseShop. Qualit\u00e9, prix r\u00e9duits et achat s\u00e9curis\u00e9 \u2013 commandez d\u00e8s maintenant en ligne !\",\"breadcrumb\":{\"@id\":\"https:\/\/www.erresse-shop.it\/fr\/shop\/ameublement-maison\/sechoirs\/joseph-joseph-eclipse-sechoir-a-linge-a-3-niveaux-avec-ecran\/#breadcrumb\"},\"inLanguage\":\"fr-FR\",\"potentialAction\":[{\"@type\":\"ReadAction\",\"target\":[\"https:\/\/www.erresse-shop.it\/fr\/shop\/ameublement-maison\/sechoirs\/joseph-joseph-eclipse-sechoir-a-linge-a-3-niveaux-avec-ecran\/\"]}]},{\"@type\":\"BreadcrumbList\",\"@id\":\"https:\/\/www.erresse-shop.it\/fr\/shop\/ameublement-maison\/sechoirs\/joseph-joseph-eclipse-sechoir-a-linge-a-3-niveaux-avec-ecran\/#breadcrumb\",\"itemListElement\":[{\"@type\":\"ListItem\",\"position\":1,\"name\":\"Home\",\"item\":\"https:\/\/www.erresse-shop.it\/fr\/\"},{\"@type\":\"ListItem\",\"position\":2,\"name\":\"Shop\",\"item\":\"https:\/\/www.erresse-shop.it\/fr\/shop\/\"},{\"@type\":\"ListItem\",\"position\":3,\"name\":\"JOSEPH JOSEPH Eclipse S\u00e9choir \u00e0 linge \u00e0 3 niveaux avec \u00e9cran\"}]},{\"@type\":\"WebSite\",\"@id\":\"https:\/\/www.erresse-shop.it\/fr\/#website\",\"url\":\"https:\/\/www.erresse-shop.it\/fr\/\",\"name\":\"Erresse Shop\",\"description\":\"Articoli di qualit\u00e0 per la casa\",\"potentialAction\":[{\"@type\":\"SearchAction\",\"target\":{\"@type\":\"EntryPoint\",\"urlTemplate\":\"https:\/\/www.erresse-shop.it\/fr\/?s={search_term_string}\"},\"query-input\":\"required name=search_term_string\"}],\"inLanguage\":\"fr-FR\"}]}<\/script>\n<!-- \/ Yoast SEO Premium plugin. -->","yoast_head_json":{"title":"FOPPAPEDRETTI Cordes \u00e0 linge SuperGulliver 4.0 Bois","description":"D\u00e9couvrez FOPPAPEDRETTI Cordes \u00e0 linge SuperGulliver 4.0 Bois sur ErresseShop. Qualit\u00e9, prix r\u00e9duits et achat s\u00e9curis\u00e9 \u2013 commandez d\u00e8s maintenant en ligne !","robots":{"index":"index","follow":"follow","max-snippet":"max-snippet:-1","max-image-preview":"max-image-preview:large","max-video-preview":"max-video-preview:-1"},"canonical":"https:\/\/www.erresse-shop.it\/fr\/shop\/ameublement-maison\/sechoirs\/joseph-joseph-eclipse-sechoir-a-linge-a-3-niveaux-avec-ecran\/","og_locale":"fr_FR","og_type":"article","og_title":"JOSEPH JOSEPH Eclipse S\u00e9choir \u00e0 linge \u00e0 3 niveaux avec \u00e9cran","og_description":"D\u00e9couvrez FOPPAPEDRETTI Cordes \u00e0 linge SuperGulliver 4.0 Bois sur ErresseShop. Qualit\u00e9, prix r\u00e9duits et achat s\u00e9curis\u00e9 \u2013 commandez d\u00e8s maintenant en ligne !","og_url":"https:\/\/www.erresse-shop.it\/fr\/shop\/ameublement-maison\/sechoirs\/joseph-joseph-eclipse-sechoir-a-linge-a-3-niveaux-avec-ecran\/","og_site_name":"Erresse Shop","article_modified_time":"2025-05-28T16:20:29+00:00","og_image":[{"width":1200,"height":1200,"url":"https:\/\/www.erresse-shop.it\/wp-content\/uploads\/2025\/05\/JOSEPH-JOSEPH-Stendibiancheria-3-ripiani-Ecru.jpg","type":"image\/jpeg"}],"twitter_card":"summary_large_image","schema":{"@context":"https:\/\/schema.org","@graph":[{"@type":"WebPage","@id":"https:\/\/www.erresse-shop.it\/fr\/shop\/ameublement-maison\/sechoirs\/joseph-joseph-eclipse-sechoir-a-linge-a-3-niveaux-avec-ecran\/","url":"https:\/\/www.erresse-shop.it\/fr\/shop\/ameublement-maison\/sechoirs\/joseph-joseph-eclipse-sechoir-a-linge-a-3-niveaux-avec-ecran\/","name":"FOPPAPEDRETTI Cordes \u00e0 linge SuperGulliver 4.0 Bois","isPartOf":{"@id":"https:\/\/www.erresse-shop.it\/fr\/#website"},"datePublished":"2025-05-13T08:35:33+00:00","dateModified":"2025-05-28T16:20:29+00:00","description":"D\u00e9couvrez FOPPAPEDRETTI Cordes \u00e0 linge SuperGulliver 4.0 Bois sur ErresseShop. Qualit\u00e9, prix r\u00e9duits et achat s\u00e9curis\u00e9 \u2013 commandez d\u00e8s maintenant en ligne !","breadcrumb":{"@id":"https:\/\/www.erresse-shop.it\/fr\/shop\/ameublement-maison\/sechoirs\/joseph-joseph-eclipse-sechoir-a-linge-a-3-niveaux-avec-ecran\/#breadcrumb"},"inLanguage":"fr-FR","potentialAction":[{"@type":"ReadAction","target":["https:\/\/www.erresse-shop.it\/fr\/shop\/ameublement-maison\/sechoirs\/joseph-joseph-eclipse-sechoir-a-linge-a-3-niveaux-avec-ecran\/"]}]},{"@type":"BreadcrumbList","@id":"https:\/\/www.erresse-shop.it\/fr\/shop\/ameublement-maison\/sechoirs\/joseph-joseph-eclipse-sechoir-a-linge-a-3-niveaux-avec-ecran\/#breadcrumb","itemListElement":[{"@type":"ListItem","position":1,"name":"Home","item":"https:\/\/www.erresse-shop.it\/fr\/"},{"@type":"ListItem","position":2,"name":"Shop","item":"https:\/\/www.erresse-shop.it\/fr\/shop\/"},{"@type":"ListItem","position":3,"name":"JOSEPH JOSEPH Eclipse S\u00e9choir \u00e0 linge \u00e0 3 niveaux avec \u00e9cran"}]},{"@type":"WebSite","@id":"https:\/\/www.erresse-shop.it\/fr\/#website","url":"https:\/\/www.erresse-shop.it\/fr\/","name":"Erresse Shop","description":"Articoli di qualit\u00e0 per la casa","potentialAction":[{"@type":"SearchAction","target":{"@type":"EntryPoint","urlTemplate":"https:\/\/www.erresse-shop.it\/fr\/?s={search_term_string}"},"query-input":"required name=search_term_string"}],"inLanguage":"fr-FR"}]}},"df_price":119.95,"df_sale_price":119.95,"df_regular_price":159.99,"df_image_link":"https:\/\/www.erresse-shop.it\/wp-content\/uploads\/2025\/05\/JOSEPH-JOSEPH-Stendibiancheria-3-ripiani-Ecru-300x300.jpg","_links":{"self":[{"href":"https:\/\/www.erresse-shop.it\/fr\/wp-json\/wp\/v2\/product\/499005"}],"collection":[{"href":"https:\/\/www.erresse-shop.it\/fr\/wp-json\/wp\/v2\/product"}],"about":[{"href":"https:\/\/www.erresse-shop.it\/fr\/wp-json\/wp\/v2\/types\/product"}],"wp:featuredmedia":[{"embeddable":true,"href":"https:\/\/www.erresse-shop.it\/fr\/wp-json\/wp\/v2\/media\/499516"}],"wp:attachment":[{"href":"https:\/\/www.erresse-shop.it\/fr\/wp-json\/wp\/v2\/media?parent=499005"}],"wp:term":[{"taxonomy":"product_cat","embeddable":true,"href":"https:\/\/www.erresse-shop.it\/fr\/wp-json\/wp\/v2\/product_cat?post=499005"},{"taxonomy":"product_tag","embeddable":true,"href":"https:\/\/www.erresse-shop.it\/fr\/wp-json\/wp\/v2\/product_tag?post=499005"}],"curies":[{"name":"wp","href":"https:\/\/api.w.org\/{rel}","templated":true}]}}