{"id":497167,"date":"2025-05-05T07:28:44","date_gmt":"2025-05-05T07:28:47","guid":{"rendered":"https:\/\/www.erresse-shop.it\/?post_type=product&#038;p=497167"},"modified":"2026-02-09T11:32:22","modified_gmt":"2026-02-09T11:32:22","slug":"lego-room-copenhagen-storage-head-l-boy","status":"publish","type":"product","link":"https:\/\/www.erresse-shop.it\/fr\/shop\/ameublement-maison\/meubles\/lego-room-copenhagen-storage-head-l-boy\/","title":{"rendered":"LEGO &#8211; ROOM COPENHAGEN Storage Head L Boy"},"content":{"rendered":"<div class=\"product__description-formated \">\n<div class=\"metafield-rich_text_field\">\n<p id=\"ucj-12\" class=\"oBOnKe\">Le grand conteneur en forme de t\u00eate LEGO est la solution parfaite pour apporter de l&#8217;ordre et du plaisir dans la chambre des enfants. Avec ses expressions mignonnes, disponible en version gar\u00e7on et fille, ce contenant ajoute une touche ludique \u00e0 l&#8217;organisation, transformant le rangement en un moment cr\u00e9atif et insouciant.<\/p>\n<p>Polyvalent et spacieux pour tous les besoins<\/p>\n<p class=\"oBOnKe\">En plus de stocker des briques LEGO, ce conteneur est id\u00e9al pour ranger d&#8217;autres jouets, des accessoires ou m\u00eame des fruits. Sa grande capacit\u00e9 vous permet de mieux organiser l&#8217;espace, rendant plus facile et plus amusant de trouver tout ce dont vous avez besoin.<\/p>\n<p><strong>Mat\u00e9riaux s\u00fbrs et de haute qualit\u00e9<\/strong><\/p>\n<p class=\"oBOnKe\">Fabriqu\u00e9 en polypropyl\u00e8ne sans BPA, le conteneur LEGO est con\u00e7u pour garantir s\u00e9curit\u00e9 et durabilit\u00e9 dans le temps. Des mat\u00e9riaux de haute qualit\u00e9 garantissent une utilisation durable, parfaits pour accompagner les plus petits dans leurs aventures quotidiennes.<\/p>\n<p><strong>Le cadeau parfait pour les fans de LEGO<\/strong><\/p>\n<p>Que ce soit pour un petit constructeur ou pour quelqu&#8217;un qui aime le design inspir\u00e9 des briques les plus c\u00e9l\u00e8bres du monde, ce contenant est le cadeau id\u00e9al. Pratique, s\u00fbr et amusant, il rendra n&#8217;importe quel environnement plus organis\u00e9 et color\u00e9 avec une touche d&#8217;esprit LEGO authentique.<\/p>\n<\/div>\n<p>Sp\u00e9cifications du produit\u00a0:<\/p>\n<ul class=\"product__spec-list\">\n<li class=\"product__tag\">Capacit\u00e9 : 8,5 l<\/li>\n<li class=\"product__tag\">Mat\u00e9riau : polypropyl\u00e8ne (pp)<\/li>\n<li class=\"product__tag\">Garantie\u00a0: 2 ans<\/li>\n<li class=\"product__tag\">Dimensions\u00a0: 24 x 24 x 27,1 cm<\/li>\n<li class=\"product__tag\">Poids\u00a0: 472 g<\/li>\n<\/ul>\n<\/div>\n<div class=\"pin-spacer\">\n<div class=\"product__floating\">\n<div class=\"product__floating-product\"><\/div>\n<\/div>\n<\/div>\n","protected":false},"excerpt":{"rendered":"<p>Le grand conteneur en forme de t\u00eate LEGO est la solution parfaite pour apporter de l&#8217;ordre et du plaisir dans<\/p>\n","protected":false},"featured_media":497184,"template":"","meta":{"_acf_changed":false,"inline_featured_image":false},"product_cat":[12738,17094],"product_tag":[17133,17131],"acf":[],"yoast_head":"<!-- This site is optimized with the Yoast SEO Premium plugin v18.6 (Yoast SEO v19.13) - https:\/\/yoast.com\/wordpress\/plugins\/seo\/ -->\n<title>LEGO - ROOM COPENHAGEN Storage Head L Boy - Erresse Shop<\/title>\n<meta name=\"description\" content=\"Le grand conteneur en forme de t\u00eate LEGO est la solution parfaite pour apporter de l&#039;ordre et du plaisir dans la chambre des enfants. Avec ses expressions\" \/>\n<meta name=\"robots\" content=\"index, follow, max-snippet:-1, max-image-preview:large, max-video-preview:-1\" \/>\n<link rel=\"canonical\" href=\"https:\/\/www.erresse-shop.it\/fr\/shop\/ameublement-maison\/meubles\/lego-room-copenhagen-storage-head-l-boy\/\" \/>\n<meta property=\"og:locale\" content=\"fr_FR\" \/>\n<meta property=\"og:type\" content=\"article\" \/>\n<meta property=\"og:title\" content=\"LEGO - ROOM COPENHAGEN Storage Head L Boy\" \/>\n<meta property=\"og:description\" content=\"Le grand conteneur en forme de t\u00eate LEGO est la solution parfaite pour apporter de l&#039;ordre et du plaisir dans la chambre des enfants. Avec ses expressions\" \/>\n<meta property=\"og:url\" content=\"https:\/\/www.erresse-shop.it\/fr\/shop\/ameublement-maison\/meubles\/lego-room-copenhagen-storage-head-l-boy\/\" \/>\n<meta property=\"og:site_name\" content=\"Erresse Shop\" \/>\n<meta property=\"article:modified_time\" content=\"2026-02-09T11:32:22+00:00\" \/>\n<meta property=\"og:image\" content=\"https:\/\/www.erresse-shop.it\/wp-content\/uploads\/2025\/05\/LEGO-ROOM-COPENHAGEN-Storage-Head-L-Boy.jpg\" \/>\n\t<meta property=\"og:image:width\" content=\"1200\" \/>\n\t<meta property=\"og:image:height\" content=\"1200\" \/>\n\t<meta property=\"og:image:type\" content=\"image\/jpeg\" \/>\n<meta name=\"twitter:card\" content=\"summary_large_image\" \/>\n<script type=\"application\/ld+json\" class=\"yoast-schema-graph\">{\"@context\":\"https:\/\/schema.org\",\"@graph\":[{\"@type\":\"WebPage\",\"@id\":\"https:\/\/www.erresse-shop.it\/fr\/shop\/ameublement-maison\/meubles\/lego-room-copenhagen-storage-head-l-boy\/\",\"url\":\"https:\/\/www.erresse-shop.it\/fr\/shop\/ameublement-maison\/meubles\/lego-room-copenhagen-storage-head-l-boy\/\",\"name\":\"LEGO - ROOM COPENHAGEN Storage Head L Boy - Erresse Shop\",\"isPartOf\":{\"@id\":\"https:\/\/www.erresse-shop.it\/fr\/#website\"},\"datePublished\":\"2025-05-05T07:28:47+00:00\",\"dateModified\":\"2026-02-09T11:32:22+00:00\",\"description\":\"Le grand conteneur en forme de t\u00eate LEGO est la solution parfaite pour apporter de l'ordre et du plaisir dans la chambre des enfants. Avec ses expressions\",\"breadcrumb\":{\"@id\":\"https:\/\/www.erresse-shop.it\/fr\/shop\/ameublement-maison\/meubles\/lego-room-copenhagen-storage-head-l-boy\/#breadcrumb\"},\"inLanguage\":\"fr-FR\",\"potentialAction\":[{\"@type\":\"ReadAction\",\"target\":[\"https:\/\/www.erresse-shop.it\/fr\/shop\/ameublement-maison\/meubles\/lego-room-copenhagen-storage-head-l-boy\/\"]}]},{\"@type\":\"BreadcrumbList\",\"@id\":\"https:\/\/www.erresse-shop.it\/fr\/shop\/ameublement-maison\/meubles\/lego-room-copenhagen-storage-head-l-boy\/#breadcrumb\",\"itemListElement\":[{\"@type\":\"ListItem\",\"position\":1,\"name\":\"Home\",\"item\":\"https:\/\/www.erresse-shop.it\/fr\/\"},{\"@type\":\"ListItem\",\"position\":2,\"name\":\"Shop\",\"item\":\"https:\/\/www.erresse-shop.it\/fr\/shop\/\"},{\"@type\":\"ListItem\",\"position\":3,\"name\":\"LEGO &#8211; ROOM COPENHAGEN Storage Head L Boy\"}]},{\"@type\":\"WebSite\",\"@id\":\"https:\/\/www.erresse-shop.it\/fr\/#website\",\"url\":\"https:\/\/www.erresse-shop.it\/fr\/\",\"name\":\"Erresse Shop\",\"description\":\"Articoli di qualit\u00e0 per la casa\",\"potentialAction\":[{\"@type\":\"SearchAction\",\"target\":{\"@type\":\"EntryPoint\",\"urlTemplate\":\"https:\/\/www.erresse-shop.it\/fr\/?s={search_term_string}\"},\"query-input\":\"required name=search_term_string\"}],\"inLanguage\":\"fr-FR\"}]}<\/script>\n<!-- \/ Yoast SEO Premium plugin. -->","yoast_head_json":{"title":"LEGO - ROOM COPENHAGEN Storage Head L Boy - Erresse Shop","description":"Le grand conteneur en forme de t\u00eate LEGO est la solution parfaite pour apporter de l'ordre et du plaisir dans la chambre des enfants. Avec ses expressions","robots":{"index":"index","follow":"follow","max-snippet":"max-snippet:-1","max-image-preview":"max-image-preview:large","max-video-preview":"max-video-preview:-1"},"canonical":"https:\/\/www.erresse-shop.it\/fr\/shop\/ameublement-maison\/meubles\/lego-room-copenhagen-storage-head-l-boy\/","og_locale":"fr_FR","og_type":"article","og_title":"LEGO - ROOM COPENHAGEN Storage Head L Boy","og_description":"Le grand conteneur en forme de t\u00eate LEGO est la solution parfaite pour apporter de l'ordre et du plaisir dans la chambre des enfants. Avec ses expressions","og_url":"https:\/\/www.erresse-shop.it\/fr\/shop\/ameublement-maison\/meubles\/lego-room-copenhagen-storage-head-l-boy\/","og_site_name":"Erresse Shop","article_modified_time":"2026-02-09T11:32:22+00:00","og_image":[{"width":1200,"height":1200,"url":"https:\/\/www.erresse-shop.it\/wp-content\/uploads\/2025\/05\/LEGO-ROOM-COPENHAGEN-Storage-Head-L-Boy.jpg","type":"image\/jpeg"}],"twitter_card":"summary_large_image","schema":{"@context":"https:\/\/schema.org","@graph":[{"@type":"WebPage","@id":"https:\/\/www.erresse-shop.it\/fr\/shop\/ameublement-maison\/meubles\/lego-room-copenhagen-storage-head-l-boy\/","url":"https:\/\/www.erresse-shop.it\/fr\/shop\/ameublement-maison\/meubles\/lego-room-copenhagen-storage-head-l-boy\/","name":"LEGO - ROOM COPENHAGEN Storage Head L Boy - Erresse Shop","isPartOf":{"@id":"https:\/\/www.erresse-shop.it\/fr\/#website"},"datePublished":"2025-05-05T07:28:47+00:00","dateModified":"2026-02-09T11:32:22+00:00","description":"Le grand conteneur en forme de t\u00eate LEGO est la solution parfaite pour apporter de l'ordre et du plaisir dans la chambre des enfants. Avec ses expressions","breadcrumb":{"@id":"https:\/\/www.erresse-shop.it\/fr\/shop\/ameublement-maison\/meubles\/lego-room-copenhagen-storage-head-l-boy\/#breadcrumb"},"inLanguage":"fr-FR","potentialAction":[{"@type":"ReadAction","target":["https:\/\/www.erresse-shop.it\/fr\/shop\/ameublement-maison\/meubles\/lego-room-copenhagen-storage-head-l-boy\/"]}]},{"@type":"BreadcrumbList","@id":"https:\/\/www.erresse-shop.it\/fr\/shop\/ameublement-maison\/meubles\/lego-room-copenhagen-storage-head-l-boy\/#breadcrumb","itemListElement":[{"@type":"ListItem","position":1,"name":"Home","item":"https:\/\/www.erresse-shop.it\/fr\/"},{"@type":"ListItem","position":2,"name":"Shop","item":"https:\/\/www.erresse-shop.it\/fr\/shop\/"},{"@type":"ListItem","position":3,"name":"LEGO &#8211; ROOM COPENHAGEN Storage Head L Boy"}]},{"@type":"WebSite","@id":"https:\/\/www.erresse-shop.it\/fr\/#website","url":"https:\/\/www.erresse-shop.it\/fr\/","name":"Erresse Shop","description":"Articoli di qualit\u00e0 per la casa","potentialAction":[{"@type":"SearchAction","target":{"@type":"EntryPoint","urlTemplate":"https:\/\/www.erresse-shop.it\/fr\/?s={search_term_string}"},"query-input":"required name=search_term_string"}],"inLanguage":"fr-FR"}]}},"df_price":19.95,"df_sale_price":19.95,"df_regular_price":26.99,"df_image_link":"https:\/\/www.erresse-shop.it\/wp-content\/uploads\/2025\/05\/LEGO-ROOM-COPENHAGEN-Storage-Head-L-Boy-300x300.jpg","_links":{"self":[{"href":"https:\/\/www.erresse-shop.it\/fr\/wp-json\/wp\/v2\/product\/497167"}],"collection":[{"href":"https:\/\/www.erresse-shop.it\/fr\/wp-json\/wp\/v2\/product"}],"about":[{"href":"https:\/\/www.erresse-shop.it\/fr\/wp-json\/wp\/v2\/types\/product"}],"wp:featuredmedia":[{"embeddable":true,"href":"https:\/\/www.erresse-shop.it\/fr\/wp-json\/wp\/v2\/media\/497184"}],"wp:attachment":[{"href":"https:\/\/www.erresse-shop.it\/fr\/wp-json\/wp\/v2\/media?parent=497167"}],"wp:term":[{"taxonomy":"product_cat","embeddable":true,"href":"https:\/\/www.erresse-shop.it\/fr\/wp-json\/wp\/v2\/product_cat?post=497167"},{"taxonomy":"product_tag","embeddable":true,"href":"https:\/\/www.erresse-shop.it\/fr\/wp-json\/wp\/v2\/product_tag?post=497167"}],"curies":[{"name":"wp","href":"https:\/\/api.w.org\/{rel}","templated":true}]}}