{"id":497065,"date":"2025-05-05T06:27:10","date_gmt":"2025-05-05T06:27:12","guid":{"rendered":"https:\/\/www.erresse-shop.it\/?post_type=product&#038;p=497065"},"modified":"2026-02-27T08:46:46","modified_gmt":"2026-02-27T08:46:46","slug":"staub-cocotte-ronde-20-cm-sage","status":"publish","type":"product","link":"https:\/\/www.erresse-shop.it\/fr\/shop\/poeles-pots\/marmites-et-cocottes-poeles-pots\/staub-cocotte-ronde-20-cm-sage\/","title":{"rendered":"STAUB Cocotte Ronde 20 cm Sage"},"content":{"rendered":"<p>Cuisiner dans une cocotte est simple et sain. Chefs \u00e9toil\u00e9s et gourmets utilisent cette cocotte d&#8217;origine fran\u00e7aise depuis des si\u00e8cles. Fabriqu\u00e9e en fonte, elle assure non seulement une parfaite r\u00e9partition de la temp\u00e9rature, mais aussi la pr\u00e9servation des liquides et des ar\u00f4mes. Le rev\u00eatement \u00e9maill\u00e9 am\u00e9liore encore ces qualit\u00e9s et rend l&#8217;utilisation de la cocotte encore plus pratique. Cette cocotte circulaire de 20 cm de diam\u00e8tre et d&#8217;une capacit\u00e9 de 2,2 l est id\u00e9ale pour deux personnes ou pour des accompagnements plus copieux. Vous pouvez l&#8217;utiliser pour mijoter, pr\u00e9parer des soupes ou des plats de poisson et de l\u00e9gumes. Gr\u00e2ce \u00e0 la conception sp\u00e9ciale du couvercle avec syst\u00e8me d&#8217;auto-pulv\u00e9risation, toute la vapeur d&#8217;eau est r\u00e9cup\u00e9r\u00e9e et r\u00e9partie uniform\u00e9ment sur les aliments. Ainsi, la viande et le poisson restent juteux, les l\u00e9gumes sont particuli\u00e8rement tendres et tous les ar\u00f4mes sont pr\u00e9serv\u00e9s dans la d\u00e9licieuse sauce. Cette cocotte\u2026 Son allure discr\u00e8te en fait le d\u00e9cor id\u00e9al pour des plats color\u00e9s comme le \u00ab\u00a0gaspacho de tomates\u00a0\u00bb, qui, servi dans la cocotte, reste d\u00e9licieusement frais m\u00eame par temps chaud. Vous pouvez cependant \u00e9galement servir des plats chauds dans la cocotte, comme une d\u00e9licieuse ratatouille, qui conservera longtemps sa temp\u00e9rature.<\/p>\n<ul>\n<li>Id\u00e9al pour saisir et cuire lentement la viande, le poisson ou les l\u00e9gumes<\/li>\n<li>Pour une cuisson juteuse et tendre gr\u00e2ce au couvercle<\/li>\n<li>L&#8217;\u00e9mail int\u00e9rieur noir mat est id\u00e9al pour un brunissage particuli\u00e8rement croustillant et tr\u00e8s r\u00e9sistant<\/li>\n<li>Compatible avec tous les types de feux, y compris l&#8217;induction, il peut \u00e9galement \u00eatre utilis\u00e9 au four\/grill<\/li>\n<li>Couleur intense<\/li>\n<\/ul>\n<p><strong>Caract\u00e9ristiques<\/strong><\/p>\n<ul>\n<li class=\"attribute\"><span class=\"label\">R\u00e9sistance \u00e0 la chaleur\u00a0: <\/span><span class=\"value\">260\u00a0\u00b0C<\/span><\/li>\n<li class=\"attribute\"><span class=\"label\">R\u00e9sistance au froid\u00a0: <\/span><span class=\"value\">-20\u00a0\u00b0C<\/span><\/li>\n<li class=\"attribute\"><span class=\"label\">Mat\u00e9riau\u00a0: <\/span><span class=\"value\">fonte<\/span><\/li>\n<li class=\"attribute\"><span class=\"label\">Rev\u00eatement int\u00e9rieur\u00a0: <\/span><span class=\"value\">\u00e9mail<\/span><\/li>\n<li class=\"attribute\"><span class=\"label\">Couvercle existant\u00a0: <\/span><span class=\"value\">oui<\/span><\/li>\n<li class=\"attribute\"><span class=\"label\">Induction\u00a0: <\/span><span class=\"value\">Oui<\/span><\/li>\n<li class=\"attribute\"><span class=\"label\">Compatible avec le four\u00a0: <\/span><span class=\"value\">Oui<\/span><\/li>\n<li class=\"attribute\"><span class=\"label\">Compatible avec le cong\u00e9lateur\u00a0: <\/span><span class=\"value\">Oui<\/span><\/li>\n<li class=\"attribute\"><span class=\"label\">Compatible avec la plaque de cuisson\u00a0: <\/span><span class=\"value\">Oui<\/span><\/li>\n<li class=\"attribute\"><span class=\"label\">Compatible avec le lave-vaisselle\u00a0: <\/span><span class=\"value\">Oui<\/span><\/li>\n<\/ul>\n<p><strong>Dimensions<\/strong><\/p>\n<ul>\n<li class=\"attribute\"><span class=\"label\">Poids net\u00a0: <\/span><span class=\"value\">3,50 kg<\/span><\/li>\n<li class=\"attribute\"><span class=\"label\">Capacit\u00e9\u00a0: <\/span><span class=\"value\">2,20 l<\/span><\/li>\n<li class=\"attribute\"><span class=\"label\">Longueur du produit\u00a0: <\/span><span class=\"value\">26,30 cm<\/span><\/li>\n<li class=\"attribute\"><span class=\"label\">Largeur du produit\u00a0: <\/span><span class=\"value\">20,00 cm<\/span><\/li>\n<li class=\"attribute\"><span class=\"label\">Hauteur du produit\u00a0: <\/span><span class=\"value\">14,20 cm<\/span><\/li>\n<li class=\"attribute\"><span class=\"label\">Hauteur sans couvercle\u00a0: <\/span><span class=\"value\">9,50 cm<\/span><\/li>\n<li class=\"attribute\"><span class=\"label\">Diam\u00e8tre sup\u00e9rieur\u00a0: <\/span><span class=\"value\">20,00 cm<\/span><\/li>\n<li class=\"attribute\"><span class=\"label\">Diam\u00e8tre inf\u00e9rieur\u00a0: <\/span><span class=\"value\">16,10 cm<\/span><\/li>\n<\/ul>\n","protected":false},"excerpt":{"rendered":"<p>Cuisiner dans une cocotte est simple et sain. Chefs \u00e9toil\u00e9s et gourmets utilisent cette cocotte d&#8217;origine fran\u00e7aise depuis des si\u00e8cles.<\/p>\n","protected":false},"featured_media":497101,"template":"","meta":{"_acf_changed":false,"inline_featured_image":false},"product_cat":[12458,14792],"product_tag":[25086,21529,25021,12994,12461,12465,12466],"acf":[],"yoast_head":"<!-- This site is optimized with the Yoast SEO Premium plugin v18.6 (Yoast SEO v19.13) - https:\/\/yoast.com\/wordpress\/plugins\/seo\/ -->\n<title>STAUB Cocotte Ronde 20 cm Sage - Erresse Shop<\/title>\n<meta name=\"description\" content=\"Cuisiner dans une cocotte est simple et sain. Chefs \u00e9toil\u00e9s et gourmets utilisent cette cocotte d&#039;origine fran\u00e7aise depuis des si\u00e8cles. Fabriqu\u00e9e en\" \/>\n<meta name=\"robots\" content=\"index, follow, max-snippet:-1, max-image-preview:large, max-video-preview:-1\" \/>\n<link rel=\"canonical\" href=\"https:\/\/www.erresse-shop.it\/fr\/shop\/poeles-pots\/marmites-et-cocottes-poeles-pots\/staub-cocotte-ronde-20-cm-sage\/\" \/>\n<meta property=\"og:locale\" content=\"fr_FR\" \/>\n<meta property=\"og:type\" content=\"article\" \/>\n<meta property=\"og:title\" content=\"STAUB Cocotte Ronde 20 cm Sage\" \/>\n<meta property=\"og:description\" content=\"Cuisiner dans une cocotte est simple et sain. Chefs \u00e9toil\u00e9s et gourmets utilisent cette cocotte d&#039;origine fran\u00e7aise depuis des si\u00e8cles. Fabriqu\u00e9e en\" \/>\n<meta property=\"og:url\" content=\"https:\/\/www.erresse-shop.it\/fr\/shop\/poeles-pots\/marmites-et-cocottes-poeles-pots\/staub-cocotte-ronde-20-cm-sage\/\" \/>\n<meta property=\"og:site_name\" content=\"Erresse Shop\" \/>\n<meta property=\"article:modified_time\" content=\"2026-02-27T08:46:46+00:00\" \/>\n<meta property=\"og:image\" content=\"https:\/\/www.erresse-shop.it\/wp-content\/uploads\/2025\/05\/STAUB-Cocotte-Tonda-20-cm-Salvia.jpg\" \/>\n\t<meta property=\"og:image:width\" content=\"1200\" \/>\n\t<meta property=\"og:image:height\" content=\"1200\" \/>\n\t<meta property=\"og:image:type\" content=\"image\/jpeg\" \/>\n<meta name=\"twitter:card\" content=\"summary_large_image\" \/>\n<script type=\"application\/ld+json\" class=\"yoast-schema-graph\">{\"@context\":\"https:\/\/schema.org\",\"@graph\":[{\"@type\":\"WebPage\",\"@id\":\"https:\/\/www.erresse-shop.it\/fr\/shop\/poeles-pots\/marmites-et-cocottes-poeles-pots\/staub-cocotte-ronde-20-cm-sage\/\",\"url\":\"https:\/\/www.erresse-shop.it\/fr\/shop\/poeles-pots\/marmites-et-cocottes-poeles-pots\/staub-cocotte-ronde-20-cm-sage\/\",\"name\":\"STAUB Cocotte Ronde 20 cm Sage - Erresse Shop\",\"isPartOf\":{\"@id\":\"https:\/\/www.erresse-shop.it\/fr\/#website\"},\"datePublished\":\"2025-05-05T06:27:12+00:00\",\"dateModified\":\"2026-02-27T08:46:46+00:00\",\"description\":\"Cuisiner dans une cocotte est simple et sain. Chefs \u00e9toil\u00e9s et gourmets utilisent cette cocotte d'origine fran\u00e7aise depuis des si\u00e8cles. Fabriqu\u00e9e en\",\"breadcrumb\":{\"@id\":\"https:\/\/www.erresse-shop.it\/fr\/shop\/poeles-pots\/marmites-et-cocottes-poeles-pots\/staub-cocotte-ronde-20-cm-sage\/#breadcrumb\"},\"inLanguage\":\"fr-FR\",\"potentialAction\":[{\"@type\":\"ReadAction\",\"target\":[\"https:\/\/www.erresse-shop.it\/fr\/shop\/poeles-pots\/marmites-et-cocottes-poeles-pots\/staub-cocotte-ronde-20-cm-sage\/\"]}]},{\"@type\":\"BreadcrumbList\",\"@id\":\"https:\/\/www.erresse-shop.it\/fr\/shop\/poeles-pots\/marmites-et-cocottes-poeles-pots\/staub-cocotte-ronde-20-cm-sage\/#breadcrumb\",\"itemListElement\":[{\"@type\":\"ListItem\",\"position\":1,\"name\":\"Home\",\"item\":\"https:\/\/www.erresse-shop.it\/fr\/\"},{\"@type\":\"ListItem\",\"position\":2,\"name\":\"Shop\",\"item\":\"https:\/\/www.erresse-shop.it\/fr\/shop\/\"},{\"@type\":\"ListItem\",\"position\":3,\"name\":\"STAUB Cocotte Ronde 20 cm Sage\"}]},{\"@type\":\"WebSite\",\"@id\":\"https:\/\/www.erresse-shop.it\/fr\/#website\",\"url\":\"https:\/\/www.erresse-shop.it\/fr\/\",\"name\":\"Erresse Shop\",\"description\":\"Articoli di qualit\u00e0 per la casa\",\"potentialAction\":[{\"@type\":\"SearchAction\",\"target\":{\"@type\":\"EntryPoint\",\"urlTemplate\":\"https:\/\/www.erresse-shop.it\/fr\/?s={search_term_string}\"},\"query-input\":\"required name=search_term_string\"}],\"inLanguage\":\"fr-FR\"}]}<\/script>\n<!-- \/ Yoast SEO Premium plugin. -->","yoast_head_json":{"title":"STAUB Cocotte Ronde 20 cm Sage - Erresse Shop","description":"Cuisiner dans une cocotte est simple et sain. Chefs \u00e9toil\u00e9s et gourmets utilisent cette cocotte d'origine fran\u00e7aise depuis des si\u00e8cles. Fabriqu\u00e9e en","robots":{"index":"index","follow":"follow","max-snippet":"max-snippet:-1","max-image-preview":"max-image-preview:large","max-video-preview":"max-video-preview:-1"},"canonical":"https:\/\/www.erresse-shop.it\/fr\/shop\/poeles-pots\/marmites-et-cocottes-poeles-pots\/staub-cocotte-ronde-20-cm-sage\/","og_locale":"fr_FR","og_type":"article","og_title":"STAUB Cocotte Ronde 20 cm Sage","og_description":"Cuisiner dans une cocotte est simple et sain. Chefs \u00e9toil\u00e9s et gourmets utilisent cette cocotte d'origine fran\u00e7aise depuis des si\u00e8cles. Fabriqu\u00e9e en","og_url":"https:\/\/www.erresse-shop.it\/fr\/shop\/poeles-pots\/marmites-et-cocottes-poeles-pots\/staub-cocotte-ronde-20-cm-sage\/","og_site_name":"Erresse Shop","article_modified_time":"2026-02-27T08:46:46+00:00","og_image":[{"width":1200,"height":1200,"url":"https:\/\/www.erresse-shop.it\/wp-content\/uploads\/2025\/05\/STAUB-Cocotte-Tonda-20-cm-Salvia.jpg","type":"image\/jpeg"}],"twitter_card":"summary_large_image","schema":{"@context":"https:\/\/schema.org","@graph":[{"@type":"WebPage","@id":"https:\/\/www.erresse-shop.it\/fr\/shop\/poeles-pots\/marmites-et-cocottes-poeles-pots\/staub-cocotte-ronde-20-cm-sage\/","url":"https:\/\/www.erresse-shop.it\/fr\/shop\/poeles-pots\/marmites-et-cocottes-poeles-pots\/staub-cocotte-ronde-20-cm-sage\/","name":"STAUB Cocotte Ronde 20 cm Sage - Erresse Shop","isPartOf":{"@id":"https:\/\/www.erresse-shop.it\/fr\/#website"},"datePublished":"2025-05-05T06:27:12+00:00","dateModified":"2026-02-27T08:46:46+00:00","description":"Cuisiner dans une cocotte est simple et sain. Chefs \u00e9toil\u00e9s et gourmets utilisent cette cocotte d'origine fran\u00e7aise depuis des si\u00e8cles. Fabriqu\u00e9e en","breadcrumb":{"@id":"https:\/\/www.erresse-shop.it\/fr\/shop\/poeles-pots\/marmites-et-cocottes-poeles-pots\/staub-cocotte-ronde-20-cm-sage\/#breadcrumb"},"inLanguage":"fr-FR","potentialAction":[{"@type":"ReadAction","target":["https:\/\/www.erresse-shop.it\/fr\/shop\/poeles-pots\/marmites-et-cocottes-poeles-pots\/staub-cocotte-ronde-20-cm-sage\/"]}]},{"@type":"BreadcrumbList","@id":"https:\/\/www.erresse-shop.it\/fr\/shop\/poeles-pots\/marmites-et-cocottes-poeles-pots\/staub-cocotte-ronde-20-cm-sage\/#breadcrumb","itemListElement":[{"@type":"ListItem","position":1,"name":"Home","item":"https:\/\/www.erresse-shop.it\/fr\/"},{"@type":"ListItem","position":2,"name":"Shop","item":"https:\/\/www.erresse-shop.it\/fr\/shop\/"},{"@type":"ListItem","position":3,"name":"STAUB Cocotte Ronde 20 cm Sage"}]},{"@type":"WebSite","@id":"https:\/\/www.erresse-shop.it\/fr\/#website","url":"https:\/\/www.erresse-shop.it\/fr\/","name":"Erresse Shop","description":"Articoli di qualit\u00e0 per la casa","potentialAction":[{"@type":"SearchAction","target":{"@type":"EntryPoint","urlTemplate":"https:\/\/www.erresse-shop.it\/fr\/?s={search_term_string}"},"query-input":"required name=search_term_string"}],"inLanguage":"fr-FR"}]}},"df_price":114.5,"df_sale_price":114.5,"df_regular_price":229,"df_image_link":"https:\/\/www.erresse-shop.it\/wp-content\/uploads\/2025\/05\/STAUB-Cocotte-Tonda-20-cm-Salvia-300x300.jpg","_links":{"self":[{"href":"https:\/\/www.erresse-shop.it\/fr\/wp-json\/wp\/v2\/product\/497065"}],"collection":[{"href":"https:\/\/www.erresse-shop.it\/fr\/wp-json\/wp\/v2\/product"}],"about":[{"href":"https:\/\/www.erresse-shop.it\/fr\/wp-json\/wp\/v2\/types\/product"}],"wp:featuredmedia":[{"embeddable":true,"href":"https:\/\/www.erresse-shop.it\/fr\/wp-json\/wp\/v2\/media\/497101"}],"wp:attachment":[{"href":"https:\/\/www.erresse-shop.it\/fr\/wp-json\/wp\/v2\/media?parent=497065"}],"wp:term":[{"taxonomy":"product_cat","embeddable":true,"href":"https:\/\/www.erresse-shop.it\/fr\/wp-json\/wp\/v2\/product_cat?post=497065"},{"taxonomy":"product_tag","embeddable":true,"href":"https:\/\/www.erresse-shop.it\/fr\/wp-json\/wp\/v2\/product_tag?post=497065"}],"curies":[{"name":"wp","href":"https:\/\/api.w.org\/{rel}","templated":true}]}}