{"id":496963,"date":"2025-05-02T16:32:36","date_gmt":"2025-05-02T16:32:40","guid":{"rendered":"https:\/\/www.erresse-shop.it\/?post_type=product&#038;p=496963"},"modified":"2026-02-09T11:56:10","modified_gmt":"2026-02-09T11:56:10","slug":"villeroy-boch-artesano-ensemble-de-2-verres-a-cappuccino-250-ml-sans-poignee","status":"publish","type":"product","link":"https:\/\/www.erresse-shop.it\/fr\/shop\/table-fr-2\/verres\/villeroy-boch-artesano-ensemble-de-2-verres-a-cappuccino-250-ml-sans-poignee\/","title":{"rendered":"VILLEROY &#038; BOCH Artesano Ensemble de 2 verres \u00e0 cappuccino 250 ml Sans poign\u00e9e"},"content":{"rendered":"<h3 class=\"chakra-heading css-1djizvy\">Artesano Verre \u00e0 cappuccino<\/h3>\n<p><strong>Mat\u00e9riau\u00a0: <\/strong>Verre borosilicate<strong><br \/>\n<strong>Lave-vaisselle\u00a0: <\/strong><\/strong>oui<strong><strong><br \/>\n<strong>Micro-ondes\u00a0: <\/strong><\/strong><\/strong>oui<\/p>\n<div>\n<p><strong>Diam\u00e8tre\u00a0: <\/strong>110\u00a0mm<strong><br \/>\n<strong>Hauteur\u00a0: <\/strong><\/strong>95\u00a0mm<strong><strong><br \/>\n<strong>Volume\u00a0: <\/strong><\/strong><\/strong>250\u00a0ml<\/p>\n<\/div>\n","protected":false},"excerpt":{"rendered":"<p>Artesano Verre \u00e0 cappuccino Mat\u00e9riau\u00a0: Verre borosilicate Lave-vaisselle\u00a0: oui Micro-ondes\u00a0: oui Diam\u00e8tre\u00a0: 110\u00a0mm Hauteur\u00a0: 95\u00a0mm Volume\u00a0: 250\u00a0ml<\/p>\n","protected":false},"featured_media":496974,"template":"","meta":{"_acf_changed":false,"inline_featured_image":false},"product_cat":[12782,12784],"product_tag":[25026,23910,25021,14276,15712,12826,23645],"acf":[],"yoast_head":"<!-- This site is optimized with the Yoast SEO Premium plugin v18.6 (Yoast SEO v19.13) - https:\/\/yoast.com\/wordpress\/plugins\/seo\/ -->\n<title>VILLEROY &amp; BOCH Artesano Ensemble de 2 verres \u00e0 cappuccino 250 ml Sans poign\u00e9e - Erresse Shop<\/title>\n<meta name=\"description\" content=\"Artesano Verre \u00e0 cappuccino Mat\u00e9riau\u00a0: Verre borosilicate Lave-vaisselle\u00a0: oui Micro-ondes\u00a0: oui   Diam\u00e8tre\u00a0: 110\u00a0mm Hauteur\u00a0: 95\u00a0mm Volume\u00a0: 250\u00a0ml\" \/>\n<meta name=\"robots\" content=\"index, follow, max-snippet:-1, max-image-preview:large, max-video-preview:-1\" \/>\n<link rel=\"canonical\" href=\"https:\/\/www.erresse-shop.it\/fr\/shop\/table-fr-2\/verres\/villeroy-boch-artesano-ensemble-de-2-verres-a-cappuccino-250-ml-sans-poignee\/\" \/>\n<meta property=\"og:locale\" content=\"fr_FR\" \/>\n<meta property=\"og:type\" content=\"article\" \/>\n<meta property=\"og:title\" content=\"VILLEROY &amp; BOCH Artesano Ensemble de 2 verres \u00e0 cappuccino 250 ml Sans poign\u00e9e\" \/>\n<meta property=\"og:description\" content=\"Artesano Verre \u00e0 cappuccino Mat\u00e9riau\u00a0: Verre borosilicate Lave-vaisselle\u00a0: oui Micro-ondes\u00a0: oui   Diam\u00e8tre\u00a0: 110\u00a0mm Hauteur\u00a0: 95\u00a0mm Volume\u00a0: 250\u00a0ml\" \/>\n<meta property=\"og:url\" content=\"https:\/\/www.erresse-shop.it\/fr\/shop\/table-fr-2\/verres\/villeroy-boch-artesano-ensemble-de-2-verres-a-cappuccino-250-ml-sans-poignee\/\" \/>\n<meta property=\"og:site_name\" content=\"Erresse Shop\" \/>\n<meta property=\"article:modified_time\" content=\"2026-02-09T11:56:10+00:00\" \/>\n<meta property=\"og:image\" content=\"https:\/\/www.erresse-shop.it\/wp-content\/uploads\/2025\/05\/VILLEROY-BOCH-Artesano-Set-2-Bicchieri-da-Cappuccino-250-ml-Senza-Manico.jpg\" \/>\n\t<meta property=\"og:image:width\" content=\"1200\" \/>\n\t<meta property=\"og:image:height\" content=\"1200\" \/>\n\t<meta property=\"og:image:type\" content=\"image\/jpeg\" \/>\n<meta name=\"twitter:card\" content=\"summary_large_image\" \/>\n<script type=\"application\/ld+json\" class=\"yoast-schema-graph\">{\"@context\":\"https:\/\/schema.org\",\"@graph\":[{\"@type\":\"WebPage\",\"@id\":\"https:\/\/www.erresse-shop.it\/fr\/shop\/table-fr-2\/verres\/villeroy-boch-artesano-ensemble-de-2-verres-a-cappuccino-250-ml-sans-poignee\/\",\"url\":\"https:\/\/www.erresse-shop.it\/fr\/shop\/table-fr-2\/verres\/villeroy-boch-artesano-ensemble-de-2-verres-a-cappuccino-250-ml-sans-poignee\/\",\"name\":\"VILLEROY & BOCH Artesano Ensemble de 2 verres \u00e0 cappuccino 250 ml Sans poign\u00e9e - Erresse Shop\",\"isPartOf\":{\"@id\":\"https:\/\/www.erresse-shop.it\/fr\/#website\"},\"datePublished\":\"2025-05-02T16:32:40+00:00\",\"dateModified\":\"2026-02-09T11:56:10+00:00\",\"description\":\"Artesano Verre \u00e0 cappuccino Mat\u00e9riau\u00a0: Verre borosilicate Lave-vaisselle\u00a0: oui Micro-ondes\u00a0: oui Diam\u00e8tre\u00a0: 110\u00a0mm Hauteur\u00a0: 95\u00a0mm Volume\u00a0: 250\u00a0ml\",\"breadcrumb\":{\"@id\":\"https:\/\/www.erresse-shop.it\/fr\/shop\/table-fr-2\/verres\/villeroy-boch-artesano-ensemble-de-2-verres-a-cappuccino-250-ml-sans-poignee\/#breadcrumb\"},\"inLanguage\":\"fr-FR\",\"potentialAction\":[{\"@type\":\"ReadAction\",\"target\":[\"https:\/\/www.erresse-shop.it\/fr\/shop\/table-fr-2\/verres\/villeroy-boch-artesano-ensemble-de-2-verres-a-cappuccino-250-ml-sans-poignee\/\"]}]},{\"@type\":\"BreadcrumbList\",\"@id\":\"https:\/\/www.erresse-shop.it\/fr\/shop\/table-fr-2\/verres\/villeroy-boch-artesano-ensemble-de-2-verres-a-cappuccino-250-ml-sans-poignee\/#breadcrumb\",\"itemListElement\":[{\"@type\":\"ListItem\",\"position\":1,\"name\":\"Home\",\"item\":\"https:\/\/www.erresse-shop.it\/fr\/\"},{\"@type\":\"ListItem\",\"position\":2,\"name\":\"Shop\",\"item\":\"https:\/\/www.erresse-shop.it\/fr\/shop\/\"},{\"@type\":\"ListItem\",\"position\":3,\"name\":\"VILLEROY &#038; BOCH Artesano Ensemble de 2 verres \u00e0 cappuccino 250 ml Sans poign\u00e9e\"}]},{\"@type\":\"WebSite\",\"@id\":\"https:\/\/www.erresse-shop.it\/fr\/#website\",\"url\":\"https:\/\/www.erresse-shop.it\/fr\/\",\"name\":\"Erresse Shop\",\"description\":\"Articoli di qualit\u00e0 per la casa\",\"potentialAction\":[{\"@type\":\"SearchAction\",\"target\":{\"@type\":\"EntryPoint\",\"urlTemplate\":\"https:\/\/www.erresse-shop.it\/fr\/?s={search_term_string}\"},\"query-input\":\"required name=search_term_string\"}],\"inLanguage\":\"fr-FR\"}]}<\/script>\n<!-- \/ Yoast SEO Premium plugin. -->","yoast_head_json":{"title":"VILLEROY & BOCH Artesano Ensemble de 2 verres \u00e0 cappuccino 250 ml Sans poign\u00e9e - Erresse Shop","description":"Artesano Verre \u00e0 cappuccino Mat\u00e9riau\u00a0: Verre borosilicate Lave-vaisselle\u00a0: oui Micro-ondes\u00a0: oui   Diam\u00e8tre\u00a0: 110\u00a0mm Hauteur\u00a0: 95\u00a0mm Volume\u00a0: 250\u00a0ml","robots":{"index":"index","follow":"follow","max-snippet":"max-snippet:-1","max-image-preview":"max-image-preview:large","max-video-preview":"max-video-preview:-1"},"canonical":"https:\/\/www.erresse-shop.it\/fr\/shop\/table-fr-2\/verres\/villeroy-boch-artesano-ensemble-de-2-verres-a-cappuccino-250-ml-sans-poignee\/","og_locale":"fr_FR","og_type":"article","og_title":"VILLEROY & BOCH Artesano Ensemble de 2 verres \u00e0 cappuccino 250 ml Sans poign\u00e9e","og_description":"Artesano Verre \u00e0 cappuccino Mat\u00e9riau\u00a0: Verre borosilicate Lave-vaisselle\u00a0: oui Micro-ondes\u00a0: oui   Diam\u00e8tre\u00a0: 110\u00a0mm Hauteur\u00a0: 95\u00a0mm Volume\u00a0: 250\u00a0ml","og_url":"https:\/\/www.erresse-shop.it\/fr\/shop\/table-fr-2\/verres\/villeroy-boch-artesano-ensemble-de-2-verres-a-cappuccino-250-ml-sans-poignee\/","og_site_name":"Erresse Shop","article_modified_time":"2026-02-09T11:56:10+00:00","og_image":[{"width":1200,"height":1200,"url":"https:\/\/www.erresse-shop.it\/wp-content\/uploads\/2025\/05\/VILLEROY-BOCH-Artesano-Set-2-Bicchieri-da-Cappuccino-250-ml-Senza-Manico.jpg","type":"image\/jpeg"}],"twitter_card":"summary_large_image","schema":{"@context":"https:\/\/schema.org","@graph":[{"@type":"WebPage","@id":"https:\/\/www.erresse-shop.it\/fr\/shop\/table-fr-2\/verres\/villeroy-boch-artesano-ensemble-de-2-verres-a-cappuccino-250-ml-sans-poignee\/","url":"https:\/\/www.erresse-shop.it\/fr\/shop\/table-fr-2\/verres\/villeroy-boch-artesano-ensemble-de-2-verres-a-cappuccino-250-ml-sans-poignee\/","name":"VILLEROY & BOCH Artesano Ensemble de 2 verres \u00e0 cappuccino 250 ml Sans poign\u00e9e - Erresse Shop","isPartOf":{"@id":"https:\/\/www.erresse-shop.it\/fr\/#website"},"datePublished":"2025-05-02T16:32:40+00:00","dateModified":"2026-02-09T11:56:10+00:00","description":"Artesano Verre \u00e0 cappuccino Mat\u00e9riau\u00a0: Verre borosilicate Lave-vaisselle\u00a0: oui Micro-ondes\u00a0: oui Diam\u00e8tre\u00a0: 110\u00a0mm Hauteur\u00a0: 95\u00a0mm Volume\u00a0: 250\u00a0ml","breadcrumb":{"@id":"https:\/\/www.erresse-shop.it\/fr\/shop\/table-fr-2\/verres\/villeroy-boch-artesano-ensemble-de-2-verres-a-cappuccino-250-ml-sans-poignee\/#breadcrumb"},"inLanguage":"fr-FR","potentialAction":[{"@type":"ReadAction","target":["https:\/\/www.erresse-shop.it\/fr\/shop\/table-fr-2\/verres\/villeroy-boch-artesano-ensemble-de-2-verres-a-cappuccino-250-ml-sans-poignee\/"]}]},{"@type":"BreadcrumbList","@id":"https:\/\/www.erresse-shop.it\/fr\/shop\/table-fr-2\/verres\/villeroy-boch-artesano-ensemble-de-2-verres-a-cappuccino-250-ml-sans-poignee\/#breadcrumb","itemListElement":[{"@type":"ListItem","position":1,"name":"Home","item":"https:\/\/www.erresse-shop.it\/fr\/"},{"@type":"ListItem","position":2,"name":"Shop","item":"https:\/\/www.erresse-shop.it\/fr\/shop\/"},{"@type":"ListItem","position":3,"name":"VILLEROY &#038; BOCH Artesano Ensemble de 2 verres \u00e0 cappuccino 250 ml Sans poign\u00e9e"}]},{"@type":"WebSite","@id":"https:\/\/www.erresse-shop.it\/fr\/#website","url":"https:\/\/www.erresse-shop.it\/fr\/","name":"Erresse Shop","description":"Articoli di qualit\u00e0 per la casa","potentialAction":[{"@type":"SearchAction","target":{"@type":"EntryPoint","urlTemplate":"https:\/\/www.erresse-shop.it\/fr\/?s={search_term_string}"},"query-input":"required name=search_term_string"}],"inLanguage":"fr-FR"}]}},"df_price":19.95,"df_sale_price":19.95,"df_regular_price":39.9,"df_image_link":"https:\/\/www.erresse-shop.it\/wp-content\/uploads\/2025\/05\/VILLEROY-BOCH-Artesano-Set-2-Bicchieri-da-Cappuccino-250-ml-Senza-Manico-300x300.jpg","_links":{"self":[{"href":"https:\/\/www.erresse-shop.it\/fr\/wp-json\/wp\/v2\/product\/496963"}],"collection":[{"href":"https:\/\/www.erresse-shop.it\/fr\/wp-json\/wp\/v2\/product"}],"about":[{"href":"https:\/\/www.erresse-shop.it\/fr\/wp-json\/wp\/v2\/types\/product"}],"wp:featuredmedia":[{"embeddable":true,"href":"https:\/\/www.erresse-shop.it\/fr\/wp-json\/wp\/v2\/media\/496974"}],"wp:attachment":[{"href":"https:\/\/www.erresse-shop.it\/fr\/wp-json\/wp\/v2\/media?parent=496963"}],"wp:term":[{"taxonomy":"product_cat","embeddable":true,"href":"https:\/\/www.erresse-shop.it\/fr\/wp-json\/wp\/v2\/product_cat?post=496963"},{"taxonomy":"product_tag","embeddable":true,"href":"https:\/\/www.erresse-shop.it\/fr\/wp-json\/wp\/v2\/product_tag?post=496963"}],"curies":[{"name":"wp","href":"https:\/\/api.w.org\/{rel}","templated":true}]}}