{"id":496792,"date":"2025-05-02T12:16:07","date_gmt":"2025-05-02T12:16:10","guid":{"rendered":"https:\/\/www.erresse-shop.it\/?post_type=product&#038;p=496792"},"modified":"2026-02-10T07:16:24","modified_gmt":"2026-02-10T07:16:24","slug":"villeroy-boch-artesano-theiere-1-l","status":"publish","type":"product","link":"https:\/\/www.erresse-shop.it\/fr\/shop\/table-fr-2\/tasses\/theieres-sucriers-pots-a-lait\/villeroy-boch-artesano-theiere-1-l\/","title":{"rendered":"VILLEROY &#038; BOCH Artesano Th\u00e9i\u00e8re 1 L"},"content":{"rendered":"<p class=\"chakra-heading css-1djizvy\"><strong><span style=\"font-size: 14pt;\">Artesano Th\u00e9i\u00e8re<\/span><\/strong><\/p>\n<div class=\"css-1ljfi2m\">\n<div class=\"editor-text css-14bs28v\">\n<div class=\"editor-text css-14bs28v\">\n<ul>\n<li>Avec sa capacit\u00e9 de 1000 ml, cette th\u00e9i\u00e8re est id\u00e9ale pour d\u00e9guster un th\u00e9.<\/li>\n<li>Polyvalente\u00a0: elle cr\u00e9e une ambiance chaleureuse sur la table pour un brunch.<\/li>\n<li>Qualit\u00e9 sup\u00e9rieure\u00a0: cette th\u00e9i\u00e8re en verre borosilicat\u00e9 est facile d&#8217;entretien et durable.<\/li>\n<li>Facilit\u00e9 d&#8217;utilisation\u00a0: elle passe au lave-vaisselle.<\/li>\n<\/ul>\n<\/div>\n<div class=\"css-48lupg\">\n<div class=\"css-1rymss\"><strong>Avertissements<\/strong><\/div>\n<div class=\"editor-text css-1art13b\">\n<ul>\n<li>Soyez prudent lors de la manipulation de boissons chaudes\u00a0!<\/li>\n<li>Attention\u00a0: le couvercle peut devenir chaud\u00a0!<\/li>\n<li>Apr\u00e8s l&#8217;infusion, retirez toujours le couvercle \u00e0 l&#8217;aide de la poign\u00e9e de la passoire \u00e0 th\u00e9.<\/li>\n<li>Rincez bri\u00e8vement le couvercle \u00e0 l&#8217;eau froide avant de le remettre en place.<\/li>\n<li>Transportez la th\u00e9i\u00e8re remplie horizontalement.<\/li>\n<\/ul>\n<\/div>\n<\/div>\n<\/div>\n<\/div>\n<p><strong>Mat\u00e9riau\u00a0:<\/strong> Verre borosilicat\u00e9<br \/>\n<strong>Lave-vaisselle\u00a0:<\/strong> oui<br \/>\n<strong>Micro-ondes\u00a0:<\/strong> non<\/p>\n<div>\n<p><strong>Diam\u00e8tre\u00a0:<\/strong> 148\u00a0mm<br \/>\n<strong>Longueur\u00a0:<\/strong> 229 mm<br \/>\n<strong>Largeur\u00a0:<\/strong> 148 mm<br \/>\n<strong>Hauteur\u00a0:<\/strong> 114 mm<br \/>\n<strong>Volume\u00a0:<\/strong> 1000 ml<br \/>\n<strong>Poids\u00a0:<\/strong> 425 g<\/p>\n<\/div>\n","protected":false},"excerpt":{"rendered":"<p>Artesano Th\u00e9i\u00e8re Avec sa capacit\u00e9 de 1000 ml, cette th\u00e9i\u00e8re est id\u00e9ale pour d\u00e9guster un th\u00e9. Polyvalente\u00a0: elle cr\u00e9e une<\/p>\n","protected":false},"featured_media":496810,"template":"","meta":{"_acf_changed":false,"inline_featured_image":false},"product_cat":[12782,12760],"product_tag":[25026,23910,13555,25021],"acf":[],"yoast_head":"<!-- This site is optimized with the Yoast SEO Premium plugin v18.6 (Yoast SEO v19.13) - https:\/\/yoast.com\/wordpress\/plugins\/seo\/ -->\n<title>VILLEROY &amp; BOCH Artesano Th\u00e9i\u00e8re 1 L - Erresse Shop<\/title>\n<meta name=\"description\" content=\"Artesano Th\u00e9i\u00e8re Avec sa capacit\u00e9 de 1000 ml, cette th\u00e9i\u00e8re est id\u00e9ale pour d\u00e9guster un th\u00e9. Polyvalente\u00a0: elle cr\u00e9e une ambiance chaleureuse sur la table\" \/>\n<meta name=\"robots\" content=\"index, follow, max-snippet:-1, max-image-preview:large, max-video-preview:-1\" \/>\n<link rel=\"canonical\" href=\"https:\/\/www.erresse-shop.it\/fr\/shop\/table-fr-2\/tasses\/theieres-sucriers-pots-a-lait\/villeroy-boch-artesano-theiere-1-l\/\" \/>\n<meta property=\"og:locale\" content=\"fr_FR\" \/>\n<meta property=\"og:type\" content=\"article\" \/>\n<meta property=\"og:title\" content=\"VILLEROY &amp; BOCH Artesano Th\u00e9i\u00e8re 1 L\" \/>\n<meta property=\"og:description\" content=\"Artesano Th\u00e9i\u00e8re Avec sa capacit\u00e9 de 1000 ml, cette th\u00e9i\u00e8re est id\u00e9ale pour d\u00e9guster un th\u00e9. Polyvalente\u00a0: elle cr\u00e9e une ambiance chaleureuse sur la table\" \/>\n<meta property=\"og:url\" content=\"https:\/\/www.erresse-shop.it\/fr\/shop\/table-fr-2\/tasses\/theieres-sucriers-pots-a-lait\/villeroy-boch-artesano-theiere-1-l\/\" \/>\n<meta property=\"og:site_name\" content=\"Erresse Shop\" \/>\n<meta property=\"article:modified_time\" content=\"2026-02-10T07:16:24+00:00\" \/>\n<meta property=\"og:image\" content=\"https:\/\/www.erresse-shop.it\/wp-content\/uploads\/2025\/05\/VILLEROY-BOCH-Teiera-1-L.jpg\" \/>\n\t<meta property=\"og:image:width\" content=\"1200\" \/>\n\t<meta property=\"og:image:height\" content=\"1200\" \/>\n\t<meta property=\"og:image:type\" content=\"image\/jpeg\" \/>\n<meta name=\"twitter:card\" content=\"summary_large_image\" \/>\n<script type=\"application\/ld+json\" class=\"yoast-schema-graph\">{\"@context\":\"https:\/\/schema.org\",\"@graph\":[{\"@type\":\"WebPage\",\"@id\":\"https:\/\/www.erresse-shop.it\/fr\/shop\/table-fr-2\/tasses\/theieres-sucriers-pots-a-lait\/villeroy-boch-artesano-theiere-1-l\/\",\"url\":\"https:\/\/www.erresse-shop.it\/fr\/shop\/table-fr-2\/tasses\/theieres-sucriers-pots-a-lait\/villeroy-boch-artesano-theiere-1-l\/\",\"name\":\"VILLEROY & BOCH Artesano Th\u00e9i\u00e8re 1 L - Erresse Shop\",\"isPartOf\":{\"@id\":\"https:\/\/www.erresse-shop.it\/fr\/#website\"},\"datePublished\":\"2025-05-02T12:16:10+00:00\",\"dateModified\":\"2026-02-10T07:16:24+00:00\",\"description\":\"Artesano Th\u00e9i\u00e8re Avec sa capacit\u00e9 de 1000 ml, cette th\u00e9i\u00e8re est id\u00e9ale pour d\u00e9guster un th\u00e9. Polyvalente\u00a0: elle cr\u00e9e une ambiance chaleureuse sur la table\",\"breadcrumb\":{\"@id\":\"https:\/\/www.erresse-shop.it\/fr\/shop\/table-fr-2\/tasses\/theieres-sucriers-pots-a-lait\/villeroy-boch-artesano-theiere-1-l\/#breadcrumb\"},\"inLanguage\":\"fr-FR\",\"potentialAction\":[{\"@type\":\"ReadAction\",\"target\":[\"https:\/\/www.erresse-shop.it\/fr\/shop\/table-fr-2\/tasses\/theieres-sucriers-pots-a-lait\/villeroy-boch-artesano-theiere-1-l\/\"]}]},{\"@type\":\"BreadcrumbList\",\"@id\":\"https:\/\/www.erresse-shop.it\/fr\/shop\/table-fr-2\/tasses\/theieres-sucriers-pots-a-lait\/villeroy-boch-artesano-theiere-1-l\/#breadcrumb\",\"itemListElement\":[{\"@type\":\"ListItem\",\"position\":1,\"name\":\"Home\",\"item\":\"https:\/\/www.erresse-shop.it\/fr\/\"},{\"@type\":\"ListItem\",\"position\":2,\"name\":\"Shop\",\"item\":\"https:\/\/www.erresse-shop.it\/fr\/shop\/\"},{\"@type\":\"ListItem\",\"position\":3,\"name\":\"VILLEROY &#038; BOCH Artesano Th\u00e9i\u00e8re 1 L\"}]},{\"@type\":\"WebSite\",\"@id\":\"https:\/\/www.erresse-shop.it\/fr\/#website\",\"url\":\"https:\/\/www.erresse-shop.it\/fr\/\",\"name\":\"Erresse Shop\",\"description\":\"Articoli di qualit\u00e0 per la casa\",\"potentialAction\":[{\"@type\":\"SearchAction\",\"target\":{\"@type\":\"EntryPoint\",\"urlTemplate\":\"https:\/\/www.erresse-shop.it\/fr\/?s={search_term_string}\"},\"query-input\":\"required name=search_term_string\"}],\"inLanguage\":\"fr-FR\"}]}<\/script>\n<!-- \/ Yoast SEO Premium plugin. -->","yoast_head_json":{"title":"VILLEROY & BOCH Artesano Th\u00e9i\u00e8re 1 L - Erresse Shop","description":"Artesano Th\u00e9i\u00e8re Avec sa capacit\u00e9 de 1000 ml, cette th\u00e9i\u00e8re est id\u00e9ale pour d\u00e9guster un th\u00e9. Polyvalente\u00a0: elle cr\u00e9e une ambiance chaleureuse sur la table","robots":{"index":"index","follow":"follow","max-snippet":"max-snippet:-1","max-image-preview":"max-image-preview:large","max-video-preview":"max-video-preview:-1"},"canonical":"https:\/\/www.erresse-shop.it\/fr\/shop\/table-fr-2\/tasses\/theieres-sucriers-pots-a-lait\/villeroy-boch-artesano-theiere-1-l\/","og_locale":"fr_FR","og_type":"article","og_title":"VILLEROY & BOCH Artesano Th\u00e9i\u00e8re 1 L","og_description":"Artesano Th\u00e9i\u00e8re Avec sa capacit\u00e9 de 1000 ml, cette th\u00e9i\u00e8re est id\u00e9ale pour d\u00e9guster un th\u00e9. Polyvalente\u00a0: elle cr\u00e9e une ambiance chaleureuse sur la table","og_url":"https:\/\/www.erresse-shop.it\/fr\/shop\/table-fr-2\/tasses\/theieres-sucriers-pots-a-lait\/villeroy-boch-artesano-theiere-1-l\/","og_site_name":"Erresse Shop","article_modified_time":"2026-02-10T07:16:24+00:00","og_image":[{"width":1200,"height":1200,"url":"https:\/\/www.erresse-shop.it\/wp-content\/uploads\/2025\/05\/VILLEROY-BOCH-Teiera-1-L.jpg","type":"image\/jpeg"}],"twitter_card":"summary_large_image","schema":{"@context":"https:\/\/schema.org","@graph":[{"@type":"WebPage","@id":"https:\/\/www.erresse-shop.it\/fr\/shop\/table-fr-2\/tasses\/theieres-sucriers-pots-a-lait\/villeroy-boch-artesano-theiere-1-l\/","url":"https:\/\/www.erresse-shop.it\/fr\/shop\/table-fr-2\/tasses\/theieres-sucriers-pots-a-lait\/villeroy-boch-artesano-theiere-1-l\/","name":"VILLEROY & BOCH Artesano Th\u00e9i\u00e8re 1 L - Erresse Shop","isPartOf":{"@id":"https:\/\/www.erresse-shop.it\/fr\/#website"},"datePublished":"2025-05-02T12:16:10+00:00","dateModified":"2026-02-10T07:16:24+00:00","description":"Artesano Th\u00e9i\u00e8re Avec sa capacit\u00e9 de 1000 ml, cette th\u00e9i\u00e8re est id\u00e9ale pour d\u00e9guster un th\u00e9. Polyvalente\u00a0: elle cr\u00e9e une ambiance chaleureuse sur la table","breadcrumb":{"@id":"https:\/\/www.erresse-shop.it\/fr\/shop\/table-fr-2\/tasses\/theieres-sucriers-pots-a-lait\/villeroy-boch-artesano-theiere-1-l\/#breadcrumb"},"inLanguage":"fr-FR","potentialAction":[{"@type":"ReadAction","target":["https:\/\/www.erresse-shop.it\/fr\/shop\/table-fr-2\/tasses\/theieres-sucriers-pots-a-lait\/villeroy-boch-artesano-theiere-1-l\/"]}]},{"@type":"BreadcrumbList","@id":"https:\/\/www.erresse-shop.it\/fr\/shop\/table-fr-2\/tasses\/theieres-sucriers-pots-a-lait\/villeroy-boch-artesano-theiere-1-l\/#breadcrumb","itemListElement":[{"@type":"ListItem","position":1,"name":"Home","item":"https:\/\/www.erresse-shop.it\/fr\/"},{"@type":"ListItem","position":2,"name":"Shop","item":"https:\/\/www.erresse-shop.it\/fr\/shop\/"},{"@type":"ListItem","position":3,"name":"VILLEROY &#038; BOCH Artesano Th\u00e9i\u00e8re 1 L"}]},{"@type":"WebSite","@id":"https:\/\/www.erresse-shop.it\/fr\/#website","url":"https:\/\/www.erresse-shop.it\/fr\/","name":"Erresse Shop","description":"Articoli di qualit\u00e0 per la casa","potentialAction":[{"@type":"SearchAction","target":{"@type":"EntryPoint","urlTemplate":"https:\/\/www.erresse-shop.it\/fr\/?s={search_term_string}"},"query-input":"required name=search_term_string"}],"inLanguage":"fr-FR"}]}},"df_price":44.95,"df_sale_price":44.95,"df_regular_price":89.9,"df_image_link":"https:\/\/www.erresse-shop.it\/wp-content\/uploads\/2025\/05\/VILLEROY-BOCH-Teiera-1-L-300x300.jpg","_links":{"self":[{"href":"https:\/\/www.erresse-shop.it\/fr\/wp-json\/wp\/v2\/product\/496792"}],"collection":[{"href":"https:\/\/www.erresse-shop.it\/fr\/wp-json\/wp\/v2\/product"}],"about":[{"href":"https:\/\/www.erresse-shop.it\/fr\/wp-json\/wp\/v2\/types\/product"}],"wp:featuredmedia":[{"embeddable":true,"href":"https:\/\/www.erresse-shop.it\/fr\/wp-json\/wp\/v2\/media\/496810"}],"wp:attachment":[{"href":"https:\/\/www.erresse-shop.it\/fr\/wp-json\/wp\/v2\/media?parent=496792"}],"wp:term":[{"taxonomy":"product_cat","embeddable":true,"href":"https:\/\/www.erresse-shop.it\/fr\/wp-json\/wp\/v2\/product_cat?post=496792"},{"taxonomy":"product_tag","embeddable":true,"href":"https:\/\/www.erresse-shop.it\/fr\/wp-json\/wp\/v2\/product_tag?post=496792"}],"curies":[{"name":"wp","href":"https:\/\/api.w.org\/{rel}","templated":true}]}}