{"id":496729,"date":"2025-05-02T10:16:31","date_gmt":"2025-05-02T10:16:38","guid":{"rendered":"https:\/\/www.erresse-shop.it\/?post_type=product&#038;p=496729"},"modified":"2026-02-10T07:32:17","modified_gmt":"2026-02-10T07:32:17","slug":"villeroy-boch-boston-ensemble-de-4-verres-a-vin-rouge-200-ml-lilas","status":"publish","type":"product","link":"https:\/\/www.erresse-shop.it\/fr\/shop\/table-fr-2\/vin\/villeroy-boch-boston-ensemble-de-4-verres-a-vin-rouge-200-ml-lilas\/","title":{"rendered":"VILLEROY &#038; BOCH Boston Ensemble de 4 verres \u00e0 vin rouge 200 ml Lilas"},"content":{"rendered":"<p class=\"chakra-heading css-1djizvy\"><strong><span style=\"font-size: 14pt;\">Verre \u00e0 vin rouge Boston<br \/>\n<\/span><\/strong><\/p>\n<ul>\n<li>Ce verre d&#8217;une contenance de 200 ml est id\u00e9al pour sublimer les ar\u00f4mes complexes du vin rouge.<\/li>\n<li>D\u00e9coratif et pratique\u00a0: ce verre \u00e0 vin rouge sublimera votre table de f\u00eate lors d&#8217;occasions sp\u00e9ciales.<\/li>\n<li>Multifonctionnel\u00a0: il s&#8217;int\u00e8gre aussi bien \u00e0 un d\u00e9jeuner ou un d\u00eener quotidien qu&#8217;\u00e0 des occasions sp\u00e9ciales comme un anniversaire.<\/li>\n<li>Qualit\u00e9 sup\u00e9rieure\u00a0: ce verre \u00e0 vin rouge en cristal est tr\u00e8s r\u00e9sistant et robuste.<\/li>\n<li>Ce verre robuste \u00e0 la coupe moderne s\u00e9duit par son design \u00e9l\u00e9gant qui apporte une touche \u00e9l\u00e9gante \u00e0 votre table.<\/li>\n<li>Facile d&#8217;entretien et pratique\u00a0: ce verre \u00e0 vin rouge passe au lave-vaisselle.<\/li>\n<\/ul>\n<p><strong>Mat\u00e9riau\u00a0:<\/strong> cristal<br \/>\n<strong>Lavable au lave-vaisselle\u00a0:<\/strong> oui<br \/>\n<strong>Convient au micro-ondes\u00a0:<\/strong> non<\/p>\n<p><strong>Diam\u00e8tre\u00a0:<\/strong> 90 mm<br \/>\n<strong>Hauteur\u00a0:<\/strong> 132 mm<br \/>\n<strong>Volume\u00a0:<\/strong> 200 ml<\/p>\n","protected":false},"excerpt":{"rendered":"<p>Verre \u00e0 vin rouge Boston Ce verre d&#8217;une contenance de 200 ml est id\u00e9al pour sublimer les ar\u00f4mes complexes du<\/p>\n","protected":false},"featured_media":496746,"template":"","meta":{"_acf_changed":false,"inline_featured_image":false},"product_cat":[12782,14460,12754],"product_tag":[25026,23910,25021,23341,19392],"acf":[],"yoast_head":"<!-- This site is optimized with the Yoast SEO Premium plugin v18.6 (Yoast SEO v19.13) - https:\/\/yoast.com\/wordpress\/plugins\/seo\/ -->\n<title>VILLEROY &amp; BOCH Boston Ensemble de 4 verres \u00e0 vin rouge 200 ml Lilas - Erresse Shop<\/title>\n<meta name=\"description\" content=\"Verre \u00e0 vin rouge Boston Ce verre d&#039;une contenance de 200 ml est id\u00e9al pour sublimer les ar\u00f4mes complexes du vin rouge. D\u00e9coratif et pratique\u00a0: ce verre \u00e0\" \/>\n<meta name=\"robots\" content=\"index, follow, max-snippet:-1, max-image-preview:large, max-video-preview:-1\" \/>\n<link rel=\"canonical\" href=\"https:\/\/www.erresse-shop.it\/fr\/shop\/table-fr-2\/vin\/villeroy-boch-boston-ensemble-de-4-verres-a-vin-rouge-200-ml-lilas\/\" \/>\n<meta property=\"og:locale\" content=\"fr_FR\" \/>\n<meta property=\"og:type\" content=\"article\" \/>\n<meta property=\"og:title\" content=\"VILLEROY &amp; BOCH Boston Ensemble de 4 verres \u00e0 vin rouge 200 ml Lilas\" \/>\n<meta property=\"og:description\" content=\"Verre \u00e0 vin rouge Boston Ce verre d&#039;une contenance de 200 ml est id\u00e9al pour sublimer les ar\u00f4mes complexes du vin rouge. D\u00e9coratif et pratique\u00a0: ce verre \u00e0\" \/>\n<meta property=\"og:url\" content=\"https:\/\/www.erresse-shop.it\/fr\/shop\/table-fr-2\/vin\/villeroy-boch-boston-ensemble-de-4-verres-a-vin-rouge-200-ml-lilas\/\" \/>\n<meta property=\"og:site_name\" content=\"Erresse Shop\" \/>\n<meta property=\"article:modified_time\" content=\"2026-02-10T07:32:17+00:00\" \/>\n<meta property=\"og:image\" content=\"https:\/\/www.erresse-shop.it\/wp-content\/uploads\/2025\/05\/VILLEROY-BOCH-Boston-Set-4-Calici-Vino-Rosso-200-ml-Lilla.jpg\" \/>\n\t<meta property=\"og:image:width\" content=\"1200\" \/>\n\t<meta property=\"og:image:height\" content=\"1200\" \/>\n\t<meta property=\"og:image:type\" content=\"image\/jpeg\" \/>\n<meta name=\"twitter:card\" content=\"summary_large_image\" \/>\n<script type=\"application\/ld+json\" class=\"yoast-schema-graph\">{\"@context\":\"https:\/\/schema.org\",\"@graph\":[{\"@type\":\"WebPage\",\"@id\":\"https:\/\/www.erresse-shop.it\/fr\/shop\/table-fr-2\/vin\/villeroy-boch-boston-ensemble-de-4-verres-a-vin-rouge-200-ml-lilas\/\",\"url\":\"https:\/\/www.erresse-shop.it\/fr\/shop\/table-fr-2\/vin\/villeroy-boch-boston-ensemble-de-4-verres-a-vin-rouge-200-ml-lilas\/\",\"name\":\"VILLEROY & BOCH Boston Ensemble de 4 verres \u00e0 vin rouge 200 ml Lilas - Erresse Shop\",\"isPartOf\":{\"@id\":\"https:\/\/www.erresse-shop.it\/fr\/#website\"},\"datePublished\":\"2025-05-02T10:16:38+00:00\",\"dateModified\":\"2026-02-10T07:32:17+00:00\",\"description\":\"Verre \u00e0 vin rouge Boston Ce verre d'une contenance de 200 ml est id\u00e9al pour sublimer les ar\u00f4mes complexes du vin rouge. D\u00e9coratif et pratique\u00a0: ce verre \u00e0\",\"breadcrumb\":{\"@id\":\"https:\/\/www.erresse-shop.it\/fr\/shop\/table-fr-2\/vin\/villeroy-boch-boston-ensemble-de-4-verres-a-vin-rouge-200-ml-lilas\/#breadcrumb\"},\"inLanguage\":\"fr-FR\",\"potentialAction\":[{\"@type\":\"ReadAction\",\"target\":[\"https:\/\/www.erresse-shop.it\/fr\/shop\/table-fr-2\/vin\/villeroy-boch-boston-ensemble-de-4-verres-a-vin-rouge-200-ml-lilas\/\"]}]},{\"@type\":\"BreadcrumbList\",\"@id\":\"https:\/\/www.erresse-shop.it\/fr\/shop\/table-fr-2\/vin\/villeroy-boch-boston-ensemble-de-4-verres-a-vin-rouge-200-ml-lilas\/#breadcrumb\",\"itemListElement\":[{\"@type\":\"ListItem\",\"position\":1,\"name\":\"Home\",\"item\":\"https:\/\/www.erresse-shop.it\/fr\/\"},{\"@type\":\"ListItem\",\"position\":2,\"name\":\"Shop\",\"item\":\"https:\/\/www.erresse-shop.it\/fr\/shop\/\"},{\"@type\":\"ListItem\",\"position\":3,\"name\":\"VILLEROY &#038; BOCH Boston Ensemble de 4 verres \u00e0 vin rouge 200 ml Lilas\"}]},{\"@type\":\"WebSite\",\"@id\":\"https:\/\/www.erresse-shop.it\/fr\/#website\",\"url\":\"https:\/\/www.erresse-shop.it\/fr\/\",\"name\":\"Erresse Shop\",\"description\":\"Articoli di qualit\u00e0 per la casa\",\"potentialAction\":[{\"@type\":\"SearchAction\",\"target\":{\"@type\":\"EntryPoint\",\"urlTemplate\":\"https:\/\/www.erresse-shop.it\/fr\/?s={search_term_string}\"},\"query-input\":\"required name=search_term_string\"}],\"inLanguage\":\"fr-FR\"}]}<\/script>\n<!-- \/ Yoast SEO Premium plugin. -->","yoast_head_json":{"title":"VILLEROY & BOCH Boston Ensemble de 4 verres \u00e0 vin rouge 200 ml Lilas - Erresse Shop","description":"Verre \u00e0 vin rouge Boston Ce verre d'une contenance de 200 ml est id\u00e9al pour sublimer les ar\u00f4mes complexes du vin rouge. D\u00e9coratif et pratique\u00a0: ce verre \u00e0","robots":{"index":"index","follow":"follow","max-snippet":"max-snippet:-1","max-image-preview":"max-image-preview:large","max-video-preview":"max-video-preview:-1"},"canonical":"https:\/\/www.erresse-shop.it\/fr\/shop\/table-fr-2\/vin\/villeroy-boch-boston-ensemble-de-4-verres-a-vin-rouge-200-ml-lilas\/","og_locale":"fr_FR","og_type":"article","og_title":"VILLEROY & BOCH Boston Ensemble de 4 verres \u00e0 vin rouge 200 ml Lilas","og_description":"Verre \u00e0 vin rouge Boston Ce verre d'une contenance de 200 ml est id\u00e9al pour sublimer les ar\u00f4mes complexes du vin rouge. D\u00e9coratif et pratique\u00a0: ce verre \u00e0","og_url":"https:\/\/www.erresse-shop.it\/fr\/shop\/table-fr-2\/vin\/villeroy-boch-boston-ensemble-de-4-verres-a-vin-rouge-200-ml-lilas\/","og_site_name":"Erresse Shop","article_modified_time":"2026-02-10T07:32:17+00:00","og_image":[{"width":1200,"height":1200,"url":"https:\/\/www.erresse-shop.it\/wp-content\/uploads\/2025\/05\/VILLEROY-BOCH-Boston-Set-4-Calici-Vino-Rosso-200-ml-Lilla.jpg","type":"image\/jpeg"}],"twitter_card":"summary_large_image","schema":{"@context":"https:\/\/schema.org","@graph":[{"@type":"WebPage","@id":"https:\/\/www.erresse-shop.it\/fr\/shop\/table-fr-2\/vin\/villeroy-boch-boston-ensemble-de-4-verres-a-vin-rouge-200-ml-lilas\/","url":"https:\/\/www.erresse-shop.it\/fr\/shop\/table-fr-2\/vin\/villeroy-boch-boston-ensemble-de-4-verres-a-vin-rouge-200-ml-lilas\/","name":"VILLEROY & BOCH Boston Ensemble de 4 verres \u00e0 vin rouge 200 ml Lilas - Erresse Shop","isPartOf":{"@id":"https:\/\/www.erresse-shop.it\/fr\/#website"},"datePublished":"2025-05-02T10:16:38+00:00","dateModified":"2026-02-10T07:32:17+00:00","description":"Verre \u00e0 vin rouge Boston Ce verre d'une contenance de 200 ml est id\u00e9al pour sublimer les ar\u00f4mes complexes du vin rouge. D\u00e9coratif et pratique\u00a0: ce verre \u00e0","breadcrumb":{"@id":"https:\/\/www.erresse-shop.it\/fr\/shop\/table-fr-2\/vin\/villeroy-boch-boston-ensemble-de-4-verres-a-vin-rouge-200-ml-lilas\/#breadcrumb"},"inLanguage":"fr-FR","potentialAction":[{"@type":"ReadAction","target":["https:\/\/www.erresse-shop.it\/fr\/shop\/table-fr-2\/vin\/villeroy-boch-boston-ensemble-de-4-verres-a-vin-rouge-200-ml-lilas\/"]}]},{"@type":"BreadcrumbList","@id":"https:\/\/www.erresse-shop.it\/fr\/shop\/table-fr-2\/vin\/villeroy-boch-boston-ensemble-de-4-verres-a-vin-rouge-200-ml-lilas\/#breadcrumb","itemListElement":[{"@type":"ListItem","position":1,"name":"Home","item":"https:\/\/www.erresse-shop.it\/fr\/"},{"@type":"ListItem","position":2,"name":"Shop","item":"https:\/\/www.erresse-shop.it\/fr\/shop\/"},{"@type":"ListItem","position":3,"name":"VILLEROY &#038; BOCH Boston Ensemble de 4 verres \u00e0 vin rouge 200 ml Lilas"}]},{"@type":"WebSite","@id":"https:\/\/www.erresse-shop.it\/fr\/#website","url":"https:\/\/www.erresse-shop.it\/fr\/","name":"Erresse Shop","description":"Articoli di qualit\u00e0 per la casa","potentialAction":[{"@type":"SearchAction","target":{"@type":"EntryPoint","urlTemplate":"https:\/\/www.erresse-shop.it\/fr\/?s={search_term_string}"},"query-input":"required name=search_term_string"}],"inLanguage":"fr-FR"}]}},"df_price":35.8,"df_sale_price":35.8,"df_regular_price":71.6,"df_image_link":"https:\/\/www.erresse-shop.it\/wp-content\/uploads\/2025\/05\/VILLEROY-BOCH-Boston-Set-4-Calici-Vino-Rosso-200-ml-Lilla-300x300.jpg","_links":{"self":[{"href":"https:\/\/www.erresse-shop.it\/fr\/wp-json\/wp\/v2\/product\/496729"}],"collection":[{"href":"https:\/\/www.erresse-shop.it\/fr\/wp-json\/wp\/v2\/product"}],"about":[{"href":"https:\/\/www.erresse-shop.it\/fr\/wp-json\/wp\/v2\/types\/product"}],"wp:featuredmedia":[{"embeddable":true,"href":"https:\/\/www.erresse-shop.it\/fr\/wp-json\/wp\/v2\/media\/496746"}],"wp:attachment":[{"href":"https:\/\/www.erresse-shop.it\/fr\/wp-json\/wp\/v2\/media?parent=496729"}],"wp:term":[{"taxonomy":"product_cat","embeddable":true,"href":"https:\/\/www.erresse-shop.it\/fr\/wp-json\/wp\/v2\/product_cat?post=496729"},{"taxonomy":"product_tag","embeddable":true,"href":"https:\/\/www.erresse-shop.it\/fr\/wp-json\/wp\/v2\/product_tag?post=496729"}],"curies":[{"name":"wp","href":"https:\/\/api.w.org\/{rel}","templated":true}]}}