{"id":496701,"date":"2025-05-02T09:59:02","date_gmt":"2025-05-02T09:59:06","guid":{"rendered":"https:\/\/www.erresse-shop.it\/?post_type=product&#038;p=496701"},"modified":"2026-02-27T08:52:30","modified_gmt":"2026-02-27T08:52:30","slug":"villeroy-boch-lave-ensemble-de-6-assiettes-creuses-22-cm-vert","status":"publish","type":"product","link":"https:\/\/www.erresse-shop.it\/fr\/shop\/table-fr-2\/plats\/villeroy-boch-lave-ensemble-de-6-assiettes-creuses-22-cm-vert\/","title":{"rendered":"VILLEROY &#038; BOCH Lave Ensemble de 6 assiettes creuses 22 cm Vert"},"content":{"rendered":"<p class=\"p1\"><strong>Ensemble d&#8217;assiettes creuses<\/strong><\/p>\n<ul>\n<li>Avec ses dimensions de 22 cm x 21 cm, ce bol est id\u00e9al pour servir des p\u00e2tes.<\/li>\n<li>Jeu de couleurs harmonieux\u00a0: l\u2019\u00e9mail r\u00e9actif cr\u00e9e des nuances de couleurs d\u00e9licates et organiques qui rendent chaque pi\u00e8ce unique.<\/li>\n<li>Parfait pour les associations\u00a0: les tons terreux naturels de la collection Lave cr\u00e9ent des compositions harmonieuses et \u00e9l\u00e9gantes.<\/li>\n<\/ul>\n<p><strong>Mat\u00e9riau\u00a0:<\/strong> Terre cuite<br \/>\n<strong>Lave-vaisselle\u00a0:<\/strong> oui<br \/>\n<strong>Compatible micro-ondes\u00a0:<\/strong> oui<\/p>\n<p><span style=\"font-size: 14pt;\"><strong>Dimensions\u00a0:<\/strong><\/span><\/p>\n<div>\n<ul>\n<li><b>Longueur\u00a0:<\/b> 220 mm<\/li>\n<li><strong>Largeur\u00a0:<\/strong> 210 mm<\/li>\n<li><strong>Hauteur\u00a0:<\/strong> 42 mm<\/li>\n<li><strong>Volume\u00a0:<\/strong> 470 ml<\/li>\n<\/ul>\n<\/div>\n","protected":false},"excerpt":{"rendered":"<p>Ensemble d&#8217;assiettes creuses Avec ses dimensions de 22 cm x 21 cm, ce bol est id\u00e9al pour servir des p\u00e2tes.<\/p>\n","protected":false},"featured_media":496719,"template":"","meta":{"_acf_changed":false,"inline_featured_image":false},"product_cat":[12788,12782],"product_tag":[25026,13169,14288,22041,24397,21968],"acf":[],"yoast_head":"<!-- This site is optimized with the Yoast SEO Premium plugin v18.6 (Yoast SEO v19.13) - https:\/\/yoast.com\/wordpress\/plugins\/seo\/ -->\n<title>VILLEROY &amp; BOCH Lave Ensemble de 6 assiettes creuses 22 cm Vert - Erresse Shop<\/title>\n<meta name=\"description\" content=\"Ensemble d&#039;assiettes creuses Avec ses dimensions de 22 cm x 21 cm, ce bol est id\u00e9al pour servir des p\u00e2tes. Jeu de couleurs harmonieux\u00a0: l\u2019\u00e9mail r\u00e9actif\" \/>\n<meta name=\"robots\" content=\"index, follow, max-snippet:-1, max-image-preview:large, max-video-preview:-1\" \/>\n<link rel=\"canonical\" href=\"https:\/\/www.erresse-shop.it\/fr\/shop\/table-fr-2\/plats\/villeroy-boch-lave-ensemble-de-6-assiettes-creuses-22-cm-vert\/\" \/>\n<meta property=\"og:locale\" content=\"fr_FR\" \/>\n<meta property=\"og:type\" content=\"article\" \/>\n<meta property=\"og:title\" content=\"VILLEROY &amp; BOCH Lave Ensemble de 6 assiettes creuses 22 cm Vert\" \/>\n<meta property=\"og:description\" content=\"Ensemble d&#039;assiettes creuses Avec ses dimensions de 22 cm x 21 cm, ce bol est id\u00e9al pour servir des p\u00e2tes. Jeu de couleurs harmonieux\u00a0: l\u2019\u00e9mail r\u00e9actif\" \/>\n<meta property=\"og:url\" content=\"https:\/\/www.erresse-shop.it\/fr\/shop\/table-fr-2\/plats\/villeroy-boch-lave-ensemble-de-6-assiettes-creuses-22-cm-vert\/\" \/>\n<meta property=\"og:site_name\" content=\"Erresse Shop\" \/>\n<meta property=\"article:modified_time\" content=\"2026-02-27T08:52:30+00:00\" \/>\n<meta property=\"og:image\" content=\"https:\/\/www.erresse-shop.it\/wp-content\/uploads\/2025\/05\/VILLEROY-BOCH-Lave-Set-6-Piatti-Fondi-22-cm-Verde.jpg\" \/>\n\t<meta property=\"og:image:width\" content=\"1200\" \/>\n\t<meta property=\"og:image:height\" content=\"1200\" \/>\n\t<meta property=\"og:image:type\" content=\"image\/jpeg\" \/>\n<meta name=\"twitter:card\" content=\"summary_large_image\" \/>\n<script type=\"application\/ld+json\" class=\"yoast-schema-graph\">{\"@context\":\"https:\/\/schema.org\",\"@graph\":[{\"@type\":\"WebPage\",\"@id\":\"https:\/\/www.erresse-shop.it\/fr\/shop\/table-fr-2\/plats\/villeroy-boch-lave-ensemble-de-6-assiettes-creuses-22-cm-vert\/\",\"url\":\"https:\/\/www.erresse-shop.it\/fr\/shop\/table-fr-2\/plats\/villeroy-boch-lave-ensemble-de-6-assiettes-creuses-22-cm-vert\/\",\"name\":\"VILLEROY & BOCH Lave Ensemble de 6 assiettes creuses 22 cm Vert - Erresse Shop\",\"isPartOf\":{\"@id\":\"https:\/\/www.erresse-shop.it\/fr\/#website\"},\"datePublished\":\"2025-05-02T09:59:06+00:00\",\"dateModified\":\"2026-02-27T08:52:30+00:00\",\"description\":\"Ensemble d'assiettes creuses Avec ses dimensions de 22 cm x 21 cm, ce bol est id\u00e9al pour servir des p\u00e2tes. Jeu de couleurs harmonieux\u00a0: l\u2019\u00e9mail r\u00e9actif\",\"breadcrumb\":{\"@id\":\"https:\/\/www.erresse-shop.it\/fr\/shop\/table-fr-2\/plats\/villeroy-boch-lave-ensemble-de-6-assiettes-creuses-22-cm-vert\/#breadcrumb\"},\"inLanguage\":\"fr-FR\",\"potentialAction\":[{\"@type\":\"ReadAction\",\"target\":[\"https:\/\/www.erresse-shop.it\/fr\/shop\/table-fr-2\/plats\/villeroy-boch-lave-ensemble-de-6-assiettes-creuses-22-cm-vert\/\"]}]},{\"@type\":\"BreadcrumbList\",\"@id\":\"https:\/\/www.erresse-shop.it\/fr\/shop\/table-fr-2\/plats\/villeroy-boch-lave-ensemble-de-6-assiettes-creuses-22-cm-vert\/#breadcrumb\",\"itemListElement\":[{\"@type\":\"ListItem\",\"position\":1,\"name\":\"Home\",\"item\":\"https:\/\/www.erresse-shop.it\/fr\/\"},{\"@type\":\"ListItem\",\"position\":2,\"name\":\"Shop\",\"item\":\"https:\/\/www.erresse-shop.it\/fr\/shop\/\"},{\"@type\":\"ListItem\",\"position\":3,\"name\":\"VILLEROY &#038; BOCH Lave Ensemble de 6 assiettes creuses 22 cm Vert\"}]},{\"@type\":\"WebSite\",\"@id\":\"https:\/\/www.erresse-shop.it\/fr\/#website\",\"url\":\"https:\/\/www.erresse-shop.it\/fr\/\",\"name\":\"Erresse Shop\",\"description\":\"Articoli di qualit\u00e0 per la casa\",\"potentialAction\":[{\"@type\":\"SearchAction\",\"target\":{\"@type\":\"EntryPoint\",\"urlTemplate\":\"https:\/\/www.erresse-shop.it\/fr\/?s={search_term_string}\"},\"query-input\":\"required name=search_term_string\"}],\"inLanguage\":\"fr-FR\"}]}<\/script>\n<!-- \/ Yoast SEO Premium plugin. -->","yoast_head_json":{"title":"VILLEROY & BOCH Lave Ensemble de 6 assiettes creuses 22 cm Vert - Erresse Shop","description":"Ensemble d'assiettes creuses Avec ses dimensions de 22 cm x 21 cm, ce bol est id\u00e9al pour servir des p\u00e2tes. Jeu de couleurs harmonieux\u00a0: l\u2019\u00e9mail r\u00e9actif","robots":{"index":"index","follow":"follow","max-snippet":"max-snippet:-1","max-image-preview":"max-image-preview:large","max-video-preview":"max-video-preview:-1"},"canonical":"https:\/\/www.erresse-shop.it\/fr\/shop\/table-fr-2\/plats\/villeroy-boch-lave-ensemble-de-6-assiettes-creuses-22-cm-vert\/","og_locale":"fr_FR","og_type":"article","og_title":"VILLEROY & BOCH Lave Ensemble de 6 assiettes creuses 22 cm Vert","og_description":"Ensemble d'assiettes creuses Avec ses dimensions de 22 cm x 21 cm, ce bol est id\u00e9al pour servir des p\u00e2tes. Jeu de couleurs harmonieux\u00a0: l\u2019\u00e9mail r\u00e9actif","og_url":"https:\/\/www.erresse-shop.it\/fr\/shop\/table-fr-2\/plats\/villeroy-boch-lave-ensemble-de-6-assiettes-creuses-22-cm-vert\/","og_site_name":"Erresse Shop","article_modified_time":"2026-02-27T08:52:30+00:00","og_image":[{"width":1200,"height":1200,"url":"https:\/\/www.erresse-shop.it\/wp-content\/uploads\/2025\/05\/VILLEROY-BOCH-Lave-Set-6-Piatti-Fondi-22-cm-Verde.jpg","type":"image\/jpeg"}],"twitter_card":"summary_large_image","schema":{"@context":"https:\/\/schema.org","@graph":[{"@type":"WebPage","@id":"https:\/\/www.erresse-shop.it\/fr\/shop\/table-fr-2\/plats\/villeroy-boch-lave-ensemble-de-6-assiettes-creuses-22-cm-vert\/","url":"https:\/\/www.erresse-shop.it\/fr\/shop\/table-fr-2\/plats\/villeroy-boch-lave-ensemble-de-6-assiettes-creuses-22-cm-vert\/","name":"VILLEROY & BOCH Lave Ensemble de 6 assiettes creuses 22 cm Vert - Erresse Shop","isPartOf":{"@id":"https:\/\/www.erresse-shop.it\/fr\/#website"},"datePublished":"2025-05-02T09:59:06+00:00","dateModified":"2026-02-27T08:52:30+00:00","description":"Ensemble d'assiettes creuses Avec ses dimensions de 22 cm x 21 cm, ce bol est id\u00e9al pour servir des p\u00e2tes. Jeu de couleurs harmonieux\u00a0: l\u2019\u00e9mail r\u00e9actif","breadcrumb":{"@id":"https:\/\/www.erresse-shop.it\/fr\/shop\/table-fr-2\/plats\/villeroy-boch-lave-ensemble-de-6-assiettes-creuses-22-cm-vert\/#breadcrumb"},"inLanguage":"fr-FR","potentialAction":[{"@type":"ReadAction","target":["https:\/\/www.erresse-shop.it\/fr\/shop\/table-fr-2\/plats\/villeroy-boch-lave-ensemble-de-6-assiettes-creuses-22-cm-vert\/"]}]},{"@type":"BreadcrumbList","@id":"https:\/\/www.erresse-shop.it\/fr\/shop\/table-fr-2\/plats\/villeroy-boch-lave-ensemble-de-6-assiettes-creuses-22-cm-vert\/#breadcrumb","itemListElement":[{"@type":"ListItem","position":1,"name":"Home","item":"https:\/\/www.erresse-shop.it\/fr\/"},{"@type":"ListItem","position":2,"name":"Shop","item":"https:\/\/www.erresse-shop.it\/fr\/shop\/"},{"@type":"ListItem","position":3,"name":"VILLEROY &#038; BOCH Lave Ensemble de 6 assiettes creuses 22 cm Vert"}]},{"@type":"WebSite","@id":"https:\/\/www.erresse-shop.it\/fr\/#website","url":"https:\/\/www.erresse-shop.it\/fr\/","name":"Erresse Shop","description":"Articoli di qualit\u00e0 per la casa","potentialAction":[{"@type":"SearchAction","target":{"@type":"EntryPoint","urlTemplate":"https:\/\/www.erresse-shop.it\/fr\/?s={search_term_string}"},"query-input":"required name=search_term_string"}],"inLanguage":"fr-FR"}]}},"df_price":68.7,"df_sale_price":68.7,"df_regular_price":137.4,"df_image_link":"https:\/\/www.erresse-shop.it\/wp-content\/uploads\/2025\/05\/VILLEROY-BOCH-Lave-Set-6-Piatti-Fondi-22-cm-Verde-300x300.jpg","_links":{"self":[{"href":"https:\/\/www.erresse-shop.it\/fr\/wp-json\/wp\/v2\/product\/496701"}],"collection":[{"href":"https:\/\/www.erresse-shop.it\/fr\/wp-json\/wp\/v2\/product"}],"about":[{"href":"https:\/\/www.erresse-shop.it\/fr\/wp-json\/wp\/v2\/types\/product"}],"wp:featuredmedia":[{"embeddable":true,"href":"https:\/\/www.erresse-shop.it\/fr\/wp-json\/wp\/v2\/media\/496719"}],"wp:attachment":[{"href":"https:\/\/www.erresse-shop.it\/fr\/wp-json\/wp\/v2\/media?parent=496701"}],"wp:term":[{"taxonomy":"product_cat","embeddable":true,"href":"https:\/\/www.erresse-shop.it\/fr\/wp-json\/wp\/v2\/product_cat?post=496701"},{"taxonomy":"product_tag","embeddable":true,"href":"https:\/\/www.erresse-shop.it\/fr\/wp-json\/wp\/v2\/product_tag?post=496701"}],"curies":[{"name":"wp","href":"https:\/\/api.w.org\/{rel}","templated":true}]}}