{"id":496674,"date":"2025-05-02T09:41:05","date_gmt":"2025-05-02T09:41:08","guid":{"rendered":"https:\/\/www.erresse-shop.it\/?post_type=product&#038;p=496674"},"modified":"2026-02-27T08:54:40","modified_gmt":"2026-02-27T08:54:40","slug":"villeroy-boch-lave-saladier-vert","status":"publish","type":"product","link":"https:\/\/www.erresse-shop.it\/fr\/shop\/table-fr-2\/saladiers-et-soupieres\/villeroy-boch-lave-saladier-vert\/","title":{"rendered":"VILLEROY &#038; BOCH Lave Saladier Vert"},"content":{"rendered":"<h3 class=\"chakra-heading css-1djizvy\">Lave Saladier<\/h3>\n<ul>\n<li>Magnifique \u00e9l\u00e9ment d\u00e9coratif et fonctionnel\u00a0: avec ses dimensions de 25,5 x 25,4 x 10,7\u00a0cm, ce saladier est id\u00e9al pour servir des ap\u00e9ritifs ou des collations.<\/li>\n<li>Jeu de couleurs harmonieux\u00a0: l\u2019\u00e9mail r\u00e9actif cr\u00e9e des nuances de couleurs d\u00e9licates et organiques qui rendent chaque pi\u00e8ce unique.<\/li>\n<li>Naturel et individuel\u00a0: les couleurs harmonieuses de la collection Lave rendent chaque table unique.<\/li>\n<\/ul>\n<p><strong>Mat\u00e9riau\u00a0:<\/strong> Terre cuite<br \/>\n<strong>Lave-vaisselle\u00a0:<\/strong> oui<br \/>\n<strong>Adapt\u00e9 au micro-ondes\u00a0:<\/strong> oui<\/p>\n<p><span style=\"font-size: 14pt;\"><strong>Dimensions\u00a0:<\/strong><\/span><\/p>\n<div>\n<ul>\n<li><strong>Hauteur\u00a0:<\/strong>107\u00a0mm<\/li>\n<li><strong>Volume\u00a0:<\/strong>2\u00a0200 ml<\/li>\n<\/ul>\n<\/div>\n","protected":false},"excerpt":{"rendered":"<p>Lave Saladier Magnifique \u00e9l\u00e9ment d\u00e9coratif et fonctionnel\u00a0: avec ses dimensions de 25,5 x 25,4 x 10,7\u00a0cm, ce saladier est id\u00e9al<\/p>\n","protected":false},"featured_media":496691,"template":"","meta":{"_acf_changed":false,"inline_featured_image":false},"product_cat":[12787,12782],"product_tag":[25026,24397,14257,13040],"acf":[],"yoast_head":"<!-- This site is optimized with the Yoast SEO Premium plugin v18.6 (Yoast SEO v19.13) - https:\/\/yoast.com\/wordpress\/plugins\/seo\/ -->\n<title>VILLEROY &amp; BOCH Lave Saladier Vert - Erresse Shop<\/title>\n<meta name=\"description\" content=\"Lave Saladier Magnifique \u00e9l\u00e9ment d\u00e9coratif et fonctionnel\u00a0: avec ses dimensions de 25,5 x 25,4 x 10,7\u00a0cm, ce saladier est id\u00e9al pour servir des ap\u00e9ritifs\" \/>\n<meta name=\"robots\" content=\"index, follow, max-snippet:-1, max-image-preview:large, max-video-preview:-1\" \/>\n<link rel=\"canonical\" href=\"https:\/\/www.erresse-shop.it\/fr\/shop\/table-fr-2\/saladiers-et-soupieres\/villeroy-boch-lave-saladier-vert\/\" \/>\n<meta property=\"og:locale\" content=\"fr_FR\" \/>\n<meta property=\"og:type\" content=\"article\" \/>\n<meta property=\"og:title\" content=\"VILLEROY &amp; BOCH Lave Saladier Vert\" \/>\n<meta property=\"og:description\" content=\"Lave Saladier Magnifique \u00e9l\u00e9ment d\u00e9coratif et fonctionnel\u00a0: avec ses dimensions de 25,5 x 25,4 x 10,7\u00a0cm, ce saladier est id\u00e9al pour servir des ap\u00e9ritifs\" \/>\n<meta property=\"og:url\" content=\"https:\/\/www.erresse-shop.it\/fr\/shop\/table-fr-2\/saladiers-et-soupieres\/villeroy-boch-lave-saladier-vert\/\" \/>\n<meta property=\"og:site_name\" content=\"Erresse Shop\" \/>\n<meta property=\"article:modified_time\" content=\"2026-02-27T08:54:40+00:00\" \/>\n<meta property=\"og:image\" content=\"https:\/\/www.erresse-shop.it\/wp-content\/uploads\/2025\/05\/VILLEROY-BOCH-Lave-Insalatiera-Verde.jpg\" \/>\n\t<meta property=\"og:image:width\" content=\"1200\" \/>\n\t<meta property=\"og:image:height\" content=\"1200\" \/>\n\t<meta property=\"og:image:type\" content=\"image\/jpeg\" \/>\n<meta name=\"twitter:card\" content=\"summary_large_image\" \/>\n<script type=\"application\/ld+json\" class=\"yoast-schema-graph\">{\"@context\":\"https:\/\/schema.org\",\"@graph\":[{\"@type\":\"WebPage\",\"@id\":\"https:\/\/www.erresse-shop.it\/fr\/shop\/table-fr-2\/saladiers-et-soupieres\/villeroy-boch-lave-saladier-vert\/\",\"url\":\"https:\/\/www.erresse-shop.it\/fr\/shop\/table-fr-2\/saladiers-et-soupieres\/villeroy-boch-lave-saladier-vert\/\",\"name\":\"VILLEROY & BOCH Lave Saladier Vert - Erresse Shop\",\"isPartOf\":{\"@id\":\"https:\/\/www.erresse-shop.it\/fr\/#website\"},\"datePublished\":\"2025-05-02T09:41:08+00:00\",\"dateModified\":\"2026-02-27T08:54:40+00:00\",\"description\":\"Lave Saladier Magnifique \u00e9l\u00e9ment d\u00e9coratif et fonctionnel\u00a0: avec ses dimensions de 25,5 x 25,4 x 10,7\u00a0cm, ce saladier est id\u00e9al pour servir des ap\u00e9ritifs\",\"breadcrumb\":{\"@id\":\"https:\/\/www.erresse-shop.it\/fr\/shop\/table-fr-2\/saladiers-et-soupieres\/villeroy-boch-lave-saladier-vert\/#breadcrumb\"},\"inLanguage\":\"fr-FR\",\"potentialAction\":[{\"@type\":\"ReadAction\",\"target\":[\"https:\/\/www.erresse-shop.it\/fr\/shop\/table-fr-2\/saladiers-et-soupieres\/villeroy-boch-lave-saladier-vert\/\"]}]},{\"@type\":\"BreadcrumbList\",\"@id\":\"https:\/\/www.erresse-shop.it\/fr\/shop\/table-fr-2\/saladiers-et-soupieres\/villeroy-boch-lave-saladier-vert\/#breadcrumb\",\"itemListElement\":[{\"@type\":\"ListItem\",\"position\":1,\"name\":\"Home\",\"item\":\"https:\/\/www.erresse-shop.it\/fr\/\"},{\"@type\":\"ListItem\",\"position\":2,\"name\":\"Shop\",\"item\":\"https:\/\/www.erresse-shop.it\/fr\/shop\/\"},{\"@type\":\"ListItem\",\"position\":3,\"name\":\"VILLEROY &#038; BOCH Lave Saladier Vert\"}]},{\"@type\":\"WebSite\",\"@id\":\"https:\/\/www.erresse-shop.it\/fr\/#website\",\"url\":\"https:\/\/www.erresse-shop.it\/fr\/\",\"name\":\"Erresse Shop\",\"description\":\"Articoli di qualit\u00e0 per la casa\",\"potentialAction\":[{\"@type\":\"SearchAction\",\"target\":{\"@type\":\"EntryPoint\",\"urlTemplate\":\"https:\/\/www.erresse-shop.it\/fr\/?s={search_term_string}\"},\"query-input\":\"required name=search_term_string\"}],\"inLanguage\":\"fr-FR\"}]}<\/script>\n<!-- \/ Yoast SEO Premium plugin. -->","yoast_head_json":{"title":"VILLEROY & BOCH Lave Saladier Vert - Erresse Shop","description":"Lave Saladier Magnifique \u00e9l\u00e9ment d\u00e9coratif et fonctionnel\u00a0: avec ses dimensions de 25,5 x 25,4 x 10,7\u00a0cm, ce saladier est id\u00e9al pour servir des ap\u00e9ritifs","robots":{"index":"index","follow":"follow","max-snippet":"max-snippet:-1","max-image-preview":"max-image-preview:large","max-video-preview":"max-video-preview:-1"},"canonical":"https:\/\/www.erresse-shop.it\/fr\/shop\/table-fr-2\/saladiers-et-soupieres\/villeroy-boch-lave-saladier-vert\/","og_locale":"fr_FR","og_type":"article","og_title":"VILLEROY & BOCH Lave Saladier Vert","og_description":"Lave Saladier Magnifique \u00e9l\u00e9ment d\u00e9coratif et fonctionnel\u00a0: avec ses dimensions de 25,5 x 25,4 x 10,7\u00a0cm, ce saladier est id\u00e9al pour servir des ap\u00e9ritifs","og_url":"https:\/\/www.erresse-shop.it\/fr\/shop\/table-fr-2\/saladiers-et-soupieres\/villeroy-boch-lave-saladier-vert\/","og_site_name":"Erresse Shop","article_modified_time":"2026-02-27T08:54:40+00:00","og_image":[{"width":1200,"height":1200,"url":"https:\/\/www.erresse-shop.it\/wp-content\/uploads\/2025\/05\/VILLEROY-BOCH-Lave-Insalatiera-Verde.jpg","type":"image\/jpeg"}],"twitter_card":"summary_large_image","schema":{"@context":"https:\/\/schema.org","@graph":[{"@type":"WebPage","@id":"https:\/\/www.erresse-shop.it\/fr\/shop\/table-fr-2\/saladiers-et-soupieres\/villeroy-boch-lave-saladier-vert\/","url":"https:\/\/www.erresse-shop.it\/fr\/shop\/table-fr-2\/saladiers-et-soupieres\/villeroy-boch-lave-saladier-vert\/","name":"VILLEROY & BOCH Lave Saladier Vert - Erresse Shop","isPartOf":{"@id":"https:\/\/www.erresse-shop.it\/fr\/#website"},"datePublished":"2025-05-02T09:41:08+00:00","dateModified":"2026-02-27T08:54:40+00:00","description":"Lave Saladier Magnifique \u00e9l\u00e9ment d\u00e9coratif et fonctionnel\u00a0: avec ses dimensions de 25,5 x 25,4 x 10,7\u00a0cm, ce saladier est id\u00e9al pour servir des ap\u00e9ritifs","breadcrumb":{"@id":"https:\/\/www.erresse-shop.it\/fr\/shop\/table-fr-2\/saladiers-et-soupieres\/villeroy-boch-lave-saladier-vert\/#breadcrumb"},"inLanguage":"fr-FR","potentialAction":[{"@type":"ReadAction","target":["https:\/\/www.erresse-shop.it\/fr\/shop\/table-fr-2\/saladiers-et-soupieres\/villeroy-boch-lave-saladier-vert\/"]}]},{"@type":"BreadcrumbList","@id":"https:\/\/www.erresse-shop.it\/fr\/shop\/table-fr-2\/saladiers-et-soupieres\/villeroy-boch-lave-saladier-vert\/#breadcrumb","itemListElement":[{"@type":"ListItem","position":1,"name":"Home","item":"https:\/\/www.erresse-shop.it\/fr\/"},{"@type":"ListItem","position":2,"name":"Shop","item":"https:\/\/www.erresse-shop.it\/fr\/shop\/"},{"@type":"ListItem","position":3,"name":"VILLEROY &#038; BOCH Lave Saladier Vert"}]},{"@type":"WebSite","@id":"https:\/\/www.erresse-shop.it\/fr\/#website","url":"https:\/\/www.erresse-shop.it\/fr\/","name":"Erresse Shop","description":"Articoli di qualit\u00e0 per la casa","potentialAction":[{"@type":"SearchAction","target":{"@type":"EntryPoint","urlTemplate":"https:\/\/www.erresse-shop.it\/fr\/?s={search_term_string}"},"query-input":"required name=search_term_string"}],"inLanguage":"fr-FR"}]}},"df_price":24.95,"df_sale_price":24.95,"df_regular_price":49.9,"df_image_link":"https:\/\/www.erresse-shop.it\/wp-content\/uploads\/2025\/05\/VILLEROY-BOCH-Lave-Insalatiera-Verde-300x300.jpg","_links":{"self":[{"href":"https:\/\/www.erresse-shop.it\/fr\/wp-json\/wp\/v2\/product\/496674"}],"collection":[{"href":"https:\/\/www.erresse-shop.it\/fr\/wp-json\/wp\/v2\/product"}],"about":[{"href":"https:\/\/www.erresse-shop.it\/fr\/wp-json\/wp\/v2\/types\/product"}],"wp:featuredmedia":[{"embeddable":true,"href":"https:\/\/www.erresse-shop.it\/fr\/wp-json\/wp\/v2\/media\/496691"}],"wp:attachment":[{"href":"https:\/\/www.erresse-shop.it\/fr\/wp-json\/wp\/v2\/media?parent=496674"}],"wp:term":[{"taxonomy":"product_cat","embeddable":true,"href":"https:\/\/www.erresse-shop.it\/fr\/wp-json\/wp\/v2\/product_cat?post=496674"},{"taxonomy":"product_tag","embeddable":true,"href":"https:\/\/www.erresse-shop.it\/fr\/wp-json\/wp\/v2\/product_tag?post=496674"}],"curies":[{"name":"wp","href":"https:\/\/api.w.org\/{rel}","templated":true}]}}