{"id":496490,"date":"2025-05-02T07:52:36","date_gmt":"2025-05-02T07:52:39","guid":{"rendered":"https:\/\/www.erresse-shop.it\/?post_type=product&#038;p=496490"},"modified":"2026-02-27T08:57:38","modified_gmt":"2026-02-27T08:57:38","slug":"villeroy-boch-travertine-presentoir-a-gateaux","status":"publish","type":"product","link":"https:\/\/www.erresse-shop.it\/fr\/shop\/table-fr-2\/presentoirs-a-gateau\/villeroy-boch-travertine-presentoir-a-gateaux\/","title":{"rendered":"VILLEROY &#038; BOCH Travertine Pr\u00e9sentoir \u00e0 g\u00e2teaux"},"content":{"rendered":"<h3 class=\"chakra-heading css-1djizvy\">Pr\u00e9sentoir \u00e0 g\u00e2teaux<\/h3>\n<ul>\n<li>\u00c9tag\u00e8re id\u00e9ale pour servir amuse-gueules, g\u00e2teaux ou amuse-bouches.<\/li>\n<li>Servez avec go\u00fbt\u00a0: Que ce soit pour une f\u00eate ou un go\u00fbter convivial, ces assiettes mettent en valeur vos amuse-gueules et fromages.<\/li>\n<li>Un morceau de nature pour votre int\u00e9rieur\u00a0: Fabriqu\u00e9 en travertin v\u00e9ritable, chaque produit se distingue par son grain unique et est fabriqu\u00e9 \u00e0 la main avec amour pour cr\u00e9er une pi\u00e8ce unique et incomparable.<\/li>\n<\/ul>\n<p><strong>Mat\u00e9riau\u00a0:<\/strong> Terre cuite<br \/>\n<strong>Lavage \u00e0 la main recommand\u00e9<\/strong><br \/>\n<strong>Adapt\u00e9 au micro-ondes\u00a0:<\/strong> non<\/p>\n<p><span style=\"font-size: 14pt;\"><strong>Dimensions\u00a0:<\/strong><\/span><\/p>\n<div>\n<ul>\n<li><b>Diam\u00e8tre\u00a0:<\/b> 245 mm<\/li>\n<li><strong>Hauteur\u00a0:<\/strong> 225 mm<\/li>\n<li><strong>Poids\u00a0:<\/strong> 1\u00a0180 g<\/li>\n<\/ul>\n<\/div>\n","protected":false},"excerpt":{"rendered":"<p>Pr\u00e9sentoir \u00e0 g\u00e2teaux \u00c9tag\u00e8re id\u00e9ale pour servir amuse-gueules, g\u00e2teaux ou amuse-bouches. Servez avec go\u00fbt\u00a0: Que ce soit pour une f\u00eate<\/p>\n","protected":false},"featured_media":496501,"template":"","meta":{"_acf_changed":false,"inline_featured_image":false},"product_cat":[12783,12782],"product_tag":[25026,22045,24397],"acf":[],"yoast_head":"<!-- This site is optimized with the Yoast SEO Premium plugin v18.6 (Yoast SEO v19.13) - https:\/\/yoast.com\/wordpress\/plugins\/seo\/ -->\n<title>VILLEROY &amp; BOCH Travertine Pr\u00e9sentoir \u00e0 g\u00e2teaux - Erresse Shop<\/title>\n<meta name=\"description\" content=\"Pr\u00e9sentoir \u00e0 g\u00e2teaux \u00c9tag\u00e8re id\u00e9ale pour servir amuse-gueules, g\u00e2teaux ou amuse-bouches. Servez avec go\u00fbt\u00a0: Que ce soit pour une f\u00eate ou un go\u00fbter\" \/>\n<meta name=\"robots\" content=\"index, follow, max-snippet:-1, max-image-preview:large, max-video-preview:-1\" \/>\n<link rel=\"canonical\" href=\"https:\/\/www.erresse-shop.it\/fr\/shop\/table-fr-2\/presentoirs-a-gateau\/villeroy-boch-travertine-presentoir-a-gateaux\/\" \/>\n<meta property=\"og:locale\" content=\"fr_FR\" \/>\n<meta property=\"og:type\" content=\"article\" \/>\n<meta property=\"og:title\" content=\"VILLEROY &amp; BOCH Travertine Pr\u00e9sentoir \u00e0 g\u00e2teaux\" \/>\n<meta property=\"og:description\" content=\"Pr\u00e9sentoir \u00e0 g\u00e2teaux \u00c9tag\u00e8re id\u00e9ale pour servir amuse-gueules, g\u00e2teaux ou amuse-bouches. Servez avec go\u00fbt\u00a0: Que ce soit pour une f\u00eate ou un go\u00fbter\" \/>\n<meta property=\"og:url\" content=\"https:\/\/www.erresse-shop.it\/fr\/shop\/table-fr-2\/presentoirs-a-gateau\/villeroy-boch-travertine-presentoir-a-gateaux\/\" \/>\n<meta property=\"og:site_name\" content=\"Erresse Shop\" \/>\n<meta property=\"article:modified_time\" content=\"2026-02-27T08:57:38+00:00\" \/>\n<meta property=\"og:image\" content=\"https:\/\/www.erresse-shop.it\/wp-content\/uploads\/2025\/05\/VILLEROY-BOCH-Travertine-Alzata.jpg\" \/>\n\t<meta property=\"og:image:width\" content=\"1200\" \/>\n\t<meta property=\"og:image:height\" content=\"1200\" \/>\n\t<meta property=\"og:image:type\" content=\"image\/jpeg\" \/>\n<meta name=\"twitter:card\" content=\"summary_large_image\" \/>\n<script type=\"application\/ld+json\" class=\"yoast-schema-graph\">{\"@context\":\"https:\/\/schema.org\",\"@graph\":[{\"@type\":\"WebPage\",\"@id\":\"https:\/\/www.erresse-shop.it\/fr\/shop\/table-fr-2\/presentoirs-a-gateau\/villeroy-boch-travertine-presentoir-a-gateaux\/\",\"url\":\"https:\/\/www.erresse-shop.it\/fr\/shop\/table-fr-2\/presentoirs-a-gateau\/villeroy-boch-travertine-presentoir-a-gateaux\/\",\"name\":\"VILLEROY & BOCH Travertine Pr\u00e9sentoir \u00e0 g\u00e2teaux - Erresse Shop\",\"isPartOf\":{\"@id\":\"https:\/\/www.erresse-shop.it\/fr\/#website\"},\"datePublished\":\"2025-05-02T07:52:39+00:00\",\"dateModified\":\"2026-02-27T08:57:38+00:00\",\"description\":\"Pr\u00e9sentoir \u00e0 g\u00e2teaux \u00c9tag\u00e8re id\u00e9ale pour servir amuse-gueules, g\u00e2teaux ou amuse-bouches. Servez avec go\u00fbt\u00a0: Que ce soit pour une f\u00eate ou un go\u00fbter\",\"breadcrumb\":{\"@id\":\"https:\/\/www.erresse-shop.it\/fr\/shop\/table-fr-2\/presentoirs-a-gateau\/villeroy-boch-travertine-presentoir-a-gateaux\/#breadcrumb\"},\"inLanguage\":\"fr-FR\",\"potentialAction\":[{\"@type\":\"ReadAction\",\"target\":[\"https:\/\/www.erresse-shop.it\/fr\/shop\/table-fr-2\/presentoirs-a-gateau\/villeroy-boch-travertine-presentoir-a-gateaux\/\"]}]},{\"@type\":\"BreadcrumbList\",\"@id\":\"https:\/\/www.erresse-shop.it\/fr\/shop\/table-fr-2\/presentoirs-a-gateau\/villeroy-boch-travertine-presentoir-a-gateaux\/#breadcrumb\",\"itemListElement\":[{\"@type\":\"ListItem\",\"position\":1,\"name\":\"Home\",\"item\":\"https:\/\/www.erresse-shop.it\/fr\/\"},{\"@type\":\"ListItem\",\"position\":2,\"name\":\"Shop\",\"item\":\"https:\/\/www.erresse-shop.it\/fr\/shop\/\"},{\"@type\":\"ListItem\",\"position\":3,\"name\":\"VILLEROY &#038; BOCH Travertine Pr\u00e9sentoir \u00e0 g\u00e2teaux\"}]},{\"@type\":\"WebSite\",\"@id\":\"https:\/\/www.erresse-shop.it\/fr\/#website\",\"url\":\"https:\/\/www.erresse-shop.it\/fr\/\",\"name\":\"Erresse Shop\",\"description\":\"Articoli di qualit\u00e0 per la casa\",\"potentialAction\":[{\"@type\":\"SearchAction\",\"target\":{\"@type\":\"EntryPoint\",\"urlTemplate\":\"https:\/\/www.erresse-shop.it\/fr\/?s={search_term_string}\"},\"query-input\":\"required name=search_term_string\"}],\"inLanguage\":\"fr-FR\"}]}<\/script>\n<!-- \/ Yoast SEO Premium plugin. -->","yoast_head_json":{"title":"VILLEROY & BOCH Travertine Pr\u00e9sentoir \u00e0 g\u00e2teaux - Erresse Shop","description":"Pr\u00e9sentoir \u00e0 g\u00e2teaux \u00c9tag\u00e8re id\u00e9ale pour servir amuse-gueules, g\u00e2teaux ou amuse-bouches. Servez avec go\u00fbt\u00a0: Que ce soit pour une f\u00eate ou un go\u00fbter","robots":{"index":"index","follow":"follow","max-snippet":"max-snippet:-1","max-image-preview":"max-image-preview:large","max-video-preview":"max-video-preview:-1"},"canonical":"https:\/\/www.erresse-shop.it\/fr\/shop\/table-fr-2\/presentoirs-a-gateau\/villeroy-boch-travertine-presentoir-a-gateaux\/","og_locale":"fr_FR","og_type":"article","og_title":"VILLEROY & BOCH Travertine Pr\u00e9sentoir \u00e0 g\u00e2teaux","og_description":"Pr\u00e9sentoir \u00e0 g\u00e2teaux \u00c9tag\u00e8re id\u00e9ale pour servir amuse-gueules, g\u00e2teaux ou amuse-bouches. Servez avec go\u00fbt\u00a0: Que ce soit pour une f\u00eate ou un go\u00fbter","og_url":"https:\/\/www.erresse-shop.it\/fr\/shop\/table-fr-2\/presentoirs-a-gateau\/villeroy-boch-travertine-presentoir-a-gateaux\/","og_site_name":"Erresse Shop","article_modified_time":"2026-02-27T08:57:38+00:00","og_image":[{"width":1200,"height":1200,"url":"https:\/\/www.erresse-shop.it\/wp-content\/uploads\/2025\/05\/VILLEROY-BOCH-Travertine-Alzata.jpg","type":"image\/jpeg"}],"twitter_card":"summary_large_image","schema":{"@context":"https:\/\/schema.org","@graph":[{"@type":"WebPage","@id":"https:\/\/www.erresse-shop.it\/fr\/shop\/table-fr-2\/presentoirs-a-gateau\/villeroy-boch-travertine-presentoir-a-gateaux\/","url":"https:\/\/www.erresse-shop.it\/fr\/shop\/table-fr-2\/presentoirs-a-gateau\/villeroy-boch-travertine-presentoir-a-gateaux\/","name":"VILLEROY & BOCH Travertine Pr\u00e9sentoir \u00e0 g\u00e2teaux - Erresse Shop","isPartOf":{"@id":"https:\/\/www.erresse-shop.it\/fr\/#website"},"datePublished":"2025-05-02T07:52:39+00:00","dateModified":"2026-02-27T08:57:38+00:00","description":"Pr\u00e9sentoir \u00e0 g\u00e2teaux \u00c9tag\u00e8re id\u00e9ale pour servir amuse-gueules, g\u00e2teaux ou amuse-bouches. Servez avec go\u00fbt\u00a0: Que ce soit pour une f\u00eate ou un go\u00fbter","breadcrumb":{"@id":"https:\/\/www.erresse-shop.it\/fr\/shop\/table-fr-2\/presentoirs-a-gateau\/villeroy-boch-travertine-presentoir-a-gateaux\/#breadcrumb"},"inLanguage":"fr-FR","potentialAction":[{"@type":"ReadAction","target":["https:\/\/www.erresse-shop.it\/fr\/shop\/table-fr-2\/presentoirs-a-gateau\/villeroy-boch-travertine-presentoir-a-gateaux\/"]}]},{"@type":"BreadcrumbList","@id":"https:\/\/www.erresse-shop.it\/fr\/shop\/table-fr-2\/presentoirs-a-gateau\/villeroy-boch-travertine-presentoir-a-gateaux\/#breadcrumb","itemListElement":[{"@type":"ListItem","position":1,"name":"Home","item":"https:\/\/www.erresse-shop.it\/fr\/"},{"@type":"ListItem","position":2,"name":"Shop","item":"https:\/\/www.erresse-shop.it\/fr\/shop\/"},{"@type":"ListItem","position":3,"name":"VILLEROY &#038; BOCH Travertine Pr\u00e9sentoir \u00e0 g\u00e2teaux"}]},{"@type":"WebSite","@id":"https:\/\/www.erresse-shop.it\/fr\/#website","url":"https:\/\/www.erresse-shop.it\/fr\/","name":"Erresse Shop","description":"Articoli di qualit\u00e0 per la casa","potentialAction":[{"@type":"SearchAction","target":{"@type":"EntryPoint","urlTemplate":"https:\/\/www.erresse-shop.it\/fr\/?s={search_term_string}"},"query-input":"required name=search_term_string"}],"inLanguage":"fr-FR"}]}},"df_price":64.5,"df_sale_price":64.5,"df_regular_price":129,"df_image_link":"https:\/\/www.erresse-shop.it\/wp-content\/uploads\/2025\/05\/VILLEROY-BOCH-Travertine-Alzata-300x300.jpg","_links":{"self":[{"href":"https:\/\/www.erresse-shop.it\/fr\/wp-json\/wp\/v2\/product\/496490"}],"collection":[{"href":"https:\/\/www.erresse-shop.it\/fr\/wp-json\/wp\/v2\/product"}],"about":[{"href":"https:\/\/www.erresse-shop.it\/fr\/wp-json\/wp\/v2\/types\/product"}],"wp:featuredmedia":[{"embeddable":true,"href":"https:\/\/www.erresse-shop.it\/fr\/wp-json\/wp\/v2\/media\/496501"}],"wp:attachment":[{"href":"https:\/\/www.erresse-shop.it\/fr\/wp-json\/wp\/v2\/media?parent=496490"}],"wp:term":[{"taxonomy":"product_cat","embeddable":true,"href":"https:\/\/www.erresse-shop.it\/fr\/wp-json\/wp\/v2\/product_cat?post=496490"},{"taxonomy":"product_tag","embeddable":true,"href":"https:\/\/www.erresse-shop.it\/fr\/wp-json\/wp\/v2\/product_tag?post=496490"}],"curies":[{"name":"wp","href":"https:\/\/api.w.org\/{rel}","templated":true}]}}