{"id":496470,"date":"2025-05-02T07:39:30","date_gmt":"2025-05-02T07:39:33","guid":{"rendered":"https:\/\/www.erresse-shop.it\/?post_type=product&#038;p=496470"},"modified":"2026-02-27T09:01:30","modified_gmt":"2026-02-27T09:01:30","slug":"villeroy-boch-travertine-plat-de-service-avec-piedestal","status":"publish","type":"product","link":"https:\/\/www.erresse-shop.it\/fr\/shop\/table-fr-2\/plats\/plats-de-service\/villeroy-boch-travertine-plat-de-service-avec-piedestal\/","title":{"rendered":"VILLEROY &#038; BOCH Travertine Plat de service avec pi\u00e9destal"},"content":{"rendered":"<h3 class=\"chakra-heading css-1djizvy\">Plat de service avec pi\u00e9destal<\/h3>\n<ul>\n<li>Bol de service sur pied polyvalent\u00a0: id\u00e9al pour servir des fromages fins, des ap\u00e9ritifs m\u00e9diterran\u00e9ens ou des fruits frais. Son \u00e9l\u00e9gante \u00e9l\u00e9vation cr\u00e9e le cadre id\u00e9al pour toute composition.<\/li>\n<li>Le clou de votre assiette\u00a0: pr\u00e9sentez vos amuse-gueules et fromages avec style lors de f\u00eates, de buffets ou de go\u00fbters d\u00e9contract\u00e9s entre amis.<\/li>\n<li>Un morceau de nature pour votre int\u00e9rieur\u00a0: Fabriqu\u00e9 en travertin v\u00e9ritable, chaque produit se distingue par son grain unique et est fabriqu\u00e9 \u00e0 la main avec soin pour cr\u00e9er une pi\u00e8ce unique et incomparable.<\/li>\n<\/ul>\n<p><strong>Mat\u00e9riau\u00a0:<\/strong> Terre cuite<br \/>\n<strong>Lavage \u00e0 la main recommand\u00e9<\/strong><br \/>\n<strong>Adapt\u00e9 au micro-ondes\u00a0:<\/strong> non<\/p>\n<p><span style=\"font-size: 14pt;\"><strong>Dimensions\u00a0:<\/strong><\/span><\/p>\n<div>\n<ul>\n<li><b>Diam\u00e8tre\u00a0:<\/b> 280\u00a0mm<\/li>\n<li><strong>Hauteur\u00a0:<\/strong> 100\u00a0mm<\/li>\n<\/ul>\n<\/div>\n","protected":false},"excerpt":{"rendered":"<p>Plat de service avec pi\u00e9destal Bol de service sur pied polyvalent\u00a0: id\u00e9al pour servir des fromages fins, des ap\u00e9ritifs m\u00e9diterran\u00e9ens<\/p>\n","protected":false},"featured_media":496481,"template":"","meta":{"_acf_changed":false,"inline_featured_image":false},"product_cat":[12789,12782],"product_tag":[25026,13169,14556,24397,14261],"acf":[],"yoast_head":"<!-- This site is optimized with the Yoast SEO Premium plugin v18.6 (Yoast SEO v19.13) - https:\/\/yoast.com\/wordpress\/plugins\/seo\/ -->\n<title>VILLEROY &amp; BOCH Travertine Plat de service avec pi\u00e9destal - Erresse Shop<\/title>\n<meta name=\"description\" content=\"Plat de service avec pi\u00e9destal Bol de service sur pied polyvalent\u00a0: id\u00e9al pour servir des fromages fins, des ap\u00e9ritifs m\u00e9diterran\u00e9ens ou des fruits frais.\" \/>\n<meta name=\"robots\" content=\"index, follow, max-snippet:-1, max-image-preview:large, max-video-preview:-1\" \/>\n<link rel=\"canonical\" href=\"https:\/\/www.erresse-shop.it\/fr\/shop\/table-fr-2\/plats\/plats-de-service\/villeroy-boch-travertine-plat-de-service-avec-piedestal\/\" \/>\n<meta property=\"og:locale\" content=\"fr_FR\" \/>\n<meta property=\"og:type\" content=\"article\" \/>\n<meta property=\"og:title\" content=\"VILLEROY &amp; BOCH Travertine Plat de service avec pi\u00e9destal\" \/>\n<meta property=\"og:description\" content=\"Plat de service avec pi\u00e9destal Bol de service sur pied polyvalent\u00a0: id\u00e9al pour servir des fromages fins, des ap\u00e9ritifs m\u00e9diterran\u00e9ens ou des fruits frais.\" \/>\n<meta property=\"og:url\" content=\"https:\/\/www.erresse-shop.it\/fr\/shop\/table-fr-2\/plats\/plats-de-service\/villeroy-boch-travertine-plat-de-service-avec-piedestal\/\" \/>\n<meta property=\"og:site_name\" content=\"Erresse Shop\" \/>\n<meta property=\"article:modified_time\" content=\"2026-02-27T09:01:30+00:00\" \/>\n<meta property=\"og:image\" content=\"https:\/\/www.erresse-shop.it\/wp-content\/uploads\/2025\/05\/VILLEROY-BOCH-Travertine-Piatto-da-Portata-con-Piedistallo.jpg\" \/>\n\t<meta property=\"og:image:width\" content=\"1200\" \/>\n\t<meta property=\"og:image:height\" content=\"1200\" \/>\n\t<meta property=\"og:image:type\" content=\"image\/jpeg\" \/>\n<meta name=\"twitter:card\" content=\"summary_large_image\" \/>\n<script type=\"application\/ld+json\" class=\"yoast-schema-graph\">{\"@context\":\"https:\/\/schema.org\",\"@graph\":[{\"@type\":\"WebPage\",\"@id\":\"https:\/\/www.erresse-shop.it\/fr\/shop\/table-fr-2\/plats\/plats-de-service\/villeroy-boch-travertine-plat-de-service-avec-piedestal\/\",\"url\":\"https:\/\/www.erresse-shop.it\/fr\/shop\/table-fr-2\/plats\/plats-de-service\/villeroy-boch-travertine-plat-de-service-avec-piedestal\/\",\"name\":\"VILLEROY & BOCH Travertine Plat de service avec pi\u00e9destal - Erresse Shop\",\"isPartOf\":{\"@id\":\"https:\/\/www.erresse-shop.it\/fr\/#website\"},\"datePublished\":\"2025-05-02T07:39:33+00:00\",\"dateModified\":\"2026-02-27T09:01:30+00:00\",\"description\":\"Plat de service avec pi\u00e9destal Bol de service sur pied polyvalent\u00a0: id\u00e9al pour servir des fromages fins, des ap\u00e9ritifs m\u00e9diterran\u00e9ens ou des fruits frais.\",\"breadcrumb\":{\"@id\":\"https:\/\/www.erresse-shop.it\/fr\/shop\/table-fr-2\/plats\/plats-de-service\/villeroy-boch-travertine-plat-de-service-avec-piedestal\/#breadcrumb\"},\"inLanguage\":\"fr-FR\",\"potentialAction\":[{\"@type\":\"ReadAction\",\"target\":[\"https:\/\/www.erresse-shop.it\/fr\/shop\/table-fr-2\/plats\/plats-de-service\/villeroy-boch-travertine-plat-de-service-avec-piedestal\/\"]}]},{\"@type\":\"BreadcrumbList\",\"@id\":\"https:\/\/www.erresse-shop.it\/fr\/shop\/table-fr-2\/plats\/plats-de-service\/villeroy-boch-travertine-plat-de-service-avec-piedestal\/#breadcrumb\",\"itemListElement\":[{\"@type\":\"ListItem\",\"position\":1,\"name\":\"Home\",\"item\":\"https:\/\/www.erresse-shop.it\/fr\/\"},{\"@type\":\"ListItem\",\"position\":2,\"name\":\"Shop\",\"item\":\"https:\/\/www.erresse-shop.it\/fr\/shop\/\"},{\"@type\":\"ListItem\",\"position\":3,\"name\":\"VILLEROY &#038; BOCH Travertine Plat de service avec pi\u00e9destal\"}]},{\"@type\":\"WebSite\",\"@id\":\"https:\/\/www.erresse-shop.it\/fr\/#website\",\"url\":\"https:\/\/www.erresse-shop.it\/fr\/\",\"name\":\"Erresse Shop\",\"description\":\"Articoli di qualit\u00e0 per la casa\",\"potentialAction\":[{\"@type\":\"SearchAction\",\"target\":{\"@type\":\"EntryPoint\",\"urlTemplate\":\"https:\/\/www.erresse-shop.it\/fr\/?s={search_term_string}\"},\"query-input\":\"required name=search_term_string\"}],\"inLanguage\":\"fr-FR\"}]}<\/script>\n<!-- \/ Yoast SEO Premium plugin. -->","yoast_head_json":{"title":"VILLEROY & BOCH Travertine Plat de service avec pi\u00e9destal - Erresse Shop","description":"Plat de service avec pi\u00e9destal Bol de service sur pied polyvalent\u00a0: id\u00e9al pour servir des fromages fins, des ap\u00e9ritifs m\u00e9diterran\u00e9ens ou des fruits frais.","robots":{"index":"index","follow":"follow","max-snippet":"max-snippet:-1","max-image-preview":"max-image-preview:large","max-video-preview":"max-video-preview:-1"},"canonical":"https:\/\/www.erresse-shop.it\/fr\/shop\/table-fr-2\/plats\/plats-de-service\/villeroy-boch-travertine-plat-de-service-avec-piedestal\/","og_locale":"fr_FR","og_type":"article","og_title":"VILLEROY & BOCH Travertine Plat de service avec pi\u00e9destal","og_description":"Plat de service avec pi\u00e9destal Bol de service sur pied polyvalent\u00a0: id\u00e9al pour servir des fromages fins, des ap\u00e9ritifs m\u00e9diterran\u00e9ens ou des fruits frais.","og_url":"https:\/\/www.erresse-shop.it\/fr\/shop\/table-fr-2\/plats\/plats-de-service\/villeroy-boch-travertine-plat-de-service-avec-piedestal\/","og_site_name":"Erresse Shop","article_modified_time":"2026-02-27T09:01:30+00:00","og_image":[{"width":1200,"height":1200,"url":"https:\/\/www.erresse-shop.it\/wp-content\/uploads\/2025\/05\/VILLEROY-BOCH-Travertine-Piatto-da-Portata-con-Piedistallo.jpg","type":"image\/jpeg"}],"twitter_card":"summary_large_image","schema":{"@context":"https:\/\/schema.org","@graph":[{"@type":"WebPage","@id":"https:\/\/www.erresse-shop.it\/fr\/shop\/table-fr-2\/plats\/plats-de-service\/villeroy-boch-travertine-plat-de-service-avec-piedestal\/","url":"https:\/\/www.erresse-shop.it\/fr\/shop\/table-fr-2\/plats\/plats-de-service\/villeroy-boch-travertine-plat-de-service-avec-piedestal\/","name":"VILLEROY & BOCH Travertine Plat de service avec pi\u00e9destal - Erresse Shop","isPartOf":{"@id":"https:\/\/www.erresse-shop.it\/fr\/#website"},"datePublished":"2025-05-02T07:39:33+00:00","dateModified":"2026-02-27T09:01:30+00:00","description":"Plat de service avec pi\u00e9destal Bol de service sur pied polyvalent\u00a0: id\u00e9al pour servir des fromages fins, des ap\u00e9ritifs m\u00e9diterran\u00e9ens ou des fruits frais.","breadcrumb":{"@id":"https:\/\/www.erresse-shop.it\/fr\/shop\/table-fr-2\/plats\/plats-de-service\/villeroy-boch-travertine-plat-de-service-avec-piedestal\/#breadcrumb"},"inLanguage":"fr-FR","potentialAction":[{"@type":"ReadAction","target":["https:\/\/www.erresse-shop.it\/fr\/shop\/table-fr-2\/plats\/plats-de-service\/villeroy-boch-travertine-plat-de-service-avec-piedestal\/"]}]},{"@type":"BreadcrumbList","@id":"https:\/\/www.erresse-shop.it\/fr\/shop\/table-fr-2\/plats\/plats-de-service\/villeroy-boch-travertine-plat-de-service-avec-piedestal\/#breadcrumb","itemListElement":[{"@type":"ListItem","position":1,"name":"Home","item":"https:\/\/www.erresse-shop.it\/fr\/"},{"@type":"ListItem","position":2,"name":"Shop","item":"https:\/\/www.erresse-shop.it\/fr\/shop\/"},{"@type":"ListItem","position":3,"name":"VILLEROY &#038; BOCH Travertine Plat de service avec pi\u00e9destal"}]},{"@type":"WebSite","@id":"https:\/\/www.erresse-shop.it\/fr\/#website","url":"https:\/\/www.erresse-shop.it\/fr\/","name":"Erresse Shop","description":"Articoli di qualit\u00e0 per la casa","potentialAction":[{"@type":"SearchAction","target":{"@type":"EntryPoint","urlTemplate":"https:\/\/www.erresse-shop.it\/fr\/?s={search_term_string}"},"query-input":"required name=search_term_string"}],"inLanguage":"fr-FR"}]}},"df_price":64.5,"df_sale_price":64.5,"df_regular_price":129,"df_image_link":"https:\/\/www.erresse-shop.it\/wp-content\/uploads\/2025\/05\/VILLEROY-BOCH-Travertine-Piatto-da-Portata-con-Piedistallo-300x300.jpg","_links":{"self":[{"href":"https:\/\/www.erresse-shop.it\/fr\/wp-json\/wp\/v2\/product\/496470"}],"collection":[{"href":"https:\/\/www.erresse-shop.it\/fr\/wp-json\/wp\/v2\/product"}],"about":[{"href":"https:\/\/www.erresse-shop.it\/fr\/wp-json\/wp\/v2\/types\/product"}],"wp:featuredmedia":[{"embeddable":true,"href":"https:\/\/www.erresse-shop.it\/fr\/wp-json\/wp\/v2\/media\/496481"}],"wp:attachment":[{"href":"https:\/\/www.erresse-shop.it\/fr\/wp-json\/wp\/v2\/media?parent=496470"}],"wp:term":[{"taxonomy":"product_cat","embeddable":true,"href":"https:\/\/www.erresse-shop.it\/fr\/wp-json\/wp\/v2\/product_cat?post=496470"},{"taxonomy":"product_tag","embeddable":true,"href":"https:\/\/www.erresse-shop.it\/fr\/wp-json\/wp\/v2\/product_tag?post=496470"}],"curies":[{"name":"wp","href":"https:\/\/api.w.org\/{rel}","templated":true}]}}