{"id":496310,"date":"2025-05-02T05:56:05","date_gmt":"2025-05-02T05:56:09","guid":{"rendered":"https:\/\/www.erresse-shop.it\/?post_type=product&#038;p=496310"},"modified":"2026-02-10T08:20:44","modified_gmt":"2026-02-10T08:20:44","slug":"villeroy-boch-afina-ensemble-de-4-verres-a-long-drink-300-ml","status":"publish","type":"product","link":"https:\/\/www.erresse-shop.it\/fr\/shop\/table-fr-2\/verres\/villeroy-boch-afina-ensemble-de-4-verres-a-long-drink-300-ml\/","title":{"rendered":"VILLEROY &#038; BOCH Afina Ensemble de 4 verres \u00e0 long drink 300 ml"},"content":{"rendered":"<p class=\"chakra-heading css-1djizvy\"><strong><span style=\"font-size: 14pt;\">Verre \u00e0 long drink Afina<br \/>\n<\/span><\/strong><\/p>\n<ul>\n<li>Ce verre est parfait pour les long drinks et les cocktails et a une capacit\u00e9 g\u00e9n\u00e9reuse de 300 ml<\/li>\n<li>\u00c9l\u00e9ment d\u00e9coratif et fonctionnel : le verre \u00e0 long drink est id\u00e9al pour un d\u00eener romantique \u00e0 deux<\/li>\n<li>Qualit\u00e9 authentique : gr\u00e2ce au cristal, le verre \u00e0 long drink est durable et sans go\u00fbt<\/li>\n<li>Pratique maximale : le verre \u00e0 long drink peut \u00eatre lav\u00e9 au lave-vaisselle<\/li>\n<\/ul>\n<p><strong>Mat\u00e9riau\u00a0:<\/strong> cristal<br \/>\n<strong>Lave-vaisselle\u00a0:<\/strong> oui<br \/>\n<strong>Convient au micro-ondes\u00a0:<\/strong> non<br \/>\n<strong>Diam\u00e8tre\u00a0:<\/strong> 85 mm<br \/>\n<strong>Hauteur\u00a0:<\/strong> 124 mm<br \/>\n<strong>Volume\u00a0:<\/strong> 300 ml<\/p>\n","protected":false},"excerpt":{"rendered":"<p>Verre \u00e0 long drink Afina Ce verre est parfait pour les long drinks et les cocktails et a une capacit\u00e9<\/p>\n","protected":false},"featured_media":496322,"template":"","meta":{"_acf_changed":false,"inline_featured_image":false},"product_cat":[12782,12784],"product_tag":[25026,23910,25021,12826,15730,14412],"acf":[],"yoast_head":"<!-- This site is optimized with the Yoast SEO Premium plugin v18.6 (Yoast SEO v19.13) - https:\/\/yoast.com\/wordpress\/plugins\/seo\/ -->\n<title>VILLEROY &amp; BOCH Afina Ensemble de 4 verres \u00e0 long drink 300 ml - Erresse Shop<\/title>\n<meta name=\"description\" content=\"Verre \u00e0 long drink Afina Ce verre est parfait pour les long drinks et les cocktails et a une capacit\u00e9 g\u00e9n\u00e9reuse de 300 ml \u00c9l\u00e9ment d\u00e9coratif et fonctionnel\" \/>\n<meta name=\"robots\" content=\"index, follow, max-snippet:-1, max-image-preview:large, max-video-preview:-1\" \/>\n<link rel=\"canonical\" href=\"https:\/\/www.erresse-shop.it\/fr\/shop\/table-fr-2\/verres\/villeroy-boch-afina-ensemble-de-4-verres-a-long-drink-300-ml\/\" \/>\n<meta property=\"og:locale\" content=\"fr_FR\" \/>\n<meta property=\"og:type\" content=\"article\" \/>\n<meta property=\"og:title\" content=\"VILLEROY &amp; BOCH Afina Ensemble de 4 verres \u00e0 long drink 300 ml\" \/>\n<meta property=\"og:description\" content=\"Verre \u00e0 long drink Afina Ce verre est parfait pour les long drinks et les cocktails et a une capacit\u00e9 g\u00e9n\u00e9reuse de 300 ml \u00c9l\u00e9ment d\u00e9coratif et fonctionnel\" \/>\n<meta property=\"og:url\" content=\"https:\/\/www.erresse-shop.it\/fr\/shop\/table-fr-2\/verres\/villeroy-boch-afina-ensemble-de-4-verres-a-long-drink-300-ml\/\" \/>\n<meta property=\"og:site_name\" content=\"Erresse Shop\" \/>\n<meta property=\"article:modified_time\" content=\"2026-02-10T08:20:44+00:00\" \/>\n<meta property=\"og:image\" content=\"https:\/\/www.erresse-shop.it\/wp-content\/uploads\/2025\/05\/VILLEROY-BOCH-Afina-Set-4-Bicchieri-Long-Drink-300-ml.jpg\" \/>\n\t<meta property=\"og:image:width\" content=\"1200\" \/>\n\t<meta property=\"og:image:height\" content=\"1200\" \/>\n\t<meta property=\"og:image:type\" content=\"image\/jpeg\" \/>\n<meta name=\"twitter:card\" content=\"summary_large_image\" \/>\n<script type=\"application\/ld+json\" class=\"yoast-schema-graph\">{\"@context\":\"https:\/\/schema.org\",\"@graph\":[{\"@type\":\"WebPage\",\"@id\":\"https:\/\/www.erresse-shop.it\/fr\/shop\/table-fr-2\/verres\/villeroy-boch-afina-ensemble-de-4-verres-a-long-drink-300-ml\/\",\"url\":\"https:\/\/www.erresse-shop.it\/fr\/shop\/table-fr-2\/verres\/villeroy-boch-afina-ensemble-de-4-verres-a-long-drink-300-ml\/\",\"name\":\"VILLEROY & BOCH Afina Ensemble de 4 verres \u00e0 long drink 300 ml - Erresse Shop\",\"isPartOf\":{\"@id\":\"https:\/\/www.erresse-shop.it\/fr\/#website\"},\"datePublished\":\"2025-05-02T05:56:09+00:00\",\"dateModified\":\"2026-02-10T08:20:44+00:00\",\"description\":\"Verre \u00e0 long drink Afina Ce verre est parfait pour les long drinks et les cocktails et a une capacit\u00e9 g\u00e9n\u00e9reuse de 300 ml \u00c9l\u00e9ment d\u00e9coratif et fonctionnel\",\"breadcrumb\":{\"@id\":\"https:\/\/www.erresse-shop.it\/fr\/shop\/table-fr-2\/verres\/villeroy-boch-afina-ensemble-de-4-verres-a-long-drink-300-ml\/#breadcrumb\"},\"inLanguage\":\"fr-FR\",\"potentialAction\":[{\"@type\":\"ReadAction\",\"target\":[\"https:\/\/www.erresse-shop.it\/fr\/shop\/table-fr-2\/verres\/villeroy-boch-afina-ensemble-de-4-verres-a-long-drink-300-ml\/\"]}]},{\"@type\":\"BreadcrumbList\",\"@id\":\"https:\/\/www.erresse-shop.it\/fr\/shop\/table-fr-2\/verres\/villeroy-boch-afina-ensemble-de-4-verres-a-long-drink-300-ml\/#breadcrumb\",\"itemListElement\":[{\"@type\":\"ListItem\",\"position\":1,\"name\":\"Home\",\"item\":\"https:\/\/www.erresse-shop.it\/fr\/\"},{\"@type\":\"ListItem\",\"position\":2,\"name\":\"Shop\",\"item\":\"https:\/\/www.erresse-shop.it\/fr\/shop\/\"},{\"@type\":\"ListItem\",\"position\":3,\"name\":\"VILLEROY &#038; BOCH Afina Ensemble de 4 verres \u00e0 long drink 300 ml\"}]},{\"@type\":\"WebSite\",\"@id\":\"https:\/\/www.erresse-shop.it\/fr\/#website\",\"url\":\"https:\/\/www.erresse-shop.it\/fr\/\",\"name\":\"Erresse Shop\",\"description\":\"Articoli di qualit\u00e0 per la casa\",\"potentialAction\":[{\"@type\":\"SearchAction\",\"target\":{\"@type\":\"EntryPoint\",\"urlTemplate\":\"https:\/\/www.erresse-shop.it\/fr\/?s={search_term_string}\"},\"query-input\":\"required name=search_term_string\"}],\"inLanguage\":\"fr-FR\"}]}<\/script>\n<!-- \/ Yoast SEO Premium plugin. -->","yoast_head_json":{"title":"VILLEROY & BOCH Afina Ensemble de 4 verres \u00e0 long drink 300 ml - Erresse Shop","description":"Verre \u00e0 long drink Afina Ce verre est parfait pour les long drinks et les cocktails et a une capacit\u00e9 g\u00e9n\u00e9reuse de 300 ml \u00c9l\u00e9ment d\u00e9coratif et fonctionnel","robots":{"index":"index","follow":"follow","max-snippet":"max-snippet:-1","max-image-preview":"max-image-preview:large","max-video-preview":"max-video-preview:-1"},"canonical":"https:\/\/www.erresse-shop.it\/fr\/shop\/table-fr-2\/verres\/villeroy-boch-afina-ensemble-de-4-verres-a-long-drink-300-ml\/","og_locale":"fr_FR","og_type":"article","og_title":"VILLEROY & BOCH Afina Ensemble de 4 verres \u00e0 long drink 300 ml","og_description":"Verre \u00e0 long drink Afina Ce verre est parfait pour les long drinks et les cocktails et a une capacit\u00e9 g\u00e9n\u00e9reuse de 300 ml \u00c9l\u00e9ment d\u00e9coratif et fonctionnel","og_url":"https:\/\/www.erresse-shop.it\/fr\/shop\/table-fr-2\/verres\/villeroy-boch-afina-ensemble-de-4-verres-a-long-drink-300-ml\/","og_site_name":"Erresse Shop","article_modified_time":"2026-02-10T08:20:44+00:00","og_image":[{"width":1200,"height":1200,"url":"https:\/\/www.erresse-shop.it\/wp-content\/uploads\/2025\/05\/VILLEROY-BOCH-Afina-Set-4-Bicchieri-Long-Drink-300-ml.jpg","type":"image\/jpeg"}],"twitter_card":"summary_large_image","schema":{"@context":"https:\/\/schema.org","@graph":[{"@type":"WebPage","@id":"https:\/\/www.erresse-shop.it\/fr\/shop\/table-fr-2\/verres\/villeroy-boch-afina-ensemble-de-4-verres-a-long-drink-300-ml\/","url":"https:\/\/www.erresse-shop.it\/fr\/shop\/table-fr-2\/verres\/villeroy-boch-afina-ensemble-de-4-verres-a-long-drink-300-ml\/","name":"VILLEROY & BOCH Afina Ensemble de 4 verres \u00e0 long drink 300 ml - Erresse Shop","isPartOf":{"@id":"https:\/\/www.erresse-shop.it\/fr\/#website"},"datePublished":"2025-05-02T05:56:09+00:00","dateModified":"2026-02-10T08:20:44+00:00","description":"Verre \u00e0 long drink Afina Ce verre est parfait pour les long drinks et les cocktails et a une capacit\u00e9 g\u00e9n\u00e9reuse de 300 ml \u00c9l\u00e9ment d\u00e9coratif et fonctionnel","breadcrumb":{"@id":"https:\/\/www.erresse-shop.it\/fr\/shop\/table-fr-2\/verres\/villeroy-boch-afina-ensemble-de-4-verres-a-long-drink-300-ml\/#breadcrumb"},"inLanguage":"fr-FR","potentialAction":[{"@type":"ReadAction","target":["https:\/\/www.erresse-shop.it\/fr\/shop\/table-fr-2\/verres\/villeroy-boch-afina-ensemble-de-4-verres-a-long-drink-300-ml\/"]}]},{"@type":"BreadcrumbList","@id":"https:\/\/www.erresse-shop.it\/fr\/shop\/table-fr-2\/verres\/villeroy-boch-afina-ensemble-de-4-verres-a-long-drink-300-ml\/#breadcrumb","itemListElement":[{"@type":"ListItem","position":1,"name":"Home","item":"https:\/\/www.erresse-shop.it\/fr\/"},{"@type":"ListItem","position":2,"name":"Shop","item":"https:\/\/www.erresse-shop.it\/fr\/shop\/"},{"@type":"ListItem","position":3,"name":"VILLEROY &#038; BOCH Afina Ensemble de 4 verres \u00e0 long drink 300 ml"}]},{"@type":"WebSite","@id":"https:\/\/www.erresse-shop.it\/fr\/#website","url":"https:\/\/www.erresse-shop.it\/fr\/","name":"Erresse Shop","description":"Articoli di qualit\u00e0 per la casa","potentialAction":[{"@type":"SearchAction","target":{"@type":"EntryPoint","urlTemplate":"https:\/\/www.erresse-shop.it\/fr\/?s={search_term_string}"},"query-input":"required name=search_term_string"}],"inLanguage":"fr-FR"}]}},"df_price":22.45,"df_sale_price":22.45,"df_regular_price":44.9,"df_image_link":"https:\/\/www.erresse-shop.it\/wp-content\/uploads\/2025\/05\/VILLEROY-BOCH-Afina-Set-4-Bicchieri-Long-Drink-300-ml-300x300.jpg","_links":{"self":[{"href":"https:\/\/www.erresse-shop.it\/fr\/wp-json\/wp\/v2\/product\/496310"}],"collection":[{"href":"https:\/\/www.erresse-shop.it\/fr\/wp-json\/wp\/v2\/product"}],"about":[{"href":"https:\/\/www.erresse-shop.it\/fr\/wp-json\/wp\/v2\/types\/product"}],"wp:featuredmedia":[{"embeddable":true,"href":"https:\/\/www.erresse-shop.it\/fr\/wp-json\/wp\/v2\/media\/496322"}],"wp:attachment":[{"href":"https:\/\/www.erresse-shop.it\/fr\/wp-json\/wp\/v2\/media?parent=496310"}],"wp:term":[{"taxonomy":"product_cat","embeddable":true,"href":"https:\/\/www.erresse-shop.it\/fr\/wp-json\/wp\/v2\/product_cat?post=496310"},{"taxonomy":"product_tag","embeddable":true,"href":"https:\/\/www.erresse-shop.it\/fr\/wp-json\/wp\/v2\/product_tag?post=496310"}],"curies":[{"name":"wp","href":"https:\/\/api.w.org\/{rel}","templated":true}]}}