{"id":495844,"date":"2025-04-29T13:05:49","date_gmt":"2025-04-29T13:05:52","guid":{"rendered":"https:\/\/www.erresse-shop.it\/?post_type=product&#038;p=495844"},"modified":"2026-03-31T08:40:07","modified_gmt":"2026-03-31T08:40:07","slug":"villeroy-boch-memphis-ensemble-de-6-soucoupes-pour-tasses-a-expresso","status":"publish","type":"product","link":"https:\/\/www.erresse-shop.it\/fr\/shop\/table-fr-2\/tasses\/villeroy-boch-memphis-ensemble-de-6-soucoupes-pour-tasses-a-expresso\/","title":{"rendered":"VILLEROY &#038; BOCH Memphis Ensemble de 6 soucoupes pour tasses \u00e0 expresso"},"content":{"rendered":"<p class=\"p1\"><strong>Ensemble de soucoupes pour tasses \u00e0 expresso<\/strong><\/p>\n<p><strong>Mat\u00e9riau\u00a0:<\/strong> Porcelaine Premium<br \/>\n<strong>Lave-vaisselle\u00a0:<\/strong> oui<br \/>\n<strong>Convient au micro-ondes\u00a0:<\/strong> oui<\/p>\n<p><span style=\"font-size: 14pt;\"><strong>Dimensions\u00a0:<\/strong><\/span><\/p>\n<div>\n<ul>\n<li><strong>Diam\u00e8tre\u00a0:<\/strong> 120 mm<\/li>\n<li><strong>Hauteur\u00a0:<\/strong> 18 mm<\/li>\n<li><strong>Poids\u00a0:<\/strong> 166 g<\/li>\n<\/ul>\n<\/div>\n","protected":false},"excerpt":{"rendered":"<p>Ensemble de soucoupes pour tasses \u00e0 expresso Mat\u00e9riau\u00a0: Porcelaine Premium Lave-vaisselle\u00a0: oui Convient au micro-ondes\u00a0: oui Dimensions\u00a0: Diam\u00e8tre\u00a0: 120 mm<\/p>\n","protected":false},"featured_media":495856,"template":"","meta":{"_acf_changed":false,"inline_featured_image":false},"product_cat":[12782,12791],"product_tag":[25026,12956,24397,21945],"acf":[],"yoast_head":"<!-- This site is optimized with the Yoast SEO Premium plugin v18.6 (Yoast SEO v19.13) - https:\/\/yoast.com\/wordpress\/plugins\/seo\/ -->\n<title>VILLEROY &amp; BOCH Memphis Ensemble de 6 soucoupes pour tasses \u00e0 expresso - Erresse Shop<\/title>\n<meta name=\"description\" content=\"Ensemble de soucoupes pour tasses \u00e0 expresso Mat\u00e9riau\u00a0: Porcelaine Premium Lave-vaisselle\u00a0: oui Convient au micro-ondes\u00a0: oui Dimensions\u00a0: Diam\u00e8tre\u00a0: 120\" \/>\n<meta name=\"robots\" content=\"index, follow, max-snippet:-1, max-image-preview:large, max-video-preview:-1\" \/>\n<link rel=\"canonical\" href=\"https:\/\/www.erresse-shop.it\/fr\/shop\/table-fr-2\/tasses\/villeroy-boch-memphis-ensemble-de-6-soucoupes-pour-tasses-a-expresso\/\" \/>\n<meta property=\"og:locale\" content=\"fr_FR\" \/>\n<meta property=\"og:type\" content=\"article\" \/>\n<meta property=\"og:title\" content=\"VILLEROY &amp; BOCH Memphis Ensemble de 6 soucoupes pour tasses \u00e0 expresso\" \/>\n<meta property=\"og:description\" content=\"Ensemble de soucoupes pour tasses \u00e0 expresso Mat\u00e9riau\u00a0: Porcelaine Premium Lave-vaisselle\u00a0: oui Convient au micro-ondes\u00a0: oui Dimensions\u00a0: Diam\u00e8tre\u00a0: 120\" \/>\n<meta property=\"og:url\" content=\"https:\/\/www.erresse-shop.it\/fr\/shop\/table-fr-2\/tasses\/villeroy-boch-memphis-ensemble-de-6-soucoupes-pour-tasses-a-expresso\/\" \/>\n<meta property=\"og:site_name\" content=\"Erresse Shop\" \/>\n<meta property=\"article:modified_time\" content=\"2026-03-31T08:40:07+00:00\" \/>\n<meta property=\"og:image\" content=\"https:\/\/www.erresse-shop.it\/wp-content\/uploads\/2025\/04\/VILLEROY-BOCH-Memphis-Set-6-Piattini-per-Tazzine-da-Caffe.jpg\" \/>\n\t<meta property=\"og:image:width\" content=\"1200\" \/>\n\t<meta property=\"og:image:height\" content=\"1200\" \/>\n\t<meta property=\"og:image:type\" content=\"image\/jpeg\" \/>\n<meta name=\"twitter:card\" content=\"summary_large_image\" \/>\n<script type=\"application\/ld+json\" class=\"yoast-schema-graph\">{\"@context\":\"https:\/\/schema.org\",\"@graph\":[{\"@type\":\"WebPage\",\"@id\":\"https:\/\/www.erresse-shop.it\/fr\/shop\/table-fr-2\/tasses\/villeroy-boch-memphis-ensemble-de-6-soucoupes-pour-tasses-a-expresso\/\",\"url\":\"https:\/\/www.erresse-shop.it\/fr\/shop\/table-fr-2\/tasses\/villeroy-boch-memphis-ensemble-de-6-soucoupes-pour-tasses-a-expresso\/\",\"name\":\"VILLEROY & BOCH Memphis Ensemble de 6 soucoupes pour tasses \u00e0 expresso - Erresse Shop\",\"isPartOf\":{\"@id\":\"https:\/\/www.erresse-shop.it\/fr\/#website\"},\"datePublished\":\"2025-04-29T13:05:52+00:00\",\"dateModified\":\"2026-03-31T08:40:07+00:00\",\"description\":\"Ensemble de soucoupes pour tasses \u00e0 expresso Mat\u00e9riau\u00a0: Porcelaine Premium Lave-vaisselle\u00a0: oui Convient au micro-ondes\u00a0: oui Dimensions\u00a0: Diam\u00e8tre\u00a0: 120\",\"breadcrumb\":{\"@id\":\"https:\/\/www.erresse-shop.it\/fr\/shop\/table-fr-2\/tasses\/villeroy-boch-memphis-ensemble-de-6-soucoupes-pour-tasses-a-expresso\/#breadcrumb\"},\"inLanguage\":\"fr-FR\",\"potentialAction\":[{\"@type\":\"ReadAction\",\"target\":[\"https:\/\/www.erresse-shop.it\/fr\/shop\/table-fr-2\/tasses\/villeroy-boch-memphis-ensemble-de-6-soucoupes-pour-tasses-a-expresso\/\"]}]},{\"@type\":\"BreadcrumbList\",\"@id\":\"https:\/\/www.erresse-shop.it\/fr\/shop\/table-fr-2\/tasses\/villeroy-boch-memphis-ensemble-de-6-soucoupes-pour-tasses-a-expresso\/#breadcrumb\",\"itemListElement\":[{\"@type\":\"ListItem\",\"position\":1,\"name\":\"Home\",\"item\":\"https:\/\/www.erresse-shop.it\/fr\/\"},{\"@type\":\"ListItem\",\"position\":2,\"name\":\"Shop\",\"item\":\"https:\/\/www.erresse-shop.it\/fr\/shop\/\"},{\"@type\":\"ListItem\",\"position\":3,\"name\":\"VILLEROY &#038; BOCH Memphis Ensemble de 6 soucoupes pour tasses \u00e0 expresso\"}]},{\"@type\":\"WebSite\",\"@id\":\"https:\/\/www.erresse-shop.it\/fr\/#website\",\"url\":\"https:\/\/www.erresse-shop.it\/fr\/\",\"name\":\"Erresse Shop\",\"description\":\"Articoli di qualit\u00e0 per la casa\",\"potentialAction\":[{\"@type\":\"SearchAction\",\"target\":{\"@type\":\"EntryPoint\",\"urlTemplate\":\"https:\/\/www.erresse-shop.it\/fr\/?s={search_term_string}\"},\"query-input\":\"required name=search_term_string\"}],\"inLanguage\":\"fr-FR\"}]}<\/script>\n<!-- \/ Yoast SEO Premium plugin. -->","yoast_head_json":{"title":"VILLEROY & BOCH Memphis Ensemble de 6 soucoupes pour tasses \u00e0 expresso - Erresse Shop","description":"Ensemble de soucoupes pour tasses \u00e0 expresso Mat\u00e9riau\u00a0: Porcelaine Premium Lave-vaisselle\u00a0: oui Convient au micro-ondes\u00a0: oui Dimensions\u00a0: Diam\u00e8tre\u00a0: 120","robots":{"index":"index","follow":"follow","max-snippet":"max-snippet:-1","max-image-preview":"max-image-preview:large","max-video-preview":"max-video-preview:-1"},"canonical":"https:\/\/www.erresse-shop.it\/fr\/shop\/table-fr-2\/tasses\/villeroy-boch-memphis-ensemble-de-6-soucoupes-pour-tasses-a-expresso\/","og_locale":"fr_FR","og_type":"article","og_title":"VILLEROY & BOCH Memphis Ensemble de 6 soucoupes pour tasses \u00e0 expresso","og_description":"Ensemble de soucoupes pour tasses \u00e0 expresso Mat\u00e9riau\u00a0: Porcelaine Premium Lave-vaisselle\u00a0: oui Convient au micro-ondes\u00a0: oui Dimensions\u00a0: Diam\u00e8tre\u00a0: 120","og_url":"https:\/\/www.erresse-shop.it\/fr\/shop\/table-fr-2\/tasses\/villeroy-boch-memphis-ensemble-de-6-soucoupes-pour-tasses-a-expresso\/","og_site_name":"Erresse Shop","article_modified_time":"2026-03-31T08:40:07+00:00","og_image":[{"width":1200,"height":1200,"url":"https:\/\/www.erresse-shop.it\/wp-content\/uploads\/2025\/04\/VILLEROY-BOCH-Memphis-Set-6-Piattini-per-Tazzine-da-Caffe.jpg","type":"image\/jpeg"}],"twitter_card":"summary_large_image","schema":{"@context":"https:\/\/schema.org","@graph":[{"@type":"WebPage","@id":"https:\/\/www.erresse-shop.it\/fr\/shop\/table-fr-2\/tasses\/villeroy-boch-memphis-ensemble-de-6-soucoupes-pour-tasses-a-expresso\/","url":"https:\/\/www.erresse-shop.it\/fr\/shop\/table-fr-2\/tasses\/villeroy-boch-memphis-ensemble-de-6-soucoupes-pour-tasses-a-expresso\/","name":"VILLEROY & BOCH Memphis Ensemble de 6 soucoupes pour tasses \u00e0 expresso - Erresse Shop","isPartOf":{"@id":"https:\/\/www.erresse-shop.it\/fr\/#website"},"datePublished":"2025-04-29T13:05:52+00:00","dateModified":"2026-03-31T08:40:07+00:00","description":"Ensemble de soucoupes pour tasses \u00e0 expresso Mat\u00e9riau\u00a0: Porcelaine Premium Lave-vaisselle\u00a0: oui Convient au micro-ondes\u00a0: oui Dimensions\u00a0: Diam\u00e8tre\u00a0: 120","breadcrumb":{"@id":"https:\/\/www.erresse-shop.it\/fr\/shop\/table-fr-2\/tasses\/villeroy-boch-memphis-ensemble-de-6-soucoupes-pour-tasses-a-expresso\/#breadcrumb"},"inLanguage":"fr-FR","potentialAction":[{"@type":"ReadAction","target":["https:\/\/www.erresse-shop.it\/fr\/shop\/table-fr-2\/tasses\/villeroy-boch-memphis-ensemble-de-6-soucoupes-pour-tasses-a-expresso\/"]}]},{"@type":"BreadcrumbList","@id":"https:\/\/www.erresse-shop.it\/fr\/shop\/table-fr-2\/tasses\/villeroy-boch-memphis-ensemble-de-6-soucoupes-pour-tasses-a-expresso\/#breadcrumb","itemListElement":[{"@type":"ListItem","position":1,"name":"Home","item":"https:\/\/www.erresse-shop.it\/fr\/"},{"@type":"ListItem","position":2,"name":"Shop","item":"https:\/\/www.erresse-shop.it\/fr\/shop\/"},{"@type":"ListItem","position":3,"name":"VILLEROY &#038; BOCH Memphis Ensemble de 6 soucoupes pour tasses \u00e0 expresso"}]},{"@type":"WebSite","@id":"https:\/\/www.erresse-shop.it\/fr\/#website","url":"https:\/\/www.erresse-shop.it\/fr\/","name":"Erresse Shop","description":"Articoli di qualit\u00e0 per la casa","potentialAction":[{"@type":"SearchAction","target":{"@type":"EntryPoint","urlTemplate":"https:\/\/www.erresse-shop.it\/fr\/?s={search_term_string}"},"query-input":"required name=search_term_string"}],"inLanguage":"fr-FR"}]}},"df_price":59,"df_sale_price":59,"df_regular_price":113.4,"df_image_link":"https:\/\/www.erresse-shop.it\/wp-content\/uploads\/2025\/04\/VILLEROY-BOCH-Memphis-Set-6-Piattini-per-Tazzine-da-Caffe-300x300.jpg","_links":{"self":[{"href":"https:\/\/www.erresse-shop.it\/fr\/wp-json\/wp\/v2\/product\/495844"}],"collection":[{"href":"https:\/\/www.erresse-shop.it\/fr\/wp-json\/wp\/v2\/product"}],"about":[{"href":"https:\/\/www.erresse-shop.it\/fr\/wp-json\/wp\/v2\/types\/product"}],"wp:featuredmedia":[{"embeddable":true,"href":"https:\/\/www.erresse-shop.it\/fr\/wp-json\/wp\/v2\/media\/495856"}],"wp:attachment":[{"href":"https:\/\/www.erresse-shop.it\/fr\/wp-json\/wp\/v2\/media?parent=495844"}],"wp:term":[{"taxonomy":"product_cat","embeddable":true,"href":"https:\/\/www.erresse-shop.it\/fr\/wp-json\/wp\/v2\/product_cat?post=495844"},{"taxonomy":"product_tag","embeddable":true,"href":"https:\/\/www.erresse-shop.it\/fr\/wp-json\/wp\/v2\/product_tag?post=495844"}],"curies":[{"name":"wp","href":"https:\/\/api.w.org\/{rel}","templated":true}]}}