{"id":495664,"date":"2025-04-29T09:53:21","date_gmt":"2025-04-29T09:53:24","guid":{"rendered":"https:\/\/www.erresse-shop.it\/?post_type=product&#038;p=495664"},"modified":"2026-02-27T09:18:57","modified_gmt":"2026-02-27T09:18:57","slug":"villeroy-boch-fleur-ensemble-de-6-assiettes-a-dessert-21-cm-jaune","status":"publish","type":"product","link":"https:\/\/www.erresse-shop.it\/fr\/shop\/table-fr-2\/plats\/villeroy-boch-fleur-ensemble-de-6-assiettes-a-dessert-21-cm-jaune\/","title":{"rendered":"VILLEROY &#038; BOCH Fleur Ensemble de 6 assiettes \u00e0 dessert 21 cm Jaune"},"content":{"rendered":"<p class=\"p1\"><strong>Ensemble d&#8217;assiettes \u00e0 dessert<\/strong><\/p>\n<ul>\n<li>Avec ses dimensions de 21,2 cm x 21,2 cm, cette assiette est parfaite pour servir un petit-d\u00e9jeuner copieux.<\/li>\n<li>D\u00e9corative et pratique\u00a0: l&#8217;assiette \u00e0 dessert\/petit-d\u00e9jeuner est id\u00e9ale pour un brunch entre amis.<\/li>\n<li>Une nouvelle combinaison chaque jour\u00a0: ces articles polyvalents s&#8217;utilisent au quotidien et peuvent \u00eatre combin\u00e9s individuellement.<\/li>\n<li>Haute qualit\u00e9\u00a0: l&#8217;assiette \u00e0 dessert\/petit-d\u00e9jeuner est de haute qualit\u00e9 et durable.<\/li>\n<li>Splendeur florale avec une touche de modernit\u00e9\u00a0: les motifs traditionnels sont revisit\u00e9s et fusionnent avec des lignes \u00e9pur\u00e9es et des couleurs contemporaines pour cr\u00e9er un design unique.<\/li>\n<li>Facile d&#8217;entretien et pratique\u00a0: l&#8217;assiette \u00e0 dessert\/petit-d\u00e9jeuner passe au lave-vaisselle et au micro-ondes.<\/li>\n<\/ul>\n<p><strong>Mat\u00e9riau\u00a0:<\/strong> Porcelaine Premium.<br \/>\n<strong>Lave-vaisselle S\u00e9curit\u00e9\u00a0: <\/strong>oui<strong><br \/>\n<strong>Adapt\u00e9 au micro-ondes\u00a0: <\/strong><\/strong>oui<\/p>\n<p><span style=\"font-size: 14pt;\"><strong>Dimensions\u00a0:<\/strong><\/span><\/p>\n<div>\n<div>\n<ul>\n<li><strong>Diam\u00e8tre\u00a0:<\/strong> 212\u00a0mm<\/li>\n<li><strong>Hauteur\u00a0:<\/strong> 24\u00a0mm<\/li>\n<li><strong>Poids\u00a0:<\/strong> 380\u00a0g<\/li>\n<\/ul>\n<\/div>\n<\/div>\n","protected":false},"excerpt":{"rendered":"<p>Ensemble d&#8217;assiettes \u00e0 dessert Avec ses dimensions de 21,2 cm x 21,2 cm, cette assiette est parfaite pour servir un<\/p>\n","protected":false},"featured_media":495675,"template":"","meta":{"_acf_changed":false,"inline_featured_image":false},"product_cat":[12788,12782],"product_tag":[25026,13169,16711,14551,20876,14285,24397,21968],"acf":[],"yoast_head":"<!-- This site is optimized with the Yoast SEO Premium plugin v18.6 (Yoast SEO v19.13) - https:\/\/yoast.com\/wordpress\/plugins\/seo\/ -->\n<title>VILLEROY &amp; BOCH Fleur Ensemble de 6 assiettes \u00e0 dessert 21 cm Jaune - Erresse Shop<\/title>\n<meta name=\"description\" content=\"Ensemble d&#039;assiettes \u00e0 dessert Avec ses dimensions de 21,2 cm x 21,2 cm, cette assiette est parfaite pour servir un petit-d\u00e9jeuner copieux. D\u00e9corative et\" \/>\n<meta name=\"robots\" content=\"index, follow, max-snippet:-1, max-image-preview:large, max-video-preview:-1\" \/>\n<link rel=\"canonical\" href=\"https:\/\/www.erresse-shop.it\/fr\/shop\/table-fr-2\/plats\/villeroy-boch-fleur-ensemble-de-6-assiettes-a-dessert-21-cm-jaune\/\" \/>\n<meta property=\"og:locale\" content=\"fr_FR\" \/>\n<meta property=\"og:type\" content=\"article\" \/>\n<meta property=\"og:title\" content=\"VILLEROY &amp; BOCH Fleur Ensemble de 6 assiettes \u00e0 dessert 21 cm Jaune\" \/>\n<meta property=\"og:description\" content=\"Ensemble d&#039;assiettes \u00e0 dessert Avec ses dimensions de 21,2 cm x 21,2 cm, cette assiette est parfaite pour servir un petit-d\u00e9jeuner copieux. D\u00e9corative et\" \/>\n<meta property=\"og:url\" content=\"https:\/\/www.erresse-shop.it\/fr\/shop\/table-fr-2\/plats\/villeroy-boch-fleur-ensemble-de-6-assiettes-a-dessert-21-cm-jaune\/\" \/>\n<meta property=\"og:site_name\" content=\"Erresse Shop\" \/>\n<meta property=\"article:modified_time\" content=\"2026-02-27T09:18:57+00:00\" \/>\n<meta property=\"og:image\" content=\"https:\/\/www.erresse-shop.it\/wp-content\/uploads\/2025\/04\/VILLEROY-BOCH-Fleur-Set-6-Piatti-Dessert-21-cm-Giallo.jpg\" \/>\n\t<meta property=\"og:image:width\" content=\"1200\" \/>\n\t<meta property=\"og:image:height\" content=\"1200\" \/>\n\t<meta property=\"og:image:type\" content=\"image\/jpeg\" \/>\n<meta name=\"twitter:card\" content=\"summary_large_image\" \/>\n<script type=\"application\/ld+json\" class=\"yoast-schema-graph\">{\"@context\":\"https:\/\/schema.org\",\"@graph\":[{\"@type\":\"WebPage\",\"@id\":\"https:\/\/www.erresse-shop.it\/fr\/shop\/table-fr-2\/plats\/villeroy-boch-fleur-ensemble-de-6-assiettes-a-dessert-21-cm-jaune\/\",\"url\":\"https:\/\/www.erresse-shop.it\/fr\/shop\/table-fr-2\/plats\/villeroy-boch-fleur-ensemble-de-6-assiettes-a-dessert-21-cm-jaune\/\",\"name\":\"VILLEROY & BOCH Fleur Ensemble de 6 assiettes \u00e0 dessert 21 cm Jaune - Erresse Shop\",\"isPartOf\":{\"@id\":\"https:\/\/www.erresse-shop.it\/fr\/#website\"},\"datePublished\":\"2025-04-29T09:53:24+00:00\",\"dateModified\":\"2026-02-27T09:18:57+00:00\",\"description\":\"Ensemble d'assiettes \u00e0 dessert Avec ses dimensions de 21,2 cm x 21,2 cm, cette assiette est parfaite pour servir un petit-d\u00e9jeuner copieux. D\u00e9corative et\",\"breadcrumb\":{\"@id\":\"https:\/\/www.erresse-shop.it\/fr\/shop\/table-fr-2\/plats\/villeroy-boch-fleur-ensemble-de-6-assiettes-a-dessert-21-cm-jaune\/#breadcrumb\"},\"inLanguage\":\"fr-FR\",\"potentialAction\":[{\"@type\":\"ReadAction\",\"target\":[\"https:\/\/www.erresse-shop.it\/fr\/shop\/table-fr-2\/plats\/villeroy-boch-fleur-ensemble-de-6-assiettes-a-dessert-21-cm-jaune\/\"]}]},{\"@type\":\"BreadcrumbList\",\"@id\":\"https:\/\/www.erresse-shop.it\/fr\/shop\/table-fr-2\/plats\/villeroy-boch-fleur-ensemble-de-6-assiettes-a-dessert-21-cm-jaune\/#breadcrumb\",\"itemListElement\":[{\"@type\":\"ListItem\",\"position\":1,\"name\":\"Home\",\"item\":\"https:\/\/www.erresse-shop.it\/fr\/\"},{\"@type\":\"ListItem\",\"position\":2,\"name\":\"Shop\",\"item\":\"https:\/\/www.erresse-shop.it\/fr\/shop\/\"},{\"@type\":\"ListItem\",\"position\":3,\"name\":\"VILLEROY &#038; BOCH Fleur Ensemble de 6 assiettes \u00e0 dessert 21 cm Jaune\"}]},{\"@type\":\"WebSite\",\"@id\":\"https:\/\/www.erresse-shop.it\/fr\/#website\",\"url\":\"https:\/\/www.erresse-shop.it\/fr\/\",\"name\":\"Erresse Shop\",\"description\":\"Articoli di qualit\u00e0 per la casa\",\"potentialAction\":[{\"@type\":\"SearchAction\",\"target\":{\"@type\":\"EntryPoint\",\"urlTemplate\":\"https:\/\/www.erresse-shop.it\/fr\/?s={search_term_string}\"},\"query-input\":\"required name=search_term_string\"}],\"inLanguage\":\"fr-FR\"}]}<\/script>\n<!-- \/ Yoast SEO Premium plugin. -->","yoast_head_json":{"title":"VILLEROY & BOCH Fleur Ensemble de 6 assiettes \u00e0 dessert 21 cm Jaune - Erresse Shop","description":"Ensemble d'assiettes \u00e0 dessert Avec ses dimensions de 21,2 cm x 21,2 cm, cette assiette est parfaite pour servir un petit-d\u00e9jeuner copieux. D\u00e9corative et","robots":{"index":"index","follow":"follow","max-snippet":"max-snippet:-1","max-image-preview":"max-image-preview:large","max-video-preview":"max-video-preview:-1"},"canonical":"https:\/\/www.erresse-shop.it\/fr\/shop\/table-fr-2\/plats\/villeroy-boch-fleur-ensemble-de-6-assiettes-a-dessert-21-cm-jaune\/","og_locale":"fr_FR","og_type":"article","og_title":"VILLEROY & BOCH Fleur Ensemble de 6 assiettes \u00e0 dessert 21 cm Jaune","og_description":"Ensemble d'assiettes \u00e0 dessert Avec ses dimensions de 21,2 cm x 21,2 cm, cette assiette est parfaite pour servir un petit-d\u00e9jeuner copieux. D\u00e9corative et","og_url":"https:\/\/www.erresse-shop.it\/fr\/shop\/table-fr-2\/plats\/villeroy-boch-fleur-ensemble-de-6-assiettes-a-dessert-21-cm-jaune\/","og_site_name":"Erresse Shop","article_modified_time":"2026-02-27T09:18:57+00:00","og_image":[{"width":1200,"height":1200,"url":"https:\/\/www.erresse-shop.it\/wp-content\/uploads\/2025\/04\/VILLEROY-BOCH-Fleur-Set-6-Piatti-Dessert-21-cm-Giallo.jpg","type":"image\/jpeg"}],"twitter_card":"summary_large_image","schema":{"@context":"https:\/\/schema.org","@graph":[{"@type":"WebPage","@id":"https:\/\/www.erresse-shop.it\/fr\/shop\/table-fr-2\/plats\/villeroy-boch-fleur-ensemble-de-6-assiettes-a-dessert-21-cm-jaune\/","url":"https:\/\/www.erresse-shop.it\/fr\/shop\/table-fr-2\/plats\/villeroy-boch-fleur-ensemble-de-6-assiettes-a-dessert-21-cm-jaune\/","name":"VILLEROY & BOCH Fleur Ensemble de 6 assiettes \u00e0 dessert 21 cm Jaune - Erresse Shop","isPartOf":{"@id":"https:\/\/www.erresse-shop.it\/fr\/#website"},"datePublished":"2025-04-29T09:53:24+00:00","dateModified":"2026-02-27T09:18:57+00:00","description":"Ensemble d'assiettes \u00e0 dessert Avec ses dimensions de 21,2 cm x 21,2 cm, cette assiette est parfaite pour servir un petit-d\u00e9jeuner copieux. D\u00e9corative et","breadcrumb":{"@id":"https:\/\/www.erresse-shop.it\/fr\/shop\/table-fr-2\/plats\/villeroy-boch-fleur-ensemble-de-6-assiettes-a-dessert-21-cm-jaune\/#breadcrumb"},"inLanguage":"fr-FR","potentialAction":[{"@type":"ReadAction","target":["https:\/\/www.erresse-shop.it\/fr\/shop\/table-fr-2\/plats\/villeroy-boch-fleur-ensemble-de-6-assiettes-a-dessert-21-cm-jaune\/"]}]},{"@type":"BreadcrumbList","@id":"https:\/\/www.erresse-shop.it\/fr\/shop\/table-fr-2\/plats\/villeroy-boch-fleur-ensemble-de-6-assiettes-a-dessert-21-cm-jaune\/#breadcrumb","itemListElement":[{"@type":"ListItem","position":1,"name":"Home","item":"https:\/\/www.erresse-shop.it\/fr\/"},{"@type":"ListItem","position":2,"name":"Shop","item":"https:\/\/www.erresse-shop.it\/fr\/shop\/"},{"@type":"ListItem","position":3,"name":"VILLEROY &#038; BOCH Fleur Ensemble de 6 assiettes \u00e0 dessert 21 cm Jaune"}]},{"@type":"WebSite","@id":"https:\/\/www.erresse-shop.it\/fr\/#website","url":"https:\/\/www.erresse-shop.it\/fr\/","name":"Erresse Shop","description":"Articoli di qualit\u00e0 per la casa","potentialAction":[{"@type":"SearchAction","target":{"@type":"EntryPoint","urlTemplate":"https:\/\/www.erresse-shop.it\/fr\/?s={search_term_string}"},"query-input":"required name=search_term_string"}],"inLanguage":"fr-FR"}]}},"df_price":56.7,"df_sale_price":56.7,"df_regular_price":113.4,"df_image_link":"https:\/\/www.erresse-shop.it\/wp-content\/uploads\/2025\/04\/VILLEROY-BOCH-Fleur-Set-6-Piatti-Dessert-21-cm-Giallo-300x300.jpg","_links":{"self":[{"href":"https:\/\/www.erresse-shop.it\/fr\/wp-json\/wp\/v2\/product\/495664"}],"collection":[{"href":"https:\/\/www.erresse-shop.it\/fr\/wp-json\/wp\/v2\/product"}],"about":[{"href":"https:\/\/www.erresse-shop.it\/fr\/wp-json\/wp\/v2\/types\/product"}],"wp:featuredmedia":[{"embeddable":true,"href":"https:\/\/www.erresse-shop.it\/fr\/wp-json\/wp\/v2\/media\/495675"}],"wp:attachment":[{"href":"https:\/\/www.erresse-shop.it\/fr\/wp-json\/wp\/v2\/media?parent=495664"}],"wp:term":[{"taxonomy":"product_cat","embeddable":true,"href":"https:\/\/www.erresse-shop.it\/fr\/wp-json\/wp\/v2\/product_cat?post=495664"},{"taxonomy":"product_tag","embeddable":true,"href":"https:\/\/www.erresse-shop.it\/fr\/wp-json\/wp\/v2\/product_tag?post=495664"}],"curies":[{"name":"wp","href":"https:\/\/api.w.org\/{rel}","templated":true}]}}