{"id":495433,"date":"2025-04-28T13:59:45","date_gmt":"2025-04-28T14:01:18","guid":{"rendered":"https:\/\/www.erresse-shop.it\/?post_type=product&#038;p=495433"},"modified":"2026-02-10T09:47:41","modified_gmt":"2026-02-10T09:47:41","slug":"villeroy-boch-ensemble-de-6-tasses-a-expresso-rose","status":"publish","type":"product","link":"https:\/\/www.erresse-shop.it\/fr\/shop\/table-fr-2\/tasses\/villeroy-boch-ensemble-de-6-tasses-a-expresso-rose\/","title":{"rendered":"VILLEROY &#038; BOCH Ensemble de 6 tasses \u00e0 expresso Rose"},"content":{"rendered":"<p class=\"p1\"><strong>Ensemble de tasses \u00e0 expresso<\/strong><\/p>\n<ul>\n<li>Avec ses dimensions de 8,4 cm x 6,1 cm, la tasse est id\u00e9ale pour d\u00e9guster un caf\u00e9<\/li>\n<li>La vie quotidienne et le mix &amp; des assortiments parfaitement assortis : les articles offrent des options de combinaison cr\u00e9atives pour chaque moment de la journ\u00e9e<\/li>\n<li>Qualit\u00e9 authentique : gr\u00e2ce \u00e0 la porcelaine Premium, la tasse \u00e0 caf\u00e9 est durable et robuste<\/li>\n<li>Une interpr\u00e9tation moderne de la fleur : des motifs classiques rencontrent des motifs graphiques frais et des couleurs vives.<\/li>\n<li>Facile \u00e0 entretenir : peut \u00eatre facilement lav\u00e9 au lave-vaisselle apr\u00e8s utilisation ou pour enlever la salet\u00e9<\/li>\n<\/ul>\n<p><strong>Mat\u00e9riau\u00a0:<\/strong> Porcelaine de qualit\u00e9 sup\u00e9rieure<br \/>\n<b>Volume\u00a0: <\/b>70 ml<br \/>\n<strong>Lave-vaisselle\u00a0:<\/strong> oui<br \/>\n<strong>Convient au micro-ondes\u00a0:<\/strong> oui<\/p>\n","protected":false},"excerpt":{"rendered":"<p>Ensemble de tasses \u00e0 expresso Avec ses dimensions de 8,4 cm x 6,1 cm, la tasse est id\u00e9ale pour d\u00e9guster<\/p>\n","protected":false},"featured_media":495444,"template":"","meta":{"_acf_changed":false,"inline_featured_image":false},"product_cat":[12782,12791],"product_tag":[25026,24397,15764,14560,16473,21934],"acf":[],"yoast_head":"<!-- This site is optimized with the Yoast SEO Premium plugin v18.6 (Yoast SEO v19.13) - https:\/\/yoast.com\/wordpress\/plugins\/seo\/ -->\n<title>VILLEROY &amp; BOCH Ensemble de 6 tasses \u00e0 expresso Rose - Erresse Shop<\/title>\n<meta name=\"description\" content=\"Ensemble de tasses \u00e0 expresso Avec ses dimensions de 8,4 cm x 6,1 cm, la tasse est id\u00e9ale pour d\u00e9guster un caf\u00e9 La vie quotidienne et le mix &amp; des\" \/>\n<meta name=\"robots\" content=\"index, follow, max-snippet:-1, max-image-preview:large, max-video-preview:-1\" \/>\n<link rel=\"canonical\" href=\"https:\/\/www.erresse-shop.it\/fr\/shop\/table-fr-2\/tasses\/villeroy-boch-ensemble-de-6-tasses-a-expresso-rose\/\" \/>\n<meta property=\"og:locale\" content=\"fr_FR\" \/>\n<meta property=\"og:type\" content=\"article\" \/>\n<meta property=\"og:title\" content=\"VILLEROY &amp; BOCH Ensemble de 6 tasses \u00e0 expresso Rose\" \/>\n<meta property=\"og:description\" content=\"Ensemble de tasses \u00e0 expresso Avec ses dimensions de 8,4 cm x 6,1 cm, la tasse est id\u00e9ale pour d\u00e9guster un caf\u00e9 La vie quotidienne et le mix &amp; des\" \/>\n<meta property=\"og:url\" content=\"https:\/\/www.erresse-shop.it\/fr\/shop\/table-fr-2\/tasses\/villeroy-boch-ensemble-de-6-tasses-a-expresso-rose\/\" \/>\n<meta property=\"og:site_name\" content=\"Erresse Shop\" \/>\n<meta property=\"article:modified_time\" content=\"2026-02-10T09:47:41+00:00\" \/>\n<meta property=\"og:image\" content=\"https:\/\/www.erresse-shop.it\/wp-content\/uploads\/2025\/04\/VILLEROY-BOCH-Fleur-Set-6-Tazzine-da-Caffe-Rosa.jpg\" \/>\n\t<meta property=\"og:image:width\" content=\"1200\" \/>\n\t<meta property=\"og:image:height\" content=\"1200\" \/>\n\t<meta property=\"og:image:type\" content=\"image\/jpeg\" \/>\n<meta name=\"twitter:card\" content=\"summary_large_image\" \/>\n<script type=\"application\/ld+json\" class=\"yoast-schema-graph\">{\"@context\":\"https:\/\/schema.org\",\"@graph\":[{\"@type\":\"WebPage\",\"@id\":\"https:\/\/www.erresse-shop.it\/fr\/shop\/table-fr-2\/tasses\/villeroy-boch-ensemble-de-6-tasses-a-expresso-rose\/\",\"url\":\"https:\/\/www.erresse-shop.it\/fr\/shop\/table-fr-2\/tasses\/villeroy-boch-ensemble-de-6-tasses-a-expresso-rose\/\",\"name\":\"VILLEROY & BOCH Ensemble de 6 tasses \u00e0 expresso Rose - Erresse Shop\",\"isPartOf\":{\"@id\":\"https:\/\/www.erresse-shop.it\/fr\/#website\"},\"datePublished\":\"2025-04-28T14:01:18+00:00\",\"dateModified\":\"2026-02-10T09:47:41+00:00\",\"description\":\"Ensemble de tasses \u00e0 expresso Avec ses dimensions de 8,4 cm x 6,1 cm, la tasse est id\u00e9ale pour d\u00e9guster un caf\u00e9 La vie quotidienne et le mix &amp; des\",\"breadcrumb\":{\"@id\":\"https:\/\/www.erresse-shop.it\/fr\/shop\/table-fr-2\/tasses\/villeroy-boch-ensemble-de-6-tasses-a-expresso-rose\/#breadcrumb\"},\"inLanguage\":\"fr-FR\",\"potentialAction\":[{\"@type\":\"ReadAction\",\"target\":[\"https:\/\/www.erresse-shop.it\/fr\/shop\/table-fr-2\/tasses\/villeroy-boch-ensemble-de-6-tasses-a-expresso-rose\/\"]}]},{\"@type\":\"BreadcrumbList\",\"@id\":\"https:\/\/www.erresse-shop.it\/fr\/shop\/table-fr-2\/tasses\/villeroy-boch-ensemble-de-6-tasses-a-expresso-rose\/#breadcrumb\",\"itemListElement\":[{\"@type\":\"ListItem\",\"position\":1,\"name\":\"Home\",\"item\":\"https:\/\/www.erresse-shop.it\/fr\/\"},{\"@type\":\"ListItem\",\"position\":2,\"name\":\"Shop\",\"item\":\"https:\/\/www.erresse-shop.it\/fr\/shop\/\"},{\"@type\":\"ListItem\",\"position\":3,\"name\":\"VILLEROY &#038; BOCH Ensemble de 6 tasses \u00e0 expresso Rose\"}]},{\"@type\":\"WebSite\",\"@id\":\"https:\/\/www.erresse-shop.it\/fr\/#website\",\"url\":\"https:\/\/www.erresse-shop.it\/fr\/\",\"name\":\"Erresse Shop\",\"description\":\"Articoli di qualit\u00e0 per la casa\",\"potentialAction\":[{\"@type\":\"SearchAction\",\"target\":{\"@type\":\"EntryPoint\",\"urlTemplate\":\"https:\/\/www.erresse-shop.it\/fr\/?s={search_term_string}\"},\"query-input\":\"required name=search_term_string\"}],\"inLanguage\":\"fr-FR\"}]}<\/script>\n<!-- \/ Yoast SEO Premium plugin. -->","yoast_head_json":{"title":"VILLEROY & BOCH Ensemble de 6 tasses \u00e0 expresso Rose - Erresse Shop","description":"Ensemble de tasses \u00e0 expresso Avec ses dimensions de 8,4 cm x 6,1 cm, la tasse est id\u00e9ale pour d\u00e9guster un caf\u00e9 La vie quotidienne et le mix &amp; des","robots":{"index":"index","follow":"follow","max-snippet":"max-snippet:-1","max-image-preview":"max-image-preview:large","max-video-preview":"max-video-preview:-1"},"canonical":"https:\/\/www.erresse-shop.it\/fr\/shop\/table-fr-2\/tasses\/villeroy-boch-ensemble-de-6-tasses-a-expresso-rose\/","og_locale":"fr_FR","og_type":"article","og_title":"VILLEROY & BOCH Ensemble de 6 tasses \u00e0 expresso Rose","og_description":"Ensemble de tasses \u00e0 expresso Avec ses dimensions de 8,4 cm x 6,1 cm, la tasse est id\u00e9ale pour d\u00e9guster un caf\u00e9 La vie quotidienne et le mix &amp; des","og_url":"https:\/\/www.erresse-shop.it\/fr\/shop\/table-fr-2\/tasses\/villeroy-boch-ensemble-de-6-tasses-a-expresso-rose\/","og_site_name":"Erresse Shop","article_modified_time":"2026-02-10T09:47:41+00:00","og_image":[{"width":1200,"height":1200,"url":"https:\/\/www.erresse-shop.it\/wp-content\/uploads\/2025\/04\/VILLEROY-BOCH-Fleur-Set-6-Tazzine-da-Caffe-Rosa.jpg","type":"image\/jpeg"}],"twitter_card":"summary_large_image","schema":{"@context":"https:\/\/schema.org","@graph":[{"@type":"WebPage","@id":"https:\/\/www.erresse-shop.it\/fr\/shop\/table-fr-2\/tasses\/villeroy-boch-ensemble-de-6-tasses-a-expresso-rose\/","url":"https:\/\/www.erresse-shop.it\/fr\/shop\/table-fr-2\/tasses\/villeroy-boch-ensemble-de-6-tasses-a-expresso-rose\/","name":"VILLEROY & BOCH Ensemble de 6 tasses \u00e0 expresso Rose - Erresse Shop","isPartOf":{"@id":"https:\/\/www.erresse-shop.it\/fr\/#website"},"datePublished":"2025-04-28T14:01:18+00:00","dateModified":"2026-02-10T09:47:41+00:00","description":"Ensemble de tasses \u00e0 expresso Avec ses dimensions de 8,4 cm x 6,1 cm, la tasse est id\u00e9ale pour d\u00e9guster un caf\u00e9 La vie quotidienne et le mix &amp; des","breadcrumb":{"@id":"https:\/\/www.erresse-shop.it\/fr\/shop\/table-fr-2\/tasses\/villeroy-boch-ensemble-de-6-tasses-a-expresso-rose\/#breadcrumb"},"inLanguage":"fr-FR","potentialAction":[{"@type":"ReadAction","target":["https:\/\/www.erresse-shop.it\/fr\/shop\/table-fr-2\/tasses\/villeroy-boch-ensemble-de-6-tasses-a-expresso-rose\/"]}]},{"@type":"BreadcrumbList","@id":"https:\/\/www.erresse-shop.it\/fr\/shop\/table-fr-2\/tasses\/villeroy-boch-ensemble-de-6-tasses-a-expresso-rose\/#breadcrumb","itemListElement":[{"@type":"ListItem","position":1,"name":"Home","item":"https:\/\/www.erresse-shop.it\/fr\/"},{"@type":"ListItem","position":2,"name":"Shop","item":"https:\/\/www.erresse-shop.it\/fr\/shop\/"},{"@type":"ListItem","position":3,"name":"VILLEROY &#038; BOCH Ensemble de 6 tasses \u00e0 expresso Rose"}]},{"@type":"WebSite","@id":"https:\/\/www.erresse-shop.it\/fr\/#website","url":"https:\/\/www.erresse-shop.it\/fr\/","name":"Erresse Shop","description":"Articoli di qualit\u00e0 per la casa","potentialAction":[{"@type":"SearchAction","target":{"@type":"EntryPoint","urlTemplate":"https:\/\/www.erresse-shop.it\/fr\/?s={search_term_string}"},"query-input":"required name=search_term_string"}],"inLanguage":"fr-FR"}]}},"df_price":41,"df_sale_price":41,"df_regular_price":83.4,"df_image_link":"https:\/\/www.erresse-shop.it\/wp-content\/uploads\/2025\/04\/VILLEROY-BOCH-Fleur-Set-6-Tazzine-da-Caffe-Rosa-300x300.jpg","_links":{"self":[{"href":"https:\/\/www.erresse-shop.it\/fr\/wp-json\/wp\/v2\/product\/495433"}],"collection":[{"href":"https:\/\/www.erresse-shop.it\/fr\/wp-json\/wp\/v2\/product"}],"about":[{"href":"https:\/\/www.erresse-shop.it\/fr\/wp-json\/wp\/v2\/types\/product"}],"wp:featuredmedia":[{"embeddable":true,"href":"https:\/\/www.erresse-shop.it\/fr\/wp-json\/wp\/v2\/media\/495444"}],"wp:attachment":[{"href":"https:\/\/www.erresse-shop.it\/fr\/wp-json\/wp\/v2\/media?parent=495433"}],"wp:term":[{"taxonomy":"product_cat","embeddable":true,"href":"https:\/\/www.erresse-shop.it\/fr\/wp-json\/wp\/v2\/product_cat?post=495433"},{"taxonomy":"product_tag","embeddable":true,"href":"https:\/\/www.erresse-shop.it\/fr\/wp-json\/wp\/v2\/product_tag?post=495433"}],"curies":[{"name":"wp","href":"https:\/\/api.w.org\/{rel}","templated":true}]}}