{"id":495267,"date":"2025-04-28T05:53:34","date_gmt":"2025-04-28T05:53:36","guid":{"rendered":"https:\/\/www.erresse-shop.it\/?post_type=product&#038;p=495267"},"modified":"2026-02-27T09:34:44","modified_gmt":"2026-02-27T09:34:44","slug":"staub-tajine-en-fonte-20-cm-creme","status":"publish","type":"product","link":"https:\/\/www.erresse-shop.it\/fr\/shop\/poeles-pots\/tajine\/staub-tajine-en-fonte-20-cm-creme\/","title":{"rendered":"STAUB Tajine en fonte 20 cm Cr\u00e8me"},"content":{"rendered":"<p>Le tajine rond de la s\u00e9rie de sp\u00e9cialit\u00e9s Staub vous permet de pr\u00e9parer des sp\u00e9cialit\u00e9s culinaires exquises. Ces pots sont originaires du Maroc, fabriqu\u00e9s et d\u00e9velopp\u00e9s il y a longtemps par les tribus berb\u00e8res. Leur forme particuli\u00e8re et leur couvercle herm\u00e9tique permettent aux ar\u00f4mes des ingr\u00e9dients de se r\u00e9v\u00e9ler pleinement et de se m\u00e9langer. Le tajine poss\u00e8de une base en fonte noire qui retient parfaitement la chaleur et la redistribue lentement et uniform\u00e9ment. Les plats sont cuisin\u00e9s avec douceur et sant\u00e9. Le couvercle en c\u00e9ramique de couleur cr\u00e8me cr\u00e9e un joli contraste avec la base. Vous pouvez utiliser cette casserole sur tous types de plaques de cuisson et aussi, bien s\u00fbr, au four. Vos invit\u00e9s seront \u00e9merveill\u00e9s par le look exotique de ce pot et auront h\u00e2te de d\u00e9guster vos d\u00e9licieuses cr\u00e9ations. Ce tajine de 20 cm de diam\u00e8tre est suffisamment grand pour permettre la composition de plusieurs couches d&#8217;ingr\u00e9dients. Vous pouvez cuisiner de la viande, des l\u00e9gumes et de d\u00e9licieux rago\u00fbts avec de nombreux ingr\u00e9dients. Vous pourrez utiliser ce pot pour des sp\u00e9cialit\u00e9s marocaines, en vous laissant inspirer pour un voyage \u00e0 la d\u00e9couverte de la cuisine saine et savoureuse de l&#8217;Afrique du Nord.<\/p>\n<ul>\n<li>Il est id\u00e9al pour pr\u00e9parer des plats traditionnels marocains<\/li>\n<li>Saisir la viande sur la base en fonte<\/li>\n<li>Ajoutez les \u00e9pices et les l\u00e9gumes et continuez \u00e0 braiser au four en couvrant avec le couvercle en c\u00e9ramique<\/li>\n<li>L&#8217;\u00e9mail int\u00e9rieur noir mat est id\u00e9al pour des braisages particuli\u00e8rement croustillants et est tr\u00e8s r\u00e9sistant<\/li>\n<li>Convient \u00e0 tous les types de plaques de cuisson, y compris l&#8217;induction, peut \u00e9galement \u00eatre plac\u00e9 au four\/grill<\/li>\n<\/ul>\n<div class=\"dimensions-content\">\n<p><strong><span class=\"dimensions\">Caract\u00e9ristiques<\/span><\/strong><\/p>\n<div class=\"product-main-attributes\">\n<ul>\n<li class=\"attribute\"><strong><span class=\"label\">R\u00e9sistance \u00e0 la chaleur\u00a0: <\/span><\/strong><span class=\"value\">260\u00a0\u00baC<\/span><\/li>\n<li class=\"attribute\"><strong><span class=\"label\">R\u00e9sistance au froid\u00a0: <\/span><\/strong><span class=\"value\">-20\u00a0\u00baC<\/span><\/li>\n<li class=\"attribute\"><strong><span class=\"label\">Mat\u00e9riau\u00a0: <\/span><\/strong><span class=\"value\">fonte<\/span><\/li>\n<li class=\"attribute\"><span class=\"label\"><strong>Rev\u00eatement int\u00e9rieur\u00a0:<\/strong> <\/span><span class=\"value\">\u00e9mail<\/span><\/li>\n<li class=\"attribute\"><strong><span class=\"label\">Induction\u00a0: <\/span><\/strong><span class=\"value\">Oui<\/span><\/li>\n<li class=\"attribute\"><strong><span class=\"label\">Convient au four\u00a0: <\/span><\/strong><span class=\"value\">Oui<\/span><\/li>\n<li class=\"attribute\"><span class=\"label\"><strong>Passe au micro-ondes\u00a0:<\/strong> <\/span><span class=\"value\">Oui<\/span><\/li>\n<li class=\"attribute\"><span class=\"label\"><strong>Lave-vaisselle\u00a0:<\/strong> <\/span><span class=\"value\">Oui<\/span><\/li>\n<\/ul>\n<\/div>\n<\/div>\n<div class=\"dimensions-content\">\n<p><strong><span class=\"dimensions\">DIMENSIONS<\/span><\/strong><\/p>\n<div class=\"product-main-attributes\">\n<ul>\n<li class=\"attribute\"><strong><span class=\"label\">Poids net\u00a0: <\/span><\/strong><span class=\"value\">1,80 kg<\/span><\/li>\n<li class=\"attribute\"><span class=\"label\"><strong>Capacit\u00e9\u00a0:<\/strong> <\/span><span class=\"value\">0,60 l<\/span><\/li>\n<li class=\"attribute\"><strong><span class=\"label\">Longueur du produit\u00a0: <\/span><\/strong><span class=\"value\">20,00 cm<\/span><\/li>\n<li class=\"attribute\"><strong><span class=\"label\">Largeur du produit\u00a0: <\/span><\/strong><span class=\"value\">20,00 cm<\/span><\/li>\n<li class=\"attribute\"><strong><span class=\"label\">Hauteur du produit\u00a0: <\/span><\/strong><span class=\"value\">15,60 cm<\/span><\/li>\n<li class=\"attribute\"><strong><span class=\"label\">Hauteur sans couvercle\u00a0: <\/span><\/strong><span class=\"value\">4,00 cm<\/span><\/li>\n<li class=\"attribute\"><strong><span class=\"label\">Diam\u00e8tre sup\u00e9rieur\u00a0: <\/span><\/strong><span class=\"value\">20,00 cm<\/span><\/li>\n<li class=\"attribute\"><strong><span class=\"label\">Diam\u00e8tre du fond\u00a0: <\/span><\/strong><span class=\"value\">14,00 cm<\/span><\/li>\n<\/ul>\n<\/div>\n<\/div>\n","protected":false},"excerpt":{"rendered":"<p>Le tajine rond de la s\u00e9rie de sp\u00e9cialit\u00e9s Staub vous permet de pr\u00e9parer des sp\u00e9cialit\u00e9s culinaires exquises. Ces pots sont<\/p>\n","protected":false},"featured_media":495292,"template":"","meta":{"_acf_changed":false,"inline_featured_image":false},"product_cat":[12458,14784],"product_tag":[25086,21529,25021,12994,12461,12465,12468,13272],"acf":[],"yoast_head":"<!-- This site is optimized with the Yoast SEO Premium plugin v18.6 (Yoast SEO v19.13) - https:\/\/yoast.com\/wordpress\/plugins\/seo\/ -->\n<title>STAUB Tajine en fonte 20 cm Cr\u00e8me - Erresse Shop<\/title>\n<meta name=\"description\" content=\"Le tajine rond de la s\u00e9rie de sp\u00e9cialit\u00e9s Staub vous permet de pr\u00e9parer des sp\u00e9cialit\u00e9s culinaires exquises. Ces pots sont originaires du Maroc, fabriqu\u00e9s\" \/>\n<meta name=\"robots\" content=\"index, follow, max-snippet:-1, max-image-preview:large, max-video-preview:-1\" \/>\n<link rel=\"canonical\" href=\"https:\/\/www.erresse-shop.it\/fr\/shop\/poeles-pots\/tajine\/staub-tajine-en-fonte-20-cm-creme\/\" \/>\n<meta property=\"og:locale\" content=\"fr_FR\" \/>\n<meta property=\"og:type\" content=\"article\" \/>\n<meta property=\"og:title\" content=\"STAUB Tajine en fonte 20 cm Cr\u00e8me\" \/>\n<meta property=\"og:description\" content=\"Le tajine rond de la s\u00e9rie de sp\u00e9cialit\u00e9s Staub vous permet de pr\u00e9parer des sp\u00e9cialit\u00e9s culinaires exquises. Ces pots sont originaires du Maroc, fabriqu\u00e9s\" \/>\n<meta property=\"og:url\" content=\"https:\/\/www.erresse-shop.it\/fr\/shop\/poeles-pots\/tajine\/staub-tajine-en-fonte-20-cm-creme\/\" \/>\n<meta property=\"og:site_name\" content=\"Erresse Shop\" \/>\n<meta property=\"article:modified_time\" content=\"2026-02-27T09:34:44+00:00\" \/>\n<meta property=\"og:image\" content=\"https:\/\/www.erresse-shop.it\/wp-content\/uploads\/2025\/04\/STAUB-Tajine-Ghisa-20-cm-Crema.jpg\" \/>\n\t<meta property=\"og:image:width\" content=\"1200\" \/>\n\t<meta property=\"og:image:height\" content=\"1200\" \/>\n\t<meta property=\"og:image:type\" content=\"image\/jpeg\" \/>\n<meta name=\"twitter:card\" content=\"summary_large_image\" \/>\n<script type=\"application\/ld+json\" class=\"yoast-schema-graph\">{\"@context\":\"https:\/\/schema.org\",\"@graph\":[{\"@type\":\"WebPage\",\"@id\":\"https:\/\/www.erresse-shop.it\/fr\/shop\/poeles-pots\/tajine\/staub-tajine-en-fonte-20-cm-creme\/\",\"url\":\"https:\/\/www.erresse-shop.it\/fr\/shop\/poeles-pots\/tajine\/staub-tajine-en-fonte-20-cm-creme\/\",\"name\":\"STAUB Tajine en fonte 20 cm Cr\u00e8me - Erresse Shop\",\"isPartOf\":{\"@id\":\"https:\/\/www.erresse-shop.it\/fr\/#website\"},\"datePublished\":\"2025-04-28T05:53:36+00:00\",\"dateModified\":\"2026-02-27T09:34:44+00:00\",\"description\":\"Le tajine rond de la s\u00e9rie de sp\u00e9cialit\u00e9s Staub vous permet de pr\u00e9parer des sp\u00e9cialit\u00e9s culinaires exquises. Ces pots sont originaires du Maroc, fabriqu\u00e9s\",\"breadcrumb\":{\"@id\":\"https:\/\/www.erresse-shop.it\/fr\/shop\/poeles-pots\/tajine\/staub-tajine-en-fonte-20-cm-creme\/#breadcrumb\"},\"inLanguage\":\"fr-FR\",\"potentialAction\":[{\"@type\":\"ReadAction\",\"target\":[\"https:\/\/www.erresse-shop.it\/fr\/shop\/poeles-pots\/tajine\/staub-tajine-en-fonte-20-cm-creme\/\"]}]},{\"@type\":\"BreadcrumbList\",\"@id\":\"https:\/\/www.erresse-shop.it\/fr\/shop\/poeles-pots\/tajine\/staub-tajine-en-fonte-20-cm-creme\/#breadcrumb\",\"itemListElement\":[{\"@type\":\"ListItem\",\"position\":1,\"name\":\"Home\",\"item\":\"https:\/\/www.erresse-shop.it\/fr\/\"},{\"@type\":\"ListItem\",\"position\":2,\"name\":\"Shop\",\"item\":\"https:\/\/www.erresse-shop.it\/fr\/shop\/\"},{\"@type\":\"ListItem\",\"position\":3,\"name\":\"STAUB Tajine en fonte 20 cm Cr\u00e8me\"}]},{\"@type\":\"WebSite\",\"@id\":\"https:\/\/www.erresse-shop.it\/fr\/#website\",\"url\":\"https:\/\/www.erresse-shop.it\/fr\/\",\"name\":\"Erresse Shop\",\"description\":\"Articoli di qualit\u00e0 per la casa\",\"potentialAction\":[{\"@type\":\"SearchAction\",\"target\":{\"@type\":\"EntryPoint\",\"urlTemplate\":\"https:\/\/www.erresse-shop.it\/fr\/?s={search_term_string}\"},\"query-input\":\"required name=search_term_string\"}],\"inLanguage\":\"fr-FR\"}]}<\/script>\n<!-- \/ Yoast SEO Premium plugin. -->","yoast_head_json":{"title":"STAUB Tajine en fonte 20 cm Cr\u00e8me - Erresse Shop","description":"Le tajine rond de la s\u00e9rie de sp\u00e9cialit\u00e9s Staub vous permet de pr\u00e9parer des sp\u00e9cialit\u00e9s culinaires exquises. Ces pots sont originaires du Maroc, fabriqu\u00e9s","robots":{"index":"index","follow":"follow","max-snippet":"max-snippet:-1","max-image-preview":"max-image-preview:large","max-video-preview":"max-video-preview:-1"},"canonical":"https:\/\/www.erresse-shop.it\/fr\/shop\/poeles-pots\/tajine\/staub-tajine-en-fonte-20-cm-creme\/","og_locale":"fr_FR","og_type":"article","og_title":"STAUB Tajine en fonte 20 cm Cr\u00e8me","og_description":"Le tajine rond de la s\u00e9rie de sp\u00e9cialit\u00e9s Staub vous permet de pr\u00e9parer des sp\u00e9cialit\u00e9s culinaires exquises. Ces pots sont originaires du Maroc, fabriqu\u00e9s","og_url":"https:\/\/www.erresse-shop.it\/fr\/shop\/poeles-pots\/tajine\/staub-tajine-en-fonte-20-cm-creme\/","og_site_name":"Erresse Shop","article_modified_time":"2026-02-27T09:34:44+00:00","og_image":[{"width":1200,"height":1200,"url":"https:\/\/www.erresse-shop.it\/wp-content\/uploads\/2025\/04\/STAUB-Tajine-Ghisa-20-cm-Crema.jpg","type":"image\/jpeg"}],"twitter_card":"summary_large_image","schema":{"@context":"https:\/\/schema.org","@graph":[{"@type":"WebPage","@id":"https:\/\/www.erresse-shop.it\/fr\/shop\/poeles-pots\/tajine\/staub-tajine-en-fonte-20-cm-creme\/","url":"https:\/\/www.erresse-shop.it\/fr\/shop\/poeles-pots\/tajine\/staub-tajine-en-fonte-20-cm-creme\/","name":"STAUB Tajine en fonte 20 cm Cr\u00e8me - Erresse Shop","isPartOf":{"@id":"https:\/\/www.erresse-shop.it\/fr\/#website"},"datePublished":"2025-04-28T05:53:36+00:00","dateModified":"2026-02-27T09:34:44+00:00","description":"Le tajine rond de la s\u00e9rie de sp\u00e9cialit\u00e9s Staub vous permet de pr\u00e9parer des sp\u00e9cialit\u00e9s culinaires exquises. Ces pots sont originaires du Maroc, fabriqu\u00e9s","breadcrumb":{"@id":"https:\/\/www.erresse-shop.it\/fr\/shop\/poeles-pots\/tajine\/staub-tajine-en-fonte-20-cm-creme\/#breadcrumb"},"inLanguage":"fr-FR","potentialAction":[{"@type":"ReadAction","target":["https:\/\/www.erresse-shop.it\/fr\/shop\/poeles-pots\/tajine\/staub-tajine-en-fonte-20-cm-creme\/"]}]},{"@type":"BreadcrumbList","@id":"https:\/\/www.erresse-shop.it\/fr\/shop\/poeles-pots\/tajine\/staub-tajine-en-fonte-20-cm-creme\/#breadcrumb","itemListElement":[{"@type":"ListItem","position":1,"name":"Home","item":"https:\/\/www.erresse-shop.it\/fr\/"},{"@type":"ListItem","position":2,"name":"Shop","item":"https:\/\/www.erresse-shop.it\/fr\/shop\/"},{"@type":"ListItem","position":3,"name":"STAUB Tajine en fonte 20 cm Cr\u00e8me"}]},{"@type":"WebSite","@id":"https:\/\/www.erresse-shop.it\/fr\/#website","url":"https:\/\/www.erresse-shop.it\/fr\/","name":"Erresse Shop","description":"Articoli di qualit\u00e0 per la casa","potentialAction":[{"@type":"SearchAction","target":{"@type":"EntryPoint","urlTemplate":"https:\/\/www.erresse-shop.it\/fr\/?s={search_term_string}"},"query-input":"required name=search_term_string"}],"inLanguage":"fr-FR"}]}},"df_price":49.975,"df_sale_price":49.975,"df_regular_price":99.95,"df_image_link":"https:\/\/www.erresse-shop.it\/wp-content\/uploads\/2025\/04\/STAUB-Tajine-Ghisa-20-cm-Crema-300x300.jpg","_links":{"self":[{"href":"https:\/\/www.erresse-shop.it\/fr\/wp-json\/wp\/v2\/product\/495267"}],"collection":[{"href":"https:\/\/www.erresse-shop.it\/fr\/wp-json\/wp\/v2\/product"}],"about":[{"href":"https:\/\/www.erresse-shop.it\/fr\/wp-json\/wp\/v2\/types\/product"}],"wp:featuredmedia":[{"embeddable":true,"href":"https:\/\/www.erresse-shop.it\/fr\/wp-json\/wp\/v2\/media\/495292"}],"wp:attachment":[{"href":"https:\/\/www.erresse-shop.it\/fr\/wp-json\/wp\/v2\/media?parent=495267"}],"wp:term":[{"taxonomy":"product_cat","embeddable":true,"href":"https:\/\/www.erresse-shop.it\/fr\/wp-json\/wp\/v2\/product_cat?post=495267"},{"taxonomy":"product_tag","embeddable":true,"href":"https:\/\/www.erresse-shop.it\/fr\/wp-json\/wp\/v2\/product_tag?post=495267"}],"curies":[{"name":"wp","href":"https:\/\/api.w.org\/{rel}","templated":true}]}}