{"id":495100,"date":"2025-04-24T13:44:01","date_gmt":"2025-04-24T13:44:05","guid":{"rendered":"https:\/\/www.erresse-shop.it\/?post_type=product&#038;p=495100"},"modified":"2026-02-27T09:36:41","modified_gmt":"2026-02-27T09:36:41","slug":"smeg-aesthetic-50s-vert-mousseur-a-lait","status":"publish","type":"product","link":"https:\/\/www.erresse-shop.it\/fr\/shop\/petits-electromenagers\/mousseurs-a-lait\/smeg-aesthetic-50s-vert-mousseur-a-lait\/","title":{"rendered":"SMEG Aesthetic 50s Vert Mousseur \u00e0 lait"},"content":{"rendered":"<p><b>SMEG<\/b> s\u00e9rie Ann\u00e9es 50<br \/>\nObjets de rencontre symbolique, ic\u00f4nes qui transforment l\u2019espace, les nouveaux petits \u00e9lectrom\u00e9nagers de la ligne Ann\u00e9es 50, con\u00e7us en collaboration avec Matteo Bazzicalupo et Raffaella Mangiarotti de deepdesign, \u00e9voquent une autre \u00e9poque et mod\u00e8lent les espaces du quotidien. Ils conf\u00e8rent un sens nouveau \u00e0 ce qui existe ou a exist\u00e9, comme dans l\u2019art ou la m\u00e9moire.<br \/>\nAvec leurs formes arrondies et compactes, ils deviennent les protagonistes de la cuisine. Con\u00e7us pour ceux qui souhaitent vivre une exp\u00e9rience de chef, mais pas seulement, ils s\u00e9duisent aussi ceux qui aiment s&#8217;entourer d\u2019objets \u00e0 fort caract\u00e8re esth\u00e9tique sans renoncer \u00e0 des performances de haute qualit\u00e9.<\/p>\n<p><strong>UN OBJET DESIGN REMPLI DE TECHNOLOGIE<\/strong><br \/>\nCon\u00e7u pour garantir des performances \u00e9lev\u00e9es, une grande simplicit\u00e9, s\u00e9curit\u00e9 et confort d\u2019utilisation. Le syst\u00e8me de chauffage par induction, rapide et s\u00fbr, s\u2019active uniquement apr\u00e8s avoir s\u00e9lectionn\u00e9 le type de pr\u00e9paration et s\u2019\u00e9teint automatiquement \u00e0 la fin du programme.<\/p>\n<p><strong>CAPPUCCINO, LAIT CHAUD OU CHOCOLAT CHAUD ? NE LIMITEZ PAS VOTRE PLAISIR<\/strong><br \/>\nLe MFF01 n\u2019est pas qu\u2019un simple mousseur \u00e0 lait. Gr\u00e2ce \u00e0 ses 6 programmes automatiques et une fonction manuelle, il permet de pr\u00e9parer des boissons chaudes ou froides, avec ou sans mousse, selon les go\u00fbts de chacun. Il suffit de changer les fouets inclus pour \u00e9galement pr\u00e9parer du th\u00e9, des infusions ou d&#8217;autres boissons solubles comme le caf\u00e9 d\u2019orge.<\/p>\n<p><strong>PROGRAMME CHOCOLAT<\/strong><br \/>\nEn s\u00e9lectionnant la fonction chocolat et en utilisant les ingr\u00e9dients de la recette traditionnelle \u2013 lait et morceaux de chocolat \u2013 la temp\u00e9rature optimale pr\u00e9d\u00e9finie et le mouvement uniforme du fouet permettent d\u2019obtenir facilement un chocolat onctueux, riche et authentique.<\/p>\n<p><strong>ESTH\u00c9TIQUE<\/strong><br \/>\nCouleur : Vert pastel<\/p>\n<p>Finition : Brillante<\/p>\n<p>Design : Style Ann\u00e9es 50<\/p>\n<p>Corps : Acier inoxydable<\/p>\n<p>Couvercle : Tritan\u2122 Renew<\/p>\n<p>Bouchon doseur : Tritan\u2122 Renew<\/p>\n<p>Carafe : Acier inoxydable<\/p>\n<p>Couleur poign\u00e9e : Gris int\u00e9rieur \/ Chrome brillant ext\u00e9rieur<\/p>\n<p>Mat\u00e9riau poign\u00e9e : Plastique int\u00e9rieur \/ Acier inoxydable ext\u00e9rieur<\/p>\n<p>Mat\u00e9riau collier : Plastique<\/p>\n<p>Couleur collier : Chrome brillant<\/p>\n<p>Couleur base : Chrome brillant<\/p>\n<p>Mat\u00e9riau base : Plastique<\/p>\n<p>Couleur du c\u00e2ble : Gris<\/p>\n<p><strong>COMMANDES<\/strong><br \/>\nType : Bouton, Molette<\/p>\n<p>Mat\u00e9riau molette : Plastique<\/p>\n<p>Mat\u00e9riau bouton : Plastique<\/p>\n<p><strong>PROGRAMMES \/ FONCTIONS<\/strong><br \/>\nChocolat chaud : Oui<\/p>\n<p>Lait chaud : Oui<\/p>\n<p>Lait chaud avec mousse l\u00e9g\u00e8re : Oui<\/p>\n<p>Lait chaud avec mousse dense : Oui<\/p>\n<p>Lait froid avec mousse l\u00e9g\u00e8re : Oui<\/p>\n<p>Lait froid avec mousse dense : Oui<\/p>\n<p>Fonction manuelle chaude : Oui<\/p>\n<p>Fonction manuelle froide : Oui<\/p>\n<p><strong>CARACT\u00c9RISTIQUES TECHNIQUES<\/strong><br \/>\nSyst\u00e8me \u00e0 induction avec arr\u00eat automatique : Oui<\/p>\n<p>Bouchon doseur amovible : Oui<\/p>\n<p>Carafe amovible : Oui<\/p>\n<p>Capacit\u00e9 pour mousse de lait : 250 ml \/ 1 tasse<\/p>\n<p>Capacit\u00e9 pour chauffage lait &amp; chocolat : 600 ml \/ 2,5 tasses<\/p>\n<p>Base antid\u00e9rapante : Oui<\/p>\n<p>Range-cordon int\u00e9gr\u00e9 : Oui<\/p>\n<p><strong>RACCORDEMENT \u00c9LECTRIQUE<\/strong><br \/>\nTension : 220-240 V<\/p>\n<p>Fr\u00e9quence : 50\/60 Hz<\/p>\n<p>Type de prise : Schuko<\/p>\n<p>Puissance : 500 W<\/p>\n<p>Longueur du c\u00e2ble : 1 m<\/p>\n<p><strong>ACCESSOIRES INCLUS<\/strong><br \/>\nFouet lisse pour lait chaud &amp; manuel : Oui<\/p>\n<p>Fouet dent\u00e9 pour mousse &amp; manuel : Oui<\/p>\n<p>Mat\u00e9riau fouets : Plastique<\/p>\n<p>Couleur fouets : Gris<\/p>\n<p><u><strong>Non vendu hors Europe<\/strong><\/u><\/p>\n","protected":false},"excerpt":{"rendered":"<p>SMEG s\u00e9rie Ann\u00e9es 50 Objets de rencontre symbolique, ic\u00f4nes qui transforment l\u2019espace, les nouveaux petits \u00e9lectrom\u00e9nagers de la ligne Ann\u00e9es<\/p>\n","protected":false},"featured_media":495138,"template":"","meta":{"_acf_changed":false,"inline_featured_image":false},"product_cat":[20620,12449],"product_tag":[25181,23623,13253,20779,23563,25021,12856,20625],"acf":[],"yoast_head":"<!-- This site is optimized with the Yoast SEO Premium plugin v18.6 (Yoast SEO v19.13) - https:\/\/yoast.com\/wordpress\/plugins\/seo\/ -->\n<title>SMEG Aesthetic 50s Vert Mousseur \u00e0 lait - Erresse Shop<\/title>\n<meta name=\"description\" content=\"SMEG s\u00e9rie Ann\u00e9es 50 Objets de rencontre symbolique, ic\u00f4nes qui transforment l\u2019espace, les nouveaux petits \u00e9lectrom\u00e9nagers de la ligne Ann\u00e9es 50, con\u00e7us\" \/>\n<meta name=\"robots\" content=\"index, follow, max-snippet:-1, max-image-preview:large, max-video-preview:-1\" \/>\n<link rel=\"canonical\" href=\"https:\/\/www.erresse-shop.it\/fr\/shop\/petits-electromenagers\/mousseurs-a-lait\/smeg-aesthetic-50s-vert-mousseur-a-lait\/\" \/>\n<meta property=\"og:locale\" content=\"fr_FR\" \/>\n<meta property=\"og:type\" content=\"article\" \/>\n<meta property=\"og:title\" content=\"SMEG Aesthetic 50s Vert Mousseur \u00e0 lait\" \/>\n<meta property=\"og:description\" content=\"SMEG s\u00e9rie Ann\u00e9es 50 Objets de rencontre symbolique, ic\u00f4nes qui transforment l\u2019espace, les nouveaux petits \u00e9lectrom\u00e9nagers de la ligne Ann\u00e9es 50, con\u00e7us\" \/>\n<meta property=\"og:url\" content=\"https:\/\/www.erresse-shop.it\/fr\/shop\/petits-electromenagers\/mousseurs-a-lait\/smeg-aesthetic-50s-vert-mousseur-a-lait\/\" \/>\n<meta property=\"og:site_name\" content=\"Erresse Shop\" \/>\n<meta property=\"article:modified_time\" content=\"2026-02-27T09:36:41+00:00\" \/>\n<meta property=\"og:image\" content=\"https:\/\/www.erresse-shop.it\/wp-content\/uploads\/2025\/04\/SMEG-Estetica-Anni-50-Montalatte-Verde.jpg\" \/>\n\t<meta property=\"og:image:width\" content=\"1200\" \/>\n\t<meta property=\"og:image:height\" content=\"1200\" \/>\n\t<meta property=\"og:image:type\" content=\"image\/jpeg\" \/>\n<meta name=\"twitter:card\" content=\"summary_large_image\" \/>\n<script type=\"application\/ld+json\" class=\"yoast-schema-graph\">{\"@context\":\"https:\/\/schema.org\",\"@graph\":[{\"@type\":\"WebPage\",\"@id\":\"https:\/\/www.erresse-shop.it\/fr\/shop\/petits-electromenagers\/mousseurs-a-lait\/smeg-aesthetic-50s-vert-mousseur-a-lait\/\",\"url\":\"https:\/\/www.erresse-shop.it\/fr\/shop\/petits-electromenagers\/mousseurs-a-lait\/smeg-aesthetic-50s-vert-mousseur-a-lait\/\",\"name\":\"SMEG Aesthetic 50s Vert Mousseur \u00e0 lait - Erresse Shop\",\"isPartOf\":{\"@id\":\"https:\/\/www.erresse-shop.it\/fr\/#website\"},\"datePublished\":\"2025-04-24T13:44:05+00:00\",\"dateModified\":\"2026-02-27T09:36:41+00:00\",\"description\":\"SMEG s\u00e9rie Ann\u00e9es 50 Objets de rencontre symbolique, ic\u00f4nes qui transforment l\u2019espace, les nouveaux petits \u00e9lectrom\u00e9nagers de la ligne Ann\u00e9es 50, con\u00e7us\",\"breadcrumb\":{\"@id\":\"https:\/\/www.erresse-shop.it\/fr\/shop\/petits-electromenagers\/mousseurs-a-lait\/smeg-aesthetic-50s-vert-mousseur-a-lait\/#breadcrumb\"},\"inLanguage\":\"fr-FR\",\"potentialAction\":[{\"@type\":\"ReadAction\",\"target\":[\"https:\/\/www.erresse-shop.it\/fr\/shop\/petits-electromenagers\/mousseurs-a-lait\/smeg-aesthetic-50s-vert-mousseur-a-lait\/\"]}]},{\"@type\":\"BreadcrumbList\",\"@id\":\"https:\/\/www.erresse-shop.it\/fr\/shop\/petits-electromenagers\/mousseurs-a-lait\/smeg-aesthetic-50s-vert-mousseur-a-lait\/#breadcrumb\",\"itemListElement\":[{\"@type\":\"ListItem\",\"position\":1,\"name\":\"Home\",\"item\":\"https:\/\/www.erresse-shop.it\/fr\/\"},{\"@type\":\"ListItem\",\"position\":2,\"name\":\"Shop\",\"item\":\"https:\/\/www.erresse-shop.it\/fr\/shop\/\"},{\"@type\":\"ListItem\",\"position\":3,\"name\":\"SMEG Aesthetic 50s Vert Mousseur \u00e0 lait\"}]},{\"@type\":\"WebSite\",\"@id\":\"https:\/\/www.erresse-shop.it\/fr\/#website\",\"url\":\"https:\/\/www.erresse-shop.it\/fr\/\",\"name\":\"Erresse Shop\",\"description\":\"Articoli di qualit\u00e0 per la casa\",\"potentialAction\":[{\"@type\":\"SearchAction\",\"target\":{\"@type\":\"EntryPoint\",\"urlTemplate\":\"https:\/\/www.erresse-shop.it\/fr\/?s={search_term_string}\"},\"query-input\":\"required name=search_term_string\"}],\"inLanguage\":\"fr-FR\"}]}<\/script>\n<!-- \/ Yoast SEO Premium plugin. -->","yoast_head_json":{"title":"SMEG Aesthetic 50s Vert Mousseur \u00e0 lait - Erresse Shop","description":"SMEG s\u00e9rie Ann\u00e9es 50 Objets de rencontre symbolique, ic\u00f4nes qui transforment l\u2019espace, les nouveaux petits \u00e9lectrom\u00e9nagers de la ligne Ann\u00e9es 50, con\u00e7us","robots":{"index":"index","follow":"follow","max-snippet":"max-snippet:-1","max-image-preview":"max-image-preview:large","max-video-preview":"max-video-preview:-1"},"canonical":"https:\/\/www.erresse-shop.it\/fr\/shop\/petits-electromenagers\/mousseurs-a-lait\/smeg-aesthetic-50s-vert-mousseur-a-lait\/","og_locale":"fr_FR","og_type":"article","og_title":"SMEG Aesthetic 50s Vert Mousseur \u00e0 lait","og_description":"SMEG s\u00e9rie Ann\u00e9es 50 Objets de rencontre symbolique, ic\u00f4nes qui transforment l\u2019espace, les nouveaux petits \u00e9lectrom\u00e9nagers de la ligne Ann\u00e9es 50, con\u00e7us","og_url":"https:\/\/www.erresse-shop.it\/fr\/shop\/petits-electromenagers\/mousseurs-a-lait\/smeg-aesthetic-50s-vert-mousseur-a-lait\/","og_site_name":"Erresse Shop","article_modified_time":"2026-02-27T09:36:41+00:00","og_image":[{"width":1200,"height":1200,"url":"https:\/\/www.erresse-shop.it\/wp-content\/uploads\/2025\/04\/SMEG-Estetica-Anni-50-Montalatte-Verde.jpg","type":"image\/jpeg"}],"twitter_card":"summary_large_image","schema":{"@context":"https:\/\/schema.org","@graph":[{"@type":"WebPage","@id":"https:\/\/www.erresse-shop.it\/fr\/shop\/petits-electromenagers\/mousseurs-a-lait\/smeg-aesthetic-50s-vert-mousseur-a-lait\/","url":"https:\/\/www.erresse-shop.it\/fr\/shop\/petits-electromenagers\/mousseurs-a-lait\/smeg-aesthetic-50s-vert-mousseur-a-lait\/","name":"SMEG Aesthetic 50s Vert Mousseur \u00e0 lait - Erresse Shop","isPartOf":{"@id":"https:\/\/www.erresse-shop.it\/fr\/#website"},"datePublished":"2025-04-24T13:44:05+00:00","dateModified":"2026-02-27T09:36:41+00:00","description":"SMEG s\u00e9rie Ann\u00e9es 50 Objets de rencontre symbolique, ic\u00f4nes qui transforment l\u2019espace, les nouveaux petits \u00e9lectrom\u00e9nagers de la ligne Ann\u00e9es 50, con\u00e7us","breadcrumb":{"@id":"https:\/\/www.erresse-shop.it\/fr\/shop\/petits-electromenagers\/mousseurs-a-lait\/smeg-aesthetic-50s-vert-mousseur-a-lait\/#breadcrumb"},"inLanguage":"fr-FR","potentialAction":[{"@type":"ReadAction","target":["https:\/\/www.erresse-shop.it\/fr\/shop\/petits-electromenagers\/mousseurs-a-lait\/smeg-aesthetic-50s-vert-mousseur-a-lait\/"]}]},{"@type":"BreadcrumbList","@id":"https:\/\/www.erresse-shop.it\/fr\/shop\/petits-electromenagers\/mousseurs-a-lait\/smeg-aesthetic-50s-vert-mousseur-a-lait\/#breadcrumb","itemListElement":[{"@type":"ListItem","position":1,"name":"Home","item":"https:\/\/www.erresse-shop.it\/fr\/"},{"@type":"ListItem","position":2,"name":"Shop","item":"https:\/\/www.erresse-shop.it\/fr\/shop\/"},{"@type":"ListItem","position":3,"name":"SMEG Aesthetic 50s Vert Mousseur \u00e0 lait"}]},{"@type":"WebSite","@id":"https:\/\/www.erresse-shop.it\/fr\/#website","url":"https:\/\/www.erresse-shop.it\/fr\/","name":"Erresse Shop","description":"Articoli di qualit\u00e0 per la casa","potentialAction":[{"@type":"SearchAction","target":{"@type":"EntryPoint","urlTemplate":"https:\/\/www.erresse-shop.it\/fr\/?s={search_term_string}"},"query-input":"required name=search_term_string"}],"inLanguage":"fr-FR"}]}},"df_price":139.29999999999998,"df_sale_price":139.29999999999998,"df_regular_price":199,"df_image_link":"https:\/\/www.erresse-shop.it\/wp-content\/uploads\/2025\/04\/SMEG-Estetica-Anni-50-Montalatte-Verde-300x300.jpg","_links":{"self":[{"href":"https:\/\/www.erresse-shop.it\/fr\/wp-json\/wp\/v2\/product\/495100"}],"collection":[{"href":"https:\/\/www.erresse-shop.it\/fr\/wp-json\/wp\/v2\/product"}],"about":[{"href":"https:\/\/www.erresse-shop.it\/fr\/wp-json\/wp\/v2\/types\/product"}],"wp:featuredmedia":[{"embeddable":true,"href":"https:\/\/www.erresse-shop.it\/fr\/wp-json\/wp\/v2\/media\/495138"}],"wp:attachment":[{"href":"https:\/\/www.erresse-shop.it\/fr\/wp-json\/wp\/v2\/media?parent=495100"}],"wp:term":[{"taxonomy":"product_cat","embeddable":true,"href":"https:\/\/www.erresse-shop.it\/fr\/wp-json\/wp\/v2\/product_cat?post=495100"},{"taxonomy":"product_tag","embeddable":true,"href":"https:\/\/www.erresse-shop.it\/fr\/wp-json\/wp\/v2\/product_tag?post=495100"}],"curies":[{"name":"wp","href":"https:\/\/api.w.org\/{rel}","templated":true}]}}