{"id":494999,"date":"2025-04-24T08:49:38","date_gmt":"2025-04-24T08:49:41","guid":{"rendered":"https:\/\/www.erresse-shop.it\/?post_type=product&#038;p=494999"},"modified":"2026-02-10T10:14:29","modified_gmt":"2026-02-10T10:14:29","slug":"ken-hom-wok-excellence-antiadhesif-31-cm-acier-au-carbone","status":"publish","type":"product","link":"https:\/\/www.erresse-shop.it\/fr\/shop\/poeles-pots\/wok\/ken-hom-wok-excellence-antiadhesif-31-cm-acier-au-carbone\/","title":{"rendered":"KEN HOM Wok Excellence Antiadh\u00e9sif 31 cm Acier au carbone"},"content":{"rendered":"<p>Ce wok est adapt\u00e9 aux plaques \u00e0 induction et permet une cuisson \u00e0 la po\u00eale rapide et facile, avec une capacit\u00e9 id\u00e9ale pour pr\u00e9parer un repas savoureux pour 3 ou 4 personnes. L\u00e9ger et dot\u00e9 d&#8217;un fond plat, il est facile \u00e0 utiliser et s&#8217;adapte parfaitement \u00e0 tous les types de plaques de cuisson, y compris l&#8217;induction. Ce wok passe au lave-vaisselle et b\u00e9n\u00e9ficie d&#8217;une garantie de 5 ans.<\/p>\n<ul>\n<li>Wok l\u00e9ger en acier au carbone avec double rev\u00eatement antiadh\u00e9sif<\/li>\n<li>Fabriqu\u00e9 en acier au carbone de 1,5 mm d&#8217;\u00e9paisseur<\/li>\n<li>Lavable au lave-vaisselle<\/li>\n<li>Compatible avec les plaques \u00e0 induction<\/li>\n<li>Sans PFOA<\/li>\n<li>Sans PFAS<\/li>\n<li>Garantie de 5 ans<\/li>\n<\/ul>\n<p><strong>Qualit\u00e9 exceptionnelle<\/strong><\/p>\n<p>Fabriqu\u00e9 en acier au carbone de 1,5 mm d&#8217;\u00e9paisseur, il offre une excellente conduction thermique, ce qui le rend id\u00e9al pour la cuisson \u00e0 haute temp\u00e9rature et \u00e0 grande vitesse, tout en garantissant une temp\u00e9rature constante. Le rev\u00eatement antiadh\u00e9sif convient \u00e0 une utilisation avec des ustensiles en m\u00e9tal.<\/p>\n<p>La longue poign\u00e9e ph\u00e9nolique le rend facile \u00e0 transporter et parfaitement \u00e9quilibr\u00e9, l&#8217;emp\u00eachant ainsi de basculer. Il est solidement fix\u00e9 au wok avec deux rivets, garantissant qu&#8217;il ne se desserrera pas ou ne vacillera pas avec le temps.<\/p>\n<p><strong>IMPORTANT\u00a0:<\/strong><\/p>\n<p>Ce wok n&#8217;est pas compatible avec les ustensiles en m\u00e9tal ; Il est pr\u00e9f\u00e9rable d&#8217;utiliser des ustensiles en bois ou en nylon pour \u00e9viter les rayures.<\/p>\n<p>Le wok convient \u00e0 une utilisation sur tous types de plaques de cuisson, y compris l&#8217;induction\u00a0; Il est toutefois conseill\u00e9 de consulter \u00e9galement le mode d&#8217;emploi du fabricant de la table de cuisson. Ne convient pas \u00e0 une utilisation dans un four conventionnel ou \u00e0 micro-ondes. Si la poign\u00e9e se desserre pendant l&#8217;utilisation, resserrez-la imm\u00e9diatement. Adaptez toujours la base du wok \u00e0 la zone de cuisson sur laquelle il sera utilis\u00e9. Ajoutez l\u2019huile dans le wok et faites chauffer doucement jusqu\u2019\u00e0 ce que de petites \u00ab ondulations \u00bb apparaissent \u00e0 la surface de l\u2019huile.<\/p>\n<p><strong>Nettoyage\u00a0:<\/strong><\/p>\n<p>Laissez le wok refroidir quelques minutes avant de le nettoyer. Pour tout r\u00e9sidu alimentaire tenace, remplissez d&#8217;eau chaude savonneuse et laissez tremper. Utilisez uniquement des \u00e9ponges de nettoyage sp\u00e9cialement con\u00e7ues pour les surfaces antiadh\u00e9sives. N&#8217;utilisez pas d&#8217;\u00e9ponges m\u00e9talliques, d&#8217;\u00e9ponges abrasives ou tr\u00e8s dures, de brosses \u00e0 vaisselle ou de produits abrasifs sur aucune surface.<\/p>\n<p>Dimensions du wok\u00a0: 56 x 31 x 12 cm<br \/>\nDiam\u00e8tre de la base du wok\u00a0: 14 cm<br \/>\n<strong>Poids\u00a0: <\/strong>1,25 kg<\/p>\n","protected":false},"excerpt":{"rendered":"<p>Ce wok est adapt\u00e9 aux plaques \u00e0 induction et permet une cuisson \u00e0 la po\u00eale rapide et facile, avec une<\/p>\n","protected":false},"featured_media":495017,"template":"","meta":{"_acf_changed":false,"inline_featured_image":false},"product_cat":[12458,12472],"product_tag":[25026,12838,23910,21529,25021,24397,12474],"acf":[],"yoast_head":"<!-- This site is optimized with the Yoast SEO Premium plugin v18.6 (Yoast SEO v19.13) - https:\/\/yoast.com\/wordpress\/plugins\/seo\/ -->\n<title>DEMEYERE Wok 26 cm<\/title>\n<meta name=\"description\" content=\"D\u00e9couvrez DEMEYERE Wok 26 cm sur ErresseShop. Qualit\u00e9, prix r\u00e9duits et achat s\u00e9curis\u00e9 \u2013 commandez d\u00e8s maintenant en ligne !\" \/>\n<meta name=\"robots\" content=\"index, follow, max-snippet:-1, max-image-preview:large, max-video-preview:-1\" \/>\n<link rel=\"canonical\" href=\"https:\/\/www.erresse-shop.it\/fr\/shop\/poeles-pots\/wok\/ken-hom-wok-excellence-antiadhesif-31-cm-acier-au-carbone\/\" \/>\n<meta property=\"og:locale\" content=\"fr_FR\" \/>\n<meta property=\"og:type\" content=\"article\" \/>\n<meta property=\"og:title\" content=\"KEN HOM Wok Excellence Antiadh\u00e9sif 31 cm Acier au carbone\" \/>\n<meta property=\"og:description\" content=\"D\u00e9couvrez DEMEYERE Wok 26 cm sur ErresseShop. Qualit\u00e9, prix r\u00e9duits et achat s\u00e9curis\u00e9 \u2013 commandez d\u00e8s maintenant en ligne !\" \/>\n<meta property=\"og:url\" content=\"https:\/\/www.erresse-shop.it\/fr\/shop\/poeles-pots\/wok\/ken-hom-wok-excellence-antiadhesif-31-cm-acier-au-carbone\/\" \/>\n<meta property=\"og:site_name\" content=\"Erresse Shop\" \/>\n<meta property=\"article:modified_time\" content=\"2026-02-10T10:14:29+00:00\" \/>\n<meta property=\"og:image\" content=\"https:\/\/www.erresse-shop.it\/wp-content\/uploads\/2025\/04\/KEN-HOM-Wok-Excellence-31-cm-Acciaio.jpg\" \/>\n\t<meta property=\"og:image:width\" content=\"1200\" \/>\n\t<meta property=\"og:image:height\" content=\"1200\" \/>\n\t<meta property=\"og:image:type\" content=\"image\/jpeg\" \/>\n<meta name=\"twitter:card\" content=\"summary_large_image\" \/>\n<script type=\"application\/ld+json\" class=\"yoast-schema-graph\">{\"@context\":\"https:\/\/schema.org\",\"@graph\":[{\"@type\":\"WebPage\",\"@id\":\"https:\/\/www.erresse-shop.it\/fr\/shop\/poeles-pots\/wok\/ken-hom-wok-excellence-antiadhesif-31-cm-acier-au-carbone\/\",\"url\":\"https:\/\/www.erresse-shop.it\/fr\/shop\/poeles-pots\/wok\/ken-hom-wok-excellence-antiadhesif-31-cm-acier-au-carbone\/\",\"name\":\"DEMEYERE Wok 26 cm\",\"isPartOf\":{\"@id\":\"https:\/\/www.erresse-shop.it\/fr\/#website\"},\"datePublished\":\"2025-04-24T08:49:41+00:00\",\"dateModified\":\"2026-02-10T10:14:29+00:00\",\"description\":\"D\u00e9couvrez DEMEYERE Wok 26 cm sur ErresseShop. Qualit\u00e9, prix r\u00e9duits et achat s\u00e9curis\u00e9 \u2013 commandez d\u00e8s maintenant en ligne !\",\"breadcrumb\":{\"@id\":\"https:\/\/www.erresse-shop.it\/fr\/shop\/poeles-pots\/wok\/ken-hom-wok-excellence-antiadhesif-31-cm-acier-au-carbone\/#breadcrumb\"},\"inLanguage\":\"fr-FR\",\"potentialAction\":[{\"@type\":\"ReadAction\",\"target\":[\"https:\/\/www.erresse-shop.it\/fr\/shop\/poeles-pots\/wok\/ken-hom-wok-excellence-antiadhesif-31-cm-acier-au-carbone\/\"]}]},{\"@type\":\"BreadcrumbList\",\"@id\":\"https:\/\/www.erresse-shop.it\/fr\/shop\/poeles-pots\/wok\/ken-hom-wok-excellence-antiadhesif-31-cm-acier-au-carbone\/#breadcrumb\",\"itemListElement\":[{\"@type\":\"ListItem\",\"position\":1,\"name\":\"Home\",\"item\":\"https:\/\/www.erresse-shop.it\/fr\/\"},{\"@type\":\"ListItem\",\"position\":2,\"name\":\"Shop\",\"item\":\"https:\/\/www.erresse-shop.it\/fr\/shop\/\"},{\"@type\":\"ListItem\",\"position\":3,\"name\":\"KEN HOM Wok Excellence Antiadh\u00e9sif 31 cm Acier au carbone\"}]},{\"@type\":\"WebSite\",\"@id\":\"https:\/\/www.erresse-shop.it\/fr\/#website\",\"url\":\"https:\/\/www.erresse-shop.it\/fr\/\",\"name\":\"Erresse Shop\",\"description\":\"Articoli di qualit\u00e0 per la casa\",\"potentialAction\":[{\"@type\":\"SearchAction\",\"target\":{\"@type\":\"EntryPoint\",\"urlTemplate\":\"https:\/\/www.erresse-shop.it\/fr\/?s={search_term_string}\"},\"query-input\":\"required name=search_term_string\"}],\"inLanguage\":\"fr-FR\"}]}<\/script>\n<!-- \/ Yoast SEO Premium plugin. -->","yoast_head_json":{"title":"DEMEYERE Wok 26 cm","description":"D\u00e9couvrez DEMEYERE Wok 26 cm sur ErresseShop. Qualit\u00e9, prix r\u00e9duits et achat s\u00e9curis\u00e9 \u2013 commandez d\u00e8s maintenant en ligne !","robots":{"index":"index","follow":"follow","max-snippet":"max-snippet:-1","max-image-preview":"max-image-preview:large","max-video-preview":"max-video-preview:-1"},"canonical":"https:\/\/www.erresse-shop.it\/fr\/shop\/poeles-pots\/wok\/ken-hom-wok-excellence-antiadhesif-31-cm-acier-au-carbone\/","og_locale":"fr_FR","og_type":"article","og_title":"KEN HOM Wok Excellence Antiadh\u00e9sif 31 cm Acier au carbone","og_description":"D\u00e9couvrez DEMEYERE Wok 26 cm sur ErresseShop. Qualit\u00e9, prix r\u00e9duits et achat s\u00e9curis\u00e9 \u2013 commandez d\u00e8s maintenant en ligne !","og_url":"https:\/\/www.erresse-shop.it\/fr\/shop\/poeles-pots\/wok\/ken-hom-wok-excellence-antiadhesif-31-cm-acier-au-carbone\/","og_site_name":"Erresse Shop","article_modified_time":"2026-02-10T10:14:29+00:00","og_image":[{"width":1200,"height":1200,"url":"https:\/\/www.erresse-shop.it\/wp-content\/uploads\/2025\/04\/KEN-HOM-Wok-Excellence-31-cm-Acciaio.jpg","type":"image\/jpeg"}],"twitter_card":"summary_large_image","schema":{"@context":"https:\/\/schema.org","@graph":[{"@type":"WebPage","@id":"https:\/\/www.erresse-shop.it\/fr\/shop\/poeles-pots\/wok\/ken-hom-wok-excellence-antiadhesif-31-cm-acier-au-carbone\/","url":"https:\/\/www.erresse-shop.it\/fr\/shop\/poeles-pots\/wok\/ken-hom-wok-excellence-antiadhesif-31-cm-acier-au-carbone\/","name":"DEMEYERE Wok 26 cm","isPartOf":{"@id":"https:\/\/www.erresse-shop.it\/fr\/#website"},"datePublished":"2025-04-24T08:49:41+00:00","dateModified":"2026-02-10T10:14:29+00:00","description":"D\u00e9couvrez DEMEYERE Wok 26 cm sur ErresseShop. Qualit\u00e9, prix r\u00e9duits et achat s\u00e9curis\u00e9 \u2013 commandez d\u00e8s maintenant en ligne !","breadcrumb":{"@id":"https:\/\/www.erresse-shop.it\/fr\/shop\/poeles-pots\/wok\/ken-hom-wok-excellence-antiadhesif-31-cm-acier-au-carbone\/#breadcrumb"},"inLanguage":"fr-FR","potentialAction":[{"@type":"ReadAction","target":["https:\/\/www.erresse-shop.it\/fr\/shop\/poeles-pots\/wok\/ken-hom-wok-excellence-antiadhesif-31-cm-acier-au-carbone\/"]}]},{"@type":"BreadcrumbList","@id":"https:\/\/www.erresse-shop.it\/fr\/shop\/poeles-pots\/wok\/ken-hom-wok-excellence-antiadhesif-31-cm-acier-au-carbone\/#breadcrumb","itemListElement":[{"@type":"ListItem","position":1,"name":"Home","item":"https:\/\/www.erresse-shop.it\/fr\/"},{"@type":"ListItem","position":2,"name":"Shop","item":"https:\/\/www.erresse-shop.it\/fr\/shop\/"},{"@type":"ListItem","position":3,"name":"KEN HOM Wok Excellence Antiadh\u00e9sif 31 cm Acier au carbone"}]},{"@type":"WebSite","@id":"https:\/\/www.erresse-shop.it\/fr\/#website","url":"https:\/\/www.erresse-shop.it\/fr\/","name":"Erresse Shop","description":"Articoli di qualit\u00e0 per la casa","potentialAction":[{"@type":"SearchAction","target":{"@type":"EntryPoint","urlTemplate":"https:\/\/www.erresse-shop.it\/fr\/?s={search_term_string}"},"query-input":"required name=search_term_string"}],"inLanguage":"fr-FR"}]}},"df_price":22.95,"df_sale_price":22.95,"df_regular_price":41,"df_image_link":"https:\/\/www.erresse-shop.it\/wp-content\/uploads\/2025\/04\/KEN-HOM-Wok-Excellence-31-cm-Acciaio-300x300.jpg","_links":{"self":[{"href":"https:\/\/www.erresse-shop.it\/fr\/wp-json\/wp\/v2\/product\/494999"}],"collection":[{"href":"https:\/\/www.erresse-shop.it\/fr\/wp-json\/wp\/v2\/product"}],"about":[{"href":"https:\/\/www.erresse-shop.it\/fr\/wp-json\/wp\/v2\/types\/product"}],"wp:featuredmedia":[{"embeddable":true,"href":"https:\/\/www.erresse-shop.it\/fr\/wp-json\/wp\/v2\/media\/495017"}],"wp:attachment":[{"href":"https:\/\/www.erresse-shop.it\/fr\/wp-json\/wp\/v2\/media?parent=494999"}],"wp:term":[{"taxonomy":"product_cat","embeddable":true,"href":"https:\/\/www.erresse-shop.it\/fr\/wp-json\/wp\/v2\/product_cat?post=494999"},{"taxonomy":"product_tag","embeddable":true,"href":"https:\/\/www.erresse-shop.it\/fr\/wp-json\/wp\/v2\/product_tag?post=494999"}],"curies":[{"name":"wp","href":"https:\/\/api.w.org\/{rel}","templated":true}]}}