{"id":494480,"date":"2025-04-23T08:18:43","date_gmt":"2025-04-23T08:18:46","guid":{"rendered":"https:\/\/www.erresse-shop.it\/?post_type=product&#038;p=494480"},"modified":"2026-02-10T10:28:25","modified_gmt":"2026-02-10T10:28:25","slug":"vista-alegre-accento-table-opaque","status":"publish","type":"product","link":"https:\/\/www.erresse-shop.it\/fr\/shop\/ameublement-maison\/tables-et-tables-basses\/vista-alegre-accento-table-opaque\/","title":{"rendered":"VISTA ALEGRE Accento Table opaque"},"content":{"rendered":"<p>La table de la collection Accento de Vista Alegre, cr\u00e9\u00e9e en collaboration avec Pininfarina, est finie \u00e0 la main avec des mat\u00e9riaux nobles tels que le cuir, le bois et le marbre. Inspir\u00e9 des voitures de sport de luxe des ann\u00e9es 60 et 70, il fait partie d&#8217;une collection c\u00e9l\u00e9brant le 200e anniversaire de Vista Alegre. Des meubles tels que des si\u00e8ges, des tables et des buffets combinent des d\u00e9tails en c\u00e9ramique et un design automobile, rendant hommage \u00e0 l&#8217;h\u00e9ritage de Pininfarina.<\/p>\n<p>Hauteur : 790 mm<br \/>\nLongueur : 2409 mm<br \/>\nLargeur : 1175 mm<\/p>\n<p>Bois de fr\u00eane teint\u00e9 anthracite<br \/>\nMarbre noir Marquina (finition mate)<\/p>\n","protected":false},"excerpt":{"rendered":"<p>La table de la collection Accento de Vista Alegre, cr\u00e9\u00e9e en collaboration avec Pininfarina, est finie \u00e0 la main avec<\/p>\n","protected":false},"featured_media":494486,"template":"","meta":{"_acf_changed":false,"inline_featured_image":false},"product_cat":[12738,24385],"product_tag":[25026,25021,24680,17133,24603],"acf":[],"yoast_head":"<!-- This site is optimized with the Yoast SEO Premium plugin v18.6 (Yoast SEO v19.13) - https:\/\/yoast.com\/wordpress\/plugins\/seo\/ -->\n<title>VISTA ALEGRE Accento Table opaque - Erresse Shop<\/title>\n<meta name=\"description\" content=\"La table de la collection Accento de Vista Alegre, cr\u00e9\u00e9e en collaboration avec Pininfarina, est finie \u00e0 la main avec des mat\u00e9riaux nobles tels que le\" \/>\n<meta name=\"robots\" content=\"index, follow, max-snippet:-1, max-image-preview:large, max-video-preview:-1\" \/>\n<link rel=\"canonical\" href=\"https:\/\/www.erresse-shop.it\/fr\/shop\/ameublement-maison\/tables-et-tables-basses\/vista-alegre-accento-table-opaque\/\" \/>\n<meta property=\"og:locale\" content=\"fr_FR\" \/>\n<meta property=\"og:type\" content=\"article\" \/>\n<meta property=\"og:title\" content=\"VISTA ALEGRE Accento Table opaque\" \/>\n<meta property=\"og:description\" content=\"La table de la collection Accento de Vista Alegre, cr\u00e9\u00e9e en collaboration avec Pininfarina, est finie \u00e0 la main avec des mat\u00e9riaux nobles tels que le\" \/>\n<meta property=\"og:url\" content=\"https:\/\/www.erresse-shop.it\/fr\/shop\/ameublement-maison\/tables-et-tables-basses\/vista-alegre-accento-table-opaque\/\" \/>\n<meta property=\"og:site_name\" content=\"Erresse Shop\" \/>\n<meta property=\"article:modified_time\" content=\"2026-02-10T10:28:25+00:00\" \/>\n<meta property=\"og:image\" content=\"https:\/\/www.erresse-shop.it\/wp-content\/uploads\/2025\/04\/VISTA-ALEGRE-Accento-Tavolo-Opaco.jpg\" \/>\n\t<meta property=\"og:image:width\" content=\"1200\" \/>\n\t<meta property=\"og:image:height\" content=\"1200\" \/>\n\t<meta property=\"og:image:type\" content=\"image\/jpeg\" \/>\n<meta name=\"twitter:card\" content=\"summary_large_image\" \/>\n<script type=\"application\/ld+json\" class=\"yoast-schema-graph\">{\"@context\":\"https:\/\/schema.org\",\"@graph\":[{\"@type\":\"WebPage\",\"@id\":\"https:\/\/www.erresse-shop.it\/fr\/shop\/ameublement-maison\/tables-et-tables-basses\/vista-alegre-accento-table-opaque\/\",\"url\":\"https:\/\/www.erresse-shop.it\/fr\/shop\/ameublement-maison\/tables-et-tables-basses\/vista-alegre-accento-table-opaque\/\",\"name\":\"VISTA ALEGRE Accento Table opaque - Erresse Shop\",\"isPartOf\":{\"@id\":\"https:\/\/www.erresse-shop.it\/fr\/#website\"},\"datePublished\":\"2025-04-23T08:18:46+00:00\",\"dateModified\":\"2026-02-10T10:28:25+00:00\",\"description\":\"La table de la collection Accento de Vista Alegre, cr\u00e9\u00e9e en collaboration avec Pininfarina, est finie \u00e0 la main avec des mat\u00e9riaux nobles tels que le\",\"breadcrumb\":{\"@id\":\"https:\/\/www.erresse-shop.it\/fr\/shop\/ameublement-maison\/tables-et-tables-basses\/vista-alegre-accento-table-opaque\/#breadcrumb\"},\"inLanguage\":\"fr-FR\",\"potentialAction\":[{\"@type\":\"ReadAction\",\"target\":[\"https:\/\/www.erresse-shop.it\/fr\/shop\/ameublement-maison\/tables-et-tables-basses\/vista-alegre-accento-table-opaque\/\"]}]},{\"@type\":\"BreadcrumbList\",\"@id\":\"https:\/\/www.erresse-shop.it\/fr\/shop\/ameublement-maison\/tables-et-tables-basses\/vista-alegre-accento-table-opaque\/#breadcrumb\",\"itemListElement\":[{\"@type\":\"ListItem\",\"position\":1,\"name\":\"Home\",\"item\":\"https:\/\/www.erresse-shop.it\/fr\/\"},{\"@type\":\"ListItem\",\"position\":2,\"name\":\"Shop\",\"item\":\"https:\/\/www.erresse-shop.it\/fr\/shop\/\"},{\"@type\":\"ListItem\",\"position\":3,\"name\":\"VISTA ALEGRE Accento Table opaque\"}]},{\"@type\":\"WebSite\",\"@id\":\"https:\/\/www.erresse-shop.it\/fr\/#website\",\"url\":\"https:\/\/www.erresse-shop.it\/fr\/\",\"name\":\"Erresse Shop\",\"description\":\"Articoli di qualit\u00e0 per la casa\",\"potentialAction\":[{\"@type\":\"SearchAction\",\"target\":{\"@type\":\"EntryPoint\",\"urlTemplate\":\"https:\/\/www.erresse-shop.it\/fr\/?s={search_term_string}\"},\"query-input\":\"required name=search_term_string\"}],\"inLanguage\":\"fr-FR\"}]}<\/script>\n<!-- \/ Yoast SEO Premium plugin. -->","yoast_head_json":{"title":"VISTA ALEGRE Accento Table opaque - Erresse Shop","description":"La table de la collection Accento de Vista Alegre, cr\u00e9\u00e9e en collaboration avec Pininfarina, est finie \u00e0 la main avec des mat\u00e9riaux nobles tels que le","robots":{"index":"index","follow":"follow","max-snippet":"max-snippet:-1","max-image-preview":"max-image-preview:large","max-video-preview":"max-video-preview:-1"},"canonical":"https:\/\/www.erresse-shop.it\/fr\/shop\/ameublement-maison\/tables-et-tables-basses\/vista-alegre-accento-table-opaque\/","og_locale":"fr_FR","og_type":"article","og_title":"VISTA ALEGRE Accento Table opaque","og_description":"La table de la collection Accento de Vista Alegre, cr\u00e9\u00e9e en collaboration avec Pininfarina, est finie \u00e0 la main avec des mat\u00e9riaux nobles tels que le","og_url":"https:\/\/www.erresse-shop.it\/fr\/shop\/ameublement-maison\/tables-et-tables-basses\/vista-alegre-accento-table-opaque\/","og_site_name":"Erresse Shop","article_modified_time":"2026-02-10T10:28:25+00:00","og_image":[{"width":1200,"height":1200,"url":"https:\/\/www.erresse-shop.it\/wp-content\/uploads\/2025\/04\/VISTA-ALEGRE-Accento-Tavolo-Opaco.jpg","type":"image\/jpeg"}],"twitter_card":"summary_large_image","schema":{"@context":"https:\/\/schema.org","@graph":[{"@type":"WebPage","@id":"https:\/\/www.erresse-shop.it\/fr\/shop\/ameublement-maison\/tables-et-tables-basses\/vista-alegre-accento-table-opaque\/","url":"https:\/\/www.erresse-shop.it\/fr\/shop\/ameublement-maison\/tables-et-tables-basses\/vista-alegre-accento-table-opaque\/","name":"VISTA ALEGRE Accento Table opaque - Erresse Shop","isPartOf":{"@id":"https:\/\/www.erresse-shop.it\/fr\/#website"},"datePublished":"2025-04-23T08:18:46+00:00","dateModified":"2026-02-10T10:28:25+00:00","description":"La table de la collection Accento de Vista Alegre, cr\u00e9\u00e9e en collaboration avec Pininfarina, est finie \u00e0 la main avec des mat\u00e9riaux nobles tels que le","breadcrumb":{"@id":"https:\/\/www.erresse-shop.it\/fr\/shop\/ameublement-maison\/tables-et-tables-basses\/vista-alegre-accento-table-opaque\/#breadcrumb"},"inLanguage":"fr-FR","potentialAction":[{"@type":"ReadAction","target":["https:\/\/www.erresse-shop.it\/fr\/shop\/ameublement-maison\/tables-et-tables-basses\/vista-alegre-accento-table-opaque\/"]}]},{"@type":"BreadcrumbList","@id":"https:\/\/www.erresse-shop.it\/fr\/shop\/ameublement-maison\/tables-et-tables-basses\/vista-alegre-accento-table-opaque\/#breadcrumb","itemListElement":[{"@type":"ListItem","position":1,"name":"Home","item":"https:\/\/www.erresse-shop.it\/fr\/"},{"@type":"ListItem","position":2,"name":"Shop","item":"https:\/\/www.erresse-shop.it\/fr\/shop\/"},{"@type":"ListItem","position":3,"name":"VISTA ALEGRE Accento Table opaque"}]},{"@type":"WebSite","@id":"https:\/\/www.erresse-shop.it\/fr\/#website","url":"https:\/\/www.erresse-shop.it\/fr\/","name":"Erresse Shop","description":"Articoli di qualit\u00e0 per la casa","potentialAction":[{"@type":"SearchAction","target":{"@type":"EntryPoint","urlTemplate":"https:\/\/www.erresse-shop.it\/fr\/?s={search_term_string}"},"query-input":"required name=search_term_string"}],"inLanguage":"fr-FR"}]}},"df_price":4795.083,"df_sale_price":4795.083,"df_regular_price":10655.74,"df_image_link":"https:\/\/www.erresse-shop.it\/wp-content\/uploads\/2025\/04\/VISTA-ALEGRE-Accento-Tavolo-Opaco-300x300.jpg","_links":{"self":[{"href":"https:\/\/www.erresse-shop.it\/fr\/wp-json\/wp\/v2\/product\/494480"}],"collection":[{"href":"https:\/\/www.erresse-shop.it\/fr\/wp-json\/wp\/v2\/product"}],"about":[{"href":"https:\/\/www.erresse-shop.it\/fr\/wp-json\/wp\/v2\/types\/product"}],"wp:featuredmedia":[{"embeddable":true,"href":"https:\/\/www.erresse-shop.it\/fr\/wp-json\/wp\/v2\/media\/494486"}],"wp:attachment":[{"href":"https:\/\/www.erresse-shop.it\/fr\/wp-json\/wp\/v2\/media?parent=494480"}],"wp:term":[{"taxonomy":"product_cat","embeddable":true,"href":"https:\/\/www.erresse-shop.it\/fr\/wp-json\/wp\/v2\/product_cat?post=494480"},{"taxonomy":"product_tag","embeddable":true,"href":"https:\/\/www.erresse-shop.it\/fr\/wp-json\/wp\/v2\/product_tag?post=494480"}],"curies":[{"name":"wp","href":"https:\/\/api.w.org\/{rel}","templated":true}]}}