{"id":494416,"date":"2025-04-23T07:21:40","date_gmt":"2025-04-23T07:21:43","guid":{"rendered":"https:\/\/www.erresse-shop.it\/?post_type=product&#038;p=494416"},"modified":"2026-02-10T10:47:21","modified_gmt":"2026-02-10T10:47:21","slug":"vista-alegre-accento-dressoir-mat","status":"publish","type":"product","link":"https:\/\/www.erresse-shop.it\/fr\/shop\/ameublement-maison\/meubles\/vista-alegre-accento-dressoir-mat\/","title":{"rendered":"VISTA ALEGRE Accento Dressoir Mat"},"content":{"rendered":"<p>Le buffet de la collection Accento de Vista Alegre, en collaboration avec Pininfarina, est fabriqu\u00e9 \u00e0 la main avec des mat\u00e9riaux nobles tels que le cuir, le bois et le marbre. Inspir\u00e9 des voitures de sport des ann\u00e9es 60 et 70, il c\u00e9l\u00e8bre le 200e anniversaire de Vista Alegre. La collection comprend des meubles avec des d\u00e9tails en c\u00e9ramique et des finitions \u00e9l\u00e9gantes, rendant hommage \u00e0 l&#8217;h\u00e9ritage de Pininfarina. Chaque pi\u00e8ce allie luxe, innovation et savoir-faire, avec des lignes fluides et des mat\u00e9riaux de haute qualit\u00e9, cr\u00e9ant un \u00e9quilibre parfait entre design automobile et mobilier exclusif.<\/p>\n<p>Hauteur : 750 mm<br \/>\nLongueur : 2400 mm<br \/>\nLargeur : 600 mm<\/p>\n<p>Bois de fr\u00eane teint\u00e9 anthracite<br \/>\nCuir fleur jaune<br \/>\nMarbre noir Marquina (finition mate)<\/p>\n","protected":false},"excerpt":{"rendered":"<p>Le buffet de la collection Accento de Vista Alegre, en collaboration avec Pininfarina, est fabriqu\u00e9 \u00e0 la main avec des<\/p>\n","protected":false},"featured_media":494405,"template":"","meta":{"_acf_changed":false,"inline_featured_image":false},"product_cat":[12738,17094],"product_tag":[25026,25021,24680,17133,24603],"acf":[],"yoast_head":"<!-- This site is optimized with the Yoast SEO Premium plugin v18.6 (Yoast SEO v19.13) - https:\/\/yoast.com\/wordpress\/plugins\/seo\/ -->\n<title>VISTA ALEGRE Accento Dressoir Mat - Erresse Shop<\/title>\n<meta name=\"description\" content=\"Le buffet de la collection Accento de Vista Alegre, en collaboration avec Pininfarina, est fabriqu\u00e9 \u00e0 la main avec des mat\u00e9riaux nobles tels que le cuir,\" \/>\n<meta name=\"robots\" content=\"index, follow, max-snippet:-1, max-image-preview:large, max-video-preview:-1\" \/>\n<link rel=\"canonical\" href=\"https:\/\/www.erresse-shop.it\/fr\/shop\/ameublement-maison\/meubles\/vista-alegre-accento-dressoir-mat\/\" \/>\n<meta property=\"og:locale\" content=\"fr_FR\" \/>\n<meta property=\"og:type\" content=\"article\" \/>\n<meta property=\"og:title\" content=\"VISTA ALEGRE Accento Dressoir Mat\" \/>\n<meta property=\"og:description\" content=\"Le buffet de la collection Accento de Vista Alegre, en collaboration avec Pininfarina, est fabriqu\u00e9 \u00e0 la main avec des mat\u00e9riaux nobles tels que le cuir,\" \/>\n<meta property=\"og:url\" content=\"https:\/\/www.erresse-shop.it\/fr\/shop\/ameublement-maison\/meubles\/vista-alegre-accento-dressoir-mat\/\" \/>\n<meta property=\"og:site_name\" content=\"Erresse Shop\" \/>\n<meta property=\"article:modified_time\" content=\"2026-02-10T10:47:21+00:00\" \/>\n<meta property=\"og:image\" content=\"https:\/\/www.erresse-shop.it\/wp-content\/uploads\/2025\/04\/VISTA-ALEGRE-Accento-Credenza.jpg\" \/>\n\t<meta property=\"og:image:width\" content=\"1200\" \/>\n\t<meta property=\"og:image:height\" content=\"1200\" \/>\n\t<meta property=\"og:image:type\" content=\"image\/jpeg\" \/>\n<meta name=\"twitter:card\" content=\"summary_large_image\" \/>\n<script type=\"application\/ld+json\" class=\"yoast-schema-graph\">{\"@context\":\"https:\/\/schema.org\",\"@graph\":[{\"@type\":\"WebPage\",\"@id\":\"https:\/\/www.erresse-shop.it\/fr\/shop\/ameublement-maison\/meubles\/vista-alegre-accento-dressoir-mat\/\",\"url\":\"https:\/\/www.erresse-shop.it\/fr\/shop\/ameublement-maison\/meubles\/vista-alegre-accento-dressoir-mat\/\",\"name\":\"VISTA ALEGRE Accento Dressoir Mat - Erresse Shop\",\"isPartOf\":{\"@id\":\"https:\/\/www.erresse-shop.it\/fr\/#website\"},\"datePublished\":\"2025-04-23T07:21:43+00:00\",\"dateModified\":\"2026-02-10T10:47:21+00:00\",\"description\":\"Le buffet de la collection Accento de Vista Alegre, en collaboration avec Pininfarina, est fabriqu\u00e9 \u00e0 la main avec des mat\u00e9riaux nobles tels que le cuir,\",\"breadcrumb\":{\"@id\":\"https:\/\/www.erresse-shop.it\/fr\/shop\/ameublement-maison\/meubles\/vista-alegre-accento-dressoir-mat\/#breadcrumb\"},\"inLanguage\":\"fr-FR\",\"potentialAction\":[{\"@type\":\"ReadAction\",\"target\":[\"https:\/\/www.erresse-shop.it\/fr\/shop\/ameublement-maison\/meubles\/vista-alegre-accento-dressoir-mat\/\"]}]},{\"@type\":\"BreadcrumbList\",\"@id\":\"https:\/\/www.erresse-shop.it\/fr\/shop\/ameublement-maison\/meubles\/vista-alegre-accento-dressoir-mat\/#breadcrumb\",\"itemListElement\":[{\"@type\":\"ListItem\",\"position\":1,\"name\":\"Home\",\"item\":\"https:\/\/www.erresse-shop.it\/fr\/\"},{\"@type\":\"ListItem\",\"position\":2,\"name\":\"Shop\",\"item\":\"https:\/\/www.erresse-shop.it\/fr\/shop\/\"},{\"@type\":\"ListItem\",\"position\":3,\"name\":\"VISTA ALEGRE Accento Dressoir Mat\"}]},{\"@type\":\"WebSite\",\"@id\":\"https:\/\/www.erresse-shop.it\/fr\/#website\",\"url\":\"https:\/\/www.erresse-shop.it\/fr\/\",\"name\":\"Erresse Shop\",\"description\":\"Articoli di qualit\u00e0 per la casa\",\"potentialAction\":[{\"@type\":\"SearchAction\",\"target\":{\"@type\":\"EntryPoint\",\"urlTemplate\":\"https:\/\/www.erresse-shop.it\/fr\/?s={search_term_string}\"},\"query-input\":\"required name=search_term_string\"}],\"inLanguage\":\"fr-FR\"}]}<\/script>\n<!-- \/ Yoast SEO Premium plugin. -->","yoast_head_json":{"title":"VISTA ALEGRE Accento Dressoir Mat - Erresse Shop","description":"Le buffet de la collection Accento de Vista Alegre, en collaboration avec Pininfarina, est fabriqu\u00e9 \u00e0 la main avec des mat\u00e9riaux nobles tels que le cuir,","robots":{"index":"index","follow":"follow","max-snippet":"max-snippet:-1","max-image-preview":"max-image-preview:large","max-video-preview":"max-video-preview:-1"},"canonical":"https:\/\/www.erresse-shop.it\/fr\/shop\/ameublement-maison\/meubles\/vista-alegre-accento-dressoir-mat\/","og_locale":"fr_FR","og_type":"article","og_title":"VISTA ALEGRE Accento Dressoir Mat","og_description":"Le buffet de la collection Accento de Vista Alegre, en collaboration avec Pininfarina, est fabriqu\u00e9 \u00e0 la main avec des mat\u00e9riaux nobles tels que le cuir,","og_url":"https:\/\/www.erresse-shop.it\/fr\/shop\/ameublement-maison\/meubles\/vista-alegre-accento-dressoir-mat\/","og_site_name":"Erresse Shop","article_modified_time":"2026-02-10T10:47:21+00:00","og_image":[{"width":1200,"height":1200,"url":"https:\/\/www.erresse-shop.it\/wp-content\/uploads\/2025\/04\/VISTA-ALEGRE-Accento-Credenza.jpg","type":"image\/jpeg"}],"twitter_card":"summary_large_image","schema":{"@context":"https:\/\/schema.org","@graph":[{"@type":"WebPage","@id":"https:\/\/www.erresse-shop.it\/fr\/shop\/ameublement-maison\/meubles\/vista-alegre-accento-dressoir-mat\/","url":"https:\/\/www.erresse-shop.it\/fr\/shop\/ameublement-maison\/meubles\/vista-alegre-accento-dressoir-mat\/","name":"VISTA ALEGRE Accento Dressoir Mat - Erresse Shop","isPartOf":{"@id":"https:\/\/www.erresse-shop.it\/fr\/#website"},"datePublished":"2025-04-23T07:21:43+00:00","dateModified":"2026-02-10T10:47:21+00:00","description":"Le buffet de la collection Accento de Vista Alegre, en collaboration avec Pininfarina, est fabriqu\u00e9 \u00e0 la main avec des mat\u00e9riaux nobles tels que le cuir,","breadcrumb":{"@id":"https:\/\/www.erresse-shop.it\/fr\/shop\/ameublement-maison\/meubles\/vista-alegre-accento-dressoir-mat\/#breadcrumb"},"inLanguage":"fr-FR","potentialAction":[{"@type":"ReadAction","target":["https:\/\/www.erresse-shop.it\/fr\/shop\/ameublement-maison\/meubles\/vista-alegre-accento-dressoir-mat\/"]}]},{"@type":"BreadcrumbList","@id":"https:\/\/www.erresse-shop.it\/fr\/shop\/ameublement-maison\/meubles\/vista-alegre-accento-dressoir-mat\/#breadcrumb","itemListElement":[{"@type":"ListItem","position":1,"name":"Home","item":"https:\/\/www.erresse-shop.it\/fr\/"},{"@type":"ListItem","position":2,"name":"Shop","item":"https:\/\/www.erresse-shop.it\/fr\/shop\/"},{"@type":"ListItem","position":3,"name":"VISTA ALEGRE Accento Dressoir Mat"}]},{"@type":"WebSite","@id":"https:\/\/www.erresse-shop.it\/fr\/#website","url":"https:\/\/www.erresse-shop.it\/fr\/","name":"Erresse Shop","description":"Articoli di qualit\u00e0 per la casa","potentialAction":[{"@type":"SearchAction","target":{"@type":"EntryPoint","urlTemplate":"https:\/\/www.erresse-shop.it\/fr\/?s={search_term_string}"},"query-input":"required name=search_term_string"}],"inLanguage":"fr-FR"}]}},"df_price":6823.7685,"df_sale_price":6823.7685,"df_regular_price":15163.93,"df_image_link":"https:\/\/www.erresse-shop.it\/wp-content\/uploads\/2025\/04\/VISTA-ALEGRE-Accento-Credenza-300x300.jpg","_links":{"self":[{"href":"https:\/\/www.erresse-shop.it\/fr\/wp-json\/wp\/v2\/product\/494416"}],"collection":[{"href":"https:\/\/www.erresse-shop.it\/fr\/wp-json\/wp\/v2\/product"}],"about":[{"href":"https:\/\/www.erresse-shop.it\/fr\/wp-json\/wp\/v2\/types\/product"}],"wp:featuredmedia":[{"embeddable":true,"href":"https:\/\/www.erresse-shop.it\/fr\/wp-json\/wp\/v2\/media\/494405"}],"wp:attachment":[{"href":"https:\/\/www.erresse-shop.it\/fr\/wp-json\/wp\/v2\/media?parent=494416"}],"wp:term":[{"taxonomy":"product_cat","embeddable":true,"href":"https:\/\/www.erresse-shop.it\/fr\/wp-json\/wp\/v2\/product_cat?post=494416"},{"taxonomy":"product_tag","embeddable":true,"href":"https:\/\/www.erresse-shop.it\/fr\/wp-json\/wp\/v2\/product_tag?post=494416"}],"curies":[{"name":"wp","href":"https:\/\/api.w.org\/{rel}","templated":true}]}}