{"id":494362,"date":"2025-04-23T06:42:33","date_gmt":"2025-04-23T06:42:37","guid":{"rendered":"https:\/\/www.erresse-shop.it\/?post_type=product&#038;p=494362"},"modified":"2026-02-10T10:53:05","modified_gmt":"2026-02-10T10:53:05","slug":"vista-alegre-accento-chaise","status":"publish","type":"product","link":"https:\/\/www.erresse-shop.it\/fr\/shop\/ameublement-maison\/chaises-et-fauteuils\/vista-alegre-accento-chaise\/","title":{"rendered":"VISTA ALEGRE Accento Chaise"},"content":{"rendered":"<p>La chaise de la collection Accento de Vista Alegre, r\u00e9alis\u00e9e avec Pininfarina, est finie \u00e0 la main avec du cuir et du bois de haute qualit\u00e9. Inspir\u00e9e des voitures de luxe des ann\u00e9es 1960 et 1970, la collection c\u00e9l\u00e8bre le 200e anniversaire de Vista Alegre, avec des fauteuils ergonomiques en cuir matelass\u00e9 et des tables basses en cuir et en c\u00e9ramique avec des d\u00e9tails jaunes contrast\u00e9s.<\/p>\n<p>Hauteur : 780 mm<br \/>\nLongueur : 500 mm<br \/>\nLargeur : 500 mm<\/p>\n<p>Bois de fr\u00eane teint\u00e9 charbon de bois<br \/>\nCuir fleur jaune<\/p>\n","protected":false},"excerpt":{"rendered":"<p>La chaise de la collection Accento de Vista Alegre, r\u00e9alis\u00e9e avec Pininfarina, est finie \u00e0 la main avec du cuir<\/p>\n","protected":false},"featured_media":494373,"template":"","meta":{"_acf_changed":false,"inline_featured_image":false},"product_cat":[12738,14437],"product_tag":[25026,15759,25021,24680,17133,24603],"acf":[],"yoast_head":"<!-- This site is optimized with the Yoast SEO Premium plugin v18.6 (Yoast SEO v19.13) - https:\/\/yoast.com\/wordpress\/plugins\/seo\/ -->\n<title>VISTA ALEGRE Accento Chaise - Erresse Shop<\/title>\n<meta name=\"description\" content=\"La chaise de la collection Accento de Vista Alegre, r\u00e9alis\u00e9e avec Pininfarina, est finie \u00e0 la main avec du cuir et du bois de haute qualit\u00e9. Inspir\u00e9e des\" \/>\n<meta name=\"robots\" content=\"index, follow, max-snippet:-1, max-image-preview:large, max-video-preview:-1\" \/>\n<link rel=\"canonical\" href=\"https:\/\/www.erresse-shop.it\/fr\/shop\/ameublement-maison\/chaises-et-fauteuils\/vista-alegre-accento-chaise\/\" \/>\n<meta property=\"og:locale\" content=\"fr_FR\" \/>\n<meta property=\"og:type\" content=\"article\" \/>\n<meta property=\"og:title\" content=\"VISTA ALEGRE Accento Chaise\" \/>\n<meta property=\"og:description\" content=\"La chaise de la collection Accento de Vista Alegre, r\u00e9alis\u00e9e avec Pininfarina, est finie \u00e0 la main avec du cuir et du bois de haute qualit\u00e9. Inspir\u00e9e des\" \/>\n<meta property=\"og:url\" content=\"https:\/\/www.erresse-shop.it\/fr\/shop\/ameublement-maison\/chaises-et-fauteuils\/vista-alegre-accento-chaise\/\" \/>\n<meta property=\"og:site_name\" content=\"Erresse Shop\" \/>\n<meta property=\"article:modified_time\" content=\"2026-02-10T10:53:05+00:00\" \/>\n<meta property=\"og:image\" content=\"https:\/\/www.erresse-shop.it\/wp-content\/uploads\/2025\/04\/VISTA-ALEGRE-Accento-Sedia.jpg\" \/>\n\t<meta property=\"og:image:width\" content=\"1200\" \/>\n\t<meta property=\"og:image:height\" content=\"1200\" \/>\n\t<meta property=\"og:image:type\" content=\"image\/jpeg\" \/>\n<meta name=\"twitter:card\" content=\"summary_large_image\" \/>\n<script type=\"application\/ld+json\" class=\"yoast-schema-graph\">{\"@context\":\"https:\/\/schema.org\",\"@graph\":[{\"@type\":\"WebPage\",\"@id\":\"https:\/\/www.erresse-shop.it\/fr\/shop\/ameublement-maison\/chaises-et-fauteuils\/vista-alegre-accento-chaise\/\",\"url\":\"https:\/\/www.erresse-shop.it\/fr\/shop\/ameublement-maison\/chaises-et-fauteuils\/vista-alegre-accento-chaise\/\",\"name\":\"VISTA ALEGRE Accento Chaise - Erresse Shop\",\"isPartOf\":{\"@id\":\"https:\/\/www.erresse-shop.it\/fr\/#website\"},\"datePublished\":\"2025-04-23T06:42:37+00:00\",\"dateModified\":\"2026-02-10T10:53:05+00:00\",\"description\":\"La chaise de la collection Accento de Vista Alegre, r\u00e9alis\u00e9e avec Pininfarina, est finie \u00e0 la main avec du cuir et du bois de haute qualit\u00e9. Inspir\u00e9e des\",\"breadcrumb\":{\"@id\":\"https:\/\/www.erresse-shop.it\/fr\/shop\/ameublement-maison\/chaises-et-fauteuils\/vista-alegre-accento-chaise\/#breadcrumb\"},\"inLanguage\":\"fr-FR\",\"potentialAction\":[{\"@type\":\"ReadAction\",\"target\":[\"https:\/\/www.erresse-shop.it\/fr\/shop\/ameublement-maison\/chaises-et-fauteuils\/vista-alegre-accento-chaise\/\"]}]},{\"@type\":\"BreadcrumbList\",\"@id\":\"https:\/\/www.erresse-shop.it\/fr\/shop\/ameublement-maison\/chaises-et-fauteuils\/vista-alegre-accento-chaise\/#breadcrumb\",\"itemListElement\":[{\"@type\":\"ListItem\",\"position\":1,\"name\":\"Home\",\"item\":\"https:\/\/www.erresse-shop.it\/fr\/\"},{\"@type\":\"ListItem\",\"position\":2,\"name\":\"Shop\",\"item\":\"https:\/\/www.erresse-shop.it\/fr\/shop\/\"},{\"@type\":\"ListItem\",\"position\":3,\"name\":\"VISTA ALEGRE Accento Chaise\"}]},{\"@type\":\"WebSite\",\"@id\":\"https:\/\/www.erresse-shop.it\/fr\/#website\",\"url\":\"https:\/\/www.erresse-shop.it\/fr\/\",\"name\":\"Erresse Shop\",\"description\":\"Articoli di qualit\u00e0 per la casa\",\"potentialAction\":[{\"@type\":\"SearchAction\",\"target\":{\"@type\":\"EntryPoint\",\"urlTemplate\":\"https:\/\/www.erresse-shop.it\/fr\/?s={search_term_string}\"},\"query-input\":\"required name=search_term_string\"}],\"inLanguage\":\"fr-FR\"}]}<\/script>\n<!-- \/ Yoast SEO Premium plugin. -->","yoast_head_json":{"title":"VISTA ALEGRE Accento Chaise - Erresse Shop","description":"La chaise de la collection Accento de Vista Alegre, r\u00e9alis\u00e9e avec Pininfarina, est finie \u00e0 la main avec du cuir et du bois de haute qualit\u00e9. Inspir\u00e9e des","robots":{"index":"index","follow":"follow","max-snippet":"max-snippet:-1","max-image-preview":"max-image-preview:large","max-video-preview":"max-video-preview:-1"},"canonical":"https:\/\/www.erresse-shop.it\/fr\/shop\/ameublement-maison\/chaises-et-fauteuils\/vista-alegre-accento-chaise\/","og_locale":"fr_FR","og_type":"article","og_title":"VISTA ALEGRE Accento Chaise","og_description":"La chaise de la collection Accento de Vista Alegre, r\u00e9alis\u00e9e avec Pininfarina, est finie \u00e0 la main avec du cuir et du bois de haute qualit\u00e9. Inspir\u00e9e des","og_url":"https:\/\/www.erresse-shop.it\/fr\/shop\/ameublement-maison\/chaises-et-fauteuils\/vista-alegre-accento-chaise\/","og_site_name":"Erresse Shop","article_modified_time":"2026-02-10T10:53:05+00:00","og_image":[{"width":1200,"height":1200,"url":"https:\/\/www.erresse-shop.it\/wp-content\/uploads\/2025\/04\/VISTA-ALEGRE-Accento-Sedia.jpg","type":"image\/jpeg"}],"twitter_card":"summary_large_image","schema":{"@context":"https:\/\/schema.org","@graph":[{"@type":"WebPage","@id":"https:\/\/www.erresse-shop.it\/fr\/shop\/ameublement-maison\/chaises-et-fauteuils\/vista-alegre-accento-chaise\/","url":"https:\/\/www.erresse-shop.it\/fr\/shop\/ameublement-maison\/chaises-et-fauteuils\/vista-alegre-accento-chaise\/","name":"VISTA ALEGRE Accento Chaise - Erresse Shop","isPartOf":{"@id":"https:\/\/www.erresse-shop.it\/fr\/#website"},"datePublished":"2025-04-23T06:42:37+00:00","dateModified":"2026-02-10T10:53:05+00:00","description":"La chaise de la collection Accento de Vista Alegre, r\u00e9alis\u00e9e avec Pininfarina, est finie \u00e0 la main avec du cuir et du bois de haute qualit\u00e9. Inspir\u00e9e des","breadcrumb":{"@id":"https:\/\/www.erresse-shop.it\/fr\/shop\/ameublement-maison\/chaises-et-fauteuils\/vista-alegre-accento-chaise\/#breadcrumb"},"inLanguage":"fr-FR","potentialAction":[{"@type":"ReadAction","target":["https:\/\/www.erresse-shop.it\/fr\/shop\/ameublement-maison\/chaises-et-fauteuils\/vista-alegre-accento-chaise\/"]}]},{"@type":"BreadcrumbList","@id":"https:\/\/www.erresse-shop.it\/fr\/shop\/ameublement-maison\/chaises-et-fauteuils\/vista-alegre-accento-chaise\/#breadcrumb","itemListElement":[{"@type":"ListItem","position":1,"name":"Home","item":"https:\/\/www.erresse-shop.it\/fr\/"},{"@type":"ListItem","position":2,"name":"Shop","item":"https:\/\/www.erresse-shop.it\/fr\/shop\/"},{"@type":"ListItem","position":3,"name":"VISTA ALEGRE Accento Chaise"}]},{"@type":"WebSite","@id":"https:\/\/www.erresse-shop.it\/fr\/#website","url":"https:\/\/www.erresse-shop.it\/fr\/","name":"Erresse Shop","description":"Articoli di qualit\u00e0 per la casa","potentialAction":[{"@type":"SearchAction","target":{"@type":"EntryPoint","urlTemplate":"https:\/\/www.erresse-shop.it\/fr\/?s={search_term_string}"},"query-input":"required name=search_term_string"}],"inLanguage":"fr-FR"}]}},"df_price":1438.524,"df_sale_price":1438.524,"df_regular_price":3196.72,"df_image_link":"https:\/\/www.erresse-shop.it\/wp-content\/uploads\/2025\/04\/VISTA-ALEGRE-Accento-Sedia-300x300.jpg","_links":{"self":[{"href":"https:\/\/www.erresse-shop.it\/fr\/wp-json\/wp\/v2\/product\/494362"}],"collection":[{"href":"https:\/\/www.erresse-shop.it\/fr\/wp-json\/wp\/v2\/product"}],"about":[{"href":"https:\/\/www.erresse-shop.it\/fr\/wp-json\/wp\/v2\/types\/product"}],"wp:featuredmedia":[{"embeddable":true,"href":"https:\/\/www.erresse-shop.it\/fr\/wp-json\/wp\/v2\/media\/494373"}],"wp:attachment":[{"href":"https:\/\/www.erresse-shop.it\/fr\/wp-json\/wp\/v2\/media?parent=494362"}],"wp:term":[{"taxonomy":"product_cat","embeddable":true,"href":"https:\/\/www.erresse-shop.it\/fr\/wp-json\/wp\/v2\/product_cat?post=494362"},{"taxonomy":"product_tag","embeddable":true,"href":"https:\/\/www.erresse-shop.it\/fr\/wp-json\/wp\/v2\/product_tag?post=494362"}],"curies":[{"name":"wp","href":"https:\/\/api.w.org\/{rel}","templated":true}]}}