{"id":494341,"date":"2025-04-23T06:16:14","date_gmt":"2025-04-23T06:16:17","guid":{"rendered":"https:\/\/www.erresse-shop.it\/?post_type=product&#038;p=494341"},"modified":"2026-02-10T10:56:50","modified_gmt":"2026-02-10T10:56:50","slug":"vista-alegre-accento-fauteuil","status":"publish","type":"product","link":"https:\/\/www.erresse-shop.it\/fr\/shop\/ameublement-maison\/chaises-et-fauteuils\/vista-alegre-accento-fauteuil\/","title":{"rendered":"VISTA ALEGRE Accento Fauteuil"},"content":{"rendered":"<p>Une assise enveloppante mais spacieuse, qui cache dans son contraste de couleurs et de textures un fauteuil confortable et \u00e9l\u00e9gant. Les coutures en losange jaune rendent hommage aux si\u00e8ges des voitures anciennes, o\u00f9 ce motif \u00e9tait courant, et servent de contraste avec le c\u00f4t\u00e9 ext\u00e9rieur du si\u00e8ge, qui pr\u00e9sente un \u00e9l\u00e9gant rev\u00eatement en cuir noir. Au fond se trouve une plaque en c\u00e9ramique blanche, grav\u00e9e du logo Vista Alegre : un clin d&#8217;\u0153il aux origines de l&#8217;entreprise en tant que fabricant de produits en porcelaine haut de gamme.<\/p>\n<p>Hauteur : 775 mm<br \/>\nLongueur : 765 mm<br \/>\nLargeur : 745<\/p>\n<p>Bois de fr\u00eane teint\u00e9 charbon de bois<br \/>\nCuir fleur jaune<\/p>\n","protected":false},"excerpt":{"rendered":"<p>Une assise enveloppante mais spacieuse, qui cache dans son contraste de couleurs et de textures un fauteuil confortable et \u00e9l\u00e9gant.<\/p>\n","protected":false},"featured_media":494346,"template":"","meta":{"_acf_changed":false,"inline_featured_image":false},"product_cat":[12738,14437],"product_tag":[25026,25021,16331,24680,17133,24603],"acf":[],"yoast_head":"<!-- This site is optimized with the Yoast SEO Premium plugin v18.6 (Yoast SEO v19.13) - https:\/\/yoast.com\/wordpress\/plugins\/seo\/ -->\n<title>VISTA ALEGRE Accento Fauteuil - Erresse Shop<\/title>\n<meta name=\"description\" content=\"Une assise enveloppante mais spacieuse, qui cache dans son contraste de couleurs et de textures un fauteuil confortable et \u00e9l\u00e9gant. Les coutures en\" \/>\n<meta name=\"robots\" content=\"index, follow, max-snippet:-1, max-image-preview:large, max-video-preview:-1\" \/>\n<link rel=\"canonical\" href=\"https:\/\/www.erresse-shop.it\/fr\/shop\/ameublement-maison\/chaises-et-fauteuils\/vista-alegre-accento-fauteuil\/\" \/>\n<meta property=\"og:locale\" content=\"fr_FR\" \/>\n<meta property=\"og:type\" content=\"article\" \/>\n<meta property=\"og:title\" content=\"VISTA ALEGRE Accento Fauteuil\" \/>\n<meta property=\"og:description\" content=\"Une assise enveloppante mais spacieuse, qui cache dans son contraste de couleurs et de textures un fauteuil confortable et \u00e9l\u00e9gant. Les coutures en\" \/>\n<meta property=\"og:url\" content=\"https:\/\/www.erresse-shop.it\/fr\/shop\/ameublement-maison\/chaises-et-fauteuils\/vista-alegre-accento-fauteuil\/\" \/>\n<meta property=\"og:site_name\" content=\"Erresse Shop\" \/>\n<meta property=\"article:modified_time\" content=\"2026-02-10T10:56:50+00:00\" \/>\n<meta property=\"og:image\" content=\"https:\/\/www.erresse-shop.it\/wp-content\/uploads\/2025\/04\/VISTA-ALEGRE-Accento-Poltrona.jpg\" \/>\n\t<meta property=\"og:image:width\" content=\"1200\" \/>\n\t<meta property=\"og:image:height\" content=\"1200\" \/>\n\t<meta property=\"og:image:type\" content=\"image\/jpeg\" \/>\n<meta name=\"twitter:card\" content=\"summary_large_image\" \/>\n<script type=\"application\/ld+json\" class=\"yoast-schema-graph\">{\"@context\":\"https:\/\/schema.org\",\"@graph\":[{\"@type\":\"WebPage\",\"@id\":\"https:\/\/www.erresse-shop.it\/fr\/shop\/ameublement-maison\/chaises-et-fauteuils\/vista-alegre-accento-fauteuil\/\",\"url\":\"https:\/\/www.erresse-shop.it\/fr\/shop\/ameublement-maison\/chaises-et-fauteuils\/vista-alegre-accento-fauteuil\/\",\"name\":\"VISTA ALEGRE Accento Fauteuil - Erresse Shop\",\"isPartOf\":{\"@id\":\"https:\/\/www.erresse-shop.it\/fr\/#website\"},\"datePublished\":\"2025-04-23T06:16:17+00:00\",\"dateModified\":\"2026-02-10T10:56:50+00:00\",\"description\":\"Une assise enveloppante mais spacieuse, qui cache dans son contraste de couleurs et de textures un fauteuil confortable et \u00e9l\u00e9gant. Les coutures en\",\"breadcrumb\":{\"@id\":\"https:\/\/www.erresse-shop.it\/fr\/shop\/ameublement-maison\/chaises-et-fauteuils\/vista-alegre-accento-fauteuil\/#breadcrumb\"},\"inLanguage\":\"fr-FR\",\"potentialAction\":[{\"@type\":\"ReadAction\",\"target\":[\"https:\/\/www.erresse-shop.it\/fr\/shop\/ameublement-maison\/chaises-et-fauteuils\/vista-alegre-accento-fauteuil\/\"]}]},{\"@type\":\"BreadcrumbList\",\"@id\":\"https:\/\/www.erresse-shop.it\/fr\/shop\/ameublement-maison\/chaises-et-fauteuils\/vista-alegre-accento-fauteuil\/#breadcrumb\",\"itemListElement\":[{\"@type\":\"ListItem\",\"position\":1,\"name\":\"Home\",\"item\":\"https:\/\/www.erresse-shop.it\/fr\/\"},{\"@type\":\"ListItem\",\"position\":2,\"name\":\"Shop\",\"item\":\"https:\/\/www.erresse-shop.it\/fr\/shop\/\"},{\"@type\":\"ListItem\",\"position\":3,\"name\":\"VISTA ALEGRE Accento Fauteuil\"}]},{\"@type\":\"WebSite\",\"@id\":\"https:\/\/www.erresse-shop.it\/fr\/#website\",\"url\":\"https:\/\/www.erresse-shop.it\/fr\/\",\"name\":\"Erresse Shop\",\"description\":\"Articoli di qualit\u00e0 per la casa\",\"potentialAction\":[{\"@type\":\"SearchAction\",\"target\":{\"@type\":\"EntryPoint\",\"urlTemplate\":\"https:\/\/www.erresse-shop.it\/fr\/?s={search_term_string}\"},\"query-input\":\"required name=search_term_string\"}],\"inLanguage\":\"fr-FR\"}]}<\/script>\n<!-- \/ Yoast SEO Premium plugin. -->","yoast_head_json":{"title":"VISTA ALEGRE Accento Fauteuil - Erresse Shop","description":"Une assise enveloppante mais spacieuse, qui cache dans son contraste de couleurs et de textures un fauteuil confortable et \u00e9l\u00e9gant. Les coutures en","robots":{"index":"index","follow":"follow","max-snippet":"max-snippet:-1","max-image-preview":"max-image-preview:large","max-video-preview":"max-video-preview:-1"},"canonical":"https:\/\/www.erresse-shop.it\/fr\/shop\/ameublement-maison\/chaises-et-fauteuils\/vista-alegre-accento-fauteuil\/","og_locale":"fr_FR","og_type":"article","og_title":"VISTA ALEGRE Accento Fauteuil","og_description":"Une assise enveloppante mais spacieuse, qui cache dans son contraste de couleurs et de textures un fauteuil confortable et \u00e9l\u00e9gant. Les coutures en","og_url":"https:\/\/www.erresse-shop.it\/fr\/shop\/ameublement-maison\/chaises-et-fauteuils\/vista-alegre-accento-fauteuil\/","og_site_name":"Erresse Shop","article_modified_time":"2026-02-10T10:56:50+00:00","og_image":[{"width":1200,"height":1200,"url":"https:\/\/www.erresse-shop.it\/wp-content\/uploads\/2025\/04\/VISTA-ALEGRE-Accento-Poltrona.jpg","type":"image\/jpeg"}],"twitter_card":"summary_large_image","schema":{"@context":"https:\/\/schema.org","@graph":[{"@type":"WebPage","@id":"https:\/\/www.erresse-shop.it\/fr\/shop\/ameublement-maison\/chaises-et-fauteuils\/vista-alegre-accento-fauteuil\/","url":"https:\/\/www.erresse-shop.it\/fr\/shop\/ameublement-maison\/chaises-et-fauteuils\/vista-alegre-accento-fauteuil\/","name":"VISTA ALEGRE Accento Fauteuil - Erresse Shop","isPartOf":{"@id":"https:\/\/www.erresse-shop.it\/fr\/#website"},"datePublished":"2025-04-23T06:16:17+00:00","dateModified":"2026-02-10T10:56:50+00:00","description":"Une assise enveloppante mais spacieuse, qui cache dans son contraste de couleurs et de textures un fauteuil confortable et \u00e9l\u00e9gant. Les coutures en","breadcrumb":{"@id":"https:\/\/www.erresse-shop.it\/fr\/shop\/ameublement-maison\/chaises-et-fauteuils\/vista-alegre-accento-fauteuil\/#breadcrumb"},"inLanguage":"fr-FR","potentialAction":[{"@type":"ReadAction","target":["https:\/\/www.erresse-shop.it\/fr\/shop\/ameublement-maison\/chaises-et-fauteuils\/vista-alegre-accento-fauteuil\/"]}]},{"@type":"BreadcrumbList","@id":"https:\/\/www.erresse-shop.it\/fr\/shop\/ameublement-maison\/chaises-et-fauteuils\/vista-alegre-accento-fauteuil\/#breadcrumb","itemListElement":[{"@type":"ListItem","position":1,"name":"Home","item":"https:\/\/www.erresse-shop.it\/fr\/"},{"@type":"ListItem","position":2,"name":"Shop","item":"https:\/\/www.erresse-shop.it\/fr\/shop\/"},{"@type":"ListItem","position":3,"name":"VISTA ALEGRE Accento Fauteuil"}]},{"@type":"WebSite","@id":"https:\/\/www.erresse-shop.it\/fr\/#website","url":"https:\/\/www.erresse-shop.it\/fr\/","name":"Erresse Shop","description":"Articoli di qualit\u00e0 per la casa","potentialAction":[{"@type":"SearchAction","target":{"@type":"EntryPoint","urlTemplate":"https:\/\/www.erresse-shop.it\/fr\/?s={search_term_string}"},"query-input":"required name=search_term_string"}],"inLanguage":"fr-FR"}]}},"df_price":1807.3754999999999,"df_sale_price":1807.3754999999999,"df_regular_price":4016.39,"df_image_link":"https:\/\/www.erresse-shop.it\/wp-content\/uploads\/2025\/04\/VISTA-ALEGRE-Accento-Poltrona-300x300.jpg","_links":{"self":[{"href":"https:\/\/www.erresse-shop.it\/fr\/wp-json\/wp\/v2\/product\/494341"}],"collection":[{"href":"https:\/\/www.erresse-shop.it\/fr\/wp-json\/wp\/v2\/product"}],"about":[{"href":"https:\/\/www.erresse-shop.it\/fr\/wp-json\/wp\/v2\/types\/product"}],"wp:featuredmedia":[{"embeddable":true,"href":"https:\/\/www.erresse-shop.it\/fr\/wp-json\/wp\/v2\/media\/494346"}],"wp:attachment":[{"href":"https:\/\/www.erresse-shop.it\/fr\/wp-json\/wp\/v2\/media?parent=494341"}],"wp:term":[{"taxonomy":"product_cat","embeddable":true,"href":"https:\/\/www.erresse-shop.it\/fr\/wp-json\/wp\/v2\/product_cat?post=494341"},{"taxonomy":"product_tag","embeddable":true,"href":"https:\/\/www.erresse-shop.it\/fr\/wp-json\/wp\/v2\/product_tag?post=494341"}],"curies":[{"name":"wp","href":"https:\/\/api.w.org\/{rel}","templated":true}]}}