{"id":493694,"date":"2025-04-22T07:20:21","date_gmt":"2025-04-22T07:20:24","guid":{"rendered":"https:\/\/www.erresse-shop.it\/?post_type=product&#038;p=493694"},"modified":"2026-02-12T11:09:55","modified_gmt":"2026-02-12T11:09:55","slug":"bamix-cordless-pro-200w-rouge","status":"publish","type":"product","link":"https:\/\/www.erresse-shop.it\/fr\/shop\/petits-electromenagers\/mixeurs\/bamix-cordless-pro-200w-rouge\/","title":{"rendered":"BAMIX Cordless Pro 200W Rouge"},"content":{"rendered":"<div class=\"metafield-rich_text_field\">\n<p><strong>Libert\u00e9 totale et pr\u00e9parations toujours parfaites<\/strong><\/p>\n<p>Avec le bamix Cordless Pro 200W, oubliez les tracas des c\u00e2bles et profitez de la libert\u00e9 en cuisine. Gr\u00e2ce \u00e0 la batterie lithium-ion int\u00e9gr\u00e9e, vous pouvez travailler en continu jusqu&#8217;\u00e0 20 minutes, en vous d\u00e9pla\u00e7ant librement entre le plan de travail et la cuisini\u00e8re.<\/p>\n<p><strong>Puissance r\u00e9glable pour chaque pr\u00e9paration<\/strong><\/p>\n<p>Le moteur de 200 W du bamix Cordless Pro offre trois niveaux de vitesse pour satisfaire tous les besoins culinaires. Le mode \u00c9tape 1, avec 8 000 tr\/min, est id\u00e9al pour les \u00e9mulsions l\u00e9g\u00e8res telles que les sauces et les vinaigrettes. L&#8217;\u00e9tape 2 atteint 14 000 tr\/min, parfaite pour les m\u00e9langes \u00e9pais ou les p\u00e2tes, tandis que la fonction Booster atteint 15 500 tr\/min, fournissant une puissance suppl\u00e9mentaire pour traiter des ingr\u00e9dients plus durs comme des noix ou de la glace.<\/p>\n<p><strong>Accessoires inclus pour une polyvalence maximale<\/strong><\/p>\n<p>Le pack Bamix Cordless Pro comprend une lame polyvalente, un disque plat et un disque perfor\u00e9, chacun con\u00e7u pour des pr\u00e9parations sp\u00e9cifiques. De la cr\u00e9ation de smoothies soyeux \u00e0 la pr\u00e9paration de m\u00e9langes moelleux, ces accessoires transforment votre mixeur en un outil multifonction. La station de charge pratique et compacte permet non seulement de garder votre appareil pr\u00eat \u00e0 l&#8217;emploi, mais ajoute \u00e9galement une touche d&#8217;ordre \u00e0 votre espace de travail.<\/p>\n<p><strong>Technologie de pointe et charge rapide<\/strong><\/p>\n<p>Le mixeur est \u00e9quip\u00e9 d&#8217;une batterie lithium-ion amovible, con\u00e7ue pour durer dans le temps. Le syst\u00e8me de charge rapide vous permet de reprendre le travail en un rien de temps, \u00e9liminant ainsi toute attente inutile. L&#8217;indicateur d&#8217;\u00e9tat de la batterie \u00e0 LED assure une surveillance constante, vous permettant ainsi de vous concentrer sur la cuisine sans vous soucier de la dur\u00e9e de vie de la batterie de l&#8217;appareil.<\/p>\n<p><strong>Qualit\u00e9 Bamix garantie pour des ann\u00e9es d&#8217;utilisation<\/strong><\/p>\n<p>Comme tous les produits Bamix, le Cordless Pro est synonyme de qualit\u00e9 et de fiabilit\u00e9. B\u00e9n\u00e9ficiant d&#8217;une garantie produit de 5 ans et d&#8217;une garantie batterie de 2 ans, il offre s\u00e9curit\u00e9 et durabilit\u00e9. Avec une tige de 22,5 cm de long, il est con\u00e7u pour atteindre facilement m\u00eame les casseroles les plus profondes, tandis que la conception ergonomique et les mat\u00e9riaux robustes en font le compagnon id\u00e9al pour toutes vos aventures culinaires.<\/p>\n<p><strong>CARACT\u00c9RISTIQUES<\/strong><\/p>\n<ul>\n<li>Mat\u00e9riau : plastique et acier<br \/>\nGarantie : 5 ans sur le produit. 2 ans sur batterie<br \/>\nDimensions : 45 x 30 x 10 cm<br \/>\nPoids : 1530 g<\/li>\n<\/ul>\n<\/div>\n<p><strong>NOT FOR SALE OUTSIDE EUROPE<\/strong><\/p>\n","protected":false},"excerpt":{"rendered":"<p>Libert\u00e9 totale et pr\u00e9parations toujours parfaites Avec le bamix Cordless Pro 200W, oubliez les tracas des c\u00e2bles et profitez de<\/p>\n","protected":false},"featured_media":493705,"template":"","meta":{"_acf_changed":false,"inline_featured_image":false},"product_cat":[12766,12449],"product_tag":[21529,12820,12948,20848,24588,13260],"acf":[],"yoast_head":"<!-- This site is optimized with the Yoast SEO Premium plugin v18.6 (Yoast SEO v19.13) - https:\/\/yoast.com\/wordpress\/plugins\/seo\/ -->\n<title>BAMIX Cordless Pro 200W Rouge - Erresse Shop<\/title>\n<meta name=\"description\" content=\"Libert\u00e9 totale et pr\u00e9parations toujours parfaites Avec le bamix Cordless Pro 200W, oubliez les tracas des c\u00e2bles et profitez de la libert\u00e9 en cuisine.\" \/>\n<meta name=\"robots\" content=\"index, follow, max-snippet:-1, max-image-preview:large, max-video-preview:-1\" \/>\n<link rel=\"canonical\" href=\"https:\/\/www.erresse-shop.it\/fr\/shop\/petits-electromenagers\/mixeurs\/bamix-cordless-pro-200w-rouge\/\" \/>\n<meta property=\"og:locale\" content=\"fr_FR\" \/>\n<meta property=\"og:type\" content=\"article\" \/>\n<meta property=\"og:title\" content=\"BAMIX Cordless Pro 200W Rouge\" \/>\n<meta property=\"og:description\" content=\"Libert\u00e9 totale et pr\u00e9parations toujours parfaites Avec le bamix Cordless Pro 200W, oubliez les tracas des c\u00e2bles et profitez de la libert\u00e9 en cuisine.\" \/>\n<meta property=\"og:url\" content=\"https:\/\/www.erresse-shop.it\/fr\/shop\/petits-electromenagers\/mixeurs\/bamix-cordless-pro-200w-rouge\/\" \/>\n<meta property=\"og:site_name\" content=\"Erresse Shop\" \/>\n<meta property=\"article:modified_time\" content=\"2026-02-12T11:09:55+00:00\" \/>\n<meta property=\"og:image\" content=\"https:\/\/www.erresse-shop.it\/wp-content\/uploads\/2025\/04\/BAMIX-Cordless-Pro-200W-Rosso.jpg\" \/>\n\t<meta property=\"og:image:width\" content=\"1200\" \/>\n\t<meta property=\"og:image:height\" content=\"1200\" \/>\n\t<meta property=\"og:image:type\" content=\"image\/jpeg\" \/>\n<meta name=\"twitter:card\" content=\"summary_large_image\" \/>\n<script type=\"application\/ld+json\" class=\"yoast-schema-graph\">{\"@context\":\"https:\/\/schema.org\",\"@graph\":[{\"@type\":\"WebPage\",\"@id\":\"https:\/\/www.erresse-shop.it\/fr\/shop\/petits-electromenagers\/mixeurs\/bamix-cordless-pro-200w-rouge\/\",\"url\":\"https:\/\/www.erresse-shop.it\/fr\/shop\/petits-electromenagers\/mixeurs\/bamix-cordless-pro-200w-rouge\/\",\"name\":\"BAMIX Cordless Pro 200W Rouge - Erresse Shop\",\"isPartOf\":{\"@id\":\"https:\/\/www.erresse-shop.it\/fr\/#website\"},\"datePublished\":\"2025-04-22T07:20:24+00:00\",\"dateModified\":\"2026-02-12T11:09:55+00:00\",\"description\":\"Libert\u00e9 totale et pr\u00e9parations toujours parfaites Avec le bamix Cordless Pro 200W, oubliez les tracas des c\u00e2bles et profitez de la libert\u00e9 en cuisine.\",\"breadcrumb\":{\"@id\":\"https:\/\/www.erresse-shop.it\/fr\/shop\/petits-electromenagers\/mixeurs\/bamix-cordless-pro-200w-rouge\/#breadcrumb\"},\"inLanguage\":\"fr-FR\",\"potentialAction\":[{\"@type\":\"ReadAction\",\"target\":[\"https:\/\/www.erresse-shop.it\/fr\/shop\/petits-electromenagers\/mixeurs\/bamix-cordless-pro-200w-rouge\/\"]}]},{\"@type\":\"BreadcrumbList\",\"@id\":\"https:\/\/www.erresse-shop.it\/fr\/shop\/petits-electromenagers\/mixeurs\/bamix-cordless-pro-200w-rouge\/#breadcrumb\",\"itemListElement\":[{\"@type\":\"ListItem\",\"position\":1,\"name\":\"Home\",\"item\":\"https:\/\/www.erresse-shop.it\/fr\/\"},{\"@type\":\"ListItem\",\"position\":2,\"name\":\"Shop\",\"item\":\"https:\/\/www.erresse-shop.it\/fr\/shop\/\"},{\"@type\":\"ListItem\",\"position\":3,\"name\":\"BAMIX Cordless Pro 200W Rouge\"}]},{\"@type\":\"WebSite\",\"@id\":\"https:\/\/www.erresse-shop.it\/fr\/#website\",\"url\":\"https:\/\/www.erresse-shop.it\/fr\/\",\"name\":\"Erresse Shop\",\"description\":\"Articoli di qualit\u00e0 per la casa\",\"potentialAction\":[{\"@type\":\"SearchAction\",\"target\":{\"@type\":\"EntryPoint\",\"urlTemplate\":\"https:\/\/www.erresse-shop.it\/fr\/?s={search_term_string}\"},\"query-input\":\"required name=search_term_string\"}],\"inLanguage\":\"fr-FR\"}]}<\/script>\n<!-- \/ Yoast SEO Premium plugin. -->","yoast_head_json":{"title":"BAMIX Cordless Pro 200W Rouge - Erresse Shop","description":"Libert\u00e9 totale et pr\u00e9parations toujours parfaites Avec le bamix Cordless Pro 200W, oubliez les tracas des c\u00e2bles et profitez de la libert\u00e9 en cuisine.","robots":{"index":"index","follow":"follow","max-snippet":"max-snippet:-1","max-image-preview":"max-image-preview:large","max-video-preview":"max-video-preview:-1"},"canonical":"https:\/\/www.erresse-shop.it\/fr\/shop\/petits-electromenagers\/mixeurs\/bamix-cordless-pro-200w-rouge\/","og_locale":"fr_FR","og_type":"article","og_title":"BAMIX Cordless Pro 200W Rouge","og_description":"Libert\u00e9 totale et pr\u00e9parations toujours parfaites Avec le bamix Cordless Pro 200W, oubliez les tracas des c\u00e2bles et profitez de la libert\u00e9 en cuisine.","og_url":"https:\/\/www.erresse-shop.it\/fr\/shop\/petits-electromenagers\/mixeurs\/bamix-cordless-pro-200w-rouge\/","og_site_name":"Erresse Shop","article_modified_time":"2026-02-12T11:09:55+00:00","og_image":[{"width":1200,"height":1200,"url":"https:\/\/www.erresse-shop.it\/wp-content\/uploads\/2025\/04\/BAMIX-Cordless-Pro-200W-Rosso.jpg","type":"image\/jpeg"}],"twitter_card":"summary_large_image","schema":{"@context":"https:\/\/schema.org","@graph":[{"@type":"WebPage","@id":"https:\/\/www.erresse-shop.it\/fr\/shop\/petits-electromenagers\/mixeurs\/bamix-cordless-pro-200w-rouge\/","url":"https:\/\/www.erresse-shop.it\/fr\/shop\/petits-electromenagers\/mixeurs\/bamix-cordless-pro-200w-rouge\/","name":"BAMIX Cordless Pro 200W Rouge - Erresse Shop","isPartOf":{"@id":"https:\/\/www.erresse-shop.it\/fr\/#website"},"datePublished":"2025-04-22T07:20:24+00:00","dateModified":"2026-02-12T11:09:55+00:00","description":"Libert\u00e9 totale et pr\u00e9parations toujours parfaites Avec le bamix Cordless Pro 200W, oubliez les tracas des c\u00e2bles et profitez de la libert\u00e9 en cuisine.","breadcrumb":{"@id":"https:\/\/www.erresse-shop.it\/fr\/shop\/petits-electromenagers\/mixeurs\/bamix-cordless-pro-200w-rouge\/#breadcrumb"},"inLanguage":"fr-FR","potentialAction":[{"@type":"ReadAction","target":["https:\/\/www.erresse-shop.it\/fr\/shop\/petits-electromenagers\/mixeurs\/bamix-cordless-pro-200w-rouge\/"]}]},{"@type":"BreadcrumbList","@id":"https:\/\/www.erresse-shop.it\/fr\/shop\/petits-electromenagers\/mixeurs\/bamix-cordless-pro-200w-rouge\/#breadcrumb","itemListElement":[{"@type":"ListItem","position":1,"name":"Home","item":"https:\/\/www.erresse-shop.it\/fr\/"},{"@type":"ListItem","position":2,"name":"Shop","item":"https:\/\/www.erresse-shop.it\/fr\/shop\/"},{"@type":"ListItem","position":3,"name":"BAMIX Cordless Pro 200W Rouge"}]},{"@type":"WebSite","@id":"https:\/\/www.erresse-shop.it\/fr\/#website","url":"https:\/\/www.erresse-shop.it\/fr\/","name":"Erresse Shop","description":"Articoli di qualit\u00e0 per la casa","potentialAction":[{"@type":"SearchAction","target":{"@type":"EntryPoint","urlTemplate":"https:\/\/www.erresse-shop.it\/fr\/?s={search_term_string}"},"query-input":"required name=search_term_string"}],"inLanguage":"fr-FR"}]}},"df_price":299.9,"df_sale_price":299.9,"df_regular_price":299.9,"df_image_link":"https:\/\/www.erresse-shop.it\/wp-content\/uploads\/2025\/04\/BAMIX-Cordless-Pro-200W-Rosso-300x300.jpg","_links":{"self":[{"href":"https:\/\/www.erresse-shop.it\/fr\/wp-json\/wp\/v2\/product\/493694"}],"collection":[{"href":"https:\/\/www.erresse-shop.it\/fr\/wp-json\/wp\/v2\/product"}],"about":[{"href":"https:\/\/www.erresse-shop.it\/fr\/wp-json\/wp\/v2\/types\/product"}],"wp:featuredmedia":[{"embeddable":true,"href":"https:\/\/www.erresse-shop.it\/fr\/wp-json\/wp\/v2\/media\/493705"}],"wp:attachment":[{"href":"https:\/\/www.erresse-shop.it\/fr\/wp-json\/wp\/v2\/media?parent=493694"}],"wp:term":[{"taxonomy":"product_cat","embeddable":true,"href":"https:\/\/www.erresse-shop.it\/fr\/wp-json\/wp\/v2\/product_cat?post=493694"},{"taxonomy":"product_tag","embeddable":true,"href":"https:\/\/www.erresse-shop.it\/fr\/wp-json\/wp\/v2\/product_tag?post=493694"}],"curies":[{"name":"wp","href":"https:\/\/api.w.org\/{rel}","templated":true}]}}