{"id":493646,"date":"2025-04-22T06:45:58","date_gmt":"2025-04-22T06:46:00","guid":{"rendered":"https:\/\/www.erresse-shop.it\/?post_type=product&#038;p=493646"},"modified":"2026-02-12T11:19:15","modified_gmt":"2026-02-12T11:19:15","slug":"bamix-gastro-200-blanc","status":"publish","type":"product","link":"https:\/\/www.erresse-shop.it\/fr\/shop\/petits-electromenagers\/mixeurs\/bamix-gastro-200-blanc\/","title":{"rendered":"BAMIX Gastro 200 Blanc"},"content":{"rendered":"<div class=\"metafield-rich_text_field\">\n<p><strong>Gastro : le robot culinaire professionnel compact et toujours efficace<\/strong><\/p>\n<p>Gastro est la version professionnelle du c\u00e9l\u00e8bre robot culinaire bamix, con\u00e7ue pour garantir des performances \u00e9lev\u00e9es m\u00eame dans un format compact. \u00c9quip\u00e9 d&#8217;un moteur \u00e0 courant alternatif de haute qualit\u00e9, il peut atteindre des vitesses comprises entre 12 000 et 17 000 tr\/min, lui permettant de g\u00e9rer une grande vari\u00e9t\u00e9 de pr\u00e9parations avec pr\u00e9cision. La tige de 19 cm de long est parfaite pour une utilisation directe dans les casseroles, rendant la cuisson plus pratique et r\u00e9duisant le besoin de r\u00e9cipients suppl\u00e9mentaires.<\/p>\n<p><strong>Lame multifonction : pour une infinit\u00e9 de pr\u00e9parations<\/strong><\/p>\n<p>La lame multifonction Gastro est l&#8217;un des accessoires cl\u00e9s qui rendent ce robot culinaire si efficace. Capable de hacher, couper et m\u00e9langer tout type d&#8217;aliment, il est particuli\u00e8rement utile pour travailler avec des aliments surgel\u00e9s ou des gla\u00e7ons. De la pr\u00e9paration de soupes et de cr\u00e8mes \u00e0 la cr\u00e8me glac\u00e9e, au pesto et aux milkshakes, la lame multifonctionnelle Bamix rend chaque pr\u00e9paration plus facile et plus rapide.<\/p>\n<p><strong>Fouet parfait pour des pr\u00e9parations l\u00e9g\u00e8res et moelleuses<\/strong><\/p>\n<p>Le fouet inclus avec le mod\u00e8le Gastro est parfait pour cr\u00e9er des consistances l\u00e9g\u00e8res et a\u00e9r\u00e9es. Que vous fouettiez de la cr\u00e8me, des blancs d&#8217;\u0153ufs ou que vous pr\u00e9pariez de la mousse et du sabayon, le fouet garantit des r\u00e9sultats lisses et sans grumeaux.<\/p>\n<p><strong>M\u00e9langeur pour des consistances cr\u00e9meuses et durables<\/strong><\/p>\n<p>Gastro ne s&#8217;arr\u00eate pas aux pr\u00e9parations l\u00e9g\u00e8res : son mixeur est id\u00e9al pour des \u00e9mulsions plus \u00e9paisses et plus cors\u00e9es. Avec lui, vous pouvez cr\u00e9er une pur\u00e9e de pommes de terre parfaite, pr\u00e9parer de la mayonnaise en quelques secondes et m\u00eame m\u00e9langer des cocktails. Le m\u00e9langeur vous permet d&#8217;obtenir des consistances lisses, ce qui le rend parfait pour les puddings, la cr\u00e8me caramel, les cr\u00eapes et bien plus encore.<\/p>\n<p><strong>Des performances professionnelles pour tous les besoins<\/strong><\/p>\n<p>Avec le mod\u00e8le Gastro, bamix propose \u00e9galement une solution professionnelle pour les cuisines domestiques. Sa puissance, sa polyvalence et sa facilit\u00e9 d&#8217;utilisation le rendent parfait pour tout type de pr\u00e9paration. Avec ce robot culinaire petit mais puissant, vous pouvez explorer de nouveaux niveaux de cr\u00e9ativit\u00e9 culinaire, en obtenant d&#8217;excellents r\u00e9sultats aussi bien pour les pr\u00e9parations quotidiennes que pour les plats plus \u00e9labor\u00e9s.<\/p>\n<p><strong>CARACT\u00c9RISTIQUES<\/strong><\/p>\n<ul>\n<li><strong>Mat\u00e9riau<\/strong> : plastique et acier<\/li>\n<li><strong>Dimensions<\/strong> : 7 x 6.5 x 40.5 cm<\/li>\n<li><strong>Poids<\/strong> : 950 g<\/li>\n<\/ul>\n<\/div>\n<p><strong>NOT FOR SALE OUTSIDE EUROPE<\/strong><\/p>\n","protected":false},"excerpt":{"rendered":"<p>Gastro : le robot culinaire professionnel compact et toujours efficace Gastro est la version professionnelle du c\u00e9l\u00e8bre robot culinaire bamix,<\/p>\n","protected":false},"featured_media":493663,"template":"","meta":{"_acf_changed":false,"inline_featured_image":false},"product_cat":[12766,12449],"product_tag":[21529,12820,12948,20848,24588,13260],"acf":[],"yoast_head":"<!-- This site is optimized with the Yoast SEO Premium plugin v18.6 (Yoast SEO v19.13) - https:\/\/yoast.com\/wordpress\/plugins\/seo\/ -->\n<title>BAMIX Gastro 200 Blanc - Erresse Shop<\/title>\n<meta name=\"description\" content=\"Gastro : le robot culinaire professionnel compact et toujours efficace Gastro est la version professionnelle du c\u00e9l\u00e8bre robot culinaire bamix, con\u00e7ue pour\" \/>\n<meta name=\"robots\" content=\"index, follow, max-snippet:-1, max-image-preview:large, max-video-preview:-1\" \/>\n<link rel=\"canonical\" href=\"https:\/\/www.erresse-shop.it\/fr\/shop\/petits-electromenagers\/mixeurs\/bamix-gastro-200-blanc\/\" \/>\n<meta property=\"og:locale\" content=\"fr_FR\" \/>\n<meta property=\"og:type\" content=\"article\" \/>\n<meta property=\"og:title\" content=\"BAMIX Gastro 200 Blanc\" \/>\n<meta property=\"og:description\" content=\"Gastro : le robot culinaire professionnel compact et toujours efficace Gastro est la version professionnelle du c\u00e9l\u00e8bre robot culinaire bamix, con\u00e7ue pour\" \/>\n<meta property=\"og:url\" content=\"https:\/\/www.erresse-shop.it\/fr\/shop\/petits-electromenagers\/mixeurs\/bamix-gastro-200-blanc\/\" \/>\n<meta property=\"og:site_name\" content=\"Erresse Shop\" \/>\n<meta property=\"article:modified_time\" content=\"2026-02-12T11:19:15+00:00\" \/>\n<meta property=\"og:image\" content=\"https:\/\/www.erresse-shop.it\/wp-content\/uploads\/2025\/04\/BAMIX-Gastro-200-Bianco.jpg\" \/>\n\t<meta property=\"og:image:width\" content=\"1200\" \/>\n\t<meta property=\"og:image:height\" content=\"1200\" \/>\n\t<meta property=\"og:image:type\" content=\"image\/jpeg\" \/>\n<meta name=\"twitter:card\" content=\"summary_large_image\" \/>\n<script type=\"application\/ld+json\" class=\"yoast-schema-graph\">{\"@context\":\"https:\/\/schema.org\",\"@graph\":[{\"@type\":\"WebPage\",\"@id\":\"https:\/\/www.erresse-shop.it\/fr\/shop\/petits-electromenagers\/mixeurs\/bamix-gastro-200-blanc\/\",\"url\":\"https:\/\/www.erresse-shop.it\/fr\/shop\/petits-electromenagers\/mixeurs\/bamix-gastro-200-blanc\/\",\"name\":\"BAMIX Gastro 200 Blanc - Erresse Shop\",\"isPartOf\":{\"@id\":\"https:\/\/www.erresse-shop.it\/fr\/#website\"},\"datePublished\":\"2025-04-22T06:46:00+00:00\",\"dateModified\":\"2026-02-12T11:19:15+00:00\",\"description\":\"Gastro : le robot culinaire professionnel compact et toujours efficace Gastro est la version professionnelle du c\u00e9l\u00e8bre robot culinaire bamix, con\u00e7ue pour\",\"breadcrumb\":{\"@id\":\"https:\/\/www.erresse-shop.it\/fr\/shop\/petits-electromenagers\/mixeurs\/bamix-gastro-200-blanc\/#breadcrumb\"},\"inLanguage\":\"fr-FR\",\"potentialAction\":[{\"@type\":\"ReadAction\",\"target\":[\"https:\/\/www.erresse-shop.it\/fr\/shop\/petits-electromenagers\/mixeurs\/bamix-gastro-200-blanc\/\"]}]},{\"@type\":\"BreadcrumbList\",\"@id\":\"https:\/\/www.erresse-shop.it\/fr\/shop\/petits-electromenagers\/mixeurs\/bamix-gastro-200-blanc\/#breadcrumb\",\"itemListElement\":[{\"@type\":\"ListItem\",\"position\":1,\"name\":\"Home\",\"item\":\"https:\/\/www.erresse-shop.it\/fr\/\"},{\"@type\":\"ListItem\",\"position\":2,\"name\":\"Shop\",\"item\":\"https:\/\/www.erresse-shop.it\/fr\/shop\/\"},{\"@type\":\"ListItem\",\"position\":3,\"name\":\"BAMIX Gastro 200 Blanc\"}]},{\"@type\":\"WebSite\",\"@id\":\"https:\/\/www.erresse-shop.it\/fr\/#website\",\"url\":\"https:\/\/www.erresse-shop.it\/fr\/\",\"name\":\"Erresse Shop\",\"description\":\"Articoli di qualit\u00e0 per la casa\",\"potentialAction\":[{\"@type\":\"SearchAction\",\"target\":{\"@type\":\"EntryPoint\",\"urlTemplate\":\"https:\/\/www.erresse-shop.it\/fr\/?s={search_term_string}\"},\"query-input\":\"required name=search_term_string\"}],\"inLanguage\":\"fr-FR\"}]}<\/script>\n<!-- \/ Yoast SEO Premium plugin. -->","yoast_head_json":{"title":"BAMIX Gastro 200 Blanc - Erresse Shop","description":"Gastro : le robot culinaire professionnel compact et toujours efficace Gastro est la version professionnelle du c\u00e9l\u00e8bre robot culinaire bamix, con\u00e7ue pour","robots":{"index":"index","follow":"follow","max-snippet":"max-snippet:-1","max-image-preview":"max-image-preview:large","max-video-preview":"max-video-preview:-1"},"canonical":"https:\/\/www.erresse-shop.it\/fr\/shop\/petits-electromenagers\/mixeurs\/bamix-gastro-200-blanc\/","og_locale":"fr_FR","og_type":"article","og_title":"BAMIX Gastro 200 Blanc","og_description":"Gastro : le robot culinaire professionnel compact et toujours efficace Gastro est la version professionnelle du c\u00e9l\u00e8bre robot culinaire bamix, con\u00e7ue pour","og_url":"https:\/\/www.erresse-shop.it\/fr\/shop\/petits-electromenagers\/mixeurs\/bamix-gastro-200-blanc\/","og_site_name":"Erresse Shop","article_modified_time":"2026-02-12T11:19:15+00:00","og_image":[{"width":1200,"height":1200,"url":"https:\/\/www.erresse-shop.it\/wp-content\/uploads\/2025\/04\/BAMIX-Gastro-200-Bianco.jpg","type":"image\/jpeg"}],"twitter_card":"summary_large_image","schema":{"@context":"https:\/\/schema.org","@graph":[{"@type":"WebPage","@id":"https:\/\/www.erresse-shop.it\/fr\/shop\/petits-electromenagers\/mixeurs\/bamix-gastro-200-blanc\/","url":"https:\/\/www.erresse-shop.it\/fr\/shop\/petits-electromenagers\/mixeurs\/bamix-gastro-200-blanc\/","name":"BAMIX Gastro 200 Blanc - Erresse Shop","isPartOf":{"@id":"https:\/\/www.erresse-shop.it\/fr\/#website"},"datePublished":"2025-04-22T06:46:00+00:00","dateModified":"2026-02-12T11:19:15+00:00","description":"Gastro : le robot culinaire professionnel compact et toujours efficace Gastro est la version professionnelle du c\u00e9l\u00e8bre robot culinaire bamix, con\u00e7ue pour","breadcrumb":{"@id":"https:\/\/www.erresse-shop.it\/fr\/shop\/petits-electromenagers\/mixeurs\/bamix-gastro-200-blanc\/#breadcrumb"},"inLanguage":"fr-FR","potentialAction":[{"@type":"ReadAction","target":["https:\/\/www.erresse-shop.it\/fr\/shop\/petits-electromenagers\/mixeurs\/bamix-gastro-200-blanc\/"]}]},{"@type":"BreadcrumbList","@id":"https:\/\/www.erresse-shop.it\/fr\/shop\/petits-electromenagers\/mixeurs\/bamix-gastro-200-blanc\/#breadcrumb","itemListElement":[{"@type":"ListItem","position":1,"name":"Home","item":"https:\/\/www.erresse-shop.it\/fr\/"},{"@type":"ListItem","position":2,"name":"Shop","item":"https:\/\/www.erresse-shop.it\/fr\/shop\/"},{"@type":"ListItem","position":3,"name":"BAMIX Gastro 200 Blanc"}]},{"@type":"WebSite","@id":"https:\/\/www.erresse-shop.it\/fr\/#website","url":"https:\/\/www.erresse-shop.it\/fr\/","name":"Erresse Shop","description":"Articoli di qualit\u00e0 per la casa","potentialAction":[{"@type":"SearchAction","target":{"@type":"EntryPoint","urlTemplate":"https:\/\/www.erresse-shop.it\/fr\/?s={search_term_string}"},"query-input":"required name=search_term_string"}],"inLanguage":"fr-FR"}]}},"df_price":279.9,"df_sale_price":279.9,"df_regular_price":279.9,"df_image_link":"https:\/\/www.erresse-shop.it\/wp-content\/uploads\/2025\/04\/BAMIX-Gastro-200-Bianco-300x300.jpg","_links":{"self":[{"href":"https:\/\/www.erresse-shop.it\/fr\/wp-json\/wp\/v2\/product\/493646"}],"collection":[{"href":"https:\/\/www.erresse-shop.it\/fr\/wp-json\/wp\/v2\/product"}],"about":[{"href":"https:\/\/www.erresse-shop.it\/fr\/wp-json\/wp\/v2\/types\/product"}],"wp:featuredmedia":[{"embeddable":true,"href":"https:\/\/www.erresse-shop.it\/fr\/wp-json\/wp\/v2\/media\/493663"}],"wp:attachment":[{"href":"https:\/\/www.erresse-shop.it\/fr\/wp-json\/wp\/v2\/media?parent=493646"}],"wp:term":[{"taxonomy":"product_cat","embeddable":true,"href":"https:\/\/www.erresse-shop.it\/fr\/wp-json\/wp\/v2\/product_cat?post=493646"},{"taxonomy":"product_tag","embeddable":true,"href":"https:\/\/www.erresse-shop.it\/fr\/wp-json\/wp\/v2\/product_tag?post=493646"}],"curies":[{"name":"wp","href":"https:\/\/api.w.org\/{rel}","templated":true}]}}