{"id":493591,"date":"2025-04-22T06:08:10","date_gmt":"2025-04-22T06:08:13","guid":{"rendered":"https:\/\/www.erresse-shop.it\/?post_type=product&#038;p=493591"},"modified":"2026-02-10T11:00:33","modified_gmt":"2026-02-10T11:00:33","slug":"bamix-set-baking","status":"publish","type":"product","link":"https:\/\/www.erresse-shop.it\/fr\/shop\/petits-electromenagers\/mixeurs\/bamix-set-baking\/","title":{"rendered":"BAMIX Set Baking"},"content":{"rendered":"<div class=\"metafield-rich_text_field\">\n<p><strong>Bamix Baking : Introduction au mixeur plongeant<\/strong><\/p>\n<p>bamix Baking est un mixeur plongeant polyvalent dot\u00e9 d&#8217;un moteur \u00e0 courant alternatif et d&#8217;une double isolation, con\u00e7u pour offrir des performances fiables et durables en cuisine. Ce robot culinaire est donc un compagnon fiable et indispensable pour ceux qui aiment exp\u00e9rimenter en cuisine avec facilit\u00e9 et pr\u00e9cision.<\/p>\n<p><strong>Mixeur : Pr\u00e9parations cr\u00e9meuses et polyvalentes<\/strong><\/p>\n<p>Gr\u00e2ce \u00e0 sa capacit\u00e9 \u00e0 \u00e9mulsionner les vinaigrettes, les cr\u00e8mes et les p\u00e2tes, bamix Baking est id\u00e9al pour pr\u00e9parer de la mayonnaise, de la pur\u00e9e de pommes de terre, des cocktails et bien plus encore. Il est \u00e9galement parfait pour m\u00e9langer des pur\u00e9es et pr\u00e9parer de d\u00e9licieuses sauces et puddings en quelques instants.<\/p>\n<p><strong>Lame pour viande et l\u00e9gumes\u00a0: polyvalence pour chaque coupe<\/strong><\/p>\n<p>La lame d\u00e9di\u00e9e \u00e0 la viande et aux l\u00e9gumes vous permet de hacher, hacher et r\u00e9duire en pur\u00e9e facilement la viande, le poisson et les l\u00e9gumes filandreux. Il est parfait pour les pr\u00e9parations qui n\u00e9cessitent un traitement pr\u00e9cis et rapide.<\/p>\n<p><strong>Lame multifonctionnelle : universelle et pratique<\/strong><\/p>\n<p>La lame multifonctionnelle Bamix \u00e9crase, coupe et m\u00e9lange tous types d&#8217;ingr\u00e9dients, y compris les aliments surgel\u00e9s et les gla\u00e7ons. Utilisable directement dans les casseroles sur la cuisini\u00e8re, il convient \u00e0 la pr\u00e9paration de soupes, cr\u00e8mes, glaces, pesto et bien plus encore.<\/p>\n<p><strong>Fouet : l\u00e9g\u00e8ret\u00e9 et douceur<\/strong><\/p>\n<p>Equip\u00e9 d&#8217;un fouet, le bamix Baking est id\u00e9al pour fouetter la cr\u00e8me, les blancs d&#8217;\u0153ufs et la mousse. \u00c9mulsionne les sauces, les cr\u00e8mes et les milkshakes, facilitant ainsi la pr\u00e9paration de desserts tels que le tiramisu, le sabayon et le cappuccino cr\u00e9meux.<\/p>\n<p><strong>CARACT\u00c9RISTIQUES<\/strong><\/p>\n<ul>\n<li><strong>Mat\u00e9riau<\/strong> : plastique et acier<\/li>\n<li><strong>Dimensions<\/strong> : 7 x 6,5 x 35,5 cm<\/li>\n<li><strong>Poids<\/strong> : 950 g<\/li>\n<\/ul>\n<\/div>\n<p><strong>NOT FOR SALE OUTSIDE EUROPE<\/strong><\/p>\n","protected":false},"excerpt":{"rendered":"<p>Bamix Baking : Introduction au mixeur plongeant bamix Baking est un mixeur plongeant polyvalent dot\u00e9 d&#8217;un moteur \u00e0 courant alternatif<\/p>\n","protected":false},"featured_media":493608,"template":"","meta":{"_acf_changed":false,"inline_featured_image":false},"product_cat":[12766,12449],"product_tag":[12820,12948,20848,24588,13260],"acf":[],"yoast_head":"<!-- This site is optimized with the Yoast SEO Premium plugin v18.6 (Yoast SEO v19.13) - https:\/\/yoast.com\/wordpress\/plugins\/seo\/ -->\n<title>BAMIX Set Baking - Erresse Shop<\/title>\n<meta name=\"description\" content=\"Bamix Baking : Introduction au mixeur plongeant bamix Baking est un mixeur plongeant polyvalent dot\u00e9 d&#039;un moteur \u00e0 courant alternatif et d&#039;une double\" \/>\n<meta name=\"robots\" content=\"index, follow, max-snippet:-1, max-image-preview:large, max-video-preview:-1\" \/>\n<link rel=\"canonical\" href=\"https:\/\/www.erresse-shop.it\/fr\/shop\/petits-electromenagers\/mixeurs\/bamix-set-baking\/\" \/>\n<meta property=\"og:locale\" content=\"fr_FR\" \/>\n<meta property=\"og:type\" content=\"article\" \/>\n<meta property=\"og:title\" content=\"BAMIX Set Baking\" \/>\n<meta property=\"og:description\" content=\"Bamix Baking : Introduction au mixeur plongeant bamix Baking est un mixeur plongeant polyvalent dot\u00e9 d&#039;un moteur \u00e0 courant alternatif et d&#039;une double\" \/>\n<meta property=\"og:url\" content=\"https:\/\/www.erresse-shop.it\/fr\/shop\/petits-electromenagers\/mixeurs\/bamix-set-baking\/\" \/>\n<meta property=\"og:site_name\" content=\"Erresse Shop\" \/>\n<meta property=\"article:modified_time\" content=\"2026-02-10T11:00:33+00:00\" \/>\n<meta property=\"og:image\" content=\"https:\/\/www.erresse-shop.it\/wp-content\/uploads\/2025\/04\/BAMIX-Set-Baking.jpg\" \/>\n\t<meta property=\"og:image:width\" content=\"1200\" \/>\n\t<meta property=\"og:image:height\" content=\"1200\" \/>\n\t<meta property=\"og:image:type\" content=\"image\/jpeg\" \/>\n<meta name=\"twitter:card\" content=\"summary_large_image\" \/>\n<script type=\"application\/ld+json\" class=\"yoast-schema-graph\">{\"@context\":\"https:\/\/schema.org\",\"@graph\":[{\"@type\":\"WebPage\",\"@id\":\"https:\/\/www.erresse-shop.it\/fr\/shop\/petits-electromenagers\/mixeurs\/bamix-set-baking\/\",\"url\":\"https:\/\/www.erresse-shop.it\/fr\/shop\/petits-electromenagers\/mixeurs\/bamix-set-baking\/\",\"name\":\"BAMIX Set Baking - Erresse Shop\",\"isPartOf\":{\"@id\":\"https:\/\/www.erresse-shop.it\/fr\/#website\"},\"datePublished\":\"2025-04-22T06:08:13+00:00\",\"dateModified\":\"2026-02-10T11:00:33+00:00\",\"description\":\"Bamix Baking : Introduction au mixeur plongeant bamix Baking est un mixeur plongeant polyvalent dot\u00e9 d'un moteur \u00e0 courant alternatif et d'une double\",\"breadcrumb\":{\"@id\":\"https:\/\/www.erresse-shop.it\/fr\/shop\/petits-electromenagers\/mixeurs\/bamix-set-baking\/#breadcrumb\"},\"inLanguage\":\"fr-FR\",\"potentialAction\":[{\"@type\":\"ReadAction\",\"target\":[\"https:\/\/www.erresse-shop.it\/fr\/shop\/petits-electromenagers\/mixeurs\/bamix-set-baking\/\"]}]},{\"@type\":\"BreadcrumbList\",\"@id\":\"https:\/\/www.erresse-shop.it\/fr\/shop\/petits-electromenagers\/mixeurs\/bamix-set-baking\/#breadcrumb\",\"itemListElement\":[{\"@type\":\"ListItem\",\"position\":1,\"name\":\"Home\",\"item\":\"https:\/\/www.erresse-shop.it\/fr\/\"},{\"@type\":\"ListItem\",\"position\":2,\"name\":\"Shop\",\"item\":\"https:\/\/www.erresse-shop.it\/fr\/shop\/\"},{\"@type\":\"ListItem\",\"position\":3,\"name\":\"BAMIX Set Baking\"}]},{\"@type\":\"WebSite\",\"@id\":\"https:\/\/www.erresse-shop.it\/fr\/#website\",\"url\":\"https:\/\/www.erresse-shop.it\/fr\/\",\"name\":\"Erresse Shop\",\"description\":\"Articoli di qualit\u00e0 per la casa\",\"potentialAction\":[{\"@type\":\"SearchAction\",\"target\":{\"@type\":\"EntryPoint\",\"urlTemplate\":\"https:\/\/www.erresse-shop.it\/fr\/?s={search_term_string}\"},\"query-input\":\"required name=search_term_string\"}],\"inLanguage\":\"fr-FR\"}]}<\/script>\n<!-- \/ Yoast SEO Premium plugin. -->","yoast_head_json":{"title":"BAMIX Set Baking - Erresse Shop","description":"Bamix Baking : Introduction au mixeur plongeant bamix Baking est un mixeur plongeant polyvalent dot\u00e9 d'un moteur \u00e0 courant alternatif et d'une double","robots":{"index":"index","follow":"follow","max-snippet":"max-snippet:-1","max-image-preview":"max-image-preview:large","max-video-preview":"max-video-preview:-1"},"canonical":"https:\/\/www.erresse-shop.it\/fr\/shop\/petits-electromenagers\/mixeurs\/bamix-set-baking\/","og_locale":"fr_FR","og_type":"article","og_title":"BAMIX Set Baking","og_description":"Bamix Baking : Introduction au mixeur plongeant bamix Baking est un mixeur plongeant polyvalent dot\u00e9 d'un moteur \u00e0 courant alternatif et d'une double","og_url":"https:\/\/www.erresse-shop.it\/fr\/shop\/petits-electromenagers\/mixeurs\/bamix-set-baking\/","og_site_name":"Erresse Shop","article_modified_time":"2026-02-10T11:00:33+00:00","og_image":[{"width":1200,"height":1200,"url":"https:\/\/www.erresse-shop.it\/wp-content\/uploads\/2025\/04\/BAMIX-Set-Baking.jpg","type":"image\/jpeg"}],"twitter_card":"summary_large_image","schema":{"@context":"https:\/\/schema.org","@graph":[{"@type":"WebPage","@id":"https:\/\/www.erresse-shop.it\/fr\/shop\/petits-electromenagers\/mixeurs\/bamix-set-baking\/","url":"https:\/\/www.erresse-shop.it\/fr\/shop\/petits-electromenagers\/mixeurs\/bamix-set-baking\/","name":"BAMIX Set Baking - Erresse Shop","isPartOf":{"@id":"https:\/\/www.erresse-shop.it\/fr\/#website"},"datePublished":"2025-04-22T06:08:13+00:00","dateModified":"2026-02-10T11:00:33+00:00","description":"Bamix Baking : Introduction au mixeur plongeant bamix Baking est un mixeur plongeant polyvalent dot\u00e9 d'un moteur \u00e0 courant alternatif et d'une double","breadcrumb":{"@id":"https:\/\/www.erresse-shop.it\/fr\/shop\/petits-electromenagers\/mixeurs\/bamix-set-baking\/#breadcrumb"},"inLanguage":"fr-FR","potentialAction":[{"@type":"ReadAction","target":["https:\/\/www.erresse-shop.it\/fr\/shop\/petits-electromenagers\/mixeurs\/bamix-set-baking\/"]}]},{"@type":"BreadcrumbList","@id":"https:\/\/www.erresse-shop.it\/fr\/shop\/petits-electromenagers\/mixeurs\/bamix-set-baking\/#breadcrumb","itemListElement":[{"@type":"ListItem","position":1,"name":"Home","item":"https:\/\/www.erresse-shop.it\/fr\/"},{"@type":"ListItem","position":2,"name":"Shop","item":"https:\/\/www.erresse-shop.it\/fr\/shop\/"},{"@type":"ListItem","position":3,"name":"BAMIX Set Baking"}]},{"@type":"WebSite","@id":"https:\/\/www.erresse-shop.it\/fr\/#website","url":"https:\/\/www.erresse-shop.it\/fr\/","name":"Erresse Shop","description":"Articoli di qualit\u00e0 per la casa","potentialAction":[{"@type":"SearchAction","target":{"@type":"EntryPoint","urlTemplate":"https:\/\/www.erresse-shop.it\/fr\/?s={search_term_string}"},"query-input":"required name=search_term_string"}],"inLanguage":"fr-FR"}]}},"df_price":389,"df_sale_price":389,"df_regular_price":389,"df_image_link":"https:\/\/www.erresse-shop.it\/wp-content\/uploads\/2025\/04\/BAMIX-Set-Baking-300x300.jpg","_links":{"self":[{"href":"https:\/\/www.erresse-shop.it\/fr\/wp-json\/wp\/v2\/product\/493591"}],"collection":[{"href":"https:\/\/www.erresse-shop.it\/fr\/wp-json\/wp\/v2\/product"}],"about":[{"href":"https:\/\/www.erresse-shop.it\/fr\/wp-json\/wp\/v2\/types\/product"}],"wp:featuredmedia":[{"embeddable":true,"href":"https:\/\/www.erresse-shop.it\/fr\/wp-json\/wp\/v2\/media\/493608"}],"wp:attachment":[{"href":"https:\/\/www.erresse-shop.it\/fr\/wp-json\/wp\/v2\/media?parent=493591"}],"wp:term":[{"taxonomy":"product_cat","embeddable":true,"href":"https:\/\/www.erresse-shop.it\/fr\/wp-json\/wp\/v2\/product_cat?post=493591"},{"taxonomy":"product_tag","embeddable":true,"href":"https:\/\/www.erresse-shop.it\/fr\/wp-json\/wp\/v2\/product_tag?post=493591"}],"curies":[{"name":"wp","href":"https:\/\/api.w.org\/{rel}","templated":true}]}}